{"id":3612,"date":"2024-07-10T11:59:20","date_gmt":"2024-07-10T11:59:20","guid":{"rendered":"https:\/\/ufec-mundial.com\/?page_id=3612"},"modified":"2024-12-18T10:26:22","modified_gmt":"2024-12-18T10:26:22","slug":"espiritismo-consecuencia-de-la-doctrina-cristiana","status":"publish","type":"page","link":"https:\/\/nuevo-renacer.com\/de\/espiritismo-consecuencia-de-la-doctrina-cristiana\/","title":{"rendered":"Spiritismus: Konsequenz der christlichen Doktrin"},"content":{"rendered":"<div class=\"wp-block-uagb-container uagb-block-41ec24e1 alignfull uagb-is-root-container\"><div class=\"uagb-container-inner-blocks-wrap\">\n<p class=\"has-black-color has-text-color has-link-color has-medium-font-size wp-elements-539c6a4f831ccd87f5fa61452e784fdb\"><strong>Spiritismus: Konsequenz der christlichen Doktrin<\/strong><\/p>\n\n\n\n<p class=\"has-black-color has-text-color has-link-color has-medium-font-size wp-elements-23de0497bcae6613bfa86f5fce97e098\"><strong>Aus dem Buch: Genesis - Allan Kardec<\/strong><\/p>\n<\/div><\/div>\n\n\n\n<div class=\"wp-block-uagb-container uagb-block-7ac946fe alignfull uagb-is-root-container\"><div class=\"uagb-container-inner-blocks-wrap\">\n<figure class=\"wp-block-image size-large is-resized\"><img fetchpriority=\"high\" decoding=\"async\" width=\"1024\" height=\"585\" src=\"https:\/\/ufec-mundial.com\/wp-content\/uploads\/2024\/07\/ai-generated-8448318_1280-1024x585.webp\" alt=\"\" class=\"wp-image-3613\" style=\"width:466px;height:auto\" srcset=\"https:\/\/nuevo-renacer.com\/wp-content\/uploads\/2024\/07\/ai-generated-8448318_1280-1024x585.webp 1024w, https:\/\/nuevo-renacer.com\/wp-content\/uploads\/2024\/07\/ai-generated-8448318_1280-300x171.webp 300w, https:\/\/nuevo-renacer.com\/wp-content\/uploads\/2024\/07\/ai-generated-8448318_1280-768x439.webp 768w, https:\/\/nuevo-renacer.com\/wp-content\/uploads\/2024\/07\/ai-generated-8448318_1280-18x10.webp 18w, https:\/\/nuevo-renacer.com\/wp-content\/uploads\/2024\/07\/ai-generated-8448318_1280.webp 1280w\" sizes=\"(max-width: 1024px) 100vw, 1024px\" \/><\/figure>\n<\/div><\/div>\n\n\n\n<div class=\"wp-block-uagb-container uagb-block-5b37d649 alignfull uagb-is-root-container\"><div class=\"uagb-container-inner-blocks-wrap\">\n<p class=\"has-black-color has-text-color has-link-color has-small-font-size wp-elements-9b55e280c6dd5f5f98b887226666db48\">Der Spiritismus, der von den Worten Christi ausgeht, wie er von denen des Mose ausgegangen ist, ist eine direkte Folge der christlichen Lehre.<\/p>\n\n\n\n<p class=\"has-black-color has-text-color has-link-color has-small-font-size wp-elements-c5fd77af2c6a9309a122fd2305c90e79\">Der vagen Vorstellung vom zuk\u00fcnftigen Leben f\u00fcgt er die Offenbarung von der Existenz der unsichtbaren Welt hinzu, die uns umgibt und den Raum bev\u00f6lkert, und bestimmt damit den Glauben genau; er gibt ihm einen K\u00f6rper, eine Konsistenz, eine gedankliche Realit\u00e4t.<\/p>\n\n\n\n<p class=\"has-black-color has-text-color has-link-color has-small-font-size wp-elements-577455e1c7c7b70e72b8ee2aa8ec2005\">Sie definiert die Bande, die die Seele an den K\u00f6rper binden, und l\u00fcftet den Schleier, der die Geheimnisse von Geburt und Tod vor den Menschen verbirgt.<\/p>\n\n\n\n<p class=\"has-black-color has-text-color has-link-color has-small-font-size wp-elements-169f3b986618349ad865b307b9420019\">Durch den Spiritismus wei\u00df der Mensch, woher er kommt, wohin er geht, warum er auf der Erde ist, warum er vor\u00fcbergehend leidet, und sieht \u00fcberall die Gerechtigkeit Gottes. Er wei\u00df, dass die Seele durch eine Reihe von aufeinanderfolgenden Existenzen stetig fortschreitet, bis sie den Grad der Vollkommenheit erreicht hat, der sie n\u00e4her zu Gott bringt. Er wei\u00df, da\u00df alle Seelen, die den gleichen Ursprung haben, gleich geschaffen sind und kraft ihres freien Willens die gleiche F\u00e4higkeit zum Fortschritt haben; da\u00df sie alle von der gleichen Essenz sind und da\u00df es keinen Unterschied zwischen ihnen gibt, au\u00dfer dem Fortschritt, den sie gemacht haben; da\u00df sie alle die gleiche Bestimmung haben und das gleiche Ziel erreichen werden, mehr oder weniger schnell, je nach ihrer Arbeit und ihrem guten Willen.<\/p>\n\n\n\n<p class=\"has-black-color has-text-color has-link-color has-small-font-size wp-elements-1f1422258989c3bb765bfafca45d222d\">Er wei\u00df, dass es keine enterbten Gesch\u00f6pfe gibt, noch sind einige mehr beg\u00fcnstigt als andere; dass Gott die Erschaffung von keinem von ihnen beg\u00fcnstigt hat, noch hat er irgendjemanden von der Arbeit befreit, die anderen auferlegt wurde, damit sie fortschreiten k\u00f6nnen; dass es keine Wesen gibt, die auf ewig dem B\u00f6sen und dem Leiden geweiht sind; dass diejenigen, die mit dem Namen D\u00e4monen bezeichnet werden, unvollkommene Geister sind und dass sie noch r\u00fcckst\u00e4ndig sind und im Geisterzustand das B\u00f6se praktizieren, wie sie es taten, als sie Menschen waren, dass sie aber fortschreiten und sich vervollkommnen werden; dass die Engel oder die reinen Geister keine in der Sch\u00f6pfung getrennten Wesen sind, sondern Geister, die das Ziel erreicht haben, nachdem sie den Weg des Fortschritts St\u00fcck f\u00fcr St\u00fcck zur\u00fcckgelegt haben; dass es also keine mehrfachen Sch\u00f6pfungen und auch keine verschiedenen Kategorien unter den intelligenten Wesen gibt, sondern dass die gesamte Sch\u00f6pfung das Ergebnis des gro\u00dfen Gesetzes der Einheit ist, das das Universum regiert; und dass alle Wesen auf ein gemeinsames Ziel zusteuern, das die Vollkommenheit ist, ohne dass die einen auf Kosten der anderen beg\u00fcnstigt werden, denn alle sind die Kinder ihrer eigenen Werke.<\/p>\n\n\n\n<p class=\"has-black-color has-text-color has-link-color has-small-font-size wp-elements-d10c4413c108cbda0e03702c0a361656\">Durch die Beziehungen, die er jetzt mit denjenigen herstellen kann, die die Erde verlassen haben, besitzt der Mensch nicht nur den materiellen Beweis f\u00fcr die Existenz und die Individualit\u00e4t der Seele, sondern er versteht auch die Verbundenheit, die die Lebenden mit den Toten dieser Welt und mit denen anderer Planeten verbindet. Er kennt ihre Situation in der geistigen Welt; er begleitet sie auf ihren Wanderungen; er wird Zeuge ihrer Freuden und Leiden; er wei\u00df, warum sie gl\u00fccklich oder ungl\u00fccklich sind, und er kennt das Schicksal, das ihm bevorsteht, je nachdem, ob er Gutes oder B\u00f6ses getan hat. Diese Beziehungen f\u00fchren ihn in das zuk\u00fcnftige Leben ein, das er in all seinen Phasen, in all seinen Wechself\u00e4llen beobachten kann; die Zukunft ist nicht mehr eine vage Hoffnung, sondern eine positive Tatsache, eine mathematische Gewissheit. Von da an ist der Tod f\u00fcr ihn nicht mehr be\u00e4ngstigend, denn er bedeutet Befreiung, das Tor zum wahren Leben.<\/p>\n<\/div><\/div>\n\n\n\n<div class=\"wp-block-uagb-container uagb-block-73d5d64d alignfull uagb-is-root-container\"><div class=\"uagb-container-inner-blocks-wrap\"><\/div><\/div>\n\n\n\n<div class=\"wp-block-uagb-container uagb-block-8159e061 alignfull uagb-is-root-container\"><div class=\"uagb-container-inner-blocks-wrap\"><\/div><\/div>","protected":false},"excerpt":{"rendered":"<p>Espiritismo: Consecuencia de la doctrina cristiana Del libro: La G\u00e9nesis \u2013 Allan Kardec El espiritismo, que parte de las propias palabras de Cristo, como este parti\u00f3 de las de Mois\u00e9s, es una consecuencia directa de la doctrina cristiana. A la idea vaga de la vida futura agrega la revelaci\u00f3n de la existencia del mundo invisible [&hellip;]<\/p>","protected":false},"author":1,"featured_media":3613,"parent":0,"menu_order":0,"comment_status":"closed","ping_status":"closed","template":"","meta":{"_uag_custom_page_level_css":"","site-sidebar-layout":"default","site-content-layout":"","ast-site-content-layout":"default","site-content-style":"default","site-sidebar-style":"default","ast-global-header-display":"","ast-banner-title-visibility":"","ast-main-header-display":"","ast-hfb-above-header-display":"","ast-hfb-below-header-display":"","ast-hfb-mobile-header-display":"","site-post-title":"disabled","ast-breadcrumbs-content":"","ast-featured-img":"","footer-sml-layout":"","theme-transparent-header-meta":"","adv-header-id-meta":"","stick-header-meta":"","header-above-stick-meta":"","header-main-stick-meta":"","header-below-stick-meta":"","astra-migrate-meta-layouts":"set","ast-page-background-enabled":"default","ast-page-background-meta":{"desktop":{"background-color":"var(--ast-global-color-4)","background-image":"","background-repeat":"repeat","background-position":"center center","background-size":"auto","background-attachment":"scroll","background-type":"","background-media":"","overlay-type":"","overlay-color":"","overlay-opacity":"","overlay-gradient":""},"tablet":{"background-color":"","background-image":"","background-repeat":"repeat","background-position":"center center","background-size":"auto","background-attachment":"scroll","background-type":"","background-media":"","overlay-type":"","overlay-color":"","overlay-opacity":"","overlay-gradient":""},"mobile":{"background-color":"","background-image":"","background-repeat":"repeat","background-position":"center center","background-size":"auto","background-attachment":"scroll","background-type":"","background-media":"","overlay-type":"","overlay-color":"","overlay-opacity":"","overlay-gradient":""}},"ast-content-background-meta":{"desktop":{"background-color":"var(--ast-global-color-5)","background-image":"","background-repeat":"repeat","background-position":"center center","background-size":"auto","background-attachment":"scroll","background-type":"","background-media":"","overlay-type":"","overlay-color":"","overlay-opacity":"","overlay-gradient":""},"tablet":{"background-color":"var(--ast-global-color-5)","background-image":"","background-repeat":"repeat","background-position":"center center","background-size":"auto","background-attachment":"scroll","background-type":"","background-media":"","overlay-type":"","overlay-color":"","overlay-opacity":"","overlay-gradient":""},"mobile":{"background-color":"var(--ast-global-color-5)","background-image":"","background-repeat":"repeat","background-position":"center center","background-size":"auto","background-attachment":"scroll","background-type":"","background-media":"","overlay-type":"","overlay-color":"","overlay-opacity":"","overlay-gradient":""}},"footnotes":""},"class_list":["post-3612","page","type-page","status-publish","has-post-thumbnail","hentry"],"yoast_head":"<!-- This site is optimized with the Yoast SEO Premium plugin v24.2 (Yoast SEO v24.6) - https:\/\/yoast.com\/wordpress\/plugins\/seo\/ -->\n<title>Espiritismo: Consecuencia de la doctrina cristiana - Uni\u00f3n Esp\u00edrita<\/title>\n<meta name=\"robots\" content=\"index, follow, max-snippet:-1, max-image-preview:large, max-video-preview:-1\" \/>\n<link rel=\"canonical\" href=\"https:\/\/nuevo-renacer.com\/de\/espiritismo-consecuencia-de-la-doctrina-cristiana\/\" \/>\n<meta property=\"og:locale\" content=\"de_DE\" \/>\n<meta property=\"og:type\" content=\"article\" \/>\n<meta property=\"og:title\" content=\"Espiritismo: Consecuencia de la doctrina cristiana\" \/>\n<meta property=\"og:description\" content=\"Espiritismo: Consecuencia de la doctrina cristiana Del libro: La G\u00e9nesis \u2013 Allan Kardec El espiritismo, que parte de las propias palabras de Cristo, como este parti\u00f3 de las de Mois\u00e9s, es una consecuencia directa de la doctrina cristiana. A la idea vaga de la vida futura agrega la revelaci\u00f3n de la existencia del mundo invisible [&hellip;]\" \/>\n<meta property=\"og:url\" content=\"https:\/\/nuevo-renacer.com\/de\/espiritismo-consecuencia-de-la-doctrina-cristiana\/\" \/>\n<meta property=\"og:site_name\" content=\"Uni\u00f3n Esp\u00edrita\" \/>\n<meta property=\"article:publisher\" content=\"https:\/\/www.facebook.com\/groups\/3431398063740829\" \/>\n<meta property=\"article:modified_time\" content=\"2024-12-18T10:26:22+00:00\" \/>\n<meta property=\"og:image\" content=\"https:\/\/nuevo-renacer.com\/wp-content\/uploads\/2024\/07\/ai-generated-8448318_1280.webp\" \/>\n\t<meta property=\"og:image:width\" content=\"1280\" \/>\n\t<meta property=\"og:image:height\" content=\"731\" \/>\n\t<meta property=\"og:image:type\" content=\"image\/webp\" \/>\n<meta name=\"twitter:card\" content=\"summary_large_image\" \/>\n<meta name=\"twitter:label1\" content=\"Gesch\u00e4tzte Lesezeit\" \/>\n\t<meta name=\"twitter:data1\" content=\"3\u00a0Minuten\" \/>\n<script type=\"application\/ld+json\" class=\"yoast-schema-graph\">{\"@context\":\"https:\/\/schema.org\",\"@graph\":[{\"@type\":\"WebPage\",\"@id\":\"https:\/\/nuevo-renacer.com\/espiritismo-consecuencia-de-la-doctrina-cristiana\/\",\"url\":\"https:\/\/nuevo-renacer.com\/espiritismo-consecuencia-de-la-doctrina-cristiana\/\",\"name\":\"Espiritismo: Consecuencia de la doctrina cristiana - Uni\u00f3n Esp\u00edrita\",\"isPartOf\":{\"@id\":\"https:\/\/nuevo-renacer.com\/#website\"},\"primaryImageOfPage\":{\"@id\":\"https:\/\/nuevo-renacer.com\/espiritismo-consecuencia-de-la-doctrina-cristiana\/#primaryimage\"},\"image\":{\"@id\":\"https:\/\/nuevo-renacer.com\/espiritismo-consecuencia-de-la-doctrina-cristiana\/#primaryimage\"},\"thumbnailUrl\":\"https:\/\/nuevo-renacer.com\/wp-content\/uploads\/2024\/07\/ai-generated-8448318_1280.webp\",\"datePublished\":\"2024-07-10T11:59:20+00:00\",\"dateModified\":\"2024-12-18T10:26:22+00:00\",\"breadcrumb\":{\"@id\":\"https:\/\/nuevo-renacer.com\/espiritismo-consecuencia-de-la-doctrina-cristiana\/#breadcrumb\"},\"inLanguage\":\"de\",\"potentialAction\":[{\"@type\":\"ReadAction\",\"target\":[\"https:\/\/nuevo-renacer.com\/espiritismo-consecuencia-de-la-doctrina-cristiana\/\"]}]},{\"@type\":\"ImageObject\",\"inLanguage\":\"de\",\"@id\":\"https:\/\/nuevo-renacer.com\/espiritismo-consecuencia-de-la-doctrina-cristiana\/#primaryimage\",\"url\":\"https:\/\/nuevo-renacer.com\/wp-content\/uploads\/2024\/07\/ai-generated-8448318_1280.webp\",\"contentUrl\":\"https:\/\/nuevo-renacer.com\/wp-content\/uploads\/2024\/07\/ai-generated-8448318_1280.webp\",\"width\":1280,\"height\":731},{\"@type\":\"BreadcrumbList\",\"@id\":\"https:\/\/nuevo-renacer.com\/espiritismo-consecuencia-de-la-doctrina-cristiana\/#breadcrumb\",\"itemListElement\":[{\"@type\":\"ListItem\",\"position\":1,\"name\":\"Startseite\",\"item\":\"https:\/\/nuevo-renacer.com\/\"},{\"@type\":\"ListItem\",\"position\":2,\"name\":\"Espiritismo: Consecuencia de la doctrina cristiana\"}]},{\"@type\":\"WebSite\",\"@id\":\"https:\/\/nuevo-renacer.com\/#website\",\"url\":\"https:\/\/nuevo-renacer.com\/\",\"name\":\"Uni\u00f3n Esp\u00edrita\",\"description\":\"Nuevo Renacer\",\"publisher\":{\"@id\":\"https:\/\/nuevo-renacer.com\/#organization\"},\"potentialAction\":[{\"@type\":\"SearchAction\",\"target\":{\"@type\":\"EntryPoint\",\"urlTemplate\":\"https:\/\/nuevo-renacer.com\/?s={search_term_string}\"},\"query-input\":{\"@type\":\"PropertyValueSpecification\",\"valueRequired\":true,\"valueName\":\"search_term_string\"}}],\"inLanguage\":\"de\"},{\"@type\":\"Organization\",\"@id\":\"https:\/\/nuevo-renacer.com\/#organization\",\"name\":\"UFEC\",\"url\":\"https:\/\/nuevo-renacer.com\/\",\"logo\":{\"@type\":\"ImageObject\",\"inLanguage\":\"de\",\"@id\":\"https:\/\/nuevo-renacer.com\/#\/schema\/logo\/image\/\",\"url\":\"https:\/\/nuevo-renacer.com\/wp-content\/uploads\/2024\/05\/cropped-LOGO-TERMINADO1-3-3.png\",\"contentUrl\":\"https:\/\/nuevo-renacer.com\/wp-content\/uploads\/2024\/05\/cropped-LOGO-TERMINADO1-3-3.png\",\"width\":512,\"height\":512,\"caption\":\"UFEC\"},\"image\":{\"@id\":\"https:\/\/nuevo-renacer.com\/#\/schema\/logo\/image\/\"},\"sameAs\":[\"https:\/\/www.facebook.com\/groups\/3431398063740829\"]}]}<\/script>\n<!-- \/ Yoast SEO Premium plugin. -->","yoast_head_json":{"title":"Espiritismo: Consecuencia de la doctrina cristiana - Uni\u00f3n Esp\u00edrita","robots":{"index":"index","follow":"follow","max-snippet":"max-snippet:-1","max-image-preview":"max-image-preview:large","max-video-preview":"max-video-preview:-1"},"canonical":"https:\/\/nuevo-renacer.com\/de\/espiritismo-consecuencia-de-la-doctrina-cristiana\/","og_locale":"de_DE","og_type":"article","og_title":"Espiritismo: Consecuencia de la doctrina cristiana","og_description":"Espiritismo: Consecuencia de la doctrina cristiana Del libro: La G\u00e9nesis \u2013 Allan Kardec El espiritismo, que parte de las propias palabras de Cristo, como este parti\u00f3 de las de Mois\u00e9s, es una consecuencia directa de la doctrina cristiana. A la idea vaga de la vida futura agrega la revelaci\u00f3n de la existencia del mundo invisible [&hellip;]","og_url":"https:\/\/nuevo-renacer.com\/de\/espiritismo-consecuencia-de-la-doctrina-cristiana\/","og_site_name":"Uni\u00f3n Esp\u00edrita","article_publisher":"https:\/\/www.facebook.com\/groups\/3431398063740829","article_modified_time":"2024-12-18T10:26:22+00:00","og_image":[{"width":1280,"height":731,"url":"https:\/\/nuevo-renacer.com\/wp-content\/uploads\/2024\/07\/ai-generated-8448318_1280.webp","type":"image\/webp"}],"twitter_card":"summary_large_image","twitter_misc":{"Gesch\u00e4tzte Lesezeit":"3\u00a0Minuten"},"schema":{"@context":"https:\/\/schema.org","@graph":[{"@type":"WebPage","@id":"https:\/\/nuevo-renacer.com\/espiritismo-consecuencia-de-la-doctrina-cristiana\/","url":"https:\/\/nuevo-renacer.com\/espiritismo-consecuencia-de-la-doctrina-cristiana\/","name":"Espiritismo: Consecuencia de la doctrina cristiana - Uni\u00f3n Esp\u00edrita","isPartOf":{"@id":"https:\/\/nuevo-renacer.com\/#website"},"primaryImageOfPage":{"@id":"https:\/\/nuevo-renacer.com\/espiritismo-consecuencia-de-la-doctrina-cristiana\/#primaryimage"},"image":{"@id":"https:\/\/nuevo-renacer.com\/espiritismo-consecuencia-de-la-doctrina-cristiana\/#primaryimage"},"thumbnailUrl":"https:\/\/nuevo-renacer.com\/wp-content\/uploads\/2024\/07\/ai-generated-8448318_1280.webp","datePublished":"2024-07-10T11:59:20+00:00","dateModified":"2024-12-18T10:26:22+00:00","breadcrumb":{"@id":"https:\/\/nuevo-renacer.com\/espiritismo-consecuencia-de-la-doctrina-cristiana\/#breadcrumb"},"inLanguage":"de","potentialAction":[{"@type":"ReadAction","target":["https:\/\/nuevo-renacer.com\/espiritismo-consecuencia-de-la-doctrina-cristiana\/"]}]},{"@type":"ImageObject","inLanguage":"de","@id":"https:\/\/nuevo-renacer.com\/espiritismo-consecuencia-de-la-doctrina-cristiana\/#primaryimage","url":"https:\/\/nuevo-renacer.com\/wp-content\/uploads\/2024\/07\/ai-generated-8448318_1280.webp","contentUrl":"https:\/\/nuevo-renacer.com\/wp-content\/uploads\/2024\/07\/ai-generated-8448318_1280.webp","width":1280,"height":731},{"@type":"BreadcrumbList","@id":"https:\/\/nuevo-renacer.com\/espiritismo-consecuencia-de-la-doctrina-cristiana\/#breadcrumb","itemListElement":[{"@type":"ListItem","position":1,"name":"Startseite","item":"https:\/\/nuevo-renacer.com\/"},{"@type":"ListItem","position":2,"name":"Espiritismo: Consecuencia de la doctrina cristiana"}]},{"@type":"WebSite","@id":"https:\/\/nuevo-renacer.com\/#website","url":"https:\/\/nuevo-renacer.com\/","name":"Uni\u00f3n Esp\u00edrita","description":"Nuevo Renacer","publisher":{"@id":"https:\/\/nuevo-renacer.com\/#organization"},"potentialAction":[{"@type":"SearchAction","target":{"@type":"EntryPoint","urlTemplate":"https:\/\/nuevo-renacer.com\/?s={search_term_string}"},"query-input":{"@type":"PropertyValueSpecification","valueRequired":true,"valueName":"search_term_string"}}],"inLanguage":"de"},{"@type":"Organization","@id":"https:\/\/nuevo-renacer.com\/#organization","name":"UFEC","url":"https:\/\/nuevo-renacer.com\/","logo":{"@type":"ImageObject","inLanguage":"de","@id":"https:\/\/nuevo-renacer.com\/#\/schema\/logo\/image\/","url":"https:\/\/nuevo-renacer.com\/wp-content\/uploads\/2024\/05\/cropped-LOGO-TERMINADO1-3-3.png","contentUrl":"https:\/\/nuevo-renacer.com\/wp-content\/uploads\/2024\/05\/cropped-LOGO-TERMINADO1-3-3.png","width":512,"height":512,"caption":"UFEC"},"image":{"@id":"https:\/\/nuevo-renacer.com\/#\/schema\/logo\/image\/"},"sameAs":["https:\/\/www.facebook.com\/groups\/3431398063740829"]}]}},"uagb_featured_image_src":{"full":["https:\/\/nuevo-renacer.com\/wp-content\/uploads\/2024\/07\/ai-generated-8448318_1280.webp",1280,731,false],"thumbnail":["https:\/\/nuevo-renacer.com\/wp-content\/uploads\/2024\/07\/ai-generated-8448318_1280-150x150.webp",150,150,true],"medium":["https:\/\/nuevo-renacer.com\/wp-content\/uploads\/2024\/07\/ai-generated-8448318_1280-300x171.webp",300,171,true],"medium_large":["https:\/\/nuevo-renacer.com\/wp-content\/uploads\/2024\/07\/ai-generated-8448318_1280-768x439.webp",768,439,true],"large":["https:\/\/nuevo-renacer.com\/wp-content\/uploads\/2024\/07\/ai-generated-8448318_1280-1024x585.webp",1024,585,true],"1536x1536":["https:\/\/nuevo-renacer.com\/wp-content\/uploads\/2024\/07\/ai-generated-8448318_1280.webp",1280,731,false],"2048x2048":["https:\/\/nuevo-renacer.com\/wp-content\/uploads\/2024\/07\/ai-generated-8448318_1280.webp",1280,731,false],"trp-custom-language-flag":["https:\/\/nuevo-renacer.com\/wp-content\/uploads\/2024\/07\/ai-generated-8448318_1280-18x10.webp",18,10,true]},"uagb_author_info":{"display_name":"adbv0","author_link":"https:\/\/nuevo-renacer.com\/de\/author\/adbv0\/"},"uagb_comment_info":0,"uagb_excerpt":"Espiritismo: Consecuencia de la doctrina cristiana Del libro: La G\u00e9nesis \u2013 Allan Kardec El espiritismo, que parte de las propias palabras de Cristo, como este parti\u00f3 de las de Mois\u00e9s, es una consecuencia directa de la doctrina cristiana. A la idea vaga de la vida futura agrega la revelaci\u00f3n de la existencia del mundo invisible&hellip;","jetpack_sharing_enabled":true,"_links":{"self":[{"href":"https:\/\/nuevo-renacer.com\/de\/wp-json\/wp\/v2\/pages\/3612","targetHints":{"allow":["GET"]}}],"collection":[{"href":"https:\/\/nuevo-renacer.com\/de\/wp-json\/wp\/v2\/pages"}],"about":[{"href":"https:\/\/nuevo-renacer.com\/de\/wp-json\/wp\/v2\/types\/page"}],"author":[{"embeddable":true,"href":"https:\/\/nuevo-renacer.com\/de\/wp-json\/wp\/v2\/users\/1"}],"replies":[{"embeddable":true,"href":"https:\/\/nuevo-renacer.com\/de\/wp-json\/wp\/v2\/comments?post=3612"}],"version-history":[{"count":4,"href":"https:\/\/nuevo-renacer.com\/de\/wp-json\/wp\/v2\/pages\/3612\/revisions"}],"predecessor-version":[{"id":6555,"href":"https:\/\/nuevo-renacer.com\/de\/wp-json\/wp\/v2\/pages\/3612\/revisions\/6555"}],"wp:featuredmedia":[{"embeddable":true,"href":"https:\/\/nuevo-renacer.com\/de\/wp-json\/wp\/v2\/media\/3613"}],"wp:attachment":[{"href":"https:\/\/nuevo-renacer.com\/de\/wp-json\/wp\/v2\/media?parent=3612"}],"curies":[{"name":"wp","href":"https:\/\/api.w.org\/{rel}","templated":true}]}}