{"id":3603,"date":"2024-07-10T11:45:52","date_gmt":"2024-07-10T11:45:52","guid":{"rendered":"https:\/\/ufec-mundial.com\/?page_id=3603"},"modified":"2024-07-10T11:46:27","modified_gmt":"2024-07-10T11:46:27","slug":"el-cielo-segun-el-espiritismo","status":"publish","type":"page","link":"https:\/\/nuevo-renacer.com\/de\/el-cielo-segun-el-espiritismo\/","title":{"rendered":"Der Himmel im Sinne des Spiritismus"},"content":{"rendered":"<div class=\"wp-block-uagb-container uagb-block-53a24419 alignfull uagb-is-root-container\"><div class=\"uagb-container-inner-blocks-wrap\">\n<p class=\"has-medium-font-size\"><strong>Der Himmel im Sinne des Spiritismus<\/strong><\/p>\n\n\n\n<p class=\"has-medium-font-size\"><strong>Aus dem Buch: Himmel und H\u00f6lle - Allan Kardec<\/strong><\/p>\n<\/div><\/div>\n\n\n\n<div class=\"wp-block-uagb-container uagb-block-4d6450d1 alignfull uagb-is-root-container\"><div class=\"uagb-container-inner-blocks-wrap\">\n<figure class=\"wp-block-image size-full is-resized\"><img fetchpriority=\"high\" decoding=\"async\" width=\"850\" height=\"478\" src=\"https:\/\/ufec-mundial.com\/wp-content\/uploads\/2024\/07\/desktop-wallpaper-sky-ultra-background-for-widescreen-white-sky.jpg\" alt=\"\" class=\"wp-image-3604\" style=\"width:432px;height:auto\" srcset=\"https:\/\/nuevo-renacer.com\/wp-content\/uploads\/2024\/07\/desktop-wallpaper-sky-ultra-background-for-widescreen-white-sky.jpg 850w, https:\/\/nuevo-renacer.com\/wp-content\/uploads\/2024\/07\/desktop-wallpaper-sky-ultra-background-for-widescreen-white-sky-300x169.jpg 300w, https:\/\/nuevo-renacer.com\/wp-content\/uploads\/2024\/07\/desktop-wallpaper-sky-ultra-background-for-widescreen-white-sky-768x432.jpg 768w, https:\/\/nuevo-renacer.com\/wp-content\/uploads\/2024\/07\/desktop-wallpaper-sky-ultra-background-for-widescreen-white-sky-18x10.jpg 18w\" sizes=\"(max-width: 850px) 100vw, 850px\" \/><\/figure>\n<\/div><\/div>\n\n\n\n<div class=\"wp-block-uagb-container uagb-block-240f7ebb alignfull uagb-is-root-container\"><div class=\"uagb-container-inner-blocks-wrap\">\n<p class=\"has-small-font-size\">Das Gl\u00fcck der seligen Geister besteht nicht im kontemplativen M\u00fc\u00dfiggang, der eine ewige und erm\u00fcdende Nutzlosigkeit w\u00e4re. Im Gegenteil, das geistige Leben ist in all seinen Graden eine st\u00e4ndige T\u00e4tigkeit, aber frei von Erm\u00fcdung. Die h\u00f6chste Gl\u00fcckseligkeit besteht also darin, sich an allen Herrlichkeiten der Sch\u00f6pfung zu erfreuen, die keine menschliche Sprache beschreiben k\u00f6nnte und die auch die fruchtbarste Phantasie nicht zu begreifen vermag. Sie besteht in der Erkenntnis und Durchdringung aller Dinge, in der Abwesenheit von k\u00f6rperlichen und moralischen Leiden, in einer innigen Zufriedenheit, einer unersch\u00fctterlichen Heiterkeit der Seele. <\/p>\n\n\n\n<p class=\"has-small-font-size\">Sie besteht auch in der reinen Liebe, die alle Wesen vereint, weshalb es keine Reibereien zwischen ihnen und den B\u00f6sen gibt. Vor allem besteht es in der Betrachtung Gottes und im Verst\u00e4ndnis seiner Geheimnisse, die den W\u00fcrdigsten offenbart werden. Dieses Gl\u00fcck liegt auch in der Erf\u00fcllung der vom H\u00f6chsten zugewiesenen Aufgaben. Die reinen Geister sind die Messiasse oder Boten Gottes, die seinen Willen \u00fcbermitteln und ausf\u00fchren. Sie f\u00fchren die wichtigen Aufgaben aus, leiten die Bildung der Welten und die allgemeine Harmonie des Universums, eine glorreiche Aufgabe, die nur denen anvertraut ist, die Vollkommenheit erlangt haben. Die Geister der h\u00f6chsten Ordnung sind die einzigen, die an den Geheimnissen Gottes teilhaben, denn sie sind von seinen Gedanken inspiriert und seine direkten Vertreter.<\/p>\n\n\n\n<p class=\"has-small-font-size\">Die Eigenschaften der Geister stehen im Verh\u00e4ltnis zu ihrem Fortschritt, dem Licht, das sie besitzen, ihren F\u00e4higkeiten, ihrer Erfahrung und dem Grad des Vertrauens, das sie dem souver\u00e4nen Herrn entgegenbringen. F\u00fcr Ihn gibt es keine Privilegien, keine Verg\u00fcnstigungen au\u00dfer dem Lohn f\u00fcr Verdienste; alles wird mit der Waage der strengen Gerechtigkeit gemessen und abgewogen. Die wichtigsten Aufgaben werden nur denjenigen anvertraut, die Gott f\u00fcr f\u00e4hig h\u00e4lt, sie zu erf\u00fcllen, und f\u00fcr unf\u00e4hig, sie zu vers\u00e4umen oder zu gef\u00e4hrden. W\u00e4hrend die W\u00fcrdigsten vor Gott den obersten Rat bilden, wird den h\u00f6heren Oberh\u00e4uptern das Kommando \u00fcber die planetarischen Wirbelst\u00fcrme anvertraut, und andere werden mit dem Kommando \u00fcber bestimmte Welten betraut. <\/p>\n\n\n\n<p class=\"has-small-font-size\">Dann folgen in der Reihenfolge des Aufstiegs und der hierarchischen Unterordnung die begrenzteren Befugnisse derer, die f\u00fcr den Fortschritt der V\u00f6lker, den Schutz der Familien und der Einzelnen, die F\u00f6rderung jedes Zweiges des Fortschritts, die verschiedenen Vorg\u00e4nge der Natur und sogar die kleinsten Einzelheiten der Sch\u00f6pfung zust\u00e4ndig sind. In diesem weiten und harmonischen Ganzen gibt es Besch\u00e4ftigungen f\u00fcr jede F\u00e4higkeit, jede Begabung und jedes Ziel des guten Willens; Besch\u00e4ftigungen, die mit Freude angenommen und mit Begeisterung gesucht werden, denn sie sind ein Mittel zum Aufstieg f\u00fcr die Geister, die nach H\u00f6herem streben.<\/p>\n<\/div><\/div>","protected":false},"excerpt":{"rendered":"<p>El Cielo seg\u00fan el espiritismo Del libro: El Cielo y el Infierno \u2013 Allan Kardec La felicidad de los Esp\u00edritus bienaventurados no con\u00adsiste en la ociosidad contemplativa, que ser\u00eda una eterna y fastidiosa inutilidad. Por el contrario, la vida espiritual es, en todos sus grados, una actividad constante, pero exenta de cansancio. La dicha suprema [&hellip;]<\/p>","protected":false},"author":1,"featured_media":3604,"parent":0,"menu_order":0,"comment_status":"closed","ping_status":"closed","template":"","meta":{"_uag_custom_page_level_css":"","site-sidebar-layout":"default","site-content-layout":"","ast-site-content-layout":"default","site-content-style":"default","site-sidebar-style":"default","ast-global-header-display":"","ast-banner-title-visibility":"","ast-main-header-display":"","ast-hfb-above-header-display":"","ast-hfb-below-header-display":"","ast-hfb-mobile-header-display":"","site-post-title":"disabled","ast-breadcrumbs-content":"","ast-featured-img":"","footer-sml-layout":"","theme-transparent-header-meta":"","adv-header-id-meta":"","stick-header-meta":"","header-above-stick-meta":"","header-main-stick-meta":"","header-below-stick-meta":"","astra-migrate-meta-layouts":"set","ast-page-background-enabled":"default","ast-page-background-meta":{"desktop":{"background-color":"var(--ast-global-color-4)","background-image":"","background-repeat":"repeat","background-position":"center center","background-size":"auto","background-attachment":"scroll","background-type":"","background-media":"","overlay-type":"","overlay-color":"","overlay-opacity":"","overlay-gradient":""},"tablet":{"background-color":"","background-image":"","background-repeat":"repeat","background-position":"center center","background-size":"auto","background-attachment":"scroll","background-type":"","background-media":"","overlay-type":"","overlay-color":"","overlay-opacity":"","overlay-gradient":""},"mobile":{"background-color":"","background-image":"","background-repeat":"repeat","background-position":"center center","background-size":"auto","background-attachment":"scroll","background-type":"","background-media":"","overlay-type":"","overlay-color":"","overlay-opacity":"","overlay-gradient":""}},"ast-content-background-meta":{"desktop":{"background-color":"var(--ast-global-color-5)","background-image":"","background-repeat":"repeat","background-position":"center center","background-size":"auto","background-attachment":"scroll","background-type":"","background-media":"","overlay-type":"","overlay-color":"","overlay-opacity":"","overlay-gradient":""},"tablet":{"background-color":"var(--ast-global-color-5)","background-image":"","background-repeat":"repeat","background-position":"center center","background-size":"auto","background-attachment":"scroll","background-type":"","background-media":"","overlay-type":"","overlay-color":"","overlay-opacity":"","overlay-gradient":""},"mobile":{"background-color":"var(--ast-global-color-5)","background-image":"","background-repeat":"repeat","background-position":"center center","background-size":"auto","background-attachment":"scroll","background-type":"","background-media":"","overlay-type":"","overlay-color":"","overlay-opacity":"","overlay-gradient":""}},"footnotes":""},"class_list":["post-3603","page","type-page","status-publish","has-post-thumbnail","hentry"],"yoast_head":"<!-- This site is optimized with the Yoast SEO Premium plugin v24.2 (Yoast SEO v24.6) - https:\/\/yoast.com\/wordpress\/plugins\/seo\/ -->\n<title>El Cielo seg\u00fan el espiritismo - Uni\u00f3n Esp\u00edrita<\/title>\n<meta name=\"robots\" content=\"index, follow, max-snippet:-1, max-image-preview:large, max-video-preview:-1\" \/>\n<link rel=\"canonical\" href=\"https:\/\/nuevo-renacer.com\/de\/el-cielo-segun-el-espiritismo\/\" \/>\n<meta property=\"og:locale\" content=\"de_DE\" \/>\n<meta property=\"og:type\" content=\"article\" \/>\n<meta property=\"og:title\" content=\"El Cielo seg\u00fan el espiritismo\" \/>\n<meta property=\"og:description\" content=\"El Cielo seg\u00fan el espiritismo Del libro: El Cielo y el Infierno \u2013 Allan Kardec La felicidad de los Esp\u00edritus bienaventurados no con\u00adsiste en la ociosidad contemplativa, que ser\u00eda una eterna y fastidiosa inutilidad. Por el contrario, la vida espiritual es, en todos sus grados, una actividad constante, pero exenta de cansancio. La dicha suprema [&hellip;]\" \/>\n<meta property=\"og:url\" content=\"https:\/\/nuevo-renacer.com\/de\/el-cielo-segun-el-espiritismo\/\" \/>\n<meta property=\"og:site_name\" content=\"Uni\u00f3n Esp\u00edrita\" \/>\n<meta property=\"article:publisher\" content=\"https:\/\/www.facebook.com\/groups\/3431398063740829\" \/>\n<meta property=\"article:modified_time\" content=\"2024-07-10T11:46:27+00:00\" \/>\n<meta property=\"og:image\" content=\"https:\/\/nuevo-renacer.com\/wp-content\/uploads\/2024\/07\/desktop-wallpaper-sky-ultra-background-for-widescreen-white-sky.jpg\" \/>\n\t<meta property=\"og:image:width\" content=\"850\" \/>\n\t<meta property=\"og:image:height\" content=\"478\" \/>\n\t<meta property=\"og:image:type\" content=\"image\/jpeg\" \/>\n<meta name=\"twitter:card\" content=\"summary_large_image\" \/>\n<meta name=\"twitter:label1\" content=\"Gesch\u00e4tzte Lesezeit\" \/>\n\t<meta name=\"twitter:data1\" content=\"3\u00a0Minuten\" \/>\n<script type=\"application\/ld+json\" class=\"yoast-schema-graph\">{\"@context\":\"https:\/\/schema.org\",\"@graph\":[{\"@type\":\"WebPage\",\"@id\":\"https:\/\/nuevo-renacer.com\/el-cielo-segun-el-espiritismo\/\",\"url\":\"https:\/\/nuevo-renacer.com\/el-cielo-segun-el-espiritismo\/\",\"name\":\"El Cielo seg\u00fan el espiritismo - Uni\u00f3n Esp\u00edrita\",\"isPartOf\":{\"@id\":\"https:\/\/nuevo-renacer.com\/#website\"},\"primaryImageOfPage\":{\"@id\":\"https:\/\/nuevo-renacer.com\/el-cielo-segun-el-espiritismo\/#primaryimage\"},\"image\":{\"@id\":\"https:\/\/nuevo-renacer.com\/el-cielo-segun-el-espiritismo\/#primaryimage\"},\"thumbnailUrl\":\"https:\/\/nuevo-renacer.com\/wp-content\/uploads\/2024\/07\/desktop-wallpaper-sky-ultra-background-for-widescreen-white-sky.jpg\",\"datePublished\":\"2024-07-10T11:45:52+00:00\",\"dateModified\":\"2024-07-10T11:46:27+00:00\",\"breadcrumb\":{\"@id\":\"https:\/\/nuevo-renacer.com\/el-cielo-segun-el-espiritismo\/#breadcrumb\"},\"inLanguage\":\"de\",\"potentialAction\":[{\"@type\":\"ReadAction\",\"target\":[\"https:\/\/nuevo-renacer.com\/el-cielo-segun-el-espiritismo\/\"]}]},{\"@type\":\"ImageObject\",\"inLanguage\":\"de\",\"@id\":\"https:\/\/nuevo-renacer.com\/el-cielo-segun-el-espiritismo\/#primaryimage\",\"url\":\"https:\/\/nuevo-renacer.com\/wp-content\/uploads\/2024\/07\/desktop-wallpaper-sky-ultra-background-for-widescreen-white-sky.jpg\",\"contentUrl\":\"https:\/\/nuevo-renacer.com\/wp-content\/uploads\/2024\/07\/desktop-wallpaper-sky-ultra-background-for-widescreen-white-sky.jpg\",\"width\":850,\"height\":478},{\"@type\":\"BreadcrumbList\",\"@id\":\"https:\/\/nuevo-renacer.com\/el-cielo-segun-el-espiritismo\/#breadcrumb\",\"itemListElement\":[{\"@type\":\"ListItem\",\"position\":1,\"name\":\"Startseite\",\"item\":\"https:\/\/nuevo-renacer.com\/\"},{\"@type\":\"ListItem\",\"position\":2,\"name\":\"El Cielo seg\u00fan el espiritismo\"}]},{\"@type\":\"WebSite\",\"@id\":\"https:\/\/nuevo-renacer.com\/#website\",\"url\":\"https:\/\/nuevo-renacer.com\/\",\"name\":\"Uni\u00f3n Esp\u00edrita\",\"description\":\"Nuevo Renacer\",\"publisher\":{\"@id\":\"https:\/\/nuevo-renacer.com\/#organization\"},\"potentialAction\":[{\"@type\":\"SearchAction\",\"target\":{\"@type\":\"EntryPoint\",\"urlTemplate\":\"https:\/\/nuevo-renacer.com\/?s={search_term_string}\"},\"query-input\":{\"@type\":\"PropertyValueSpecification\",\"valueRequired\":true,\"valueName\":\"search_term_string\"}}],\"inLanguage\":\"de\"},{\"@type\":\"Organization\",\"@id\":\"https:\/\/nuevo-renacer.com\/#organization\",\"name\":\"UFEC\",\"url\":\"https:\/\/nuevo-renacer.com\/\",\"logo\":{\"@type\":\"ImageObject\",\"inLanguage\":\"de\",\"@id\":\"https:\/\/nuevo-renacer.com\/#\/schema\/logo\/image\/\",\"url\":\"https:\/\/nuevo-renacer.com\/wp-content\/uploads\/2024\/05\/cropped-LOGO-TERMINADO1-3-3.png\",\"contentUrl\":\"https:\/\/nuevo-renacer.com\/wp-content\/uploads\/2024\/05\/cropped-LOGO-TERMINADO1-3-3.png\",\"width\":512,\"height\":512,\"caption\":\"UFEC\"},\"image\":{\"@id\":\"https:\/\/nuevo-renacer.com\/#\/schema\/logo\/image\/\"},\"sameAs\":[\"https:\/\/www.facebook.com\/groups\/3431398063740829\"]}]}<\/script>\n<!-- \/ Yoast SEO Premium plugin. -->","yoast_head_json":{"title":"El Cielo seg\u00fan el espiritismo - Uni\u00f3n Esp\u00edrita","robots":{"index":"index","follow":"follow","max-snippet":"max-snippet:-1","max-image-preview":"max-image-preview:large","max-video-preview":"max-video-preview:-1"},"canonical":"https:\/\/nuevo-renacer.com\/de\/el-cielo-segun-el-espiritismo\/","og_locale":"de_DE","og_type":"article","og_title":"El Cielo seg\u00fan el espiritismo","og_description":"El Cielo seg\u00fan el espiritismo Del libro: El Cielo y el Infierno \u2013 Allan Kardec La felicidad de los Esp\u00edritus bienaventurados no con\u00adsiste en la ociosidad contemplativa, que ser\u00eda una eterna y fastidiosa inutilidad. Por el contrario, la vida espiritual es, en todos sus grados, una actividad constante, pero exenta de cansancio. La dicha suprema [&hellip;]","og_url":"https:\/\/nuevo-renacer.com\/de\/el-cielo-segun-el-espiritismo\/","og_site_name":"Uni\u00f3n Esp\u00edrita","article_publisher":"https:\/\/www.facebook.com\/groups\/3431398063740829","article_modified_time":"2024-07-10T11:46:27+00:00","og_image":[{"width":850,"height":478,"url":"https:\/\/nuevo-renacer.com\/wp-content\/uploads\/2024\/07\/desktop-wallpaper-sky-ultra-background-for-widescreen-white-sky.jpg","type":"image\/jpeg"}],"twitter_card":"summary_large_image","twitter_misc":{"Gesch\u00e4tzte Lesezeit":"3\u00a0Minuten"},"schema":{"@context":"https:\/\/schema.org","@graph":[{"@type":"WebPage","@id":"https:\/\/nuevo-renacer.com\/el-cielo-segun-el-espiritismo\/","url":"https:\/\/nuevo-renacer.com\/el-cielo-segun-el-espiritismo\/","name":"El Cielo seg\u00fan el espiritismo - Uni\u00f3n Esp\u00edrita","isPartOf":{"@id":"https:\/\/nuevo-renacer.com\/#website"},"primaryImageOfPage":{"@id":"https:\/\/nuevo-renacer.com\/el-cielo-segun-el-espiritismo\/#primaryimage"},"image":{"@id":"https:\/\/nuevo-renacer.com\/el-cielo-segun-el-espiritismo\/#primaryimage"},"thumbnailUrl":"https:\/\/nuevo-renacer.com\/wp-content\/uploads\/2024\/07\/desktop-wallpaper-sky-ultra-background-for-widescreen-white-sky.jpg","datePublished":"2024-07-10T11:45:52+00:00","dateModified":"2024-07-10T11:46:27+00:00","breadcrumb":{"@id":"https:\/\/nuevo-renacer.com\/el-cielo-segun-el-espiritismo\/#breadcrumb"},"inLanguage":"de","potentialAction":[{"@type":"ReadAction","target":["https:\/\/nuevo-renacer.com\/el-cielo-segun-el-espiritismo\/"]}]},{"@type":"ImageObject","inLanguage":"de","@id":"https:\/\/nuevo-renacer.com\/el-cielo-segun-el-espiritismo\/#primaryimage","url":"https:\/\/nuevo-renacer.com\/wp-content\/uploads\/2024\/07\/desktop-wallpaper-sky-ultra-background-for-widescreen-white-sky.jpg","contentUrl":"https:\/\/nuevo-renacer.com\/wp-content\/uploads\/2024\/07\/desktop-wallpaper-sky-ultra-background-for-widescreen-white-sky.jpg","width":850,"height":478},{"@type":"BreadcrumbList","@id":"https:\/\/nuevo-renacer.com\/el-cielo-segun-el-espiritismo\/#breadcrumb","itemListElement":[{"@type":"ListItem","position":1,"name":"Startseite","item":"https:\/\/nuevo-renacer.com\/"},{"@type":"ListItem","position":2,"name":"El Cielo seg\u00fan el espiritismo"}]},{"@type":"WebSite","@id":"https:\/\/nuevo-renacer.com\/#website","url":"https:\/\/nuevo-renacer.com\/","name":"Uni\u00f3n Esp\u00edrita","description":"Nuevo Renacer","publisher":{"@id":"https:\/\/nuevo-renacer.com\/#organization"},"potentialAction":[{"@type":"SearchAction","target":{"@type":"EntryPoint","urlTemplate":"https:\/\/nuevo-renacer.com\/?s={search_term_string}"},"query-input":{"@type":"PropertyValueSpecification","valueRequired":true,"valueName":"search_term_string"}}],"inLanguage":"de"},{"@type":"Organization","@id":"https:\/\/nuevo-renacer.com\/#organization","name":"UFEC","url":"https:\/\/nuevo-renacer.com\/","logo":{"@type":"ImageObject","inLanguage":"de","@id":"https:\/\/nuevo-renacer.com\/#\/schema\/logo\/image\/","url":"https:\/\/nuevo-renacer.com\/wp-content\/uploads\/2024\/05\/cropped-LOGO-TERMINADO1-3-3.png","contentUrl":"https:\/\/nuevo-renacer.com\/wp-content\/uploads\/2024\/05\/cropped-LOGO-TERMINADO1-3-3.png","width":512,"height":512,"caption":"UFEC"},"image":{"@id":"https:\/\/nuevo-renacer.com\/#\/schema\/logo\/image\/"},"sameAs":["https:\/\/www.facebook.com\/groups\/3431398063740829"]}]}},"uagb_featured_image_src":{"full":["https:\/\/nuevo-renacer.com\/wp-content\/uploads\/2024\/07\/desktop-wallpaper-sky-ultra-background-for-widescreen-white-sky.jpg",850,478,false],"thumbnail":["https:\/\/nuevo-renacer.com\/wp-content\/uploads\/2024\/07\/desktop-wallpaper-sky-ultra-background-for-widescreen-white-sky-150x150.jpg",150,150,true],"medium":["https:\/\/nuevo-renacer.com\/wp-content\/uploads\/2024\/07\/desktop-wallpaper-sky-ultra-background-for-widescreen-white-sky-300x169.jpg",300,169,true],"medium_large":["https:\/\/nuevo-renacer.com\/wp-content\/uploads\/2024\/07\/desktop-wallpaper-sky-ultra-background-for-widescreen-white-sky-768x432.jpg",768,432,true],"large":["https:\/\/nuevo-renacer.com\/wp-content\/uploads\/2024\/07\/desktop-wallpaper-sky-ultra-background-for-widescreen-white-sky.jpg",850,478,false],"1536x1536":["https:\/\/nuevo-renacer.com\/wp-content\/uploads\/2024\/07\/desktop-wallpaper-sky-ultra-background-for-widescreen-white-sky.jpg",850,478,false],"2048x2048":["https:\/\/nuevo-renacer.com\/wp-content\/uploads\/2024\/07\/desktop-wallpaper-sky-ultra-background-for-widescreen-white-sky.jpg",850,478,false],"trp-custom-language-flag":["https:\/\/nuevo-renacer.com\/wp-content\/uploads\/2024\/07\/desktop-wallpaper-sky-ultra-background-for-widescreen-white-sky-18x10.jpg",18,10,true]},"uagb_author_info":{"display_name":"adbv0","author_link":"https:\/\/nuevo-renacer.com\/de\/author\/adbv0\/"},"uagb_comment_info":0,"uagb_excerpt":"El Cielo seg\u00fan el espiritismo Del libro: El Cielo y el Infierno \u2013 Allan Kardec La felicidad de los Esp\u00edritus bienaventurados no con\u00adsiste en la ociosidad contemplativa, que ser\u00eda una eterna y fastidiosa inutilidad. Por el contrario, la vida espiritual es, en todos sus grados, una actividad constante, pero exenta de cansancio. La dicha suprema&hellip;","jetpack_sharing_enabled":true,"_links":{"self":[{"href":"https:\/\/nuevo-renacer.com\/de\/wp-json\/wp\/v2\/pages\/3603","targetHints":{"allow":["GET"]}}],"collection":[{"href":"https:\/\/nuevo-renacer.com\/de\/wp-json\/wp\/v2\/pages"}],"about":[{"href":"https:\/\/nuevo-renacer.com\/de\/wp-json\/wp\/v2\/types\/page"}],"author":[{"embeddable":true,"href":"https:\/\/nuevo-renacer.com\/de\/wp-json\/wp\/v2\/users\/1"}],"replies":[{"embeddable":true,"href":"https:\/\/nuevo-renacer.com\/de\/wp-json\/wp\/v2\/comments?post=3603"}],"version-history":[{"count":1,"href":"https:\/\/nuevo-renacer.com\/de\/wp-json\/wp\/v2\/pages\/3603\/revisions"}],"predecessor-version":[{"id":3605,"href":"https:\/\/nuevo-renacer.com\/de\/wp-json\/wp\/v2\/pages\/3603\/revisions\/3605"}],"wp:featuredmedia":[{"embeddable":true,"href":"https:\/\/nuevo-renacer.com\/de\/wp-json\/wp\/v2\/media\/3604"}],"wp:attachment":[{"href":"https:\/\/nuevo-renacer.com\/de\/wp-json\/wp\/v2\/media?parent=3603"}],"curies":[{"name":"wp","href":"https:\/\/api.w.org\/{rel}","templated":true}]}}