{"id":3580,"date":"2024-07-10T10:50:57","date_gmt":"2024-07-10T10:50:57","guid":{"rendered":"https:\/\/ufec-mundial.com\/?page_id=3580"},"modified":"2024-12-21T09:49:04","modified_gmt":"2024-12-21T09:49:04","slug":"causas-anteriores-de-las-aflicciones","status":"publish","type":"page","link":"https:\/\/nuevo-renacer.com\/de\/causas-anteriores-de-las-aflicciones\/","title":{"rendered":"Fr\u00fchere Ursachen von Leiden"},"content":{"rendered":"<div class=\"wp-block-uagb-container uagb-block-1891464a alignfull uagb-is-root-container\"><div class=\"uagb-container-inner-blocks-wrap\">\n<p class=\"has-black-color has-text-color has-link-color has-medium-font-size wp-elements-1717e4c89416566c023da20750552a13\"><strong>Fr\u00fchere Ursachen von Leiden<\/strong><\/p>\n\n\n\n<p class=\"has-black-color has-text-color has-link-color has-medium-font-size wp-elements-37d3320206a9b8afa52629819a26401a\"><strong>Aus dem Buch: Das Evangelium im Lichte des Spiritismus - Allan Kardec<\/strong><\/p>\n<\/div><\/div>\n\n\n\n<div class=\"wp-block-uagb-container uagb-block-559478b3 alignfull uagb-is-root-container\"><div class=\"uagb-container-inner-blocks-wrap\">\n<figure class=\"wp-block-image size-full is-resized\"><img fetchpriority=\"high\" decoding=\"async\" width=\"770\" height=\"452\" src=\"https:\/\/ufec-mundial.com\/wp-content\/uploads\/2024\/07\/que-se-siente-al-morir-770x452-1.jpg\" alt=\"\" class=\"wp-image-3581\" style=\"width:397px;height:auto\" srcset=\"https:\/\/nuevo-renacer.com\/wp-content\/uploads\/2024\/07\/que-se-siente-al-morir-770x452-1.jpg 770w, https:\/\/nuevo-renacer.com\/wp-content\/uploads\/2024\/07\/que-se-siente-al-morir-770x452-1-300x176.jpg 300w, https:\/\/nuevo-renacer.com\/wp-content\/uploads\/2024\/07\/que-se-siente-al-morir-770x452-1-768x451.jpg 768w, https:\/\/nuevo-renacer.com\/wp-content\/uploads\/2024\/07\/que-se-siente-al-morir-770x452-1-18x12.jpg 18w\" sizes=\"(max-width: 770px) 100vw, 770px\" \/><\/figure>\n<\/div><\/div>\n\n\n\n<div class=\"wp-block-uagb-container uagb-block-096875d6 alignfull uagb-is-root-container\"><div class=\"uagb-container-inner-blocks-wrap\">\n<p class=\"has-black-color has-text-color has-link-color has-small-font-size wp-elements-4091fb8828b690bb9cb5bcad53c0ba41\">W\u00e4hrend es in diesem Leben \u00dcbel gibt, deren Hauptursache der Mensch ist, gibt es andere, die ihm, zumindest dem Anschein nach, v\u00f6llig fremd sind und die ihn wie ein Schicksal zu treffen scheinen. Das sind zum Beispiel der Verlust von geliebten Menschen und der Verlust von Menschen, die die St\u00fctze der Familie sind. Es sind auch die Unf\u00e4lle, die keine Voraussicht h\u00e4tte verhindern k\u00f6nnen; die R\u00fcckschl\u00e4ge des Schicksals, die alle klugen Ma\u00dfnahmen zunichte machen; die nat\u00fcrlichen Plagen, die Geburtskrankheiten, vor allem jene, die so viele Ungl\u00fcckliche der M\u00f6glichkeit berauben, ihren Lebensunterhalt durch ihre Arbeit zu verdienen: Missbildungen, Idiotie, Kretinismus usw.<\/p>\n\n\n\n<p class=\"has-black-color has-text-color has-link-color has-small-font-size wp-elements-49102740a2c57afddfd2ce3b0a7d8051\">Diejenigen, die unter solchen Bedingungen geboren werden, haben sicherlich nichts in diesem Leben getan, um ohne jegliche Entsch\u00e4digung ein so trauriges Schicksal zu verdienen, das sie nicht vermeiden konnten, das sie selbst nicht \u00e4ndern k\u00f6nnen und das sie dem Mitleid der \u00d6ffentlichkeit \u00fcberl\u00e4sst. Warum gibt es dann solche ungl\u00fccklichen Wesen, w\u00e4hrend es neben ihnen, unter demselben Dach und in derselben Familie, andere gibt, die in jeder Hinsicht beg\u00fcnstigt sind?<\/p>\n\n\n\n<p class=\"has-black-color has-text-color has-link-color has-small-font-size wp-elements-3c5d3afdec79cd42f9c63419bc2a5c62\">Was soll man schlie\u00dflich von den Kindern sagen, die in jungen Jahren sterben und die nichts anderes als Leiden kennengelernt haben? Das sind Probleme, die noch keine Philosophie zu l\u00f6sen vermochte, Anomalien, die keine Religion zu rechtfertigen vermochte und die eine Negation der G\u00fcte, der Gerechtigkeit und der Vorsehung Gottes darstellen w\u00fcrden, wenn man davon ausgeht, dass die Seele gleichzeitig mit dem K\u00f6rper erschaffen wird und dass ihr Schicksal nach wenigen Augenblicken des Aufenthalts auf der Erde unab\u00e4nderlich feststeht. Was haben diese Seelen, die soeben die H\u00e4nde des Sch\u00f6pfers verlassen haben, getan, um so viel Elend in dieser Welt zu erleiden und irgendeine Belohnung oder Strafe in der Zukunft zu verdienen, wenn sie weder Gutes noch B\u00f6ses tun konnten?<\/p>\n\n\n\n<p class=\"has-black-color has-text-color has-link-color has-small-font-size wp-elements-d0615d06185b189f7eed6420d6b71104\">Da aber jede Wirkung eine Ursache hat, sind diese Leiden Wirkungen, die eine Ursache haben m\u00fcssen; und da wir die Existenz eines gerechten Gottes anerkennen, muss auch diese Ursache gerecht sein. Da nun die Ursache immer der Wirkung vorausgeht, mu\u00df die Ursache, wenn sie nicht im gegenw\u00e4rtigen Leben liegt, vor diesem Leben liegen, das hei\u00dft, sie mu\u00df zu einer fr\u00fcheren Existenz geh\u00f6ren.<\/p>\n\n\n\n<p class=\"has-black-color has-text-color has-link-color has-small-font-size wp-elements-47bee048b6bfcaa4c89bde7a794ac2b7\">Da es andererseits f\u00fcr Gott nicht m\u00f6glich ist, jemanden f\u00fcr das Gute zu bestrafen, das er getan hat, oder f\u00fcr das B\u00f6se, das er nicht getan hat, wenn wir bestraft werden, dann deshalb, weil wir B\u00f6ses getan haben. Wenn wir in diesem Leben nichts B\u00f6ses getan haben, haben wir in einem anderen Leben B\u00f6ses getan. Niemand kann sich dieser Alternative entziehen, bei der die Logik bestimmt, auf welcher Seite Gottes Gerechtigkeit liegt.<\/p>\n\n\n\n<p class=\"has-black-color has-text-color has-link-color has-small-font-size wp-elements-7261f7bceb71d378b4ad34a9ae194a70\">Der Mensch wird also in seiner gegenw\u00e4rtigen Existenz nicht immer oder vollst\u00e4ndig bestraft, aber er entgeht niemals den Folgen seiner Fehler. Der Wohlstand des B\u00f6sen ist nur vor\u00fcbergehend, denn wenn er heute nicht s\u00fchnt, wird er morgen s\u00fchnen, w\u00e4hrend der Leidende f\u00fcr seine Vergangenheit s\u00fchnt. Die Schande, die auf den ersten Blick unverdient erscheint, hat also ihre Daseinsberechtigung, und der Leidende kann in jedem Fall sagen: \"Vergib mir, Herr, denn ich habe ges\u00fcndigt\".<\/p>\n<\/div><\/div>\n\n\n\n<div class=\"wp-block-uagb-container uagb-block-61d1aca5 alignfull uagb-is-root-container\"><div class=\"uagb-container-inner-blocks-wrap\"><\/div><\/div>\n\n\n\n<div class=\"wp-block-uagb-container uagb-block-b6ed6ada alignfull uagb-is-root-container\"><div class=\"uagb-container-inner-blocks-wrap\"><\/div><\/div>","protected":false},"excerpt":{"rendered":"<p>Causas anteriores de las aflicciones Del libro: El Evangelio seg\u00fan el espiritismo \u2013 Allan Kardec Si bien en esta vida existen males cuya causa principal es el hombre, hay otros a los que es ajeno por completo, al menos en apariencia, y que parecen afectarlo como por obra de la fatalidad. Son ellos, por ejemplo, [&hellip;]<\/p>","protected":false},"author":1,"featured_media":3581,"parent":0,"menu_order":0,"comment_status":"closed","ping_status":"closed","template":"","meta":{"_uag_custom_page_level_css":"","site-sidebar-layout":"default","site-content-layout":"","ast-site-content-layout":"default","site-content-style":"default","site-sidebar-style":"default","ast-global-header-display":"","ast-banner-title-visibility":"","ast-main-header-display":"","ast-hfb-above-header-display":"","ast-hfb-below-header-display":"","ast-hfb-mobile-header-display":"","site-post-title":"disabled","ast-breadcrumbs-content":"","ast-featured-img":"","footer-sml-layout":"","theme-transparent-header-meta":"","adv-header-id-meta":"","stick-header-meta":"","header-above-stick-meta":"","header-main-stick-meta":"","header-below-stick-meta":"","astra-migrate-meta-layouts":"set","ast-page-background-enabled":"default","ast-page-background-meta":{"desktop":{"background-color":"var(--ast-global-color-4)","background-image":"","background-repeat":"repeat","background-position":"center center","background-size":"auto","background-attachment":"scroll","background-type":"","background-media":"","overlay-type":"","overlay-color":"","overlay-opacity":"","overlay-gradient":""},"tablet":{"background-color":"","background-image":"","background-repeat":"repeat","background-position":"center center","background-size":"auto","background-attachment":"scroll","background-type":"","background-media":"","overlay-type":"","overlay-color":"","overlay-opacity":"","overlay-gradient":""},"mobile":{"background-color":"","background-image":"","background-repeat":"repeat","background-position":"center center","background-size":"auto","background-attachment":"scroll","background-type":"","background-media":"","overlay-type":"","overlay-color":"","overlay-opacity":"","overlay-gradient":""}},"ast-content-background-meta":{"desktop":{"background-color":"var(--ast-global-color-5)","background-image":"","background-repeat":"repeat","background-position":"center center","background-size":"auto","background-attachment":"scroll","background-type":"","background-media":"","overlay-type":"","overlay-color":"","overlay-opacity":"","overlay-gradient":""},"tablet":{"background-color":"var(--ast-global-color-5)","background-image":"","background-repeat":"repeat","background-position":"center center","background-size":"auto","background-attachment":"scroll","background-type":"","background-media":"","overlay-type":"","overlay-color":"","overlay-opacity":"","overlay-gradient":""},"mobile":{"background-color":"var(--ast-global-color-5)","background-image":"","background-repeat":"repeat","background-position":"center center","background-size":"auto","background-attachment":"scroll","background-type":"","background-media":"","overlay-type":"","overlay-color":"","overlay-opacity":"","overlay-gradient":""}},"footnotes":""},"class_list":["post-3580","page","type-page","status-publish","has-post-thumbnail","hentry"],"yoast_head":"<!-- This site is optimized with the Yoast SEO Premium plugin v24.2 (Yoast SEO v24.6) - https:\/\/yoast.com\/wordpress\/plugins\/seo\/ -->\n<title>Causas anteriores de las aflicciones - Uni\u00f3n Esp\u00edrita<\/title>\n<meta name=\"robots\" content=\"index, follow, max-snippet:-1, max-image-preview:large, max-video-preview:-1\" \/>\n<link rel=\"canonical\" href=\"https:\/\/nuevo-renacer.com\/de\/causas-anteriores-de-las-aflicciones\/\" \/>\n<meta property=\"og:locale\" content=\"de_DE\" \/>\n<meta property=\"og:type\" content=\"article\" \/>\n<meta property=\"og:title\" content=\"Causas anteriores de las aflicciones\" \/>\n<meta property=\"og:description\" content=\"Causas anteriores de las aflicciones Del libro: El Evangelio seg\u00fan el espiritismo \u2013 Allan Kardec Si bien en esta vida existen males cuya causa principal es el hombre, hay otros a los que es ajeno por completo, al menos en apariencia, y que parecen afectarlo como por obra de la fatalidad. Son ellos, por ejemplo, [&hellip;]\" \/>\n<meta property=\"og:url\" content=\"https:\/\/nuevo-renacer.com\/de\/causas-anteriores-de-las-aflicciones\/\" \/>\n<meta property=\"og:site_name\" content=\"Uni\u00f3n Esp\u00edrita\" \/>\n<meta property=\"article:publisher\" content=\"https:\/\/www.facebook.com\/groups\/3431398063740829\" \/>\n<meta property=\"article:modified_time\" content=\"2024-12-21T09:49:04+00:00\" \/>\n<meta property=\"og:image\" content=\"https:\/\/nuevo-renacer.com\/wp-content\/uploads\/2024\/07\/que-se-siente-al-morir-770x452-1.jpg\" \/>\n\t<meta property=\"og:image:width\" content=\"770\" \/>\n\t<meta property=\"og:image:height\" content=\"452\" \/>\n\t<meta property=\"og:image:type\" content=\"image\/jpeg\" \/>\n<meta name=\"twitter:card\" content=\"summary_large_image\" \/>\n<meta name=\"twitter:label1\" content=\"Gesch\u00e4tzte Lesezeit\" \/>\n\t<meta name=\"twitter:data1\" content=\"3\u00a0Minuten\" \/>\n<script type=\"application\/ld+json\" class=\"yoast-schema-graph\">{\"@context\":\"https:\/\/schema.org\",\"@graph\":[{\"@type\":\"WebPage\",\"@id\":\"https:\/\/nuevo-renacer.com\/causas-anteriores-de-las-aflicciones\/\",\"url\":\"https:\/\/nuevo-renacer.com\/causas-anteriores-de-las-aflicciones\/\",\"name\":\"Causas anteriores de las aflicciones - Uni\u00f3n Esp\u00edrita\",\"isPartOf\":{\"@id\":\"https:\/\/nuevo-renacer.com\/#website\"},\"primaryImageOfPage\":{\"@id\":\"https:\/\/nuevo-renacer.com\/causas-anteriores-de-las-aflicciones\/#primaryimage\"},\"image\":{\"@id\":\"https:\/\/nuevo-renacer.com\/causas-anteriores-de-las-aflicciones\/#primaryimage\"},\"thumbnailUrl\":\"https:\/\/nuevo-renacer.com\/wp-content\/uploads\/2024\/07\/que-se-siente-al-morir-770x452-1.jpg\",\"datePublished\":\"2024-07-10T10:50:57+00:00\",\"dateModified\":\"2024-12-21T09:49:04+00:00\",\"breadcrumb\":{\"@id\":\"https:\/\/nuevo-renacer.com\/causas-anteriores-de-las-aflicciones\/#breadcrumb\"},\"inLanguage\":\"de\",\"potentialAction\":[{\"@type\":\"ReadAction\",\"target\":[\"https:\/\/nuevo-renacer.com\/causas-anteriores-de-las-aflicciones\/\"]}]},{\"@type\":\"ImageObject\",\"inLanguage\":\"de\",\"@id\":\"https:\/\/nuevo-renacer.com\/causas-anteriores-de-las-aflicciones\/#primaryimage\",\"url\":\"https:\/\/nuevo-renacer.com\/wp-content\/uploads\/2024\/07\/que-se-siente-al-morir-770x452-1.jpg\",\"contentUrl\":\"https:\/\/nuevo-renacer.com\/wp-content\/uploads\/2024\/07\/que-se-siente-al-morir-770x452-1.jpg\",\"width\":770,\"height\":452},{\"@type\":\"BreadcrumbList\",\"@id\":\"https:\/\/nuevo-renacer.com\/causas-anteriores-de-las-aflicciones\/#breadcrumb\",\"itemListElement\":[{\"@type\":\"ListItem\",\"position\":1,\"name\":\"Startseite\",\"item\":\"https:\/\/nuevo-renacer.com\/\"},{\"@type\":\"ListItem\",\"position\":2,\"name\":\"Causas anteriores de las aflicciones\"}]},{\"@type\":\"WebSite\",\"@id\":\"https:\/\/nuevo-renacer.com\/#website\",\"url\":\"https:\/\/nuevo-renacer.com\/\",\"name\":\"Uni\u00f3n Esp\u00edrita\",\"description\":\"Nuevo Renacer\",\"publisher\":{\"@id\":\"https:\/\/nuevo-renacer.com\/#organization\"},\"potentialAction\":[{\"@type\":\"SearchAction\",\"target\":{\"@type\":\"EntryPoint\",\"urlTemplate\":\"https:\/\/nuevo-renacer.com\/?s={search_term_string}\"},\"query-input\":{\"@type\":\"PropertyValueSpecification\",\"valueRequired\":true,\"valueName\":\"search_term_string\"}}],\"inLanguage\":\"de\"},{\"@type\":\"Organization\",\"@id\":\"https:\/\/nuevo-renacer.com\/#organization\",\"name\":\"UFEC\",\"url\":\"https:\/\/nuevo-renacer.com\/\",\"logo\":{\"@type\":\"ImageObject\",\"inLanguage\":\"de\",\"@id\":\"https:\/\/nuevo-renacer.com\/#\/schema\/logo\/image\/\",\"url\":\"https:\/\/nuevo-renacer.com\/wp-content\/uploads\/2024\/05\/cropped-LOGO-TERMINADO1-3-3.png\",\"contentUrl\":\"https:\/\/nuevo-renacer.com\/wp-content\/uploads\/2024\/05\/cropped-LOGO-TERMINADO1-3-3.png\",\"width\":512,\"height\":512,\"caption\":\"UFEC\"},\"image\":{\"@id\":\"https:\/\/nuevo-renacer.com\/#\/schema\/logo\/image\/\"},\"sameAs\":[\"https:\/\/www.facebook.com\/groups\/3431398063740829\"]}]}<\/script>\n<!-- \/ Yoast SEO Premium plugin. -->","yoast_head_json":{"title":"Causas anteriores de las aflicciones - Uni\u00f3n Esp\u00edrita","robots":{"index":"index","follow":"follow","max-snippet":"max-snippet:-1","max-image-preview":"max-image-preview:large","max-video-preview":"max-video-preview:-1"},"canonical":"https:\/\/nuevo-renacer.com\/de\/causas-anteriores-de-las-aflicciones\/","og_locale":"de_DE","og_type":"article","og_title":"Causas anteriores de las aflicciones","og_description":"Causas anteriores de las aflicciones Del libro: El Evangelio seg\u00fan el espiritismo \u2013 Allan Kardec Si bien en esta vida existen males cuya causa principal es el hombre, hay otros a los que es ajeno por completo, al menos en apariencia, y que parecen afectarlo como por obra de la fatalidad. Son ellos, por ejemplo, [&hellip;]","og_url":"https:\/\/nuevo-renacer.com\/de\/causas-anteriores-de-las-aflicciones\/","og_site_name":"Uni\u00f3n Esp\u00edrita","article_publisher":"https:\/\/www.facebook.com\/groups\/3431398063740829","article_modified_time":"2024-12-21T09:49:04+00:00","og_image":[{"width":770,"height":452,"url":"https:\/\/nuevo-renacer.com\/wp-content\/uploads\/2024\/07\/que-se-siente-al-morir-770x452-1.jpg","type":"image\/jpeg"}],"twitter_card":"summary_large_image","twitter_misc":{"Gesch\u00e4tzte Lesezeit":"3\u00a0Minuten"},"schema":{"@context":"https:\/\/schema.org","@graph":[{"@type":"WebPage","@id":"https:\/\/nuevo-renacer.com\/causas-anteriores-de-las-aflicciones\/","url":"https:\/\/nuevo-renacer.com\/causas-anteriores-de-las-aflicciones\/","name":"Causas anteriores de las aflicciones - Uni\u00f3n Esp\u00edrita","isPartOf":{"@id":"https:\/\/nuevo-renacer.com\/#website"},"primaryImageOfPage":{"@id":"https:\/\/nuevo-renacer.com\/causas-anteriores-de-las-aflicciones\/#primaryimage"},"image":{"@id":"https:\/\/nuevo-renacer.com\/causas-anteriores-de-las-aflicciones\/#primaryimage"},"thumbnailUrl":"https:\/\/nuevo-renacer.com\/wp-content\/uploads\/2024\/07\/que-se-siente-al-morir-770x452-1.jpg","datePublished":"2024-07-10T10:50:57+00:00","dateModified":"2024-12-21T09:49:04+00:00","breadcrumb":{"@id":"https:\/\/nuevo-renacer.com\/causas-anteriores-de-las-aflicciones\/#breadcrumb"},"inLanguage":"de","potentialAction":[{"@type":"ReadAction","target":["https:\/\/nuevo-renacer.com\/causas-anteriores-de-las-aflicciones\/"]}]},{"@type":"ImageObject","inLanguage":"de","@id":"https:\/\/nuevo-renacer.com\/causas-anteriores-de-las-aflicciones\/#primaryimage","url":"https:\/\/nuevo-renacer.com\/wp-content\/uploads\/2024\/07\/que-se-siente-al-morir-770x452-1.jpg","contentUrl":"https:\/\/nuevo-renacer.com\/wp-content\/uploads\/2024\/07\/que-se-siente-al-morir-770x452-1.jpg","width":770,"height":452},{"@type":"BreadcrumbList","@id":"https:\/\/nuevo-renacer.com\/causas-anteriores-de-las-aflicciones\/#breadcrumb","itemListElement":[{"@type":"ListItem","position":1,"name":"Startseite","item":"https:\/\/nuevo-renacer.com\/"},{"@type":"ListItem","position":2,"name":"Causas anteriores de las aflicciones"}]},{"@type":"WebSite","@id":"https:\/\/nuevo-renacer.com\/#website","url":"https:\/\/nuevo-renacer.com\/","name":"Uni\u00f3n Esp\u00edrita","description":"Nuevo Renacer","publisher":{"@id":"https:\/\/nuevo-renacer.com\/#organization"},"potentialAction":[{"@type":"SearchAction","target":{"@type":"EntryPoint","urlTemplate":"https:\/\/nuevo-renacer.com\/?s={search_term_string}"},"query-input":{"@type":"PropertyValueSpecification","valueRequired":true,"valueName":"search_term_string"}}],"inLanguage":"de"},{"@type":"Organization","@id":"https:\/\/nuevo-renacer.com\/#organization","name":"UFEC","url":"https:\/\/nuevo-renacer.com\/","logo":{"@type":"ImageObject","inLanguage":"de","@id":"https:\/\/nuevo-renacer.com\/#\/schema\/logo\/image\/","url":"https:\/\/nuevo-renacer.com\/wp-content\/uploads\/2024\/05\/cropped-LOGO-TERMINADO1-3-3.png","contentUrl":"https:\/\/nuevo-renacer.com\/wp-content\/uploads\/2024\/05\/cropped-LOGO-TERMINADO1-3-3.png","width":512,"height":512,"caption":"UFEC"},"image":{"@id":"https:\/\/nuevo-renacer.com\/#\/schema\/logo\/image\/"},"sameAs":["https:\/\/www.facebook.com\/groups\/3431398063740829"]}]}},"uagb_featured_image_src":{"full":["https:\/\/nuevo-renacer.com\/wp-content\/uploads\/2024\/07\/que-se-siente-al-morir-770x452-1.jpg",770,452,false],"thumbnail":["https:\/\/nuevo-renacer.com\/wp-content\/uploads\/2024\/07\/que-se-siente-al-morir-770x452-1-150x150.jpg",150,150,true],"medium":["https:\/\/nuevo-renacer.com\/wp-content\/uploads\/2024\/07\/que-se-siente-al-morir-770x452-1-300x176.jpg",300,176,true],"medium_large":["https:\/\/nuevo-renacer.com\/wp-content\/uploads\/2024\/07\/que-se-siente-al-morir-770x452-1-768x451.jpg",768,451,true],"large":["https:\/\/nuevo-renacer.com\/wp-content\/uploads\/2024\/07\/que-se-siente-al-morir-770x452-1.jpg",770,452,false],"1536x1536":["https:\/\/nuevo-renacer.com\/wp-content\/uploads\/2024\/07\/que-se-siente-al-morir-770x452-1.jpg",770,452,false],"2048x2048":["https:\/\/nuevo-renacer.com\/wp-content\/uploads\/2024\/07\/que-se-siente-al-morir-770x452-1.jpg",770,452,false],"trp-custom-language-flag":["https:\/\/nuevo-renacer.com\/wp-content\/uploads\/2024\/07\/que-se-siente-al-morir-770x452-1-18x12.jpg",18,12,true]},"uagb_author_info":{"display_name":"adbv0","author_link":"https:\/\/nuevo-renacer.com\/de\/author\/adbv0\/"},"uagb_comment_info":0,"uagb_excerpt":"Causas anteriores de las aflicciones Del libro: El Evangelio seg\u00fan el espiritismo \u2013 Allan Kardec Si bien en esta vida existen males cuya causa principal es el hombre, hay otros a los que es ajeno por completo, al menos en apariencia, y que parecen afectarlo como por obra de la fatalidad. Son ellos, por ejemplo,&hellip;","jetpack_sharing_enabled":true,"_links":{"self":[{"href":"https:\/\/nuevo-renacer.com\/de\/wp-json\/wp\/v2\/pages\/3580","targetHints":{"allow":["GET"]}}],"collection":[{"href":"https:\/\/nuevo-renacer.com\/de\/wp-json\/wp\/v2\/pages"}],"about":[{"href":"https:\/\/nuevo-renacer.com\/de\/wp-json\/wp\/v2\/types\/page"}],"author":[{"embeddable":true,"href":"https:\/\/nuevo-renacer.com\/de\/wp-json\/wp\/v2\/users\/1"}],"replies":[{"embeddable":true,"href":"https:\/\/nuevo-renacer.com\/de\/wp-json\/wp\/v2\/comments?post=3580"}],"version-history":[{"count":3,"href":"https:\/\/nuevo-renacer.com\/de\/wp-json\/wp\/v2\/pages\/3580\/revisions"}],"predecessor-version":[{"id":6593,"href":"https:\/\/nuevo-renacer.com\/de\/wp-json\/wp\/v2\/pages\/3580\/revisions\/6593"}],"wp:featuredmedia":[{"embeddable":true,"href":"https:\/\/nuevo-renacer.com\/de\/wp-json\/wp\/v2\/media\/3581"}],"wp:attachment":[{"href":"https:\/\/nuevo-renacer.com\/de\/wp-json\/wp\/v2\/media?parent=3580"}],"curies":[{"name":"wp","href":"https:\/\/api.w.org\/{rel}","templated":true}]}}