{"id":3568,"date":"2024-07-10T09:30:14","date_gmt":"2024-07-10T09:30:14","guid":{"rendered":"https:\/\/ufec-mundial.com\/?page_id=3568"},"modified":"2024-12-18T12:52:28","modified_gmt":"2024-12-18T12:52:28","slug":"el-porvenir-y-la-nada","status":"publish","type":"page","link":"https:\/\/nuevo-renacer.com\/de\/el-porvenir-y-la-nada\/","title":{"rendered":"Die Zukunft und das Nichts"},"content":{"rendered":"<div class=\"wp-block-uagb-container uagb-block-79742316 alignfull uagb-is-root-container\"><div class=\"uagb-container-inner-blocks-wrap\">\n<p class=\"has-black-color has-text-color has-link-color has-medium-font-size wp-elements-e58e3c566c905c126e5504fc7278f40a\"><strong>Die Zukunft und das Nichts<\/strong><\/p>\n\n\n\n<p class=\"has-black-color has-text-color has-link-color has-medium-font-size wp-elements-8efcc1926fcd99f070f97cfd18bf5610\"><strong>Aus dem Buch: Himmel und H\u00f6lle - Allan Kardec<\/strong><\/p>\n<\/div><\/div>\n\n\n\n<div class=\"wp-block-uagb-container uagb-block-d8158ae0 alignfull uagb-is-root-container\"><div class=\"uagb-container-inner-blocks-wrap\">\n<figure class=\"wp-block-image size-full is-resized\"><img fetchpriority=\"high\" decoding=\"async\" width=\"550\" height=\"392\" src=\"https:\/\/ufec-mundial.com\/wp-content\/uploads\/2024\/07\/nosso-lar1.jpg\" alt=\"\" class=\"wp-image-3570\" style=\"width:397px;height:auto\" srcset=\"https:\/\/nuevo-renacer.com\/wp-content\/uploads\/2024\/07\/nosso-lar1.jpg 550w, https:\/\/nuevo-renacer.com\/wp-content\/uploads\/2024\/07\/nosso-lar1-300x214.jpg 300w, https:\/\/nuevo-renacer.com\/wp-content\/uploads\/2024\/07\/nosso-lar1-18x12.jpg 18w\" sizes=\"(max-width: 550px) 100vw, 550px\" \/><\/figure>\n<\/div><\/div>\n\n\n\n<div class=\"wp-block-uagb-container uagb-block-8dcf9c8a alignfull uagb-is-root-container\"><div class=\"uagb-container-inner-blocks-wrap\">\n<p class=\"has-black-color has-text-color has-link-color has-small-font-size wp-elements-15f474ee06e0d74cdee036b1b330df88\">Wir leben, wir denken, wir handeln: Das ist positiv. Wir sterben: Das ist nicht weniger wahr. Aber wenn wir die Erde verlassen, wohin gehen wir dann, was wird aus uns, werden wir besser oder schlechter, werden wir existieren oder nicht? <em>Sein oder nicht sein<\/em>, das ist die Alternative. F\u00fcr immer zu sein oder nie mehr zu sein; alles oder nichts. Wir werden ewig leben oder es wird f\u00fcr immer vorbei sein. Es lohnt sich, dar\u00fcber nachzudenken.<\/p>\n\n\n\n<p class=\"has-black-color has-text-color has-link-color has-small-font-size wp-elements-0c59f4971e84ed0114db38f78fb4f766\">Alle Menschen haben das Bed\u00fcrfnis zu leben, zu genie\u00dfen, zu lieben, gl\u00fccklich zu sein. Sage dem, der wei\u00df, dass er sterben wird, dass er weiterleben wird, dass seine Stunde aufgeschoben ist; sage ihm vor allem, dass er gl\u00fccklicher sein wird, als er es je war, und sein Herz wird vor Freude schlagen. Aber was n\u00fctzen diese Gl\u00fcckserwartungen, wenn ein leichter Hauch sie verschwinden l\u00e4sst?<\/p>\n\n\n\n<p class=\"has-black-color has-text-color has-link-color has-small-font-size wp-elements-d7400e7f23179d6d21d6a4854b64490e\">Was k\u00f6nnte verzweifelter sein als der Gedanke an die absolute Vernichtung? Wertvolle Zuneigung, Intelligenz, Fortschritt, m\u00fchsam errungenes Wissen, alles w\u00fcrde zerst\u00f6rt, alles w\u00e4re verloren! Welchen Grund g\u00e4be es, sich zu bem\u00fchen, besser zu werden, unsere Leidenschaften zu unterdr\u00fccken, unseren Geist zu erleuchten, wenn all dies keine Fr\u00fcchte tragen w\u00fcrde und vor allem, wenn wir denken w\u00fcrden, dass es uns morgen vielleicht gar nichts mehr n\u00fctzen w\u00fcrde? In diesem Fall w\u00e4re das Schicksal des Menschen hundertmal schlimmer als das der Unvern\u00fcnftigen, denn sie leben ausschlie\u00dflich in der Gegenwart, um ihre materiellen Begierden zu befriedigen, und haben keine Ambitionen f\u00fcr die Zukunft. Eine geheime Intuition sagt uns, dass dies nicht m\u00f6glich ist.<\/p>\n\n\n\n<p class=\"has-black-color has-text-color has-link-color has-small-font-size wp-elements-6ca29e9a58cf4bb577e2d1a317129839\">Aufgrund des Glaubens an das Nichts konzentriert der Mensch zwangsl\u00e4ufig alle seine Gedanken auf das gegenw\u00e4rtige Leben. Es w\u00e4re in der Tat unlogisch, wenn er sich um eine Zukunft sorgen w\u00fcrde, von der er nichts erwartet. Diese ausschlie\u00dfliche Besch\u00e4ftigung mit der Gegenwart bringt ihn nat\u00fcrlich dazu, vor allem an sich selbst zu denken. Sie ist also der st\u00e4rkste Anreiz zum Egoismus, und der Ungl\u00e4ubige ist mit sich selbst im Reinen, wenn er zu folgendem Schluss kommt: Lasst uns genie\u00dfen, solange wir hier sind, lasst uns so viel wie m\u00f6glich genie\u00dfen, denn mit dem Tod ist alles vorbei; lasst uns schnell genie\u00dfen, denn wir wissen nicht, wie lange wir leben werden. Dasselbe gilt f\u00fcr die andere Schlussfolgerung, die f\u00fcr die Gesellschaft noch schwerwiegender ist: Genie\u00dfen wir uns trotz allem; jeder f\u00fcr sich; das Gl\u00fcck in dieser Welt geh\u00f6rt den Kl\u00fcgsten.<\/p>\n\n\n\n<p class=\"has-black-color has-text-color has-link-color has-small-font-size wp-elements-7ebbd10505c9e22bdd20268fc4d2377a\">Wenn die Achtung vor dem Menschen f\u00fcr manche Menschen eine Hemmschwelle darstellt, welche Hemmschwelle gibt es dann f\u00fcr diejenigen, die nichts f\u00fcrchten? Letztere glauben, dass die menschlichen Gesetze nur Dummk\u00f6pfe erreichen, weshalb sie alle ihre Talente einsetzen, um die besten Mittel zu finden, um sie zu umgehen. Wenn es eine sch\u00e4dliche und unsoziale Doktrin gibt, dann ist es zweifellos der Nothingismus, denn er zerst\u00f6rt die wahren Bande der Solidarit\u00e4t und Br\u00fcderlichkeit, auf denen die sozialen Beziehungen beruhen.<\/p>\n\n\n\n<p class=\"has-black-color has-text-color has-link-color has-small-font-size wp-elements-3b9fc576fb2fe68d0a07987fc07f0d46\">Unter diesen Umst\u00e4nden kommt der Spiritismus, um einen Damm gegen das Eindringen des Unglaubens zu errichten, nicht nur durch Argumente und die Aussicht auf die Gefahren des Unglaubens, sondern durch materielle Fakten, die es erm\u00f6glichen, die Seele und das zuk\u00fcnftige Leben zu sehen und zu ber\u00fchren.<\/p>\n\n\n\n<p class=\"has-black-color has-text-color has-link-color has-small-font-size wp-elements-bafa71840ff5b57f3ca20b6be7a8d622\">Die spiritistische Lehre von der Zukunft ist kein Werk der Phantasie, das mit relativem Einfallsreichtum erdacht wurde, sondern das Ergebnis der Beobachtung materieller Tatsachen, die sich jetzt vor unseren Augen entfalten, so dass sie, wie es bereits der Fall ist, divergierende oder schwankende Meinungen zusammenf\u00fchren und durch die Kraft der Dinge allm\u00e4hlich zu einer Einheit des Glaubens in diesem Punkt f\u00fchren wird.<\/p>\n<\/div><\/div>\n\n\n\n<div class=\"wp-block-uagb-container uagb-block-43b829bf alignfull uagb-is-root-container\"><div class=\"uagb-container-inner-blocks-wrap\"><\/div><\/div>\n\n\n\n<div class=\"wp-block-uagb-container uagb-block-a65594d9 alignfull uagb-is-root-container\"><div class=\"uagb-container-inner-blocks-wrap\"><\/div><\/div>","protected":false},"excerpt":{"rendered":"<p>El porvenir y la nada Del libro: El cielo y el infierno \u2013 Allan Kardec Vivimos, pensamos, actuamos: esto es positivo. Morimos: esto no es menos cierto. Pero cuando dejamos la Tierra, \u00bfad\u00f3nde vamos? \u00bfEn qu\u00e9 nos convertimos? \u00bfEstaremos mejor o peor? \u00bfExistiremos o no? Ser o no ser, tal es la alternativa. Ser para [&hellip;]<\/p>","protected":false},"author":1,"featured_media":0,"parent":0,"menu_order":0,"comment_status":"closed","ping_status":"closed","template":"","meta":{"_uag_custom_page_level_css":"","site-sidebar-layout":"default","site-content-layout":"","ast-site-content-layout":"default","site-content-style":"default","site-sidebar-style":"default","ast-global-header-display":"","ast-banner-title-visibility":"","ast-main-header-display":"","ast-hfb-above-header-display":"","ast-hfb-below-header-display":"","ast-hfb-mobile-header-display":"","site-post-title":"disabled","ast-breadcrumbs-content":"","ast-featured-img":"","footer-sml-layout":"","theme-transparent-header-meta":"","adv-header-id-meta":"","stick-header-meta":"","header-above-stick-meta":"","header-main-stick-meta":"","header-below-stick-meta":"","astra-migrate-meta-layouts":"set","ast-page-background-enabled":"default","ast-page-background-meta":{"desktop":{"background-color":"var(--ast-global-color-4)","background-image":"","background-repeat":"repeat","background-position":"center center","background-size":"auto","background-attachment":"scroll","background-type":"","background-media":"","overlay-type":"","overlay-color":"","overlay-opacity":"","overlay-gradient":""},"tablet":{"background-color":"","background-image":"","background-repeat":"repeat","background-position":"center center","background-size":"auto","background-attachment":"scroll","background-type":"","background-media":"","overlay-type":"","overlay-color":"","overlay-opacity":"","overlay-gradient":""},"mobile":{"background-color":"","background-image":"","background-repeat":"repeat","background-position":"center center","background-size":"auto","background-attachment":"scroll","background-type":"","background-media":"","overlay-type":"","overlay-color":"","overlay-opacity":"","overlay-gradient":""}},"ast-content-background-meta":{"desktop":{"background-color":"var(--ast-global-color-5)","background-image":"","background-repeat":"repeat","background-position":"center center","background-size":"auto","background-attachment":"scroll","background-type":"","background-media":"","overlay-type":"","overlay-color":"","overlay-opacity":"","overlay-gradient":""},"tablet":{"background-color":"var(--ast-global-color-5)","background-image":"","background-repeat":"repeat","background-position":"center center","background-size":"auto","background-attachment":"scroll","background-type":"","background-media":"","overlay-type":"","overlay-color":"","overlay-opacity":"","overlay-gradient":""},"mobile":{"background-color":"var(--ast-global-color-5)","background-image":"","background-repeat":"repeat","background-position":"center center","background-size":"auto","background-attachment":"scroll","background-type":"","background-media":"","overlay-type":"","overlay-color":"","overlay-opacity":"","overlay-gradient":""}},"footnotes":""},"class_list":["post-3568","page","type-page","status-publish","hentry"],"yoast_head":"<!-- This site is optimized with the Yoast SEO Premium plugin v24.2 (Yoast SEO v24.6) - https:\/\/yoast.com\/wordpress\/plugins\/seo\/ -->\n<title>El porvenir y la nada - Uni\u00f3n Esp\u00edrita<\/title>\n<meta name=\"robots\" content=\"index, follow, max-snippet:-1, max-image-preview:large, max-video-preview:-1\" \/>\n<link rel=\"canonical\" href=\"https:\/\/nuevo-renacer.com\/de\/el-porvenir-y-la-nada\/\" \/>\n<meta property=\"og:locale\" content=\"de_DE\" \/>\n<meta property=\"og:type\" content=\"article\" \/>\n<meta property=\"og:title\" content=\"El porvenir y la nada\" \/>\n<meta property=\"og:description\" content=\"El porvenir y la nada Del libro: El cielo y el infierno \u2013 Allan Kardec Vivimos, pensamos, actuamos: esto es positivo. Morimos: esto no es menos cierto. Pero cuando dejamos la Tierra, \u00bfad\u00f3nde vamos? \u00bfEn qu\u00e9 nos convertimos? \u00bfEstaremos mejor o peor? \u00bfExistiremos o no? Ser o no ser, tal es la alternativa. Ser para [&hellip;]\" \/>\n<meta property=\"og:url\" content=\"https:\/\/nuevo-renacer.com\/de\/el-porvenir-y-la-nada\/\" \/>\n<meta property=\"og:site_name\" content=\"Uni\u00f3n Esp\u00edrita\" \/>\n<meta property=\"article:publisher\" content=\"https:\/\/www.facebook.com\/groups\/3431398063740829\" \/>\n<meta property=\"article:modified_time\" content=\"2024-12-18T12:52:28+00:00\" \/>\n<meta property=\"og:image\" content=\"https:\/\/ufec-mundial.com\/wp-content\/uploads\/2024\/07\/nosso-lar1.jpg\" \/>\n<meta name=\"twitter:card\" content=\"summary_large_image\" \/>\n<meta name=\"twitter:label1\" content=\"Gesch\u00e4tzte Lesezeit\" \/>\n\t<meta name=\"twitter:data1\" content=\"3\u00a0Minuten\" \/>\n<script type=\"application\/ld+json\" class=\"yoast-schema-graph\">{\"@context\":\"https:\/\/schema.org\",\"@graph\":[{\"@type\":\"WebPage\",\"@id\":\"https:\/\/nuevo-renacer.com\/el-porvenir-y-la-nada\/\",\"url\":\"https:\/\/nuevo-renacer.com\/el-porvenir-y-la-nada\/\",\"name\":\"El porvenir y la nada - Uni\u00f3n Esp\u00edrita\",\"isPartOf\":{\"@id\":\"https:\/\/nuevo-renacer.com\/#website\"},\"primaryImageOfPage\":{\"@id\":\"https:\/\/nuevo-renacer.com\/el-porvenir-y-la-nada\/#primaryimage\"},\"image\":{\"@id\":\"https:\/\/nuevo-renacer.com\/el-porvenir-y-la-nada\/#primaryimage\"},\"thumbnailUrl\":\"https:\/\/ufec-mundial.com\/wp-content\/uploads\/2024\/07\/nosso-lar1.jpg\",\"datePublished\":\"2024-07-10T09:30:14+00:00\",\"dateModified\":\"2024-12-18T12:52:28+00:00\",\"breadcrumb\":{\"@id\":\"https:\/\/nuevo-renacer.com\/el-porvenir-y-la-nada\/#breadcrumb\"},\"inLanguage\":\"de\",\"potentialAction\":[{\"@type\":\"ReadAction\",\"target\":[\"https:\/\/nuevo-renacer.com\/el-porvenir-y-la-nada\/\"]}]},{\"@type\":\"ImageObject\",\"inLanguage\":\"de\",\"@id\":\"https:\/\/nuevo-renacer.com\/el-porvenir-y-la-nada\/#primaryimage\",\"url\":\"https:\/\/ufec-mundial.com\/wp-content\/uploads\/2024\/07\/nosso-lar1.jpg\",\"contentUrl\":\"https:\/\/ufec-mundial.com\/wp-content\/uploads\/2024\/07\/nosso-lar1.jpg\"},{\"@type\":\"BreadcrumbList\",\"@id\":\"https:\/\/nuevo-renacer.com\/el-porvenir-y-la-nada\/#breadcrumb\",\"itemListElement\":[{\"@type\":\"ListItem\",\"position\":1,\"name\":\"Startseite\",\"item\":\"https:\/\/nuevo-renacer.com\/\"},{\"@type\":\"ListItem\",\"position\":2,\"name\":\"El porvenir y la nada\"}]},{\"@type\":\"WebSite\",\"@id\":\"https:\/\/nuevo-renacer.com\/#website\",\"url\":\"https:\/\/nuevo-renacer.com\/\",\"name\":\"Uni\u00f3n Esp\u00edrita\",\"description\":\"Nuevo Renacer\",\"publisher\":{\"@id\":\"https:\/\/nuevo-renacer.com\/#organization\"},\"potentialAction\":[{\"@type\":\"SearchAction\",\"target\":{\"@type\":\"EntryPoint\",\"urlTemplate\":\"https:\/\/nuevo-renacer.com\/?s={search_term_string}\"},\"query-input\":{\"@type\":\"PropertyValueSpecification\",\"valueRequired\":true,\"valueName\":\"search_term_string\"}}],\"inLanguage\":\"de\"},{\"@type\":\"Organization\",\"@id\":\"https:\/\/nuevo-renacer.com\/#organization\",\"name\":\"UFEC\",\"url\":\"https:\/\/nuevo-renacer.com\/\",\"logo\":{\"@type\":\"ImageObject\",\"inLanguage\":\"de\",\"@id\":\"https:\/\/nuevo-renacer.com\/#\/schema\/logo\/image\/\",\"url\":\"https:\/\/nuevo-renacer.com\/wp-content\/uploads\/2024\/05\/cropped-LOGO-TERMINADO1-3-3.png\",\"contentUrl\":\"https:\/\/nuevo-renacer.com\/wp-content\/uploads\/2024\/05\/cropped-LOGO-TERMINADO1-3-3.png\",\"width\":512,\"height\":512,\"caption\":\"UFEC\"},\"image\":{\"@id\":\"https:\/\/nuevo-renacer.com\/#\/schema\/logo\/image\/\"},\"sameAs\":[\"https:\/\/www.facebook.com\/groups\/3431398063740829\"]}]}<\/script>\n<!-- \/ Yoast SEO Premium plugin. -->","yoast_head_json":{"title":"El porvenir y la nada - Uni\u00f3n Esp\u00edrita","robots":{"index":"index","follow":"follow","max-snippet":"max-snippet:-1","max-image-preview":"max-image-preview:large","max-video-preview":"max-video-preview:-1"},"canonical":"https:\/\/nuevo-renacer.com\/de\/el-porvenir-y-la-nada\/","og_locale":"de_DE","og_type":"article","og_title":"El porvenir y la nada","og_description":"El porvenir y la nada Del libro: El cielo y el infierno \u2013 Allan Kardec Vivimos, pensamos, actuamos: esto es positivo. Morimos: esto no es menos cierto. Pero cuando dejamos la Tierra, \u00bfad\u00f3nde vamos? \u00bfEn qu\u00e9 nos convertimos? \u00bfEstaremos mejor o peor? \u00bfExistiremos o no? Ser o no ser, tal es la alternativa. Ser para [&hellip;]","og_url":"https:\/\/nuevo-renacer.com\/de\/el-porvenir-y-la-nada\/","og_site_name":"Uni\u00f3n Esp\u00edrita","article_publisher":"https:\/\/www.facebook.com\/groups\/3431398063740829","article_modified_time":"2024-12-18T12:52:28+00:00","og_image":[{"url":"https:\/\/ufec-mundial.com\/wp-content\/uploads\/2024\/07\/nosso-lar1.jpg","type":"","width":"","height":""}],"twitter_card":"summary_large_image","twitter_misc":{"Gesch\u00e4tzte Lesezeit":"3\u00a0Minuten"},"schema":{"@context":"https:\/\/schema.org","@graph":[{"@type":"WebPage","@id":"https:\/\/nuevo-renacer.com\/el-porvenir-y-la-nada\/","url":"https:\/\/nuevo-renacer.com\/el-porvenir-y-la-nada\/","name":"El porvenir y la nada - Uni\u00f3n Esp\u00edrita","isPartOf":{"@id":"https:\/\/nuevo-renacer.com\/#website"},"primaryImageOfPage":{"@id":"https:\/\/nuevo-renacer.com\/el-porvenir-y-la-nada\/#primaryimage"},"image":{"@id":"https:\/\/nuevo-renacer.com\/el-porvenir-y-la-nada\/#primaryimage"},"thumbnailUrl":"https:\/\/ufec-mundial.com\/wp-content\/uploads\/2024\/07\/nosso-lar1.jpg","datePublished":"2024-07-10T09:30:14+00:00","dateModified":"2024-12-18T12:52:28+00:00","breadcrumb":{"@id":"https:\/\/nuevo-renacer.com\/el-porvenir-y-la-nada\/#breadcrumb"},"inLanguage":"de","potentialAction":[{"@type":"ReadAction","target":["https:\/\/nuevo-renacer.com\/el-porvenir-y-la-nada\/"]}]},{"@type":"ImageObject","inLanguage":"de","@id":"https:\/\/nuevo-renacer.com\/el-porvenir-y-la-nada\/#primaryimage","url":"https:\/\/ufec-mundial.com\/wp-content\/uploads\/2024\/07\/nosso-lar1.jpg","contentUrl":"https:\/\/ufec-mundial.com\/wp-content\/uploads\/2024\/07\/nosso-lar1.jpg"},{"@type":"BreadcrumbList","@id":"https:\/\/nuevo-renacer.com\/el-porvenir-y-la-nada\/#breadcrumb","itemListElement":[{"@type":"ListItem","position":1,"name":"Startseite","item":"https:\/\/nuevo-renacer.com\/"},{"@type":"ListItem","position":2,"name":"El porvenir y la nada"}]},{"@type":"WebSite","@id":"https:\/\/nuevo-renacer.com\/#website","url":"https:\/\/nuevo-renacer.com\/","name":"Uni\u00f3n Esp\u00edrita","description":"Nuevo Renacer","publisher":{"@id":"https:\/\/nuevo-renacer.com\/#organization"},"potentialAction":[{"@type":"SearchAction","target":{"@type":"EntryPoint","urlTemplate":"https:\/\/nuevo-renacer.com\/?s={search_term_string}"},"query-input":{"@type":"PropertyValueSpecification","valueRequired":true,"valueName":"search_term_string"}}],"inLanguage":"de"},{"@type":"Organization","@id":"https:\/\/nuevo-renacer.com\/#organization","name":"UFEC","url":"https:\/\/nuevo-renacer.com\/","logo":{"@type":"ImageObject","inLanguage":"de","@id":"https:\/\/nuevo-renacer.com\/#\/schema\/logo\/image\/","url":"https:\/\/nuevo-renacer.com\/wp-content\/uploads\/2024\/05\/cropped-LOGO-TERMINADO1-3-3.png","contentUrl":"https:\/\/nuevo-renacer.com\/wp-content\/uploads\/2024\/05\/cropped-LOGO-TERMINADO1-3-3.png","width":512,"height":512,"caption":"UFEC"},"image":{"@id":"https:\/\/nuevo-renacer.com\/#\/schema\/logo\/image\/"},"sameAs":["https:\/\/www.facebook.com\/groups\/3431398063740829"]}]}},"uagb_featured_image_src":{"full":false,"thumbnail":false,"medium":false,"medium_large":false,"large":false,"1536x1536":false,"2048x2048":false,"trp-custom-language-flag":false},"uagb_author_info":{"display_name":"adbv0","author_link":"https:\/\/nuevo-renacer.com\/de\/author\/adbv0\/"},"uagb_comment_info":0,"uagb_excerpt":"El porvenir y la nada Del libro: El cielo y el infierno \u2013 Allan Kardec Vivimos, pensamos, actuamos: esto es positivo. Morimos: esto no es menos cierto. Pero cuando dejamos la Tierra, \u00bfad\u00f3nde vamos? \u00bfEn qu\u00e9 nos convertimos? \u00bfEstaremos mejor o peor? \u00bfExistiremos o no? Ser o no ser, tal es la alternativa. Ser para&hellip;","jetpack_sharing_enabled":true,"_links":{"self":[{"href":"https:\/\/nuevo-renacer.com\/de\/wp-json\/wp\/v2\/pages\/3568","targetHints":{"allow":["GET"]}}],"collection":[{"href":"https:\/\/nuevo-renacer.com\/de\/wp-json\/wp\/v2\/pages"}],"about":[{"href":"https:\/\/nuevo-renacer.com\/de\/wp-json\/wp\/v2\/types\/page"}],"author":[{"embeddable":true,"href":"https:\/\/nuevo-renacer.com\/de\/wp-json\/wp\/v2\/users\/1"}],"replies":[{"embeddable":true,"href":"https:\/\/nuevo-renacer.com\/de\/wp-json\/wp\/v2\/comments?post=3568"}],"version-history":[{"count":3,"href":"https:\/\/nuevo-renacer.com\/de\/wp-json\/wp\/v2\/pages\/3568\/revisions"}],"predecessor-version":[{"id":6562,"href":"https:\/\/nuevo-renacer.com\/de\/wp-json\/wp\/v2\/pages\/3568\/revisions\/6562"}],"wp:attachment":[{"href":"https:\/\/nuevo-renacer.com\/de\/wp-json\/wp\/v2\/media?parent=3568"}],"curies":[{"name":"wp","href":"https:\/\/api.w.org\/{rel}","templated":true}]}}