{"id":3520,"date":"2024-07-10T06:34:34","date_gmt":"2024-07-10T06:34:34","guid":{"rendered":"https:\/\/ufec-mundial.com\/?page_id=3520"},"modified":"2024-12-18T13:19:21","modified_gmt":"2024-12-18T13:19:21","slug":"el-progreso-de-los-espiritus","status":"publish","type":"page","link":"https:\/\/nuevo-renacer.com\/de\/el-progreso-de-los-espiritus\/","title":{"rendered":"Der Fortschritt der Geister"},"content":{"rendered":"<div class=\"wp-block-uagb-container uagb-block-3a885413 alignfull uagb-is-root-container\"><div class=\"uagb-container-inner-blocks-wrap\">\n<p class=\"has-vivid-cyan-blue-color has-text-color has-link-color has-medium-font-size wp-elements-a92066851ddb43f4221f7b909966f0c6\"><strong>Der Fortschritt der Geister<\/strong><\/p>\n\n\n\n<p class=\"has-black-color has-text-color has-link-color has-medium-font-size wp-elements-770ef809e3b90d17d7d0c7368796b33f\"><strong>aus dem Buch: Himmel und H\u00f6lle - Allan Kardec<\/strong><\/p>\n<\/div><\/div>\n\n\n\n<div class=\"wp-block-uagb-container uagb-block-9f4ea667 alignfull uagb-is-root-container\"><div class=\"uagb-container-inner-blocks-wrap\">\n<figure class=\"wp-block-image size-full is-resized\"><img fetchpriority=\"high\" decoding=\"async\" width=\"800\" height=\"640\" src=\"https:\/\/ufec-mundial.com\/wp-content\/uploads\/2024\/07\/spiritual-cleansing-1.webp\" alt=\"\" class=\"wp-image-3525\" style=\"width:370px;height:auto\" srcset=\"https:\/\/nuevo-renacer.com\/wp-content\/uploads\/2024\/07\/spiritual-cleansing-1.webp 800w, https:\/\/nuevo-renacer.com\/wp-content\/uploads\/2024\/07\/spiritual-cleansing-1-300x240.webp 300w, https:\/\/nuevo-renacer.com\/wp-content\/uploads\/2024\/07\/spiritual-cleansing-1-768x614.webp 768w, https:\/\/nuevo-renacer.com\/wp-content\/uploads\/2024\/07\/spiritual-cleansing-1-15x12.webp 15w\" sizes=\"(max-width: 800px) 100vw, 800px\" \/><\/figure>\n<\/div><\/div>\n\n\n\n<div class=\"wp-block-uagb-container uagb-block-70b14122 alignfull uagb-is-root-container\"><div class=\"uagb-container-inner-blocks-wrap\">\n<p class=\"has-black-color has-text-color has-link-color has-small-font-size wp-elements-c536306e8a0c477e489daf41b94e1d50\">Die Geister werden als einfache und unwissende Wesen geschaffen, die jedoch aufgrund ihres freien Willens zu Fortschritt und Vervollkommnung f\u00e4hig sind. Durch den Fortschritt erlangen sie neue Kenntnisse, neue F\u00e4higkeiten, neue Wahrnehmungen und folglich neue Freuden, die den niederen Geistern unbekannt sind. Sie sehen, h\u00f6ren, f\u00fchlen und verstehen, was r\u00fcckst\u00e4ndige Geister nicht sehen oder h\u00f6ren, f\u00fchlen oder verstehen.<\/p>\n\n\n\n<p class=\"has-black-color has-text-color has-link-color has-small-font-size wp-elements-7eb68a4acc21a61b8795e60a5a3dfd9f\">Das Gl\u00fcck h\u00e4ngt mit dem erreichten Fortschritt zusammen, so dass von zwei Geistern der eine nicht so gl\u00fccklich sein kann wie der andere, nur weil er nicht den gleichen intellektuellen und moralischen Fortschritt erreicht hat, ohne dass sich jeder an einem anderen Ort befinden muss.<\/p>\n\n\n\n<p class=\"has-black-color has-text-color has-link-color has-small-font-size wp-elements-472b477966e9aab5fda3f639c062ea70\">Obwohl sie zusammen sind, kann der eine inmitten der Dunkelheit sein, w\u00e4hrend um den anderen herum alles leuchtet, so wie ein Blinder und ein Sehender sich an den H\u00e4nden halten k\u00f6nnen und der letztere das Licht wahrnimmt, von dem der erstere nicht den geringsten Eindruck bekommt.<\/p>\n\n\n\n<p class=\"has-black-color has-text-color has-link-color has-small-font-size wp-elements-05b5a8e8b5372bfd03466b62e582cc14\">Da das Gl\u00fcck der Geister ihren Eigenschaften innewohnt, k\u00f6nnen sie es \u00fcberall finden, wo sie sich aufhalten, sei es auf der Oberfl\u00e4che der Erde, inmitten der Inkarnierten oder im Weltraum.<\/p>\n\n\n\n<p class=\"has-black-color has-text-color has-link-color has-small-font-size wp-elements-792c95918c754e5ced6ac0743a2831c6\">Ein einfacher Vergleich wird uns helfen, diese Situation noch besser zu verstehen. Nehmen wir an, dass sich zwei M\u00e4nner bei einem Konzert treffen. Der eine ist ein guter Musiker und hat ein gutes Geh\u00f6r, der andere hat keine musikalische Ausbildung und sein Geh\u00f6r ist schlecht entwickelt; daher wird der eine ein Gl\u00fccksgef\u00fchl empfinden, w\u00e4hrend der andere unempfindlich bleibt, denn der eine versteht und nimmt wahr, was der andere nicht wahrnimmt. So ist es auch mit den Freuden der Geister, die davon abh\u00e4ngen, dass sie sie wahrnehmen k\u00f6nnen. Die geistige Welt hat \u00fcberall Herrlichkeiten, Harmonien und Empfindungen, von denen die niederen Geister, die noch unter dem Einflu\u00df der Materie stehen, keine Ahnung haben, und die nur den gel\u00e4uterten Geistern zug\u00e4nglich sind.<\/p>\n\n\n\n<p class=\"has-black-color has-text-color has-link-color has-small-font-size wp-elements-d8fc62cd8a2db3b369663aff790cdc50\">Der Fortschritt der Geister ist die Frucht ihrer eigenen Arbeit. Da sie aber frei sind, arbeiten sie f\u00fcr ihren Fortschritt mit mehr oder weniger Flei\u00df, mit mehr oder weniger M\u00fc\u00dfiggang, je nach ihrem Willen. Auf diese Weise beschleunigen oder verz\u00f6gern sie ihren Fortschritt und folglich ihr Gl\u00fcck. W\u00e4hrend die einen schnell vorankommen, verharren die anderen jahrhundertelang in den unteren R\u00e4ngen. Sie sind also die Architekten ihrer eigenen Situation, ob gl\u00fccklich oder ungl\u00fccklich, gem\u00e4\u00df den Worten Christi: \"Einem jeden nach seinen Werken\". Der Geist, der sich versp\u00e4tet, kann nur \u00fcber sich selbst klagen, w\u00e4hrend derjenige, der vorankommt, das alleinige Verdienst seiner eigenen Anstrengungen besitzt und daher das Gl\u00fcck, das er erlangt hat, h\u00f6her sch\u00e4tzt.<\/p>\n<\/div><\/div>\n\n\n\n<div class=\"wp-block-uagb-container uagb-block-affa294a alignfull uagb-is-root-container\"><div class=\"uagb-container-inner-blocks-wrap\"><\/div><\/div>\n\n\n\n<div class=\"wp-block-uagb-container uagb-block-0963d629 alignfull uagb-is-root-container\"><div class=\"uagb-container-inner-blocks-wrap\"><\/div><\/div>","protected":false},"excerpt":{"rendered":"<p>El progreso de los Esp\u00edritus del libro: El Cielo y el Infierno \u2013 Allan Kardec Los Esp\u00edritus son creados simples e ignorantes, pero con aptitudes para progresar y alcanzar la perfecci\u00f3n, en virtud de su libre albedr\u00edo. Mediante el progreso conquistan nuevos conocimientos, nuevas facultades, nuevas percepciones y, por consiguiente, nuevos goces que son ignorados [&hellip;]<\/p>","protected":false},"author":1,"featured_media":3544,"parent":0,"menu_order":0,"comment_status":"closed","ping_status":"closed","template":"","meta":{"_uag_custom_page_level_css":"","site-sidebar-layout":"default","site-content-layout":"","ast-site-content-layout":"default","site-content-style":"default","site-sidebar-style":"default","ast-global-header-display":"","ast-banner-title-visibility":"","ast-main-header-display":"","ast-hfb-above-header-display":"","ast-hfb-below-header-display":"","ast-hfb-mobile-header-display":"","site-post-title":"disabled","ast-breadcrumbs-content":"","ast-featured-img":"","footer-sml-layout":"","theme-transparent-header-meta":"","adv-header-id-meta":"","stick-header-meta":"","header-above-stick-meta":"","header-main-stick-meta":"","header-below-stick-meta":"","astra-migrate-meta-layouts":"set","ast-page-background-enabled":"default","ast-page-background-meta":{"desktop":{"background-color":"var(--ast-global-color-4)","background-image":"","background-repeat":"repeat","background-position":"center center","background-size":"auto","background-attachment":"scroll","background-type":"","background-media":"","overlay-type":"","overlay-color":"","overlay-opacity":"","overlay-gradient":""},"tablet":{"background-color":"","background-image":"","background-repeat":"repeat","background-position":"center center","background-size":"auto","background-attachment":"scroll","background-type":"","background-media":"","overlay-type":"","overlay-color":"","overlay-opacity":"","overlay-gradient":""},"mobile":{"background-color":"","background-image":"","background-repeat":"repeat","background-position":"center center","background-size":"auto","background-attachment":"scroll","background-type":"","background-media":"","overlay-type":"","overlay-color":"","overlay-opacity":"","overlay-gradient":""}},"ast-content-background-meta":{"desktop":{"background-color":"var(--ast-global-color-5)","background-image":"","background-repeat":"repeat","background-position":"center center","background-size":"auto","background-attachment":"scroll","background-type":"","background-media":"","overlay-type":"","overlay-color":"","overlay-opacity":"","overlay-gradient":""},"tablet":{"background-color":"var(--ast-global-color-5)","background-image":"","background-repeat":"repeat","background-position":"center center","background-size":"auto","background-attachment":"scroll","background-type":"","background-media":"","overlay-type":"","overlay-color":"","overlay-opacity":"","overlay-gradient":""},"mobile":{"background-color":"var(--ast-global-color-5)","background-image":"","background-repeat":"repeat","background-position":"center center","background-size":"auto","background-attachment":"scroll","background-type":"","background-media":"","overlay-type":"","overlay-color":"","overlay-opacity":"","overlay-gradient":""}},"footnotes":""},"class_list":["post-3520","page","type-page","status-publish","has-post-thumbnail","hentry"],"yoast_head":"<!-- This site is optimized with the Yoast SEO Premium plugin v24.2 (Yoast SEO v24.6) - https:\/\/yoast.com\/wordpress\/plugins\/seo\/ -->\n<title>El progreso de los Esp\u00edritus - Uni\u00f3n Esp\u00edrita<\/title>\n<meta name=\"robots\" content=\"index, follow, max-snippet:-1, max-image-preview:large, max-video-preview:-1\" \/>\n<link rel=\"canonical\" href=\"https:\/\/nuevo-renacer.com\/de\/el-progreso-de-los-espiritus\/\" \/>\n<meta property=\"og:locale\" content=\"de_DE\" \/>\n<meta property=\"og:type\" content=\"article\" \/>\n<meta property=\"og:title\" content=\"El progreso de los Esp\u00edritus\" \/>\n<meta property=\"og:description\" content=\"El progreso de los Esp\u00edritus del libro: El Cielo y el Infierno \u2013 Allan Kardec Los Esp\u00edritus son creados simples e ignorantes, pero con aptitudes para progresar y alcanzar la perfecci\u00f3n, en virtud de su libre albedr\u00edo. Mediante el progreso conquistan nuevos conocimientos, nuevas facultades, nuevas percepciones y, por consiguiente, nuevos goces que son ignorados [&hellip;]\" \/>\n<meta property=\"og:url\" content=\"https:\/\/nuevo-renacer.com\/de\/el-progreso-de-los-espiritus\/\" \/>\n<meta property=\"og:site_name\" content=\"Uni\u00f3n Esp\u00edrita\" \/>\n<meta property=\"article:publisher\" content=\"https:\/\/www.facebook.com\/groups\/3431398063740829\" \/>\n<meta property=\"article:modified_time\" content=\"2024-12-18T13:19:21+00:00\" \/>\n<meta property=\"og:image\" content=\"https:\/\/nuevo-renacer.com\/wp-content\/uploads\/2024\/07\/spiritual-cleansing-2.webp\" \/>\n\t<meta property=\"og:image:width\" content=\"800\" \/>\n\t<meta property=\"og:image:height\" content=\"640\" \/>\n\t<meta property=\"og:image:type\" content=\"image\/webp\" \/>\n<meta name=\"twitter:card\" content=\"summary_large_image\" \/>\n<meta name=\"twitter:label1\" content=\"Gesch\u00e4tzte Lesezeit\" \/>\n\t<meta name=\"twitter:data1\" content=\"3\u00a0Minuten\" \/>\n<script type=\"application\/ld+json\" class=\"yoast-schema-graph\">{\"@context\":\"https:\/\/schema.org\",\"@graph\":[{\"@type\":\"WebPage\",\"@id\":\"https:\/\/nuevo-renacer.com\/el-progreso-de-los-espiritus\/\",\"url\":\"https:\/\/nuevo-renacer.com\/el-progreso-de-los-espiritus\/\",\"name\":\"El progreso de los Esp\u00edritus - Uni\u00f3n Esp\u00edrita\",\"isPartOf\":{\"@id\":\"https:\/\/nuevo-renacer.com\/#website\"},\"primaryImageOfPage\":{\"@id\":\"https:\/\/nuevo-renacer.com\/el-progreso-de-los-espiritus\/#primaryimage\"},\"image\":{\"@id\":\"https:\/\/nuevo-renacer.com\/el-progreso-de-los-espiritus\/#primaryimage\"},\"thumbnailUrl\":\"https:\/\/nuevo-renacer.com\/wp-content\/uploads\/2024\/07\/spiritual-cleansing-2.webp\",\"datePublished\":\"2024-07-10T06:34:34+00:00\",\"dateModified\":\"2024-12-18T13:19:21+00:00\",\"breadcrumb\":{\"@id\":\"https:\/\/nuevo-renacer.com\/el-progreso-de-los-espiritus\/#breadcrumb\"},\"inLanguage\":\"de\",\"potentialAction\":[{\"@type\":\"ReadAction\",\"target\":[\"https:\/\/nuevo-renacer.com\/el-progreso-de-los-espiritus\/\"]}]},{\"@type\":\"ImageObject\",\"inLanguage\":\"de\",\"@id\":\"https:\/\/nuevo-renacer.com\/el-progreso-de-los-espiritus\/#primaryimage\",\"url\":\"https:\/\/nuevo-renacer.com\/wp-content\/uploads\/2024\/07\/spiritual-cleansing-2.webp\",\"contentUrl\":\"https:\/\/nuevo-renacer.com\/wp-content\/uploads\/2024\/07\/spiritual-cleansing-2.webp\",\"width\":800,\"height\":640},{\"@type\":\"BreadcrumbList\",\"@id\":\"https:\/\/nuevo-renacer.com\/el-progreso-de-los-espiritus\/#breadcrumb\",\"itemListElement\":[{\"@type\":\"ListItem\",\"position\":1,\"name\":\"Startseite\",\"item\":\"https:\/\/nuevo-renacer.com\/\"},{\"@type\":\"ListItem\",\"position\":2,\"name\":\"El progreso de los Esp\u00edritus\"}]},{\"@type\":\"WebSite\",\"@id\":\"https:\/\/nuevo-renacer.com\/#website\",\"url\":\"https:\/\/nuevo-renacer.com\/\",\"name\":\"Uni\u00f3n Esp\u00edrita\",\"description\":\"Nuevo Renacer\",\"publisher\":{\"@id\":\"https:\/\/nuevo-renacer.com\/#organization\"},\"potentialAction\":[{\"@type\":\"SearchAction\",\"target\":{\"@type\":\"EntryPoint\",\"urlTemplate\":\"https:\/\/nuevo-renacer.com\/?s={search_term_string}\"},\"query-input\":{\"@type\":\"PropertyValueSpecification\",\"valueRequired\":true,\"valueName\":\"search_term_string\"}}],\"inLanguage\":\"de\"},{\"@type\":\"Organization\",\"@id\":\"https:\/\/nuevo-renacer.com\/#organization\",\"name\":\"UFEC\",\"url\":\"https:\/\/nuevo-renacer.com\/\",\"logo\":{\"@type\":\"ImageObject\",\"inLanguage\":\"de\",\"@id\":\"https:\/\/nuevo-renacer.com\/#\/schema\/logo\/image\/\",\"url\":\"https:\/\/nuevo-renacer.com\/wp-content\/uploads\/2024\/05\/cropped-LOGO-TERMINADO1-3-3.png\",\"contentUrl\":\"https:\/\/nuevo-renacer.com\/wp-content\/uploads\/2024\/05\/cropped-LOGO-TERMINADO1-3-3.png\",\"width\":512,\"height\":512,\"caption\":\"UFEC\"},\"image\":{\"@id\":\"https:\/\/nuevo-renacer.com\/#\/schema\/logo\/image\/\"},\"sameAs\":[\"https:\/\/www.facebook.com\/groups\/3431398063740829\"]}]}<\/script>\n<!-- \/ Yoast SEO Premium plugin. -->","yoast_head_json":{"title":"El progreso de los Esp\u00edritus - Uni\u00f3n Esp\u00edrita","robots":{"index":"index","follow":"follow","max-snippet":"max-snippet:-1","max-image-preview":"max-image-preview:large","max-video-preview":"max-video-preview:-1"},"canonical":"https:\/\/nuevo-renacer.com\/de\/el-progreso-de-los-espiritus\/","og_locale":"de_DE","og_type":"article","og_title":"El progreso de los Esp\u00edritus","og_description":"El progreso de los Esp\u00edritus del libro: El Cielo y el Infierno \u2013 Allan Kardec Los Esp\u00edritus son creados simples e ignorantes, pero con aptitudes para progresar y alcanzar la perfecci\u00f3n, en virtud de su libre albedr\u00edo. Mediante el progreso conquistan nuevos conocimientos, nuevas facultades, nuevas percepciones y, por consiguiente, nuevos goces que son ignorados [&hellip;]","og_url":"https:\/\/nuevo-renacer.com\/de\/el-progreso-de-los-espiritus\/","og_site_name":"Uni\u00f3n Esp\u00edrita","article_publisher":"https:\/\/www.facebook.com\/groups\/3431398063740829","article_modified_time":"2024-12-18T13:19:21+00:00","og_image":[{"width":800,"height":640,"url":"https:\/\/nuevo-renacer.com\/wp-content\/uploads\/2024\/07\/spiritual-cleansing-2.webp","type":"image\/webp"}],"twitter_card":"summary_large_image","twitter_misc":{"Gesch\u00e4tzte Lesezeit":"3\u00a0Minuten"},"schema":{"@context":"https:\/\/schema.org","@graph":[{"@type":"WebPage","@id":"https:\/\/nuevo-renacer.com\/el-progreso-de-los-espiritus\/","url":"https:\/\/nuevo-renacer.com\/el-progreso-de-los-espiritus\/","name":"El progreso de los Esp\u00edritus - Uni\u00f3n Esp\u00edrita","isPartOf":{"@id":"https:\/\/nuevo-renacer.com\/#website"},"primaryImageOfPage":{"@id":"https:\/\/nuevo-renacer.com\/el-progreso-de-los-espiritus\/#primaryimage"},"image":{"@id":"https:\/\/nuevo-renacer.com\/el-progreso-de-los-espiritus\/#primaryimage"},"thumbnailUrl":"https:\/\/nuevo-renacer.com\/wp-content\/uploads\/2024\/07\/spiritual-cleansing-2.webp","datePublished":"2024-07-10T06:34:34+00:00","dateModified":"2024-12-18T13:19:21+00:00","breadcrumb":{"@id":"https:\/\/nuevo-renacer.com\/el-progreso-de-los-espiritus\/#breadcrumb"},"inLanguage":"de","potentialAction":[{"@type":"ReadAction","target":["https:\/\/nuevo-renacer.com\/el-progreso-de-los-espiritus\/"]}]},{"@type":"ImageObject","inLanguage":"de","@id":"https:\/\/nuevo-renacer.com\/el-progreso-de-los-espiritus\/#primaryimage","url":"https:\/\/nuevo-renacer.com\/wp-content\/uploads\/2024\/07\/spiritual-cleansing-2.webp","contentUrl":"https:\/\/nuevo-renacer.com\/wp-content\/uploads\/2024\/07\/spiritual-cleansing-2.webp","width":800,"height":640},{"@type":"BreadcrumbList","@id":"https:\/\/nuevo-renacer.com\/el-progreso-de-los-espiritus\/#breadcrumb","itemListElement":[{"@type":"ListItem","position":1,"name":"Startseite","item":"https:\/\/nuevo-renacer.com\/"},{"@type":"ListItem","position":2,"name":"El progreso de los Esp\u00edritus"}]},{"@type":"WebSite","@id":"https:\/\/nuevo-renacer.com\/#website","url":"https:\/\/nuevo-renacer.com\/","name":"Uni\u00f3n Esp\u00edrita","description":"Nuevo Renacer","publisher":{"@id":"https:\/\/nuevo-renacer.com\/#organization"},"potentialAction":[{"@type":"SearchAction","target":{"@type":"EntryPoint","urlTemplate":"https:\/\/nuevo-renacer.com\/?s={search_term_string}"},"query-input":{"@type":"PropertyValueSpecification","valueRequired":true,"valueName":"search_term_string"}}],"inLanguage":"de"},{"@type":"Organization","@id":"https:\/\/nuevo-renacer.com\/#organization","name":"UFEC","url":"https:\/\/nuevo-renacer.com\/","logo":{"@type":"ImageObject","inLanguage":"de","@id":"https:\/\/nuevo-renacer.com\/#\/schema\/logo\/image\/","url":"https:\/\/nuevo-renacer.com\/wp-content\/uploads\/2024\/05\/cropped-LOGO-TERMINADO1-3-3.png","contentUrl":"https:\/\/nuevo-renacer.com\/wp-content\/uploads\/2024\/05\/cropped-LOGO-TERMINADO1-3-3.png","width":512,"height":512,"caption":"UFEC"},"image":{"@id":"https:\/\/nuevo-renacer.com\/#\/schema\/logo\/image\/"},"sameAs":["https:\/\/www.facebook.com\/groups\/3431398063740829"]}]}},"uagb_featured_image_src":{"full":["https:\/\/nuevo-renacer.com\/wp-content\/uploads\/2024\/07\/spiritual-cleansing-2.webp",800,640,false],"thumbnail":["https:\/\/nuevo-renacer.com\/wp-content\/uploads\/2024\/07\/spiritual-cleansing-2-150x150.webp",150,150,true],"medium":["https:\/\/nuevo-renacer.com\/wp-content\/uploads\/2024\/07\/spiritual-cleansing-2-300x240.webp",300,240,true],"medium_large":["https:\/\/nuevo-renacer.com\/wp-content\/uploads\/2024\/07\/spiritual-cleansing-2-768x614.webp",768,614,true],"large":["https:\/\/nuevo-renacer.com\/wp-content\/uploads\/2024\/07\/spiritual-cleansing-2.webp",800,640,false],"1536x1536":["https:\/\/nuevo-renacer.com\/wp-content\/uploads\/2024\/07\/spiritual-cleansing-2.webp",800,640,false],"2048x2048":["https:\/\/nuevo-renacer.com\/wp-content\/uploads\/2024\/07\/spiritual-cleansing-2.webp",800,640,false],"trp-custom-language-flag":["https:\/\/nuevo-renacer.com\/wp-content\/uploads\/2024\/07\/spiritual-cleansing-2-15x12.webp",15,12,true]},"uagb_author_info":{"display_name":"adbv0","author_link":"https:\/\/nuevo-renacer.com\/de\/author\/adbv0\/"},"uagb_comment_info":0,"uagb_excerpt":"El progreso de los Esp\u00edritus del libro: El Cielo y el Infierno \u2013 Allan Kardec Los Esp\u00edritus son creados simples e ignorantes, pero con aptitudes para progresar y alcanzar la perfecci\u00f3n, en virtud de su libre albedr\u00edo. Mediante el progreso conquistan nuevos conocimientos, nuevas facultades, nuevas percepciones y, por consiguiente, nuevos goces que son ignorados&hellip;","jetpack_sharing_enabled":true,"_links":{"self":[{"href":"https:\/\/nuevo-renacer.com\/de\/wp-json\/wp\/v2\/pages\/3520","targetHints":{"allow":["GET"]}}],"collection":[{"href":"https:\/\/nuevo-renacer.com\/de\/wp-json\/wp\/v2\/pages"}],"about":[{"href":"https:\/\/nuevo-renacer.com\/de\/wp-json\/wp\/v2\/types\/page"}],"author":[{"embeddable":true,"href":"https:\/\/nuevo-renacer.com\/de\/wp-json\/wp\/v2\/users\/1"}],"replies":[{"embeddable":true,"href":"https:\/\/nuevo-renacer.com\/de\/wp-json\/wp\/v2\/comments?post=3520"}],"version-history":[{"count":5,"href":"https:\/\/nuevo-renacer.com\/de\/wp-json\/wp\/v2\/pages\/3520\/revisions"}],"predecessor-version":[{"id":6565,"href":"https:\/\/nuevo-renacer.com\/de\/wp-json\/wp\/v2\/pages\/3520\/revisions\/6565"}],"wp:featuredmedia":[{"embeddable":true,"href":"https:\/\/nuevo-renacer.com\/de\/wp-json\/wp\/v2\/media\/3544"}],"wp:attachment":[{"href":"https:\/\/nuevo-renacer.com\/de\/wp-json\/wp\/v2\/media?parent=3520"}],"curies":[{"name":"wp","href":"https:\/\/api.w.org\/{rel}","templated":true}]}}