{"id":3424,"date":"2024-07-09T06:35:04","date_gmt":"2024-07-09T06:35:04","guid":{"rendered":"https:\/\/ufec-mundial.com\/?page_id=3424"},"modified":"2024-07-09T07:04:41","modified_gmt":"2024-07-09T07:04:41","slug":"conan-doyle","status":"publish","type":"page","link":"https:\/\/nuevo-renacer.com\/de\/conan-doyle\/","title":{"rendered":"Conan Doyle"},"content":{"rendered":"<div class=\"wp-block-uagb-container uagb-block-8b7c1a47 alignfull uagb-is-root-container\"><div class=\"uagb-container-inner-blocks-wrap\">\n<p class=\"has-black-color has-text-color has-link-color has-medium-font-size wp-elements-1852c1cb84136f0dcbe28e93c126dc01\"><strong>Conan Doyle<\/strong><\/p>\n<\/div><\/div>\n\n\n\n<div class=\"wp-block-uagb-container uagb-block-2c15a145 alignfull uagb-is-root-container\"><div class=\"uagb-container-inner-blocks-wrap\">\n<figure class=\"wp-block-image size-full is-resized\"><img fetchpriority=\"high\" decoding=\"async\" width=\"800\" height=\"1055\" src=\"https:\/\/ufec-mundial.com\/wp-content\/uploads\/2024\/07\/Arthur_Conan_Doyle_by_Walter_Benington_1914.png\" alt=\"\" class=\"wp-image-3428\" style=\"width:249px;height:auto\" srcset=\"https:\/\/nuevo-renacer.com\/wp-content\/uploads\/2024\/07\/Arthur_Conan_Doyle_by_Walter_Benington_1914.png 800w, https:\/\/nuevo-renacer.com\/wp-content\/uploads\/2024\/07\/Arthur_Conan_Doyle_by_Walter_Benington_1914-227x300.png 227w, https:\/\/nuevo-renacer.com\/wp-content\/uploads\/2024\/07\/Arthur_Conan_Doyle_by_Walter_Benington_1914-768x1013.png 768w, https:\/\/nuevo-renacer.com\/wp-content\/uploads\/2024\/07\/Arthur_Conan_Doyle_by_Walter_Benington_1914-776x1024.png 776w, https:\/\/nuevo-renacer.com\/wp-content\/uploads\/2024\/07\/Arthur_Conan_Doyle_by_Walter_Benington_1914-9x12.png 9w\" sizes=\"(max-width: 800px) 100vw, 800px\" \/><\/figure>\n<\/div><\/div>\n\n\n\n<div class=\"wp-block-uagb-container uagb-block-b966a211 alignfull uagb-is-root-container\"><div class=\"uagb-container-inner-blocks-wrap\">\n<p class=\"has-black-color has-text-color has-link-color has-small-font-size wp-elements-f746d6a94eefb186260d88851a2c470f\">Englischer Arzt und Schriftsteller, ber\u00fchmt f\u00fcr die Detektivserie Sherlock Holmes. Er wurde am 22. Mai 1859 in Edinburgh, England, geboren und starb am 7. Juli 1930.<\/p>\n\n\n\n<p class=\"has-black-color has-text-color has-link-color has-small-font-size wp-elements-dfd6a8cc490c4eb6ac9709968e54bd46\">Er war der Sohn eines bekannten Dichters und seine Mutter war eine Frau von gro\u00dfer Sensibilit\u00e4t. Er wuchs inmitten von Kunst, Poesie, Literatur und Wissensdurst auf. Er studierte in England und Deutschland und schloss sein Studium als Arzt in sehr jungen Jahren ab. Schlie\u00dflich gab er sein Interesse an der Medizin auf und widmete sich der Literatur und der wissenschaftlichen Forschung.<\/p>\n\n\n\n<p class=\"has-black-color has-text-color has-link-color has-small-font-size wp-elements-bd04ce3f578af916b293c9fa57e6187f\">1882 wurde in London die ber\u00fchmte Society for Psychical Research gegr\u00fcndet, die versuchte, mediale Fakten in den Rang einer Wissenschaft zu erheben. Conan Doyle wurde Mitglied dieser Gesellschaft, der so ber\u00fchmte Wissenschaftler wie Sir William Crookes, Charles Richet, Carl G. Jung, Gustave Geley und andere angeh\u00f6rten.<\/p>\n\n\n\n<p class=\"has-black-color has-text-color has-link-color has-small-font-size wp-elements-2969939a6f74eeb9f26c62449849bc76\">Im Jahr 1887 schrieb er einen Brief an den Herausgeber der damals sehr angesehenen Zeitschrift \"Light\", in dem er die Gr\u00fcnde f\u00fcr seine Bekehrung zum Spiritismus darlegte. Er wurde am 2. Juli desselben Jahres ver\u00f6ffentlicht und mehrfach abgedruckt. Es ist offensichtlich, dass er sehr \u00fcberzeugt war und sich vor nichts f\u00fcrchtete, obwohl er wusste, dass diese Haltung seiner Karriere als Schriftsteller schaden k\u00f6nnte.<\/p>\n\n\n\n<p class=\"has-black-color has-text-color has-link-color has-small-font-size wp-elements-8bd82a196be21c8c21fd5bde8d47101a\">Fast 30 Jahre lang setzte er seine Studien und Forschungen fort. Schlie\u00dflich, auf dem H\u00f6hepunkt seiner literarischen Karriere, im Alter von 58 Jahren, traf er die endg\u00fcltige Entscheidung und schrieb B\u00fccher, die eng mit dem Spiritismus verbunden waren:<\/p>\n\n\n\n<div class=\"wp-block-group is-layout-constrained wp-block-group-is-layout-constrained\">\n<p class=\"has-black-color has-text-color has-link-color has-small-font-size wp-elements-4fdfbaaf5a5696cc04e94aee008156b0\">\"Die neue Offenbarung\" (1918)<\/p>\n\n\n\n<p class=\"has-black-color has-text-color has-link-color has-small-font-size wp-elements-4a46b5cd34e39414301e14ea4cd33f87\">\"Die Psychische Religion\"<\/p>\n\n\n\n<p class=\"has-black-color has-text-color has-link-color has-small-font-size wp-elements-adc0e138d32bfa49e6a64b614fa968ea\">\"Geschichte des Spiritismus\" (1926)<\/p>\n\n\n\n<p class=\"has-black-color has-text-color has-link-color has-small-font-size wp-elements-bc81cee50f629dc38f302fef45aac58f\">\"Der Fall der Geisterfotografien\"<\/p>\n<\/div>\n\n\n\n<p class=\"has-black-color has-text-color has-link-color has-small-font-size wp-elements-660c964456ecdb148bc97a8abfafc6bc\">In letzteren erz\u00e4hlt er von Erlebnissen, die er selbst fotografiert hat, und enth\u00fcllt so Bilder von Geistwesen.<\/p>\n\n\n\n<p class=\"has-black-color has-text-color has-link-color has-small-font-size wp-elements-b512b9ee725f4ee4fde9b8c971b93ada\">Das Werk \"Geschichte des Spiritismus\" ist nicht nur deshalb sehr wichtig, weil es das einzige seiner Art ist, sondern auch wegen der Sorgfalt, mit der alle Tatsachen aus den fernen Zeiten dargestellt werden und mit wissenschaftlichen Kriterien die Entwicklung der Lehre in den englischsprachigen L\u00e4ndern gezeigt wird. Kulturell getrennt von Frankreich, wo Kardec die spiritistische Kodifizierung entwickelte.<\/p>\n\n\n\n<p class=\"has-black-color has-text-color has-link-color has-small-font-size wp-elements-fd2e28eacdff3edcde1f0a0e293c37ac\">F\u00fcr Conan Doyle begann der Spiritismus am 31. Mai 1848 mit den Erfahrungen der Fox-Schwestern in Hydesville, USA, und den seltsamen Ger\u00e4uschen in ihrem Haus, die zu den ersten dokumentierten Kommunikationen mit Geistern in der modernen Geschichte f\u00fchrten.<\/p>\n\n\n\n<p class=\"has-black-color has-text-color has-link-color has-small-font-size wp-elements-7a5d92a7d70f3bd5828202ae108a6d79\">Interessanterweise glaubten die angels\u00e4chsischen Spiritisten nicht an die Reinkarnation, den Hauptpunkt der Kardec-Lehre. Conan Doyle glaubte sehr wohl daran und verbreitete sie, so gut er konnte.<\/p>\n\n\n\n<p class=\"has-black-color has-text-color has-link-color has-small-font-size wp-elements-485638af53c6c28ac578431803299bfa\">Er war Ehrenpr\u00e4sident der Internationalen Spiritistischen F\u00f6deration (1925-1930), der London Spiritist Alliance und des British College of Spiritist Science.<\/p>\n\n\n\n<p class=\"has-black-color has-text-color has-link-color has-small-font-size wp-elements-75f682ad46c227b5a006630810078aaa\">Wir geben einige von Conan Doyles Gedanken wieder:<\/p>\n\n\n\n<p class=\"has-black-color has-text-color has-link-color has-small-font-size wp-elements-bc7039fc61a223358a3659eaf36303b0\"><em>\"Man kann bequem durch dieses Leben gehen, indem man einer Prozession folgt, die von einem ehrw\u00fcrdigen F\u00fchrer angef\u00fchrt wird; aber man stirbt nicht in einer Prozession: man stirbt allein, und deshalb muss man allein den Rang annehmen, den man durch sein Lebenswerk verdient hat.\"<\/em><\/p>\n\n\n\n<p class=\"has-black-color has-text-color has-link-color has-small-font-size wp-elements-f9ffd090a8844afb3a5ce327888f592f\"><em>\"Die spiritistische Bewegung - so lange verachtet und verspottet - ist der wichtigste Fortschritt, den die Menschheit in ihrer Geschichte je gemacht hat, und zwar in einem Ma\u00dfe, dass, wenn ich mir einen Mann allein als ihren F\u00f6rderer vorstellen k\u00f6nnte, er Kolumbus als Entdecker neuer Welten, den heiligen Paulus als Lehrer neuer religi\u00f6ser Wahrheiten und Isaac Newton als Beobachter der Gesetze des Universums in den Schatten stellen w\u00fcrde\".<\/em><\/p>\n\n\n\n<p class=\"has-black-color has-text-color has-link-color has-small-font-size wp-elements-5f9903ce0e6475c523e133d526af5a64\"><em>\"Ich k\u00f6nnte f\u00fcnfzig Professoren in hohen Lehraufgaben nennen, die nach einer Pr\u00fcfung die Realit\u00e4t der psychischen Tatsachen best\u00e4tigt haben, und diese Liste w\u00fcrde viele der gr\u00f6\u00dften Geister umfassen, die die Welt unserer Zeit hervorgebracht hat: Flammarion und Lombroso, Charles Richet und Russel Wallace, Willie Reichel, Myers, Z\u00f6llner, James, Lodge und Crookes. Die fraglichen Tatsachen sind also von der einzigen Wissenschaft garantiert worden, die das Recht hat, sich dazu zu \u00e4u\u00dfern. In 30 Jahren Erfahrung habe ich keinen einzigen Gelehrten getroffen, der nach eingehender Untersuchung des Problems nicht zu dem Schluss gekommen ist, die spiritistische L\u00f6sung zu akzeptieren\".<\/em><\/p>\n\n\n\n<p class=\"has-black-color has-text-color has-link-color has-small-font-size wp-elements-e7a0b411cf342ac241812371f6fae7f7\"><em>\"Intolerante, unsympathische und selbstgef\u00e4llige Menschen werden zart, vervollkommnen sich, erlangen Sch\u00f6nheit des Charakters und N\u00e4chstenliebe des Geistes, wenn sie durch die Schmerzen des Lebens ausreichend gemildert worden sind\".<\/em><\/p>\n<\/div><\/div>","protected":false},"excerpt":{"rendered":"<p>Conan Doyle M\u00e9dico y escritor ingl\u00e9s, famoso por la serie policial de Sherlock Holmes. Naci\u00f3 en Edimburgo, Inglaterra, el 22 de mayo de 1859 y desencarn\u00f3 el 7 de julio de 1930. Era hijo de un conocido poeta y su madre era una mujer de gran sensibilidad. As\u00ed&nbsp;creci\u00f3 entre el arte, la poes\u00eda, la literatura [&hellip;]<\/p>","protected":false},"author":1,"featured_media":0,"parent":0,"menu_order":0,"comment_status":"closed","ping_status":"closed","template":"","meta":{"_uag_custom_page_level_css":"","site-sidebar-layout":"default","site-content-layout":"","ast-site-content-layout":"default","site-content-style":"default","site-sidebar-style":"default","ast-global-header-display":"","ast-banner-title-visibility":"","ast-main-header-display":"","ast-hfb-above-header-display":"","ast-hfb-below-header-display":"","ast-hfb-mobile-header-display":"","site-post-title":"disabled","ast-breadcrumbs-content":"","ast-featured-img":"","footer-sml-layout":"","theme-transparent-header-meta":"","adv-header-id-meta":"","stick-header-meta":"","header-above-stick-meta":"","header-main-stick-meta":"","header-below-stick-meta":"","astra-migrate-meta-layouts":"set","ast-page-background-enabled":"default","ast-page-background-meta":{"desktop":{"background-color":"var(--ast-global-color-4)","background-image":"","background-repeat":"repeat","background-position":"center center","background-size":"auto","background-attachment":"scroll","background-type":"","background-media":"","overlay-type":"","overlay-color":"","overlay-opacity":"","overlay-gradient":""},"tablet":{"background-color":"","background-image":"","background-repeat":"repeat","background-position":"center center","background-size":"auto","background-attachment":"scroll","background-type":"","background-media":"","overlay-type":"","overlay-color":"","overlay-opacity":"","overlay-gradient":""},"mobile":{"background-color":"","background-image":"","background-repeat":"repeat","background-position":"center center","background-size":"auto","background-attachment":"scroll","background-type":"","background-media":"","overlay-type":"","overlay-color":"","overlay-opacity":"","overlay-gradient":""}},"ast-content-background-meta":{"desktop":{"background-color":"var(--ast-global-color-5)","background-image":"","background-repeat":"repeat","background-position":"center center","background-size":"auto","background-attachment":"scroll","background-type":"","background-media":"","overlay-type":"","overlay-color":"","overlay-opacity":"","overlay-gradient":""},"tablet":{"background-color":"var(--ast-global-color-5)","background-image":"","background-repeat":"repeat","background-position":"center center","background-size":"auto","background-attachment":"scroll","background-type":"","background-media":"","overlay-type":"","overlay-color":"","overlay-opacity":"","overlay-gradient":""},"mobile":{"background-color":"var(--ast-global-color-5)","background-image":"","background-repeat":"repeat","background-position":"center center","background-size":"auto","background-attachment":"scroll","background-type":"","background-media":"","overlay-type":"","overlay-color":"","overlay-opacity":"","overlay-gradient":""}},"footnotes":""},"class_list":["post-3424","page","type-page","status-publish","hentry"],"yoast_head":"<!-- This site is optimized with the Yoast SEO Premium plugin v24.2 (Yoast SEO v24.6) - https:\/\/yoast.com\/wordpress\/plugins\/seo\/ -->\n<title>Conan Doyle - Uni\u00f3n Esp\u00edrita<\/title>\n<meta name=\"robots\" content=\"index, follow, max-snippet:-1, max-image-preview:large, max-video-preview:-1\" \/>\n<link rel=\"canonical\" href=\"https:\/\/nuevo-renacer.com\/de\/conan-doyle\/\" \/>\n<meta property=\"og:locale\" content=\"de_DE\" \/>\n<meta property=\"og:type\" content=\"article\" \/>\n<meta property=\"og:title\" content=\"Conan Doyle\" \/>\n<meta property=\"og:description\" content=\"Conan Doyle M\u00e9dico y escritor ingl\u00e9s, famoso por la serie policial de Sherlock Holmes. Naci\u00f3 en Edimburgo, Inglaterra, el 22 de mayo de 1859 y desencarn\u00f3 el 7 de julio de 1930. Era hijo de un conocido poeta y su madre era una mujer de gran sensibilidad. As\u00ed&nbsp;creci\u00f3 entre el arte, la poes\u00eda, la literatura [&hellip;]\" \/>\n<meta property=\"og:url\" content=\"https:\/\/nuevo-renacer.com\/de\/conan-doyle\/\" \/>\n<meta property=\"og:site_name\" content=\"Uni\u00f3n Esp\u00edrita\" \/>\n<meta property=\"article:publisher\" content=\"https:\/\/www.facebook.com\/groups\/3431398063740829\" \/>\n<meta property=\"article:modified_time\" content=\"2024-07-09T07:04:41+00:00\" \/>\n<meta property=\"og:image\" content=\"https:\/\/ufec-mundial.com\/wp-content\/uploads\/2024\/07\/Arthur_Conan_Doyle_by_Walter_Benington_1914.png\" \/>\n<meta name=\"twitter:card\" content=\"summary_large_image\" \/>\n<meta name=\"twitter:label1\" content=\"Gesch\u00e4tzte Lesezeit\" \/>\n\t<meta name=\"twitter:data1\" content=\"4\u00a0Minuten\" \/>\n<script type=\"application\/ld+json\" class=\"yoast-schema-graph\">{\"@context\":\"https:\/\/schema.org\",\"@graph\":[{\"@type\":\"WebPage\",\"@id\":\"https:\/\/nuevo-renacer.com\/conan-doyle\/\",\"url\":\"https:\/\/nuevo-renacer.com\/conan-doyle\/\",\"name\":\"Conan Doyle - Uni\u00f3n Esp\u00edrita\",\"isPartOf\":{\"@id\":\"https:\/\/nuevo-renacer.com\/#website\"},\"primaryImageOfPage\":{\"@id\":\"https:\/\/nuevo-renacer.com\/conan-doyle\/#primaryimage\"},\"image\":{\"@id\":\"https:\/\/nuevo-renacer.com\/conan-doyle\/#primaryimage\"},\"thumbnailUrl\":\"https:\/\/ufec-mundial.com\/wp-content\/uploads\/2024\/07\/Arthur_Conan_Doyle_by_Walter_Benington_1914.png\",\"datePublished\":\"2024-07-09T06:35:04+00:00\",\"dateModified\":\"2024-07-09T07:04:41+00:00\",\"breadcrumb\":{\"@id\":\"https:\/\/nuevo-renacer.com\/conan-doyle\/#breadcrumb\"},\"inLanguage\":\"de\",\"potentialAction\":[{\"@type\":\"ReadAction\",\"target\":[\"https:\/\/nuevo-renacer.com\/conan-doyle\/\"]}]},{\"@type\":\"ImageObject\",\"inLanguage\":\"de\",\"@id\":\"https:\/\/nuevo-renacer.com\/conan-doyle\/#primaryimage\",\"url\":\"https:\/\/ufec-mundial.com\/wp-content\/uploads\/2024\/07\/Arthur_Conan_Doyle_by_Walter_Benington_1914.png\",\"contentUrl\":\"https:\/\/ufec-mundial.com\/wp-content\/uploads\/2024\/07\/Arthur_Conan_Doyle_by_Walter_Benington_1914.png\"},{\"@type\":\"BreadcrumbList\",\"@id\":\"https:\/\/nuevo-renacer.com\/conan-doyle\/#breadcrumb\",\"itemListElement\":[{\"@type\":\"ListItem\",\"position\":1,\"name\":\"Startseite\",\"item\":\"https:\/\/nuevo-renacer.com\/\"},{\"@type\":\"ListItem\",\"position\":2,\"name\":\"Conan Doyle\"}]},{\"@type\":\"WebSite\",\"@id\":\"https:\/\/nuevo-renacer.com\/#website\",\"url\":\"https:\/\/nuevo-renacer.com\/\",\"name\":\"Uni\u00f3n Esp\u00edrita\",\"description\":\"Nuevo Renacer\",\"publisher\":{\"@id\":\"https:\/\/nuevo-renacer.com\/#organization\"},\"potentialAction\":[{\"@type\":\"SearchAction\",\"target\":{\"@type\":\"EntryPoint\",\"urlTemplate\":\"https:\/\/nuevo-renacer.com\/?s={search_term_string}\"},\"query-input\":{\"@type\":\"PropertyValueSpecification\",\"valueRequired\":true,\"valueName\":\"search_term_string\"}}],\"inLanguage\":\"de\"},{\"@type\":\"Organization\",\"@id\":\"https:\/\/nuevo-renacer.com\/#organization\",\"name\":\"UFEC\",\"url\":\"https:\/\/nuevo-renacer.com\/\",\"logo\":{\"@type\":\"ImageObject\",\"inLanguage\":\"de\",\"@id\":\"https:\/\/nuevo-renacer.com\/#\/schema\/logo\/image\/\",\"url\":\"https:\/\/nuevo-renacer.com\/wp-content\/uploads\/2024\/05\/cropped-LOGO-TERMINADO1-3-3.png\",\"contentUrl\":\"https:\/\/nuevo-renacer.com\/wp-content\/uploads\/2024\/05\/cropped-LOGO-TERMINADO1-3-3.png\",\"width\":512,\"height\":512,\"caption\":\"UFEC\"},\"image\":{\"@id\":\"https:\/\/nuevo-renacer.com\/#\/schema\/logo\/image\/\"},\"sameAs\":[\"https:\/\/www.facebook.com\/groups\/3431398063740829\"]}]}<\/script>\n<!-- \/ Yoast SEO Premium plugin. -->","yoast_head_json":{"title":"Conan Doyle - Uni\u00f3n Esp\u00edrita","robots":{"index":"index","follow":"follow","max-snippet":"max-snippet:-1","max-image-preview":"max-image-preview:large","max-video-preview":"max-video-preview:-1"},"canonical":"https:\/\/nuevo-renacer.com\/de\/conan-doyle\/","og_locale":"de_DE","og_type":"article","og_title":"Conan Doyle","og_description":"Conan Doyle M\u00e9dico y escritor ingl\u00e9s, famoso por la serie policial de Sherlock Holmes. Naci\u00f3 en Edimburgo, Inglaterra, el 22 de mayo de 1859 y desencarn\u00f3 el 7 de julio de 1930. Era hijo de un conocido poeta y su madre era una mujer de gran sensibilidad. As\u00ed&nbsp;creci\u00f3 entre el arte, la poes\u00eda, la literatura [&hellip;]","og_url":"https:\/\/nuevo-renacer.com\/de\/conan-doyle\/","og_site_name":"Uni\u00f3n Esp\u00edrita","article_publisher":"https:\/\/www.facebook.com\/groups\/3431398063740829","article_modified_time":"2024-07-09T07:04:41+00:00","og_image":[{"url":"https:\/\/ufec-mundial.com\/wp-content\/uploads\/2024\/07\/Arthur_Conan_Doyle_by_Walter_Benington_1914.png","type":"","width":"","height":""}],"twitter_card":"summary_large_image","twitter_misc":{"Gesch\u00e4tzte Lesezeit":"4\u00a0Minuten"},"schema":{"@context":"https:\/\/schema.org","@graph":[{"@type":"WebPage","@id":"https:\/\/nuevo-renacer.com\/conan-doyle\/","url":"https:\/\/nuevo-renacer.com\/conan-doyle\/","name":"Conan Doyle - Uni\u00f3n Esp\u00edrita","isPartOf":{"@id":"https:\/\/nuevo-renacer.com\/#website"},"primaryImageOfPage":{"@id":"https:\/\/nuevo-renacer.com\/conan-doyle\/#primaryimage"},"image":{"@id":"https:\/\/nuevo-renacer.com\/conan-doyle\/#primaryimage"},"thumbnailUrl":"https:\/\/ufec-mundial.com\/wp-content\/uploads\/2024\/07\/Arthur_Conan_Doyle_by_Walter_Benington_1914.png","datePublished":"2024-07-09T06:35:04+00:00","dateModified":"2024-07-09T07:04:41+00:00","breadcrumb":{"@id":"https:\/\/nuevo-renacer.com\/conan-doyle\/#breadcrumb"},"inLanguage":"de","potentialAction":[{"@type":"ReadAction","target":["https:\/\/nuevo-renacer.com\/conan-doyle\/"]}]},{"@type":"ImageObject","inLanguage":"de","@id":"https:\/\/nuevo-renacer.com\/conan-doyle\/#primaryimage","url":"https:\/\/ufec-mundial.com\/wp-content\/uploads\/2024\/07\/Arthur_Conan_Doyle_by_Walter_Benington_1914.png","contentUrl":"https:\/\/ufec-mundial.com\/wp-content\/uploads\/2024\/07\/Arthur_Conan_Doyle_by_Walter_Benington_1914.png"},{"@type":"BreadcrumbList","@id":"https:\/\/nuevo-renacer.com\/conan-doyle\/#breadcrumb","itemListElement":[{"@type":"ListItem","position":1,"name":"Startseite","item":"https:\/\/nuevo-renacer.com\/"},{"@type":"ListItem","position":2,"name":"Conan Doyle"}]},{"@type":"WebSite","@id":"https:\/\/nuevo-renacer.com\/#website","url":"https:\/\/nuevo-renacer.com\/","name":"Uni\u00f3n Esp\u00edrita","description":"Nuevo Renacer","publisher":{"@id":"https:\/\/nuevo-renacer.com\/#organization"},"potentialAction":[{"@type":"SearchAction","target":{"@type":"EntryPoint","urlTemplate":"https:\/\/nuevo-renacer.com\/?s={search_term_string}"},"query-input":{"@type":"PropertyValueSpecification","valueRequired":true,"valueName":"search_term_string"}}],"inLanguage":"de"},{"@type":"Organization","@id":"https:\/\/nuevo-renacer.com\/#organization","name":"UFEC","url":"https:\/\/nuevo-renacer.com\/","logo":{"@type":"ImageObject","inLanguage":"de","@id":"https:\/\/nuevo-renacer.com\/#\/schema\/logo\/image\/","url":"https:\/\/nuevo-renacer.com\/wp-content\/uploads\/2024\/05\/cropped-LOGO-TERMINADO1-3-3.png","contentUrl":"https:\/\/nuevo-renacer.com\/wp-content\/uploads\/2024\/05\/cropped-LOGO-TERMINADO1-3-3.png","width":512,"height":512,"caption":"UFEC"},"image":{"@id":"https:\/\/nuevo-renacer.com\/#\/schema\/logo\/image\/"},"sameAs":["https:\/\/www.facebook.com\/groups\/3431398063740829"]}]}},"uagb_featured_image_src":{"full":false,"thumbnail":false,"medium":false,"medium_large":false,"large":false,"1536x1536":false,"2048x2048":false,"trp-custom-language-flag":false},"uagb_author_info":{"display_name":"adbv0","author_link":"https:\/\/nuevo-renacer.com\/de\/author\/adbv0\/"},"uagb_comment_info":0,"uagb_excerpt":"Conan Doyle M\u00e9dico y escritor ingl\u00e9s, famoso por la serie policial de Sherlock Holmes. Naci\u00f3 en Edimburgo, Inglaterra, el 22 de mayo de 1859 y desencarn\u00f3 el 7 de julio de 1930. Era hijo de un conocido poeta y su madre era una mujer de gran sensibilidad. As\u00ed&nbsp;creci\u00f3 entre el arte, la poes\u00eda, la literatura&hellip;","jetpack_sharing_enabled":true,"_links":{"self":[{"href":"https:\/\/nuevo-renacer.com\/de\/wp-json\/wp\/v2\/pages\/3424","targetHints":{"allow":["GET"]}}],"collection":[{"href":"https:\/\/nuevo-renacer.com\/de\/wp-json\/wp\/v2\/pages"}],"about":[{"href":"https:\/\/nuevo-renacer.com\/de\/wp-json\/wp\/v2\/types\/page"}],"author":[{"embeddable":true,"href":"https:\/\/nuevo-renacer.com\/de\/wp-json\/wp\/v2\/users\/1"}],"replies":[{"embeddable":true,"href":"https:\/\/nuevo-renacer.com\/de\/wp-json\/wp\/v2\/comments?post=3424"}],"version-history":[{"count":5,"href":"https:\/\/nuevo-renacer.com\/de\/wp-json\/wp\/v2\/pages\/3424\/revisions"}],"predecessor-version":[{"id":3433,"href":"https:\/\/nuevo-renacer.com\/de\/wp-json\/wp\/v2\/pages\/3424\/revisions\/3433"}],"wp:attachment":[{"href":"https:\/\/nuevo-renacer.com\/de\/wp-json\/wp\/v2\/media?parent=3424"}],"curies":[{"name":"wp","href":"https:\/\/api.w.org\/{rel}","templated":true}]}}