{"id":3392,"date":"2024-07-08T10:40:28","date_gmt":"2024-07-08T10:40:28","guid":{"rendered":"https:\/\/ufec-mundial.com\/?page_id=3392"},"modified":"2024-07-08T10:40:30","modified_gmt":"2024-07-08T10:40:30","slug":"analia-franco","status":"publish","type":"page","link":"https:\/\/nuevo-renacer.com\/de\/analia-franco\/","title":{"rendered":"An\u00e1lia Franco"},"content":{"rendered":"<div class=\"wp-block-uagb-container uagb-block-a369d7b2 alignfull uagb-is-root-container\"><div class=\"uagb-container-inner-blocks-wrap\">\n<div class=\"wp-block-uagb-container uagb-block-91ef1f0b\">\n<p class=\"has-black-color has-text-color has-link-color has-medium-font-size wp-elements-b796ebe692064911ab26e08a668aeab1\"><strong>An\u00e1lia Franco<\/strong><\/p>\n<\/div>\n<\/div><\/div>\n\n\n\n<div class=\"wp-block-uagb-container uagb-block-9cdc9149 alignfull uagb-is-root-container\"><div class=\"uagb-container-inner-blocks-wrap\">\n<figure class=\"wp-block-image size-full is-resized\"><img fetchpriority=\"high\" decoding=\"async\" width=\"640\" height=\"800\" src=\"https:\/\/ufec-mundial.com\/wp-content\/uploads\/2024\/07\/analia-franco.webp\" alt=\"\" class=\"wp-image-3393\" style=\"width:226px;height:auto\" srcset=\"https:\/\/nuevo-renacer.com\/wp-content\/uploads\/2024\/07\/analia-franco.webp 640w, https:\/\/nuevo-renacer.com\/wp-content\/uploads\/2024\/07\/analia-franco-240x300.webp 240w, https:\/\/nuevo-renacer.com\/wp-content\/uploads\/2024\/07\/analia-franco-10x12.webp 10w\" sizes=\"(max-width: 640px) 100vw, 640px\" \/><\/figure>\n<\/div><\/div>\n\n\n\n<div class=\"wp-block-uagb-container uagb-block-3eeda19a alignfull uagb-is-root-container\"><div class=\"uagb-container-inner-blocks-wrap\">\n<p class=\"has-black-color has-text-color has-link-color has-small-font-size wp-elements-149830a29213e2bcb3545920f6534993\">An\u00e1lia Em\u00edlia Franco Bastos, besser bekannt als An\u00e1lia Franco, wurde am 1. Februar 1853 in der Stadt Resende im Bundesstaat Rio de Janeiro geboren und starb am 20. Januar 1919 in der Stadt S\u00e3o Paulo. Sie war Journalistin, Schriftstellerin, Dichterin und Erziehungsexpertin und hinterlie\u00df ein Verm\u00e4chtnis der Liebe f\u00fcr andere und einen unerm\u00fcdlichen Einsatz f\u00fcr das Gute, ein Beispiel f\u00fcr Selbstlosigkeit und wahre N\u00e4chstenliebe.<\/p>\n\n\n\n<p class=\"has-black-color has-text-color has-link-color has-small-font-size wp-elements-33d498a64137dcf326728220e66af6d4\">Sie begann ihre p\u00e4dagogische Laufbahn im Alter von 15 Jahren, als sie Lehrerin war und ihrer Mutter, ebenfalls Lehrerin war, half. Sie lebte in einer Zeit, in der die Gesellschaft Schwarze ausbeutete und Frauen keine Mitsprache hatten.<\/p>\n\n\n\n<p class=\"has-black-color has-text-color has-link-color has-small-font-size wp-elements-cf9001d20e7cf5aac7a43e26582f08d7\">1871 wurde das Gesetz \u00fcber den freien Mutterleib verabschiedet, das die Freiheit f\u00fcr Kinder von Sklavenm\u00fcttern vorsah, die jedoch bis zum Alter von acht Jahren unter der Vormundschaft der Sklavenhalter standen, was zu Missbrauch und Misshandlung f\u00fchrte. Von dieser Situation aufgew\u00fchlt, begann An\u00e1lia Franco ihre soziale Arbeit, indem sie zun\u00e4chst Briefe an die B\u00e4uerinnen schrieb und sie um Hilfe und Unterst\u00fctzung f\u00fcr sie bat. Dann gr\u00fcndete sie eine Einrichtung zur Aufnahme dieser Kinder, das so genannte Casa Maternal (M\u00fctterheim).<\/p>\n\n\n\n<p class=\"has-black-color has-text-color has-link-color has-small-font-size wp-elements-aeb59dbf508851e353a861907452947e\">Dieser erste Platz wurde von einer der Frauen, die An\u00e1lia um Hilfe bat, kostenlos zur Verf\u00fcgung gestellt. Die Bedingung, die sie stellte, war jedoch, dass sich Schwarze und Wei\u00dfe nicht vermischen sollten. An\u00e1lia weigerte sich und zahlte fortan Miete f\u00fcr den Platz, um benachteiligte Kinder ohne Unterschied der Rasse zu betreuen. Die B\u00e4uerin, die mit An\u00e1lias Entscheidung nicht zufrieden war, nutzte ihre Mittel und den Einfluss ihres Mannes, um An\u00e1lia von dem Grundst\u00fcck zu vertreiben.<\/p>\n\n\n\n<p class=\"has-black-color has-text-color has-link-color has-small-font-size wp-elements-edfc46878c953c6bc1f5aa46607bb02f\">Angesichts dieser Situation ging An\u00e1lia in die Stadt S\u00e3o Paulo, wo sie mit ihrem eigenen Geld, das der H\u00e4lfte ihres Gehalts als Lehrerin entsprach, ein Haus mietete. Und da sie nicht genug Geld hatte, um die Kinder zu ern\u00e4hren, ging sie auf die Stra\u00dfe, um um Hilfe zu bitten.<\/p>\n\n\n\n<p class=\"has-black-color has-text-color has-link-color has-small-font-size wp-elements-d57c64920328c6107fb7acc2e4214c35\">An\u00e1lia Franco widmete einen gro\u00dfen Teil ihres Lebens sozialp\u00e4dagogischen Aktivit\u00e4ten f\u00fcr Kinder, vor allem f\u00fcr schwarze Sklavenkinder. Sie erweiterte jedoch ihre sozialen Projekte und half auch arbeitenden Frauen, Armen, Ausgegrenzten, Waisen und Bed\u00fcrftigen. Sie glaubte an eine befreiende Erziehung, bei der sie versuchte, die Betroffenen zu bef\u00e4higen, ihnen eine Berufsausbildung zu geben und mit ihnen das Lernen, Wachsen und den (Wieder-)Aufbau ihres eigenen Lebens zu entwickeln, so dass sie wieder aktiv an der Gesellschaft teilhaben konnten.<\/p>\n\n\n\n<p class=\"has-black-color has-text-color has-link-color has-small-font-size wp-elements-7fe25f781e377bb1f3f8444b2af95804\">An\u00e1lia Franco arbeitete mit mehreren Zeitungen und Zeitschriften in verschiedenen St\u00e4dten und auch in Portugal zusammen. Am 30. April 1898 gr\u00fcndete sie ihre eigene Zeitschrift mit dem Titel \"\u00c1lbum de ni\u00f1as\", die monatlich erschien und sich an junge brasilianische Frauen richtete. Sie war literarisch und p\u00e4dagogisch ausgerichtet und wurde gr\u00f6\u00dftenteils von An\u00e1lia selbst verfasst, wobei sie auch von anderen Mitwirkenden unterst\u00fctzt wurde.<\/p>\n\n\n\n<p class=\"has-black-color has-text-color has-link-color has-small-font-size wp-elements-286fb4316099dbd5a5f0794cf7f2f204\">Die Zeitschrift wurde bis 1901 herausgegeben und war ein Mittel zur F\u00f6rderung der M\u00e4dchenbildung, denn An\u00e1lia nutzte dieses Medium, um Eltern und Gesellschaft aufzufordern, daf\u00fcr zu sorgen, dass sich die Bildung der Frauen nicht nur auf das Lesen und Schreiben beschr\u00e4nkte, und um Unterst\u00fctzung f\u00fcr das \u00f6ffentliche Bildungswesen zu fordern.<\/p>\n\n\n\n<p class=\"has-black-color has-text-color has-link-color has-small-font-size wp-elements-ab4e0a2f066e7b6603791241b4010106\">Am 17. November 1901 gr\u00fcndete An\u00e1lia Franco die \"Associa\u00e7\u00e3o Femenina Ben\u00e9fica e Instructiva do Estado de S\u00e3o Paulo\", um armen Kindern zu helfen, sie zu unterrichten und zu erziehen und um Analphabetismus, Elend und Unwissenheit unter den Unterprivilegierten zu beseitigen. Nach ihren eigenen Worten hat die Vereinigung \"nicht nur das Ziel, die Unterprivilegierten zu sch\u00fctzen und zu unterrichten; sie hat ein h\u00f6heres Ziel, n\u00e4mlich alle Frauen mit Intelligenz und gutem Willen um eine heilige Idee zu versammeln, um gemeinsam f\u00fcr das soziale Wohl zu arbeiten\".<\/p>\n\n\n\n<p class=\"has-black-color has-text-color has-link-color has-small-font-size wp-elements-42a5265ac11ad630cf87ec35c2115f7c\">Obwohl sie Spiritistin war, wollte An\u00e1lia diese Nuance in ihrer Arbeit und ihren Projekten nie zeigen, denn sie nahm Kinder verschiedener Religionen auf und war der Meinung, dass das Wichtigste sei, die grundlegenden Wahrheiten jeder Religion zu lehren, wie die Existenz Gottes und die Liebe zu anderen.<\/p>\n\n\n\n<p class=\"has-black-color has-text-color has-link-color has-small-font-size wp-elements-54e2ec9ef8cc2a4633cd45022b191fd2\">An\u00e1lia war ein Beispiel f\u00fcr Hingabe und ein fester Glaube an die Macht der Bildung. In ihren Reden versuchte sie, andere, insbesondere Frauen, davon zu \u00fcberzeugen, dass die brasilianische Nation nur durch die Bildung der Kinder eine w\u00fcrdige Zukunft haben w\u00fcrde, indem sie sagte: \"Lasst uns die armen Kinder, die unsere Hilfe brauchen, erziehen und unterst\u00fctzen, indem wir sie aus den Pfaden der Laster herausziehen und sie zu n\u00fctzlichen und w\u00fcrdigen B\u00fcrgern f\u00fcr die Gr\u00f6\u00dfe unseres Landes machen\".<\/p>\n\n\n\n<p class=\"has-black-color has-text-color has-link-color has-small-font-size wp-elements-4ab988c242933afc12ce4d61d05eb875\">Unter ihrer Aufsicht standen etwa 30 Kinderschulen in S\u00e3o Paulo, Altenheime, Kinderg\u00e4rten und andere Schulen in 24 anderen St\u00e4dten, insgesamt etwa 70 Einrichtungen, in denen An\u00e1lia ihr Leben gab, um den Lebensunterhalt und die Qualit\u00e4t der Arbeit in diesen liebevollen und einladenden Heimen zu sichern.<\/p>\n\n\n\n<p class=\"has-black-color has-text-color has-link-color has-small-font-size wp-elements-79223ef6ecf16077f15d0ac1da21c0db\">Sie hatte viele Schwierigkeiten zu \u00fcberwinden, als die Ressourcen aufgrund des Zweiten Weltkriegs knapp waren und er kaum auf staatliche Unterst\u00fctzung z\u00e4hlen konnte. Sie organisierte mehrere Veranstaltungen und wurde eine Zeit lang von Freunden und Mitarbeitern unterst\u00fctzt. Mit der von ihr gegr\u00fcndeten Frauenkapelle \"Regente Feij\u00f3\" und der musikdramatischen Gruppe der Regenerationskolonie \"Dom Romualdo\" tourte sie durch die St\u00e4dte, um Spenden f\u00fcr die Vereinigung zu sammeln, nat\u00fcrlich immer mit der Hilfe und Unterst\u00fctzung ihres Mannes Francisco Ant\u00f4nio Bastos.<\/p>\n\n\n\n<p class=\"has-black-color has-text-color has-link-color has-small-font-size wp-elements-f265bc7c0531baff9ed505ca4b9c10e0\">Trotz all dieser Bem\u00fchungen kam es zu einem weiteren Ungl\u00fcck, das auch Brasilien nicht verschonte. In Europa brach eine Pandemie aus, die als \"Spanische Grippe\" bekannt wurde, und 1918 gab es in S\u00e3o Paulo eine gro\u00dfe Zahl von Todesf\u00e4llen.<\/p>\n\n\n\n<p class=\"has-black-color has-text-color has-link-color has-small-font-size wp-elements-e8919ad9a35cdd43abad5a1813d784ed\">Nach all den Anstrengungen und Qualen, die sie f\u00fcr ihre geliebten Kinder auf sich genommen hatte, starb An\u00e1lia am 20. Januar 1919 in S\u00e3o Paulo.<\/p>\n\n\n\n<p class=\"has-black-color has-text-color has-link-color has-small-font-size wp-elements-cdfe2bd9c31b92d51f11e48d7e5b06d7\">Eine zarte Seele, reinen Herzens, hingebungsvoll, dem\u00fctig, geduldig und liebevoll, war sie eine treue Dienerin Jesu und baute eine gro\u00dfe geistliche Familie auf. Sie hatte keine leiblichen Kinder, aber Hunderte von Kindern des Herzens. Sie wurde Mutter genannt, und all ihre Arbeit war dem Vater der unendlichen Barmherzigkeit gewidmet.<\/p>\n\n\n\n<p class=\"has-black-color has-text-color has-link-color has-small-font-size wp-elements-932e834b6be8fcb43dd249e0b8b995bf\">Sie hinterlie\u00df ein Verm\u00e4chtnis der Liebe und eine vorbildliche Erzieherin. Sie schrieb mehrere Romane, verfasste Beitr\u00e4ge f\u00fcr verschiedene Zeitschriften und Zeitungen, inspirierte Tausende von Menschen und ist bis heute eine unvergessliche Pers\u00f6nlichkeit.<\/p>\n\n\n\n<p class=\"has-black-color has-text-color has-link-color has-small-font-size wp-elements-c90daae3c00486bafda669c7dc6fe62b\">F\u00fcr An\u00e1lia Franco gibt es \"nach dem Gedanken und dem Wort Gottes nichts Sch\u00f6neres und Edleres als die Aufgabe der wahren Erzieherin der Kinder\".<\/p>\n<\/div><\/div>","protected":false},"excerpt":{"rendered":"<p>An\u00e1lia Franco An\u00e1lia Em\u00edlia Franco Bastos, m\u00e1s conocida como An\u00e1lia Franco, naci\u00f3 el 1 de febrero de 1853, en la ciudad de Resende, en el estado de R\u00edo de Janeiro, y muri\u00f3 el 20 de enero de 1919, en la ciudad de S\u00e3o Paulo. Fue periodista, escritora, poeta y educadora experta, que dej\u00f3 un legado [&hellip;]<\/p>","protected":false},"author":1,"featured_media":0,"parent":0,"menu_order":0,"comment_status":"closed","ping_status":"closed","template":"","meta":{"_uag_custom_page_level_css":"","site-sidebar-layout":"default","site-content-layout":"","ast-site-content-layout":"default","site-content-style":"default","site-sidebar-style":"default","ast-global-header-display":"","ast-banner-title-visibility":"","ast-main-header-display":"","ast-hfb-above-header-display":"","ast-hfb-below-header-display":"","ast-hfb-mobile-header-display":"","site-post-title":"disabled","ast-breadcrumbs-content":"","ast-featured-img":"","footer-sml-layout":"","theme-transparent-header-meta":"","adv-header-id-meta":"","stick-header-meta":"","header-above-stick-meta":"","header-main-stick-meta":"","header-below-stick-meta":"","astra-migrate-meta-layouts":"set","ast-page-background-enabled":"default","ast-page-background-meta":{"desktop":{"background-color":"var(--ast-global-color-4)","background-image":"","background-repeat":"repeat","background-position":"center center","background-size":"auto","background-attachment":"scroll","background-type":"","background-media":"","overlay-type":"","overlay-color":"","overlay-opacity":"","overlay-gradient":""},"tablet":{"background-color":"","background-image":"","background-repeat":"repeat","background-position":"center center","background-size":"auto","background-attachment":"scroll","background-type":"","background-media":"","overlay-type":"","overlay-color":"","overlay-opacity":"","overlay-gradient":""},"mobile":{"background-color":"","background-image":"","background-repeat":"repeat","background-position":"center center","background-size":"auto","background-attachment":"scroll","background-type":"","background-media":"","overlay-type":"","overlay-color":"","overlay-opacity":"","overlay-gradient":""}},"ast-content-background-meta":{"desktop":{"background-color":"var(--ast-global-color-5)","background-image":"","background-repeat":"repeat","background-position":"center center","background-size":"auto","background-attachment":"scroll","background-type":"","background-media":"","overlay-type":"","overlay-color":"","overlay-opacity":"","overlay-gradient":""},"tablet":{"background-color":"var(--ast-global-color-5)","background-image":"","background-repeat":"repeat","background-position":"center center","background-size":"auto","background-attachment":"scroll","background-type":"","background-media":"","overlay-type":"","overlay-color":"","overlay-opacity":"","overlay-gradient":""},"mobile":{"background-color":"var(--ast-global-color-5)","background-image":"","background-repeat":"repeat","background-position":"center center","background-size":"auto","background-attachment":"scroll","background-type":"","background-media":"","overlay-type":"","overlay-color":"","overlay-opacity":"","overlay-gradient":""}},"footnotes":""},"class_list":["post-3392","page","type-page","status-publish","hentry"],"yoast_head":"<!-- This site is optimized with the Yoast SEO Premium plugin v24.2 (Yoast SEO v24.6) - https:\/\/yoast.com\/wordpress\/plugins\/seo\/ -->\n<title>An\u00e1lia Franco - Uni\u00f3n Esp\u00edrita<\/title>\n<meta name=\"robots\" content=\"index, follow, max-snippet:-1, max-image-preview:large, max-video-preview:-1\" \/>\n<link rel=\"canonical\" href=\"https:\/\/nuevo-renacer.com\/de\/analia-franco\/\" \/>\n<meta property=\"og:locale\" content=\"de_DE\" \/>\n<meta property=\"og:type\" content=\"article\" \/>\n<meta property=\"og:title\" content=\"An\u00e1lia Franco\" \/>\n<meta property=\"og:description\" content=\"An\u00e1lia Franco An\u00e1lia Em\u00edlia Franco Bastos, m\u00e1s conocida como An\u00e1lia Franco, naci\u00f3 el 1 de febrero de 1853, en la ciudad de Resende, en el estado de R\u00edo de Janeiro, y muri\u00f3 el 20 de enero de 1919, en la ciudad de S\u00e3o Paulo. Fue periodista, escritora, poeta y educadora experta, que dej\u00f3 un legado [&hellip;]\" \/>\n<meta property=\"og:url\" content=\"https:\/\/nuevo-renacer.com\/de\/analia-franco\/\" \/>\n<meta property=\"og:site_name\" content=\"Uni\u00f3n Esp\u00edrita\" \/>\n<meta property=\"article:publisher\" content=\"https:\/\/www.facebook.com\/groups\/3431398063740829\" \/>\n<meta property=\"article:modified_time\" content=\"2024-07-08T10:40:30+00:00\" \/>\n<meta property=\"og:image\" content=\"https:\/\/ufec-mundial.com\/wp-content\/uploads\/2024\/07\/analia-franco.webp\" \/>\n<meta name=\"twitter:card\" content=\"summary_large_image\" \/>\n<meta name=\"twitter:label1\" content=\"Gesch\u00e4tzte Lesezeit\" \/>\n\t<meta name=\"twitter:data1\" content=\"6\u00a0Minuten\" \/>\n<script type=\"application\/ld+json\" class=\"yoast-schema-graph\">{\"@context\":\"https:\/\/schema.org\",\"@graph\":[{\"@type\":\"WebPage\",\"@id\":\"https:\/\/nuevo-renacer.com\/analia-franco\/\",\"url\":\"https:\/\/nuevo-renacer.com\/analia-franco\/\",\"name\":\"An\u00e1lia Franco - Uni\u00f3n Esp\u00edrita\",\"isPartOf\":{\"@id\":\"https:\/\/nuevo-renacer.com\/#website\"},\"primaryImageOfPage\":{\"@id\":\"https:\/\/nuevo-renacer.com\/analia-franco\/#primaryimage\"},\"image\":{\"@id\":\"https:\/\/nuevo-renacer.com\/analia-franco\/#primaryimage\"},\"thumbnailUrl\":\"https:\/\/ufec-mundial.com\/wp-content\/uploads\/2024\/07\/analia-franco.webp\",\"datePublished\":\"2024-07-08T10:40:28+00:00\",\"dateModified\":\"2024-07-08T10:40:30+00:00\",\"breadcrumb\":{\"@id\":\"https:\/\/nuevo-renacer.com\/analia-franco\/#breadcrumb\"},\"inLanguage\":\"de\",\"potentialAction\":[{\"@type\":\"ReadAction\",\"target\":[\"https:\/\/nuevo-renacer.com\/analia-franco\/\"]}]},{\"@type\":\"ImageObject\",\"inLanguage\":\"de\",\"@id\":\"https:\/\/nuevo-renacer.com\/analia-franco\/#primaryimage\",\"url\":\"https:\/\/ufec-mundial.com\/wp-content\/uploads\/2024\/07\/analia-franco.webp\",\"contentUrl\":\"https:\/\/ufec-mundial.com\/wp-content\/uploads\/2024\/07\/analia-franco.webp\"},{\"@type\":\"BreadcrumbList\",\"@id\":\"https:\/\/nuevo-renacer.com\/analia-franco\/#breadcrumb\",\"itemListElement\":[{\"@type\":\"ListItem\",\"position\":1,\"name\":\"Startseite\",\"item\":\"https:\/\/nuevo-renacer.com\/\"},{\"@type\":\"ListItem\",\"position\":2,\"name\":\"An\u00e1lia Franco\"}]},{\"@type\":\"WebSite\",\"@id\":\"https:\/\/nuevo-renacer.com\/#website\",\"url\":\"https:\/\/nuevo-renacer.com\/\",\"name\":\"Uni\u00f3n Esp\u00edrita\",\"description\":\"Nuevo Renacer\",\"publisher\":{\"@id\":\"https:\/\/nuevo-renacer.com\/#organization\"},\"potentialAction\":[{\"@type\":\"SearchAction\",\"target\":{\"@type\":\"EntryPoint\",\"urlTemplate\":\"https:\/\/nuevo-renacer.com\/?s={search_term_string}\"},\"query-input\":{\"@type\":\"PropertyValueSpecification\",\"valueRequired\":true,\"valueName\":\"search_term_string\"}}],\"inLanguage\":\"de\"},{\"@type\":\"Organization\",\"@id\":\"https:\/\/nuevo-renacer.com\/#organization\",\"name\":\"UFEC\",\"url\":\"https:\/\/nuevo-renacer.com\/\",\"logo\":{\"@type\":\"ImageObject\",\"inLanguage\":\"de\",\"@id\":\"https:\/\/nuevo-renacer.com\/#\/schema\/logo\/image\/\",\"url\":\"https:\/\/nuevo-renacer.com\/wp-content\/uploads\/2024\/05\/cropped-LOGO-TERMINADO1-3-3.png\",\"contentUrl\":\"https:\/\/nuevo-renacer.com\/wp-content\/uploads\/2024\/05\/cropped-LOGO-TERMINADO1-3-3.png\",\"width\":512,\"height\":512,\"caption\":\"UFEC\"},\"image\":{\"@id\":\"https:\/\/nuevo-renacer.com\/#\/schema\/logo\/image\/\"},\"sameAs\":[\"https:\/\/www.facebook.com\/groups\/3431398063740829\"]}]}<\/script>\n<!-- \/ Yoast SEO Premium plugin. -->","yoast_head_json":{"title":"An\u00e1lia Franco - Uni\u00f3n Esp\u00edrita","robots":{"index":"index","follow":"follow","max-snippet":"max-snippet:-1","max-image-preview":"max-image-preview:large","max-video-preview":"max-video-preview:-1"},"canonical":"https:\/\/nuevo-renacer.com\/de\/analia-franco\/","og_locale":"de_DE","og_type":"article","og_title":"An\u00e1lia Franco","og_description":"An\u00e1lia Franco An\u00e1lia Em\u00edlia Franco Bastos, m\u00e1s conocida como An\u00e1lia Franco, naci\u00f3 el 1 de febrero de 1853, en la ciudad de Resende, en el estado de R\u00edo de Janeiro, y muri\u00f3 el 20 de enero de 1919, en la ciudad de S\u00e3o Paulo. Fue periodista, escritora, poeta y educadora experta, que dej\u00f3 un legado [&hellip;]","og_url":"https:\/\/nuevo-renacer.com\/de\/analia-franco\/","og_site_name":"Uni\u00f3n Esp\u00edrita","article_publisher":"https:\/\/www.facebook.com\/groups\/3431398063740829","article_modified_time":"2024-07-08T10:40:30+00:00","og_image":[{"url":"https:\/\/ufec-mundial.com\/wp-content\/uploads\/2024\/07\/analia-franco.webp","type":"","width":"","height":""}],"twitter_card":"summary_large_image","twitter_misc":{"Gesch\u00e4tzte Lesezeit":"6\u00a0Minuten"},"schema":{"@context":"https:\/\/schema.org","@graph":[{"@type":"WebPage","@id":"https:\/\/nuevo-renacer.com\/analia-franco\/","url":"https:\/\/nuevo-renacer.com\/analia-franco\/","name":"An\u00e1lia Franco - Uni\u00f3n Esp\u00edrita","isPartOf":{"@id":"https:\/\/nuevo-renacer.com\/#website"},"primaryImageOfPage":{"@id":"https:\/\/nuevo-renacer.com\/analia-franco\/#primaryimage"},"image":{"@id":"https:\/\/nuevo-renacer.com\/analia-franco\/#primaryimage"},"thumbnailUrl":"https:\/\/ufec-mundial.com\/wp-content\/uploads\/2024\/07\/analia-franco.webp","datePublished":"2024-07-08T10:40:28+00:00","dateModified":"2024-07-08T10:40:30+00:00","breadcrumb":{"@id":"https:\/\/nuevo-renacer.com\/analia-franco\/#breadcrumb"},"inLanguage":"de","potentialAction":[{"@type":"ReadAction","target":["https:\/\/nuevo-renacer.com\/analia-franco\/"]}]},{"@type":"ImageObject","inLanguage":"de","@id":"https:\/\/nuevo-renacer.com\/analia-franco\/#primaryimage","url":"https:\/\/ufec-mundial.com\/wp-content\/uploads\/2024\/07\/analia-franco.webp","contentUrl":"https:\/\/ufec-mundial.com\/wp-content\/uploads\/2024\/07\/analia-franco.webp"},{"@type":"BreadcrumbList","@id":"https:\/\/nuevo-renacer.com\/analia-franco\/#breadcrumb","itemListElement":[{"@type":"ListItem","position":1,"name":"Startseite","item":"https:\/\/nuevo-renacer.com\/"},{"@type":"ListItem","position":2,"name":"An\u00e1lia Franco"}]},{"@type":"WebSite","@id":"https:\/\/nuevo-renacer.com\/#website","url":"https:\/\/nuevo-renacer.com\/","name":"Uni\u00f3n Esp\u00edrita","description":"Nuevo Renacer","publisher":{"@id":"https:\/\/nuevo-renacer.com\/#organization"},"potentialAction":[{"@type":"SearchAction","target":{"@type":"EntryPoint","urlTemplate":"https:\/\/nuevo-renacer.com\/?s={search_term_string}"},"query-input":{"@type":"PropertyValueSpecification","valueRequired":true,"valueName":"search_term_string"}}],"inLanguage":"de"},{"@type":"Organization","@id":"https:\/\/nuevo-renacer.com\/#organization","name":"UFEC","url":"https:\/\/nuevo-renacer.com\/","logo":{"@type":"ImageObject","inLanguage":"de","@id":"https:\/\/nuevo-renacer.com\/#\/schema\/logo\/image\/","url":"https:\/\/nuevo-renacer.com\/wp-content\/uploads\/2024\/05\/cropped-LOGO-TERMINADO1-3-3.png","contentUrl":"https:\/\/nuevo-renacer.com\/wp-content\/uploads\/2024\/05\/cropped-LOGO-TERMINADO1-3-3.png","width":512,"height":512,"caption":"UFEC"},"image":{"@id":"https:\/\/nuevo-renacer.com\/#\/schema\/logo\/image\/"},"sameAs":["https:\/\/www.facebook.com\/groups\/3431398063740829"]}]}},"uagb_featured_image_src":{"full":false,"thumbnail":false,"medium":false,"medium_large":false,"large":false,"1536x1536":false,"2048x2048":false,"trp-custom-language-flag":false},"uagb_author_info":{"display_name":"adbv0","author_link":"https:\/\/nuevo-renacer.com\/de\/author\/adbv0\/"},"uagb_comment_info":0,"uagb_excerpt":"An\u00e1lia Franco An\u00e1lia Em\u00edlia Franco Bastos, m\u00e1s conocida como An\u00e1lia Franco, naci\u00f3 el 1 de febrero de 1853, en la ciudad de Resende, en el estado de R\u00edo de Janeiro, y muri\u00f3 el 20 de enero de 1919, en la ciudad de S\u00e3o Paulo. Fue periodista, escritora, poeta y educadora experta, que dej\u00f3 un legado&hellip;","jetpack_sharing_enabled":true,"_links":{"self":[{"href":"https:\/\/nuevo-renacer.com\/de\/wp-json\/wp\/v2\/pages\/3392","targetHints":{"allow":["GET"]}}],"collection":[{"href":"https:\/\/nuevo-renacer.com\/de\/wp-json\/wp\/v2\/pages"}],"about":[{"href":"https:\/\/nuevo-renacer.com\/de\/wp-json\/wp\/v2\/types\/page"}],"author":[{"embeddable":true,"href":"https:\/\/nuevo-renacer.com\/de\/wp-json\/wp\/v2\/users\/1"}],"replies":[{"embeddable":true,"href":"https:\/\/nuevo-renacer.com\/de\/wp-json\/wp\/v2\/comments?post=3392"}],"version-history":[{"count":1,"href":"https:\/\/nuevo-renacer.com\/de\/wp-json\/wp\/v2\/pages\/3392\/revisions"}],"predecessor-version":[{"id":3394,"href":"https:\/\/nuevo-renacer.com\/de\/wp-json\/wp\/v2\/pages\/3392\/revisions\/3394"}],"wp:attachment":[{"href":"https:\/\/nuevo-renacer.com\/de\/wp-json\/wp\/v2\/media?parent=3392"}],"curies":[{"name":"wp","href":"https:\/\/api.w.org\/{rel}","templated":true}]}}