{"id":3189,"date":"2024-07-07T09:28:15","date_gmt":"2024-07-07T09:28:15","guid":{"rendered":"https:\/\/ufec-mundial.com\/?page_id=3189"},"modified":"2026-04-20T18:34:09","modified_gmt":"2026-04-20T18:34:09","slug":"emma-hardinge-britten","status":"publish","type":"page","link":"https:\/\/nuevo-renacer.com\/de\/emma-hardinge-britten\/","title":{"rendered":"Emma Hardinge Britten"},"content":{"rendered":"<div class=\"wp-block-uagb-container uagb-block-b02e4e1c alignfull uagb-is-root-container\"><div class=\"uagb-container-inner-blocks-wrap\">\n<p class=\"has-black-color has-text-color has-link-color has-medium-font-size wp-elements-05a142b0c114fb65ef90e9d250db6c48\"><strong>Emma Hardinge Britten<\/strong><\/p>\n<\/div><\/div>\n\n\n\n<div class=\"wp-block-uagb-container uagb-block-007bc79f alignfull uagb-is-root-container\"><div class=\"uagb-container-inner-blocks-wrap\">\n<div class=\"wp-block-uagb-image alignleft uagb-block-84a46c13 wp-block-uagb-image--layout-default wp-block-uagb-image--effect-static wp-block-uagb-image--align-left\"><figure class=\"wp-block-uagb-image__figure\"><img loading=\"lazy\" decoding=\"async\" srcset=\"https:\/\/nuevo-renacer.com\/wp-content\/uploads\/2026\/04\/Picture_from_Emma_Hardinge_Britten_1823\u20131899_in_the_mid_1860s.jpg ,https:\/\/nuevo-renacer.com\/wp-content\/uploads\/2026\/04\/Picture_from_Emma_Hardinge_Britten_1823\u20131899_in_the_mid_1860s.jpg 780w, https:\/\/nuevo-renacer.com\/wp-content\/uploads\/2026\/04\/Picture_from_Emma_Hardinge_Britten_1823\u20131899_in_the_mid_1860s.jpg 360w\" sizes=\"auto, (max-width: 480px) 150px\" src=\"https:\/\/nuevo-renacer.com\/wp-content\/uploads\/2026\/04\/Picture_from_Emma_Hardinge_Britten_1823\u20131899_in_the_mid_1860s.jpg\" alt=\"\" class=\"uag-image-8877\" width=\"220\" height=\"311\" title=\"Picture_from_Emma_Hardinge_Britten_(1823\u20131899)_in_the_mid_1860s\" role=\"img\"\/><\/figure><\/div>\n<\/div><\/div>\n\n\n\n<div class=\"wp-block-uagb-container uagb-block-a2d80e7d alignfull uagb-is-root-container\"><div class=\"uagb-container-inner-blocks-wrap\">\n<p class=\"has-black-color has-text-color has-link-color has-small-font-size wp-elements-aa324bd595ad6a68da605340f77aa666\">Keine Geschichte des Spiritismus w\u00e4re vollst\u00e4ndig ohne die Erw\u00e4hnung dieser bemerkenswerten Schriftstellerin, die als der weibliche Apostel Paulus der spiritistischen Bewegung bezeichnet wurde.&nbsp;<\/p>\n\n\n\n<p class=\"has-black-color has-text-color has-link-color has-small-font-size wp-elements-3335924fc2f8cf36689d6ab0a021a21e\">Sie wurde 1823 in London, England, geboren. Sie war eine Engl\u00e4nderin, die mit einer Theatertruppe nach New York gegangen war und in Amerika blieb, wo sie mit ihrer Mutter lebte. Sie wurde protestantisch erzogen und lehnte jeden Kontakt mit Spiritisten strikt ab. 1856 kam sie jedoch erneut mit dem Spiritismus in Ber\u00fchrung und erhielt unwiderlegbare Beweise f\u00fcr die Wahrheiten, die dieser verk\u00fcndete. Sie entdeckte bald, dass sie auch ein Medium war, und einer der am besten dokumentierten F\u00e4lle, der f\u00fcr Aufsehen sorgte, war wohl ihre Information, dass das Schiff \"Pacific\" mitten im Atlantik gesunken war und alle Passagiere ums Leben kamen. Nach dieser Enth\u00fcllung wurde sie von der Reederei des Schiffes verfolgt, weil sie wiederholte, was ihr der Geist eines der Opfer der Katastrophe gesagt hatte. Ihre medialen Informationen erwiesen sich sp\u00e4ter als wahr, denn das Schiff war gesunken und nie wieder aufgetaucht.&nbsp;<\/p>\n\n\n\n<p class=\"has-black-color has-text-color has-link-color has-small-font-size wp-elements-8c5dcad23d6bb2dc73527bfbe78a9c5f\">1866 kehrte sie nach England zur\u00fcck, wo sie sehr aktiv war und zwei wichtige Werke verfasste: \"Modern American Spiritualism\" und \"Miracles of the Nineteenth Century\", B\u00fccher, die interessante Forschungen mit einer klaren und logischen Argumentation verbanden. Im Jahr 1870 heiratete sie Dr. Britten, einen ebenso \u00fcberzeugten Spiritisten wie sie selbst. Alles deutet darauf hin, dass es eine wirklich gl\u00fcckliche Verbindung war.&nbsp;<\/p>\n\n\n\n<p class=\"has-black-color has-text-color has-link-color has-small-font-size wp-elements-3259c5c947f64fb9ab54ba348d8a6508\">Im Jahr 1878 reisten sie als Missionare des Spiritismus nach Australien und Neuseeland, verbrachten dort viele Jahre und gr\u00fcndeten zahlreiche Gesellschaften. W\u00e4hrend ihres Aufenthalts in Australien schrieb sie \"Faith, Facts and Frauds of Religious History\", ein Buch, das auch heute noch relativ einflussreich ist.&nbsp;<\/p>\n\n\n\n<p class=\"has-black-color has-text-color has-link-color has-small-font-size wp-elements-bad2a8f4df590e180574f9be31c2f764\">Neben anderen Denkm\u00e4lern gr\u00fcndete Emma Hardinge Britten in Manchester \"The Two Worlds\", ein Organ, das sich noch heute einer gro\u00dfen Verbreitung erfreut und ein Werbetr\u00e4ger mit gro\u00dfer Reichweite in der ganzen Welt ist. Ernesto Bozzano, einer der gr\u00f6\u00dften spiritistischen Schriftsteller, profunder Forscher, Wissenschaftler und emeritierter Polemiker, dessen Werk die spiritistische Lehre ehrt und verherrlicht, sagte in einem bemerkenswerten Zeugnis f\u00fcr die Zeitschrift \"La Luz Del Porvenir\" (Das Licht der Zukunft), dass das Buch \"Modern American Spiritism\" f\u00fcr ihn w\u00e4hrend seiner Bekehrung zum Spiritismus sehr n\u00fctzlich war.&nbsp;<\/p>\n\n\n\n<p class=\"has-black-color has-text-color has-link-color has-small-font-size wp-elements-797badb77e7f16009f4ca441ff67d6e3\">&nbsp;Emma Harding Brittens Arbeit in den Anf\u00e4ngen des Spiritismus war eine der wichtigsten, da sie f\u00fcr eine gro\u00dfe Anzahl von Bekehrungen verantwortlich war, darunter auch von sehr prominenten Personen dieser Zeit.&nbsp;<\/p>\n\n\n\n<p class=\"has-black-color has-text-color has-link-color has-small-font-size wp-elements-f22b17617cfb6a1962a3d02ff9e2df80\">Brittens Ehemann starb 1894, und sie selbst verstarb am 2. Oktober 1899 im Alter von 76 Jahren in Manchester.<\/p>\n\n\n\n<div class=\"wp-block-uagb-image uagb-block-d669f25e wp-block-uagb-image--layout-default wp-block-uagb-image--effect-static wp-block-uagb-image--align-none\"><figure class=\"wp-block-uagb-image__figure\"><img loading=\"lazy\" decoding=\"async\" srcset=\"https:\/\/nuevo-renacer.com\/wp-content\/uploads\/2024\/07\/Dr.Britten.jpg ,https:\/\/ufec-mundial.com\/wp-content\/uploads\/2024\/07\/Dr.Britten.jpg 780w, https:\/\/ufec-mundial.com\/wp-content\/uploads\/2024\/07\/Dr.Britten.jpg 360w\" sizes=\"auto, (max-width: 480px) 150px\" src=\"https:\/\/nuevo-renacer.com\/wp-content\/uploads\/2024\/07\/Dr.Britten.jpg\" alt=\"\" class=\"uag-image-3197\" width=\"200\" height=\"252\" title=\"Dr. William Britten\" role=\"img\"\/><figcaption class=\"uagb-image-caption\">Dr. William Britten<\/figcaption><\/figure><\/div>\n<\/div><\/div>\n\n\n\n<div class=\"wp-block-uagb-container uagb-block-9f48368b alignfull uagb-is-root-container\"><div class=\"uagb-container-inner-blocks-wrap\"><\/div><\/div>\n\n\n\n<div class=\"wp-block-uagb-container uagb-block-f43e81b5 alignfull uagb-is-root-container\"><div class=\"uagb-container-inner-blocks-wrap\"><\/div><\/div>","protected":false},"excerpt":{"rendered":"<p>Emma Hardinge Britten Ninguna historia del espiritismo estar\u00eda completa sin referencias a esta notable escritora, a la que se ha llamado la Ap\u00f3stol Pablo femenina del movimiento esp\u00edrita.&nbsp; Naci\u00f3 en Londres, Inglaterra, en 1823.&nbsp;Era una inglesa que hab\u00eda ido a Nueva York con una compa\u00f1\u00eda de teatro y se qued\u00f3 en Estados Unidos, donde viv\u00eda [&hellip;]<\/p>","protected":false},"author":1,"featured_media":0,"parent":0,"menu_order":0,"comment_status":"closed","ping_status":"closed","template":"","meta":{"_uag_custom_page_level_css":"","site-sidebar-layout":"default","site-content-layout":"","ast-site-content-layout":"default","site-content-style":"default","site-sidebar-style":"default","ast-global-header-display":"","ast-banner-title-visibility":"","ast-main-header-display":"","ast-hfb-above-header-display":"","ast-hfb-below-header-display":"","ast-hfb-mobile-header-display":"","site-post-title":"disabled","ast-breadcrumbs-content":"","ast-featured-img":"","footer-sml-layout":"","theme-transparent-header-meta":"","adv-header-id-meta":"","stick-header-meta":"","header-above-stick-meta":"","header-main-stick-meta":"","header-below-stick-meta":"","astra-migrate-meta-layouts":"set","ast-page-background-enabled":"default","ast-page-background-meta":{"desktop":{"background-color":"var(--ast-global-color-4)","background-image":"","background-repeat":"repeat","background-position":"center center","background-size":"auto","background-attachment":"scroll","background-type":"","background-media":"","overlay-type":"","overlay-color":"","overlay-opacity":"","overlay-gradient":""},"tablet":{"background-color":"","background-image":"","background-repeat":"repeat","background-position":"center center","background-size":"auto","background-attachment":"scroll","background-type":"","background-media":"","overlay-type":"","overlay-color":"","overlay-opacity":"","overlay-gradient":""},"mobile":{"background-color":"","background-image":"","background-repeat":"repeat","background-position":"center center","background-size":"auto","background-attachment":"scroll","background-type":"","background-media":"","overlay-type":"","overlay-color":"","overlay-opacity":"","overlay-gradient":""}},"ast-content-background-meta":{"desktop":{"background-color":"var(--ast-global-color-5)","background-image":"","background-repeat":"repeat","background-position":"center center","background-size":"auto","background-attachment":"scroll","background-type":"","background-media":"","overlay-type":"","overlay-color":"","overlay-opacity":"","overlay-gradient":""},"tablet":{"background-color":"var(--ast-global-color-5)","background-image":"","background-repeat":"repeat","background-position":"center center","background-size":"auto","background-attachment":"scroll","background-type":"","background-media":"","overlay-type":"","overlay-color":"","overlay-opacity":"","overlay-gradient":""},"mobile":{"background-color":"var(--ast-global-color-5)","background-image":"","background-repeat":"repeat","background-position":"center center","background-size":"auto","background-attachment":"scroll","background-type":"","background-media":"","overlay-type":"","overlay-color":"","overlay-opacity":"","overlay-gradient":""}},"footnotes":""},"class_list":["post-3189","page","type-page","status-publish","hentry"],"yoast_head":"<!-- This site is optimized with the Yoast SEO Premium plugin v24.2 (Yoast SEO v24.6) - https:\/\/yoast.com\/wordpress\/plugins\/seo\/ -->\n<title>Emma Hardinge Britten - Uni\u00f3n Esp\u00edrita<\/title>\n<meta name=\"robots\" content=\"index, follow, max-snippet:-1, max-image-preview:large, max-video-preview:-1\" \/>\n<link rel=\"canonical\" href=\"https:\/\/nuevo-renacer.com\/de\/emma-hardinge-britten\/\" \/>\n<meta property=\"og:locale\" content=\"de_DE\" \/>\n<meta property=\"og:type\" content=\"article\" \/>\n<meta property=\"og:title\" content=\"Emma Hardinge Britten\" \/>\n<meta property=\"og:description\" content=\"Emma Hardinge Britten Ninguna historia del espiritismo estar\u00eda completa sin referencias a esta notable escritora, a la que se ha llamado la Ap\u00f3stol Pablo femenina del movimiento esp\u00edrita.&nbsp; Naci\u00f3 en Londres, Inglaterra, en 1823.&nbsp;Era una inglesa que hab\u00eda ido a Nueva York con una compa\u00f1\u00eda de teatro y se qued\u00f3 en Estados Unidos, donde viv\u00eda [&hellip;]\" \/>\n<meta property=\"og:url\" content=\"https:\/\/nuevo-renacer.com\/de\/emma-hardinge-britten\/\" \/>\n<meta property=\"og:site_name\" content=\"Uni\u00f3n Esp\u00edrita\" \/>\n<meta property=\"article:publisher\" content=\"https:\/\/www.facebook.com\/groups\/3431398063740829\" \/>\n<meta property=\"article:modified_time\" content=\"2026-04-20T18:34:09+00:00\" \/>\n<meta property=\"og:image\" content=\"https:\/\/nuevo-renacer.com\/wp-content\/uploads\/2024\/07\/Dr.Britten.jpg\" \/>\n<meta name=\"twitter:card\" content=\"summary_large_image\" \/>\n<meta name=\"twitter:label1\" content=\"Gesch\u00e4tzte Lesezeit\" \/>\n\t<meta name=\"twitter:data1\" content=\"3\u00a0Minuten\" \/>\n<script type=\"application\/ld+json\" class=\"yoast-schema-graph\">{\"@context\":\"https:\/\/schema.org\",\"@graph\":[{\"@type\":\"WebPage\",\"@id\":\"https:\/\/nuevo-renacer.com\/emma-hardinge-britten\/\",\"url\":\"https:\/\/nuevo-renacer.com\/emma-hardinge-britten\/\",\"name\":\"Emma Hardinge Britten - Uni\u00f3n Esp\u00edrita\",\"isPartOf\":{\"@id\":\"https:\/\/nuevo-renacer.com\/#website\"},\"primaryImageOfPage\":{\"@id\":\"https:\/\/nuevo-renacer.com\/emma-hardinge-britten\/#primaryimage\"},\"image\":{\"@id\":\"https:\/\/nuevo-renacer.com\/emma-hardinge-britten\/#primaryimage\"},\"thumbnailUrl\":\"https:\/\/nuevo-renacer.com\/wp-content\/uploads\/2024\/07\/Dr.Britten.jpg\",\"datePublished\":\"2024-07-07T09:28:15+00:00\",\"dateModified\":\"2026-04-20T18:34:09+00:00\",\"breadcrumb\":{\"@id\":\"https:\/\/nuevo-renacer.com\/emma-hardinge-britten\/#breadcrumb\"},\"inLanguage\":\"de\",\"potentialAction\":[{\"@type\":\"ReadAction\",\"target\":[\"https:\/\/nuevo-renacer.com\/emma-hardinge-britten\/\"]}]},{\"@type\":\"ImageObject\",\"inLanguage\":\"de\",\"@id\":\"https:\/\/nuevo-renacer.com\/emma-hardinge-britten\/#primaryimage\",\"url\":\"https:\/\/nuevo-renacer.com\/wp-content\/uploads\/2024\/07\/Dr.Britten.jpg\",\"contentUrl\":\"https:\/\/nuevo-renacer.com\/wp-content\/uploads\/2024\/07\/Dr.Britten.jpg\"},{\"@type\":\"BreadcrumbList\",\"@id\":\"https:\/\/nuevo-renacer.com\/emma-hardinge-britten\/#breadcrumb\",\"itemListElement\":[{\"@type\":\"ListItem\",\"position\":1,\"name\":\"Startseite\",\"item\":\"https:\/\/nuevo-renacer.com\/\"},{\"@type\":\"ListItem\",\"position\":2,\"name\":\"Emma Hardinge Britten\"}]},{\"@type\":\"WebSite\",\"@id\":\"https:\/\/nuevo-renacer.com\/#website\",\"url\":\"https:\/\/nuevo-renacer.com\/\",\"name\":\"Uni\u00f3n Esp\u00edrita\",\"description\":\"Nuevo Renacer\",\"publisher\":{\"@id\":\"https:\/\/nuevo-renacer.com\/#organization\"},\"potentialAction\":[{\"@type\":\"SearchAction\",\"target\":{\"@type\":\"EntryPoint\",\"urlTemplate\":\"https:\/\/nuevo-renacer.com\/?s={search_term_string}\"},\"query-input\":{\"@type\":\"PropertyValueSpecification\",\"valueRequired\":true,\"valueName\":\"search_term_string\"}}],\"inLanguage\":\"de\"},{\"@type\":\"Organization\",\"@id\":\"https:\/\/nuevo-renacer.com\/#organization\",\"name\":\"UFEC\",\"url\":\"https:\/\/nuevo-renacer.com\/\",\"logo\":{\"@type\":\"ImageObject\",\"inLanguage\":\"de\",\"@id\":\"https:\/\/nuevo-renacer.com\/#\/schema\/logo\/image\/\",\"url\":\"https:\/\/nuevo-renacer.com\/wp-content\/uploads\/2024\/05\/cropped-LOGO-TERMINADO1-3-3.png\",\"contentUrl\":\"https:\/\/nuevo-renacer.com\/wp-content\/uploads\/2024\/05\/cropped-LOGO-TERMINADO1-3-3.png\",\"width\":512,\"height\":512,\"caption\":\"UFEC\"},\"image\":{\"@id\":\"https:\/\/nuevo-renacer.com\/#\/schema\/logo\/image\/\"},\"sameAs\":[\"https:\/\/www.facebook.com\/groups\/3431398063740829\"]}]}<\/script>\n<!-- \/ Yoast SEO Premium plugin. -->","yoast_head_json":{"title":"Emma Hardinge Britten - Uni\u00f3n Esp\u00edrita","robots":{"index":"index","follow":"follow","max-snippet":"max-snippet:-1","max-image-preview":"max-image-preview:large","max-video-preview":"max-video-preview:-1"},"canonical":"https:\/\/nuevo-renacer.com\/de\/emma-hardinge-britten\/","og_locale":"de_DE","og_type":"article","og_title":"Emma Hardinge Britten","og_description":"Emma Hardinge Britten Ninguna historia del espiritismo estar\u00eda completa sin referencias a esta notable escritora, a la que se ha llamado la Ap\u00f3stol Pablo femenina del movimiento esp\u00edrita.&nbsp; Naci\u00f3 en Londres, Inglaterra, en 1823.&nbsp;Era una inglesa que hab\u00eda ido a Nueva York con una compa\u00f1\u00eda de teatro y se qued\u00f3 en Estados Unidos, donde viv\u00eda [&hellip;]","og_url":"https:\/\/nuevo-renacer.com\/de\/emma-hardinge-britten\/","og_site_name":"Uni\u00f3n Esp\u00edrita","article_publisher":"https:\/\/www.facebook.com\/groups\/3431398063740829","article_modified_time":"2026-04-20T18:34:09+00:00","og_image":[{"url":"https:\/\/nuevo-renacer.com\/wp-content\/uploads\/2024\/07\/Dr.Britten.jpg","type":"","width":"","height":""}],"twitter_card":"summary_large_image","twitter_misc":{"Gesch\u00e4tzte Lesezeit":"3\u00a0Minuten"},"schema":{"@context":"https:\/\/schema.org","@graph":[{"@type":"WebPage","@id":"https:\/\/nuevo-renacer.com\/emma-hardinge-britten\/","url":"https:\/\/nuevo-renacer.com\/emma-hardinge-britten\/","name":"Emma Hardinge Britten - Uni\u00f3n Esp\u00edrita","isPartOf":{"@id":"https:\/\/nuevo-renacer.com\/#website"},"primaryImageOfPage":{"@id":"https:\/\/nuevo-renacer.com\/emma-hardinge-britten\/#primaryimage"},"image":{"@id":"https:\/\/nuevo-renacer.com\/emma-hardinge-britten\/#primaryimage"},"thumbnailUrl":"https:\/\/nuevo-renacer.com\/wp-content\/uploads\/2024\/07\/Dr.Britten.jpg","datePublished":"2024-07-07T09:28:15+00:00","dateModified":"2026-04-20T18:34:09+00:00","breadcrumb":{"@id":"https:\/\/nuevo-renacer.com\/emma-hardinge-britten\/#breadcrumb"},"inLanguage":"de","potentialAction":[{"@type":"ReadAction","target":["https:\/\/nuevo-renacer.com\/emma-hardinge-britten\/"]}]},{"@type":"ImageObject","inLanguage":"de","@id":"https:\/\/nuevo-renacer.com\/emma-hardinge-britten\/#primaryimage","url":"https:\/\/nuevo-renacer.com\/wp-content\/uploads\/2024\/07\/Dr.Britten.jpg","contentUrl":"https:\/\/nuevo-renacer.com\/wp-content\/uploads\/2024\/07\/Dr.Britten.jpg"},{"@type":"BreadcrumbList","@id":"https:\/\/nuevo-renacer.com\/emma-hardinge-britten\/#breadcrumb","itemListElement":[{"@type":"ListItem","position":1,"name":"Startseite","item":"https:\/\/nuevo-renacer.com\/"},{"@type":"ListItem","position":2,"name":"Emma Hardinge Britten"}]},{"@type":"WebSite","@id":"https:\/\/nuevo-renacer.com\/#website","url":"https:\/\/nuevo-renacer.com\/","name":"Uni\u00f3n Esp\u00edrita","description":"Nuevo Renacer","publisher":{"@id":"https:\/\/nuevo-renacer.com\/#organization"},"potentialAction":[{"@type":"SearchAction","target":{"@type":"EntryPoint","urlTemplate":"https:\/\/nuevo-renacer.com\/?s={search_term_string}"},"query-input":{"@type":"PropertyValueSpecification","valueRequired":true,"valueName":"search_term_string"}}],"inLanguage":"de"},{"@type":"Organization","@id":"https:\/\/nuevo-renacer.com\/#organization","name":"UFEC","url":"https:\/\/nuevo-renacer.com\/","logo":{"@type":"ImageObject","inLanguage":"de","@id":"https:\/\/nuevo-renacer.com\/#\/schema\/logo\/image\/","url":"https:\/\/nuevo-renacer.com\/wp-content\/uploads\/2024\/05\/cropped-LOGO-TERMINADO1-3-3.png","contentUrl":"https:\/\/nuevo-renacer.com\/wp-content\/uploads\/2024\/05\/cropped-LOGO-TERMINADO1-3-3.png","width":512,"height":512,"caption":"UFEC"},"image":{"@id":"https:\/\/nuevo-renacer.com\/#\/schema\/logo\/image\/"},"sameAs":["https:\/\/www.facebook.com\/groups\/3431398063740829"]}]}},"uagb_featured_image_src":{"full":false,"thumbnail":false,"medium":false,"medium_large":false,"large":false,"1536x1536":false,"2048x2048":false,"trp-custom-language-flag":false},"uagb_author_info":{"display_name":"adbv0","author_link":"https:\/\/nuevo-renacer.com\/de\/author\/adbv0\/"},"uagb_comment_info":0,"uagb_excerpt":"Emma Hardinge Britten Ninguna historia del espiritismo estar\u00eda completa sin referencias a esta notable escritora, a la que se ha llamado la Ap\u00f3stol Pablo femenina del movimiento esp\u00edrita.&nbsp; Naci\u00f3 en Londres, Inglaterra, en 1823.&nbsp;Era una inglesa que hab\u00eda ido a Nueva York con una compa\u00f1\u00eda de teatro y se qued\u00f3 en Estados Unidos, donde viv\u00eda&hellip;","jetpack_sharing_enabled":true,"_links":{"self":[{"href":"https:\/\/nuevo-renacer.com\/de\/wp-json\/wp\/v2\/pages\/3189","targetHints":{"allow":["GET"]}}],"collection":[{"href":"https:\/\/nuevo-renacer.com\/de\/wp-json\/wp\/v2\/pages"}],"about":[{"href":"https:\/\/nuevo-renacer.com\/de\/wp-json\/wp\/v2\/types\/page"}],"author":[{"embeddable":true,"href":"https:\/\/nuevo-renacer.com\/de\/wp-json\/wp\/v2\/users\/1"}],"replies":[{"embeddable":true,"href":"https:\/\/nuevo-renacer.com\/de\/wp-json\/wp\/v2\/comments?post=3189"}],"version-history":[{"count":7,"href":"https:\/\/nuevo-renacer.com\/de\/wp-json\/wp\/v2\/pages\/3189\/revisions"}],"predecessor-version":[{"id":8878,"href":"https:\/\/nuevo-renacer.com\/de\/wp-json\/wp\/v2\/pages\/3189\/revisions\/8878"}],"wp:attachment":[{"href":"https:\/\/nuevo-renacer.com\/de\/wp-json\/wp\/v2\/media?parent=3189"}],"curies":[{"name":"wp","href":"https:\/\/api.w.org\/{rel}","templated":true}]}}