{"id":3130,"date":"2024-07-06T12:55:46","date_gmt":"2024-07-06T12:55:46","guid":{"rendered":"https:\/\/ufec-mundial.com\/?page_id=3130"},"modified":"2026-04-20T19:15:18","modified_gmt":"2026-04-20T19:15:18","slug":"victor-hugo","status":"publish","type":"page","link":"https:\/\/nuevo-renacer.com\/de\/victor-hugo\/","title":{"rendered":"V\u00edctor Hugo"},"content":{"rendered":"<div class=\"wp-block-uagb-container uagb-block-0a16b732 alignfull uagb-is-root-container\"><div class=\"uagb-container-inner-blocks-wrap\">\n<p class=\"has-black-color has-text-color has-link-color has-medium-font-size wp-elements-fb2d57bd8788c02cc94f3a2e28ceeef4\"><strong>V\u00edctor Hugo<\/strong>&nbsp;<\/p>\n<\/div><\/div>\n\n\n\n<div class=\"wp-block-uagb-container uagb-block-1f015221 alignfull uagb-is-root-container\"><div class=\"uagb-container-inner-blocks-wrap\">\n<div class=\"wp-block-uagb-image alignleft uagb-block-8863a287 wp-block-uagb-image--layout-default wp-block-uagb-image--effect-static wp-block-uagb-image--align-left\"><figure class=\"wp-block-uagb-image__figure\"><img loading=\"lazy\" decoding=\"async\" srcset=\"https:\/\/nuevo-renacer.com\/wp-content\/uploads\/2026\/04\/Victor-Hugo.jpg ,https:\/\/nuevo-renacer.com\/wp-content\/uploads\/2026\/04\/Victor-Hugo.jpg 780w, https:\/\/nuevo-renacer.com\/wp-content\/uploads\/2026\/04\/Victor-Hugo.jpg 360w\" sizes=\"auto, (max-width: 480px) 150px\" src=\"https:\/\/nuevo-renacer.com\/wp-content\/uploads\/2026\/04\/Victor-Hugo.jpg\" alt=\"\" class=\"uag-image-8901\" width=\"198\" height=\"262\" title=\"Victor Hugo\" role=\"img\"\/><\/figure><\/div>\n<\/div><\/div>\n\n\n\n<div class=\"wp-block-uagb-container uagb-block-9f2d6657 alignfull uagb-is-root-container\"><div class=\"uagb-container-inner-blocks-wrap\">\n<p class=\"has-black-color has-text-color has-link-color has-small-font-size wp-elements-d96136d9f0c9a8a953db7ae29c07949f\">Victor-Marie Hugo wurde am 26. Februar 1802 in Besan\u00e7on, Frankreich, geboren. Als Sohn des Grafen Joseph L\u00e9opold-Sigisbert Hugo, eines napoleonischen Generals und Sophie Tr\u00e9bucher verbrachte er den gr\u00f6\u00dften Teil seiner Kindheit au\u00dferhalb Frankreichs und war st\u00e4ndig auf Reisen, die zum Leben seines Vaters geh\u00f6rten. Er war nicht nur ein gro\u00dfer Romanautor, Dichter, Dramatiker und Zeichner, sondern auch ein Mann, der sich sehr f\u00fcr den Spiritismus interessierte. Nach dem Verlust seiner Tochter machte er es sich zur Aufgabe, mit ihr \u00fcber den Tod hinaus zu kommunizieren.&nbsp;<\/p>\n\n\n\n<div class=\"wp-block-group is-layout-constrained wp-block-group-is-layout-constrained\">\n<p class=\"has-black-color has-text-color has-link-color has-small-font-size wp-elements-84c11809b792f3c780e23b3cacbe338d\">Im November 1853 schrieb Victor Hugo in sein Tagebuch: <\/p>\n\n\n\n<p class=\"has-black-color has-text-color has-link-color has-small-font-size wp-elements-b412fcc5fc59c6fadaa6c5973bc8cf87\"><em>\"Der Himmel hat mir durch diese S\u00e9ancen die Person zur\u00fcckgegeben, die ich in meinem Leben am meisten geliebt habe: meine Tochter L\u00e9opoldine\".<\/em>.&nbsp;<\/p>\n<\/div>\n\n\n\n<p class=\"has-black-color has-text-color has-link-color has-small-font-size wp-elements-99d9a7fa186c429137cbce468e678bd9\">1843 heiratete Victor Hugos \u00e4lteste Tochter Charles Vacquerie, einen wohlhabenden, gut aussehenden jungen Mann mit gewissen literarischen Interessen, die er euphorisch mit seinem Schwiegervater teilte. An einem warmen, blauen 4. September 1843, kaum zehn Monate nach der Hochzeit - sie war bereits schwanger - gingen L\u00e9opoldine und Charles in Villequier an der Seine an Bord eines Bootes. Wenige Stunden sp\u00e4ter kentert das Boot in den M\u00e4andern des Flusses. L\u00e9opoldine sank, und Charles suchte vergeblich nach ihr. Er konnte sich selbst retten, aber wahrscheinlich in seiner Verzweiflung lie\u00df er sich treiben.&nbsp;<\/p>\n\n\n\n<p class=\"has-black-color has-text-color has-link-color has-small-font-size wp-elements-10b95b7f8bf0fe59d7ac2c847776ea6e\">Victor Hugo war zu dieser Zeit in Nordspanien unterwegs, in Begleitung seiner Geliebten Juliette Drouet. Nach ihrem Spaziergang kamen der Dichter und seine Geliebte in dem Dorf Soubise an und gingen in einem \u00f6rtlichen Restaurant zu Abend essen. Am Nebentisch wurde eine Pariser Zeitung, der Charivari, vergessen. In dem Moment, den Victor Hugo als \"den schrecklichsten Moment meines Lebens\" bezeichnete, las er die Schlagzeile: \"Victor Hugos Tochter in der Seine ertrunken\". In dieser Nacht schrieb er einen einzigen Satz in sein Tagebuch: \"Mein Gott, was habe ich dir angetan?\" Nach mehreren Versuchen, sich an das tyrannische Regime von Napoleon III. anzupassen, und unter der realen Bedrohung einer Verhaftung, beschloss er, dass er und seine Familie nicht l\u00e4nger in Paris bleiben konnten. 1851 flohen sie nach Br\u00fcssel und lie\u00dfen sich zwei Jahre sp\u00e4ter auf der Insel Jersey nieder.&nbsp;<\/p>\n\n\n\n<p class=\"has-black-color has-text-color has-link-color has-small-font-size wp-elements-b0d8380112240791d7311845681297da\">Wenige Monate, nachdem sie sich dort niedergelassen hatten, besuchte Delphine de Girardin, eine langj\u00e4hrige Freundin der Familie, die sich in letzter Zeit als geschicktes Medium f\u00fcr die Beschw\u00f6rung der Geister der Verstorbenen erwiesen hatte, die Familie. Victor Hugo war zun\u00e4chst skeptisch, h\u00f6rte sich aber Delphines Vorgehensweise aufmerksam an. Delphine bat darum, den Tisch zu sehen, den sie f\u00fcr geeignet hielten. Es war ein kleiner quadratischer Tisch mit vier Beinen. Delphine brach in Gel\u00e4chter aus: <em>\"Kein Geist w\u00fcrde sich darin manifestieren, egal wie schwer er auch sein mag\".<\/em>. Leider war das Haus nicht von einem Spezialisten f\u00fcr Okkultismus eingerichtet worden. Um keine schlechte Erfahrung zu riskieren, fuhr Delphine noch am selben Nachmittag nach Saint-H\u00e9lier und durchst\u00f6berte unerm\u00fcdlich die M\u00f6belgesch\u00e4fte, bis sie einen sehr kleinen runden Tisch mit drei Beinen fand. Noch am selben Abend versuchten sie die erste Sitzung, ohne Erfolg.&nbsp;<\/p>\n\n\n\n<p class=\"has-black-color has-text-color has-link-color has-small-font-size wp-elements-3523aca262d562cb97b57d5463faf251\">Am n\u00e4chsten Tag geschah das Gleiche. Vier Tage lang beharrte die Gruppe - zu der auch Hugos Kinder geh\u00f6rten - stundenlang darauf, ohne die geringste Antwort aus der \"anderen\" Welt zu erhalten. Victor Hugo langweilt sich und steht immer wieder vom Tisch auf. Schlie\u00dflich, am Sonntag, dem 11. September 1853 (zehn Jahre nach dem Tod von L\u00e9opoldine), begann der kleine Tisch durch das Klopfen auf dem Boden Worte auszusenden. Anwesend waren neben Delphine Victor Hugo, seine Frau, seine Kinder und General Auguste Vacquerie, der Onkel von L\u00e9opoldines Mann.&nbsp;<\/p>\n\n\n\n<div class=\"wp-block-group is-layout-constrained wp-block-group-is-layout-constrained\">\n<p class=\"has-black-color has-text-color has-link-color has-small-font-size wp-elements-d03a884a6c5ce67fc079136153f53408\">Bei einer Gelegenheit fragte seine Tochter Ad\u00e8le Victor Hugo: &nbsp;<\/p>\n\n\n\n<p class=\"has-black-color has-text-color has-link-color has-small-font-size wp-elements-37770837785f656753eee750fefd3d80\">\"Was ist mit diesemTisch, dass er das tun kann?\", und er antwortete: \"Da ist Leben\".&nbsp;<\/p>\n<\/div>\n\n\n\n<p class=\"has-black-color has-text-color has-link-color has-small-font-size wp-elements-c35d4ad2460f7d86c94344015c2ae4ec\">Zun\u00e4chst waren die Botschaften kurz, verstreut, bruchst\u00fcckhaft, fast unzusammenh\u00e4ngend. Pl\u00f6tzlich fragte Auguste Vacquerie den Tisch: \"Raten Sie mal, an welches Wort ich gerade denke. Der Tisch klopfte: \"Leiden\". Das sei nicht das richtige Wort, sagte Vacquerie. Er hatte an \"Liebe\" gedacht. Doch im Laufe der n\u00e4chsten Minuten wurden die Bewegungen des Tisches immer abrupter. &nbsp;<\/p>\n\n\n\n<div class=\"wp-block-group is-layout-constrained wp-block-group-is-layout-constrained\">\n<div class=\"wp-block-group is-layout-constrained wp-block-group-is-layout-constrained\">\n<p class=\"has-black-color has-text-color has-link-color has-small-font-size wp-elements-528dbce06b0f2de59f9c179fd10fa790\"><strong>Bist du noch derselbe Geist, der dort war? (fragte Delphine) &nbsp;<\/strong><\/p>\n\n\n\n<p class=\"has-black-color has-text-color has-link-color has-small-font-size wp-elements-8a1d3f8d0cc43dd09763069275454c3b\"><em>Nein (antwortete der Geist) &nbsp;<\/em><\/p>\n\n\n\n<p class=\"has-black-color has-text-color has-link-color has-small-font-size wp-elements-65332527843854314121c110c424ca48\"><strong>Wer bist du? (fragte Victor Hugo) &nbsp;<\/strong><\/p>\n\n\n\n<p class=\"has-black-color has-text-color has-link-color has-small-font-size wp-elements-a5381cd4530a7ad0a0b1241fa2febca2\">Die Antwort kam prompt: &nbsp;<\/p>\n\n\n\n<p class=\"has-black-color has-text-color has-link-color has-small-font-size wp-elements-45a0621a477d2161c1c27c54512a3388\"><em>Totes M\u00e4dchen. &nbsp;<\/em><\/p>\n\n\n\n<p class=\"has-black-color has-text-color has-link-color has-small-font-size wp-elements-ca31ab2392584732364731979bc7614d\">Und Victor Hugo fragte erneut: &nbsp;<\/p>\n\n\n\n<p class=\"has-black-color has-text-color has-link-color has-small-font-size wp-elements-c09cb7b6b85e1b2e8172250f6a1eb903\"><strong>Dein Name?. &nbsp;<\/strong><\/p>\n\n\n\n<p class=\"has-black-color has-text-color has-link-color has-small-font-size wp-elements-d6404f03f1584e11cadd2737e06b0175\">Der Tisch schlug auf: &nbsp;<\/p>\n\n\n\n<p class=\"has-black-color has-text-color has-link-color has-small-font-size wp-elements-97db53d354ecba57988aa66db0fb9e2c\"><em>L.\u00c9.O.P.O.L.D.I.N.E. &nbsp;<\/em><\/p>\n<\/div>\n<\/div>\n\n\n\n<p class=\"has-black-color has-text-color has-link-color has-small-font-size wp-elements-bf1e7cbe02ff119e6c41b30e39ce6df9\">Es folgten weitere Fragen von Victor Hugo und Antworten von seiner Tochter als Geistwesen.&nbsp;<\/p>\n\n\n\n<p class=\"has-black-color has-text-color has-link-color has-small-font-size wp-elements-69fc21152671432327f4e71a11ed63e1\">Nach dieser ersten Sitzung mit dem Geist von L\u00e9opoldine - der mit sehr \u00e4hnlichen Botschaften zur\u00fcckkehrte - hatte Victor Hugo Gelegenheit, sich mit Shakespeare, Moli\u00e8re, Mozart, Dante, Aischylos, Platon, Galilei, Napoleon (dem Gro\u00dfen), Josua, Luther und anderen Pers\u00f6nlichkeiten zu unterhalten. Einige dieser Gespr\u00e4che sind bewundernswert, andere sind eher langweilig. Aber Victor Hugo schien dies als Teil des \u00fcbernat\u00fcrlichen Ph\u00e4nomens zu betrachten und es schien seine Begeisterung nicht zu schm\u00e4lern. Als er beispielsweise Luther gegen\u00fcber seine Zweifel an der Wahrhaftigkeit und Angemessenheit der S\u00e9ancen und der darin auftretenden Personen \u00e4u\u00dferte, antwortete dieser: \"Hab keine Angst zu zweifeln. Zweifle alles noch mehr an. Vermeide Gewissheiten. Shakespeare zweifelte und schuf Hamlet. Cervantes zweifelte und schuf Don Quijote. Dante zweifelte und schuf die H\u00f6lle. Aischylos zweifelte und schuf Prometheus. Ich habe gezweifelt und eine Religion erschaffen\".&nbsp;<\/p>\n\n\n\n<p class=\"has-black-color has-text-color has-link-color has-small-font-size wp-elements-2e67a4b4ecc1af41ebd7b4c441be81d3\">Er verbrachte Stunden um Stunden - manchmal sogar ganze N\u00e4chte, bis es \"hell wurde\" - damit, in gro\u00dfer Euphorie die Dialoge der Sitzungen zu transkribieren.&nbsp;<\/p>\n\n\n\n<div class=\"wp-block-group is-layout-constrained wp-block-group-is-layout-constrained\">\n<p class=\"has-black-color has-text-color has-link-color has-small-font-size wp-elements-16f05c3e268264fac1b707095be3c194\">V\u00edctor Hugo schrieb: <\/p>\n\n\n\n<p class=\"has-black-color has-text-color has-link-color has-small-font-size wp-elements-1d7d6e0c03d7bd41c6eee2d5eacc848b\"><em>\"Nachts ist mein Atelier von seltsamen Ger\u00e4uschen erf\u00fcllt. Es wird an die Wand geklopft. Papiere fliegen auf unerkl\u00e4rliche Weise. Lampen gehen von selbst aus\".<\/em>. Er bemerkte auch, dass er, wenn er nachts aufwachte, Angst hatte, den Wesen zu begegnen, die sich in den Sitzungen manifestierten.&nbsp;<\/p>\n<\/div>\n\n\n\n<p class=\"has-black-color has-text-color has-link-color has-small-font-size wp-elements-2833c57fcd25833f8dda8f4d4cd42769\">Wie zu erwarten war, riet der Hausarzt der Familie ihnen, die spiritistischen Praktiken aufzugeben. Madame Hugo beschloss eines Tages, sie abzubrechen.&nbsp;<\/p>\n\n\n\n<div class=\"wp-block-group is-layout-constrained wp-block-group-is-layout-constrained\">\n<p class=\"has-black-color has-text-color has-link-color has-small-font-size wp-elements-fb1f1f36a80712e2346fbda29d56dea8\">In einer Notiz in seinem Tagebuch schrieb Victor Hugo:&nbsp;<\/p>\n\n\n\n<p class=\"has-black-color has-text-color has-link-color has-small-font-size wp-elements-9b55cd1bae89929dbbb8825ef983a9d6\">&nbsp;<em>\"Heute kann ich nur die Existenz eines Ph\u00e4nomens bezeugen, das sich durch die Drehungen und Wendungen eines Sockeltisches manifestiert: die Existenz vieler anderer Welten - vielleicht n\u00e4her an unserer eigenen, als wir vermuten - und der Ewigkeit der Seelen. Nat\u00fcrlich habe ich nie eine einzige Zeile aus diesem Mysterium in mein Werk gemischt. Ich habe solches Material immer gewissenhaft dem Unbekannten \u00fcberlassen, aus dem es stammt. Ich habe nicht einmal einen schwachen Abglanz seiner Lichter in meiner Schrift zugelassen. Das Werk der menschlichen Vernunft muss sich von diesen unergr\u00fcndlichen Ph\u00e4nomenen fernhalten und darf niemals versuchen, sie sich anzueignen. Es k\u00f6nnte dies nicht tun. Die Manifestationen des Unsichtbaren sind eine Tatsache, das habe ich bewiesen. Die Sch\u00f6pfungen des menschlichen Denkens sind anders, ganz anders...\".<\/em>&nbsp;<\/p>\n<\/div>\n<\/div><\/div>\n\n\n\n<div class=\"wp-block-uagb-container uagb-block-9e7f7a39 alignfull uagb-is-root-container\"><div class=\"uagb-container-inner-blocks-wrap\"><\/div><\/div>\n\n\n\n<div class=\"wp-block-uagb-container uagb-block-2d060bdb alignfull uagb-is-root-container\"><div class=\"uagb-container-inner-blocks-wrap\"><\/div><\/div>","protected":false},"excerpt":{"rendered":"<p>V\u00edctor Hugo&nbsp; Victor-Marie Hugo naci\u00f3 en Besan\u00e7on, Francia, el 26 de febrero de 1802. Hijo del conde Joseph L\u00e9opold-Sigisbert Hugo, general de Napole\u00f3n, y Sophie Tr\u00e9bucher, pas\u00f3 casi toda su infancia fuera de Francia, en viajes constantes, que formaban parte de la vida de su padre.&nbsp;Adem\u00e1s de gran novelista, poeta, dramaturgo y dibujante; fue un [&hellip;]<\/p>","protected":false},"author":1,"featured_media":0,"parent":0,"menu_order":0,"comment_status":"closed","ping_status":"closed","template":"","meta":{"_uag_custom_page_level_css":"","site-sidebar-layout":"default","site-content-layout":"","ast-site-content-layout":"default","site-content-style":"default","site-sidebar-style":"default","ast-global-header-display":"","ast-banner-title-visibility":"","ast-main-header-display":"","ast-hfb-above-header-display":"","ast-hfb-below-header-display":"","ast-hfb-mobile-header-display":"","site-post-title":"disabled","ast-breadcrumbs-content":"","ast-featured-img":"","footer-sml-layout":"","theme-transparent-header-meta":"","adv-header-id-meta":"","stick-header-meta":"","header-above-stick-meta":"","header-main-stick-meta":"","header-below-stick-meta":"","astra-migrate-meta-layouts":"set","ast-page-background-enabled":"default","ast-page-background-meta":{"desktop":{"background-color":"var(--ast-global-color-4)","background-image":"","background-repeat":"repeat","background-position":"center center","background-size":"auto","background-attachment":"scroll","background-type":"","background-media":"","overlay-type":"","overlay-color":"","overlay-opacity":"","overlay-gradient":""},"tablet":{"background-color":"","background-image":"","background-repeat":"repeat","background-position":"center center","background-size":"auto","background-attachment":"scroll","background-type":"","background-media":"","overlay-type":"","overlay-color":"","overlay-opacity":"","overlay-gradient":""},"mobile":{"background-color":"","background-image":"","background-repeat":"repeat","background-position":"center center","background-size":"auto","background-attachment":"scroll","background-type":"","background-media":"","overlay-type":"","overlay-color":"","overlay-opacity":"","overlay-gradient":""}},"ast-content-background-meta":{"desktop":{"background-color":"var(--ast-global-color-5)","background-image":"","background-repeat":"repeat","background-position":"center center","background-size":"auto","background-attachment":"scroll","background-type":"","background-media":"","overlay-type":"","overlay-color":"","overlay-opacity":"","overlay-gradient":""},"tablet":{"background-color":"var(--ast-global-color-5)","background-image":"","background-repeat":"repeat","background-position":"center center","background-size":"auto","background-attachment":"scroll","background-type":"","background-media":"","overlay-type":"","overlay-color":"","overlay-opacity":"","overlay-gradient":""},"mobile":{"background-color":"var(--ast-global-color-5)","background-image":"","background-repeat":"repeat","background-position":"center center","background-size":"auto","background-attachment":"scroll","background-type":"","background-media":"","overlay-type":"","overlay-color":"","overlay-opacity":"","overlay-gradient":""}},"footnotes":""},"class_list":["post-3130","page","type-page","status-publish","hentry"],"yoast_head":"<!-- This site is optimized with the Yoast SEO Premium plugin v24.2 (Yoast SEO v24.6) - https:\/\/yoast.com\/wordpress\/plugins\/seo\/ -->\n<title>V\u00edctor Hugo - Uni\u00f3n Esp\u00edrita<\/title>\n<meta name=\"robots\" content=\"index, follow, max-snippet:-1, max-image-preview:large, max-video-preview:-1\" \/>\n<link rel=\"canonical\" href=\"https:\/\/nuevo-renacer.com\/de\/victor-hugo\/\" \/>\n<meta property=\"og:locale\" content=\"de_DE\" \/>\n<meta property=\"og:type\" content=\"article\" \/>\n<meta property=\"og:title\" content=\"V\u00edctor Hugo\" \/>\n<meta property=\"og:description\" content=\"V\u00edctor Hugo&nbsp; Victor-Marie Hugo naci\u00f3 en Besan\u00e7on, Francia, el 26 de febrero de 1802. Hijo del conde Joseph L\u00e9opold-Sigisbert Hugo, general de Napole\u00f3n, y Sophie Tr\u00e9bucher, pas\u00f3 casi toda su infancia fuera de Francia, en viajes constantes, que formaban parte de la vida de su padre.&nbsp;Adem\u00e1s de gran novelista, poeta, dramaturgo y dibujante; fue un [&hellip;]\" \/>\n<meta property=\"og:url\" content=\"https:\/\/nuevo-renacer.com\/de\/victor-hugo\/\" \/>\n<meta property=\"og:site_name\" content=\"Uni\u00f3n Esp\u00edrita\" \/>\n<meta property=\"article:publisher\" content=\"https:\/\/www.facebook.com\/groups\/3431398063740829\" \/>\n<meta property=\"article:modified_time\" content=\"2026-04-20T19:15:18+00:00\" \/>\n<meta property=\"og:image\" content=\"https:\/\/nuevo-renacer.com\/wp-content\/uploads\/2026\/04\/Victor-Hugo.jpg\" \/>\n<meta name=\"twitter:card\" content=\"summary_large_image\" \/>\n<meta name=\"twitter:label1\" content=\"Gesch\u00e4tzte Lesezeit\" \/>\n\t<meta name=\"twitter:data1\" content=\"7\u00a0Minuten\" \/>\n<script type=\"application\/ld+json\" class=\"yoast-schema-graph\">{\"@context\":\"https:\/\/schema.org\",\"@graph\":[{\"@type\":\"WebPage\",\"@id\":\"https:\/\/nuevo-renacer.com\/victor-hugo\/\",\"url\":\"https:\/\/nuevo-renacer.com\/victor-hugo\/\",\"name\":\"V\u00edctor Hugo - Uni\u00f3n Esp\u00edrita\",\"isPartOf\":{\"@id\":\"https:\/\/nuevo-renacer.com\/#website\"},\"primaryImageOfPage\":{\"@id\":\"https:\/\/nuevo-renacer.com\/victor-hugo\/#primaryimage\"},\"image\":{\"@id\":\"https:\/\/nuevo-renacer.com\/victor-hugo\/#primaryimage\"},\"thumbnailUrl\":\"https:\/\/nuevo-renacer.com\/wp-content\/uploads\/2026\/04\/Victor-Hugo.jpg\",\"datePublished\":\"2024-07-06T12:55:46+00:00\",\"dateModified\":\"2026-04-20T19:15:18+00:00\",\"breadcrumb\":{\"@id\":\"https:\/\/nuevo-renacer.com\/victor-hugo\/#breadcrumb\"},\"inLanguage\":\"de\",\"potentialAction\":[{\"@type\":\"ReadAction\",\"target\":[\"https:\/\/nuevo-renacer.com\/victor-hugo\/\"]}]},{\"@type\":\"ImageObject\",\"inLanguage\":\"de\",\"@id\":\"https:\/\/nuevo-renacer.com\/victor-hugo\/#primaryimage\",\"url\":\"https:\/\/nuevo-renacer.com\/wp-content\/uploads\/2026\/04\/Victor-Hugo.jpg\",\"contentUrl\":\"https:\/\/nuevo-renacer.com\/wp-content\/uploads\/2026\/04\/Victor-Hugo.jpg\"},{\"@type\":\"BreadcrumbList\",\"@id\":\"https:\/\/nuevo-renacer.com\/victor-hugo\/#breadcrumb\",\"itemListElement\":[{\"@type\":\"ListItem\",\"position\":1,\"name\":\"Startseite\",\"item\":\"https:\/\/nuevo-renacer.com\/\"},{\"@type\":\"ListItem\",\"position\":2,\"name\":\"V\u00edctor Hugo\"}]},{\"@type\":\"WebSite\",\"@id\":\"https:\/\/nuevo-renacer.com\/#website\",\"url\":\"https:\/\/nuevo-renacer.com\/\",\"name\":\"Uni\u00f3n Esp\u00edrita\",\"description\":\"Nuevo Renacer\",\"publisher\":{\"@id\":\"https:\/\/nuevo-renacer.com\/#organization\"},\"potentialAction\":[{\"@type\":\"SearchAction\",\"target\":{\"@type\":\"EntryPoint\",\"urlTemplate\":\"https:\/\/nuevo-renacer.com\/?s={search_term_string}\"},\"query-input\":{\"@type\":\"PropertyValueSpecification\",\"valueRequired\":true,\"valueName\":\"search_term_string\"}}],\"inLanguage\":\"de\"},{\"@type\":\"Organization\",\"@id\":\"https:\/\/nuevo-renacer.com\/#organization\",\"name\":\"UFEC\",\"url\":\"https:\/\/nuevo-renacer.com\/\",\"logo\":{\"@type\":\"ImageObject\",\"inLanguage\":\"de\",\"@id\":\"https:\/\/nuevo-renacer.com\/#\/schema\/logo\/image\/\",\"url\":\"https:\/\/nuevo-renacer.com\/wp-content\/uploads\/2024\/05\/cropped-LOGO-TERMINADO1-3-3.png\",\"contentUrl\":\"https:\/\/nuevo-renacer.com\/wp-content\/uploads\/2024\/05\/cropped-LOGO-TERMINADO1-3-3.png\",\"width\":512,\"height\":512,\"caption\":\"UFEC\"},\"image\":{\"@id\":\"https:\/\/nuevo-renacer.com\/#\/schema\/logo\/image\/\"},\"sameAs\":[\"https:\/\/www.facebook.com\/groups\/3431398063740829\"]}]}<\/script>\n<!-- \/ Yoast SEO Premium plugin. -->","yoast_head_json":{"title":"V\u00edctor Hugo - Uni\u00f3n Esp\u00edrita","robots":{"index":"index","follow":"follow","max-snippet":"max-snippet:-1","max-image-preview":"max-image-preview:large","max-video-preview":"max-video-preview:-1"},"canonical":"https:\/\/nuevo-renacer.com\/de\/victor-hugo\/","og_locale":"de_DE","og_type":"article","og_title":"V\u00edctor Hugo","og_description":"V\u00edctor Hugo&nbsp; Victor-Marie Hugo naci\u00f3 en Besan\u00e7on, Francia, el 26 de febrero de 1802. Hijo del conde Joseph L\u00e9opold-Sigisbert Hugo, general de Napole\u00f3n, y Sophie Tr\u00e9bucher, pas\u00f3 casi toda su infancia fuera de Francia, en viajes constantes, que formaban parte de la vida de su padre.&nbsp;Adem\u00e1s de gran novelista, poeta, dramaturgo y dibujante; fue un [&hellip;]","og_url":"https:\/\/nuevo-renacer.com\/de\/victor-hugo\/","og_site_name":"Uni\u00f3n Esp\u00edrita","article_publisher":"https:\/\/www.facebook.com\/groups\/3431398063740829","article_modified_time":"2026-04-20T19:15:18+00:00","og_image":[{"url":"https:\/\/nuevo-renacer.com\/wp-content\/uploads\/2026\/04\/Victor-Hugo.jpg","type":"","width":"","height":""}],"twitter_card":"summary_large_image","twitter_misc":{"Gesch\u00e4tzte Lesezeit":"7\u00a0Minuten"},"schema":{"@context":"https:\/\/schema.org","@graph":[{"@type":"WebPage","@id":"https:\/\/nuevo-renacer.com\/victor-hugo\/","url":"https:\/\/nuevo-renacer.com\/victor-hugo\/","name":"V\u00edctor Hugo - Uni\u00f3n Esp\u00edrita","isPartOf":{"@id":"https:\/\/nuevo-renacer.com\/#website"},"primaryImageOfPage":{"@id":"https:\/\/nuevo-renacer.com\/victor-hugo\/#primaryimage"},"image":{"@id":"https:\/\/nuevo-renacer.com\/victor-hugo\/#primaryimage"},"thumbnailUrl":"https:\/\/nuevo-renacer.com\/wp-content\/uploads\/2026\/04\/Victor-Hugo.jpg","datePublished":"2024-07-06T12:55:46+00:00","dateModified":"2026-04-20T19:15:18+00:00","breadcrumb":{"@id":"https:\/\/nuevo-renacer.com\/victor-hugo\/#breadcrumb"},"inLanguage":"de","potentialAction":[{"@type":"ReadAction","target":["https:\/\/nuevo-renacer.com\/victor-hugo\/"]}]},{"@type":"ImageObject","inLanguage":"de","@id":"https:\/\/nuevo-renacer.com\/victor-hugo\/#primaryimage","url":"https:\/\/nuevo-renacer.com\/wp-content\/uploads\/2026\/04\/Victor-Hugo.jpg","contentUrl":"https:\/\/nuevo-renacer.com\/wp-content\/uploads\/2026\/04\/Victor-Hugo.jpg"},{"@type":"BreadcrumbList","@id":"https:\/\/nuevo-renacer.com\/victor-hugo\/#breadcrumb","itemListElement":[{"@type":"ListItem","position":1,"name":"Startseite","item":"https:\/\/nuevo-renacer.com\/"},{"@type":"ListItem","position":2,"name":"V\u00edctor Hugo"}]},{"@type":"WebSite","@id":"https:\/\/nuevo-renacer.com\/#website","url":"https:\/\/nuevo-renacer.com\/","name":"Uni\u00f3n Esp\u00edrita","description":"Nuevo Renacer","publisher":{"@id":"https:\/\/nuevo-renacer.com\/#organization"},"potentialAction":[{"@type":"SearchAction","target":{"@type":"EntryPoint","urlTemplate":"https:\/\/nuevo-renacer.com\/?s={search_term_string}"},"query-input":{"@type":"PropertyValueSpecification","valueRequired":true,"valueName":"search_term_string"}}],"inLanguage":"de"},{"@type":"Organization","@id":"https:\/\/nuevo-renacer.com\/#organization","name":"UFEC","url":"https:\/\/nuevo-renacer.com\/","logo":{"@type":"ImageObject","inLanguage":"de","@id":"https:\/\/nuevo-renacer.com\/#\/schema\/logo\/image\/","url":"https:\/\/nuevo-renacer.com\/wp-content\/uploads\/2024\/05\/cropped-LOGO-TERMINADO1-3-3.png","contentUrl":"https:\/\/nuevo-renacer.com\/wp-content\/uploads\/2024\/05\/cropped-LOGO-TERMINADO1-3-3.png","width":512,"height":512,"caption":"UFEC"},"image":{"@id":"https:\/\/nuevo-renacer.com\/#\/schema\/logo\/image\/"},"sameAs":["https:\/\/www.facebook.com\/groups\/3431398063740829"]}]}},"uagb_featured_image_src":{"full":false,"thumbnail":false,"medium":false,"medium_large":false,"large":false,"1536x1536":false,"2048x2048":false,"trp-custom-language-flag":false},"uagb_author_info":{"display_name":"adbv0","author_link":"https:\/\/nuevo-renacer.com\/de\/author\/adbv0\/"},"uagb_comment_info":0,"uagb_excerpt":"V\u00edctor Hugo&nbsp; Victor-Marie Hugo naci\u00f3 en Besan\u00e7on, Francia, el 26 de febrero de 1802. Hijo del conde Joseph L\u00e9opold-Sigisbert Hugo, general de Napole\u00f3n, y Sophie Tr\u00e9bucher, pas\u00f3 casi toda su infancia fuera de Francia, en viajes constantes, que formaban parte de la vida de su padre.&nbsp;Adem\u00e1s de gran novelista, poeta, dramaturgo y dibujante; fue un&hellip;","jetpack_sharing_enabled":true,"_links":{"self":[{"href":"https:\/\/nuevo-renacer.com\/de\/wp-json\/wp\/v2\/pages\/3130","targetHints":{"allow":["GET"]}}],"collection":[{"href":"https:\/\/nuevo-renacer.com\/de\/wp-json\/wp\/v2\/pages"}],"about":[{"href":"https:\/\/nuevo-renacer.com\/de\/wp-json\/wp\/v2\/types\/page"}],"author":[{"embeddable":true,"href":"https:\/\/nuevo-renacer.com\/de\/wp-json\/wp\/v2\/users\/1"}],"replies":[{"embeddable":true,"href":"https:\/\/nuevo-renacer.com\/de\/wp-json\/wp\/v2\/comments?post=3130"}],"version-history":[{"count":7,"href":"https:\/\/nuevo-renacer.com\/de\/wp-json\/wp\/v2\/pages\/3130\/revisions"}],"predecessor-version":[{"id":8902,"href":"https:\/\/nuevo-renacer.com\/de\/wp-json\/wp\/v2\/pages\/3130\/revisions\/8902"}],"wp:attachment":[{"href":"https:\/\/nuevo-renacer.com\/de\/wp-json\/wp\/v2\/media?parent=3130"}],"curies":[{"name":"wp","href":"https:\/\/api.w.org\/{rel}","templated":true}]}}