{"id":3124,"date":"2024-07-06T12:34:57","date_gmt":"2024-07-06T12:34:57","guid":{"rendered":"https:\/\/ufec-mundial.com\/?page_id=3124"},"modified":"2025-11-03T20:54:30","modified_gmt":"2025-11-03T20:54:30","slug":"salustiano-olivera-3","status":"publish","type":"page","link":"https:\/\/nuevo-renacer.com\/de\/salustiano-olivera-3\/","title":{"rendered":"Salustiano Olivera"},"content":{"rendered":"<div class=\"wp-block-uagb-container uagb-block-c71be27a alignfull uagb-is-root-container\"><div class=\"uagb-container-inner-blocks-wrap\">\n<p class=\"has-black-color has-text-color has-link-color has-medium-font-size wp-elements-89e72c217b001067abca236e2a4b57fe\"><strong>Salustiano Olivera<\/strong><\/p>\n<\/div><\/div>\n\n\n\n<div class=\"wp-block-uagb-container uagb-block-6566831b alignfull uagb-is-root-container\"><div class=\"uagb-container-inner-blocks-wrap\">\n<div class=\"wp-block-uagb-image alignleft uagb-block-64c82359 wp-block-uagb-image--layout-default wp-block-uagb-image--effect-static wp-block-uagb-image--align-left\"><figure class=\"wp-block-uagb-image__figure\"><img loading=\"lazy\" decoding=\"async\" srcset=\"https:\/\/nuevo-renacer.com\/wp-content\/uploads\/2024\/06\/438095049_1013065210401077_1435620381054408563_n-1.jpg ,https:\/\/nuevo-renacer.com\/wp-content\/uploads\/2024\/06\/438095049_1013065210401077_1435620381054408563_n-1.jpg 780w, https:\/\/nuevo-renacer.com\/wp-content\/uploads\/2024\/06\/438095049_1013065210401077_1435620381054408563_n-1.jpg 360w\" sizes=\"auto, (max-width: 480px) 150px\" src=\"https:\/\/nuevo-renacer.com\/wp-content\/uploads\/2024\/06\/438095049_1013065210401077_1435620381054408563_n-1.jpg\" alt=\"\" class=\"uag-image-2556\" width=\"216\" height=\"232\" title=\"Salustiano Olivera\" role=\"img\"\/><\/figure><\/div>\n<\/div><\/div>\n\n\n\n<div class=\"wp-block-uagb-container uagb-block-47a0fba1 alignfull uagb-is-root-container\"><div class=\"uagb-container-inner-blocks-wrap\">\n<p class=\"has-black-color has-text-color has-link-color has-small-font-size wp-elements-4e13037550af897100c0fada987aa9e5\">Er war ein bescheidener Fuhrmann, Landwirt, Spiritist, Heiler und Soldat in der Befreiungsarmee, wo er am 24. Februar 1895, w\u00e4hrend des letzten Unabh\u00e4ngigkeitskampfes des Apostels Jos\u00e9 Mart\u00ed, Widerstand leistete.<\/p>\n\n\n\n<p class=\"has-text-align-left has-black-color has-text-color has-link-color has-small-font-size wp-elements-f90c5504327d2351168bac488cb0e35c\">Er wurde 1869 im Osten Kubas, in der heutigen Provinz Granma, geboren. Nach Angaben von Luis \u00c1ngel Fonseca Olivera, sein Urenkel f\u00fchrte sein Urgro\u00dfvater ein Boh\u00e8me-Leben, bis seine \u00e4lteste Tochter an einer scheinbar unheilbaren Geisteskrankheit erkrankte. Er erz\u00e4hlt uns, dass ihr Vater sie zu einer Spiritistin brachte, Caridad Villal\u00f3n aus Santiago de Cuba, der Gr\u00fcnderin des spiritistischen Zentrums \"Mas Luz\" (Mehr Licht), das sich in der Stra\u00dfe P\u00edo Rosado 373 zwischen Figueredo und Lora in Bayamo befindet. Sie erkannte, dass Salustiano eine gro\u00dfe Begabung und eine gro\u00dfe Aufgabe zu erf\u00fcllen hatte. Sie ebnete ihm den Weg, sich selbst zu moralisieren, bis er nach und nach ein starkes magnetisches Fluidum erreichte, f\u00fcgt Luis \u00c1ngel hinzu. In einem Interview mit Yiya Villalon, der Nichte von Cachita, gesteht sie, dass ihre Tante und Salustiano sich trafen und ihr Geist ihnen sagte, dass sie ein Zentrum gr\u00fcnden m\u00fcsse.<\/p>\n\n\n\n<p class=\"has-text-align-left has-black-color has-text-color has-link-color has-small-font-size wp-elements-6ceee7d37d7b2747f8eaebc418940991\">Die 91-j\u00e4hrige Spiritistin erz\u00e4hlt uns auch, dass Salustiano das spiritistische Zentrum M\u00e1s Luz besuchte und sich in diesem Zentrum weiterentwickelte. Mit dieser moralischen und lehrm\u00e4\u00dfigen Ausbildung und der Unterst\u00fctzung anderer Spiritisten in der \u00f6stlichen Zone, darunter Agust\u00edn S\u00e1nchez, wurde Salustiano nicht nur zum Heiler seiner eigenen Tochter, sondern auch von Hunderten von psychisch Kranken und Menschen mit anderen Leiden, die nach Aussage mehrerer Nachbarn von Monte Oscuro aus vielen Teilen des Landes in sein Zentrum kamen. Nachdem er sie geheilt hatte, soll Luis \u00c1ngel einigen von ihnen empfohlen haben, ihre eigenen spiritistischen Zentren zu gr\u00fcnden. Im Jahr 1910 begann er im spiritistischen Zentrum \"Luz y verdad\" (Licht und Wahrheit) in der Gemeinde Monte Oscuro, wenige Kilometer von der Stadt Bayamo entfernt, mit der Praxis des Cordon-Spiritismus und war zusammen mit Agust\u00edn S\u00e1nchez und Francisco Salgado einer der Begr\u00fcnder des Cordon-Spiritismus in Kuba. Obwohl das spiritistische Zentrum Luz y Verdad erst 1918 in das Vereinsregister der Republik Kuba eingetragen wurde, reichen seine Praktiken fast ein Jahrzehnt bis zu dem genannten Datum zur\u00fcck. Dieses Zentrum wurde 1948 von Don Fernando Ortiz besucht, und nach den Erkl\u00e4rungen des Forschers Rodr\u00edguez Lora bezeichnete der weise Mann den Ort als Kathedrale des Spiritismus in Kuba, Erkl\u00e4rungen und Studien, die sich in der periodischen Presse wie Bohemia 1952 widerspiegelten. <\/p>\n\n\n\n<p class=\"has-text-align-left has-black-color has-text-color has-link-color has-small-font-size wp-elements-a4e6552a94c9c91ed69442313f3c783f\">Ortiz zufolge werden diese Praktiken als \"Cordoneros de Oril\u00e9\" bezeichnet, die echt kubanisch sind, und er versicherte, dass Bayamo die Wiege der Nationalit\u00e4t ist. Diese Praktiken werden von ihren Nachkommen und Tausenden von Anh\u00e4ngern des Spiritismus bis heute ununterbrochen ausge\u00fcbt. Seit 1912 war ihr Hauptanf\u00fchrer Salustiano Olivera. In den Jahren 1915 bis 1929 war er auch B\u00fcrgermeister des Viertels El Horno. Der Historiker und Intellektuelle von Bayamo, Carlos Rodr\u00edguez Lora, informierte \u00fcber diese Neuigkeit, die die Anh\u00e4nger dieser religi\u00f6sen kulturellen Manifestation, die die Region von Bayamo und den Osten des Landes auszeichnet, mit Freude erf\u00fcllt. Die Nationale Kommission f\u00fcr Denkm\u00e4ler und historische St\u00e4tten der Nationalen Direktion f\u00fcr kulturelles Erbe genehmigte das Dossier mit der Argumentation, die von renommierten Forschern der Granma (Zeitung der Provinz Granma) vorgelegt wurde, da es sich um ein sehr wichtiges Zentrum der kubanischen Geschichte und Kultur handelt, das Zeit und geografischen Raum \u00fcberschreitet und Traditionen in andere Regionen des Landes ausstrahlt.<\/p>\n\n\n\n<p class=\"has-black-color has-text-color has-link-color has-small-font-size wp-elements-43e4ab18805e3e9e35bb7468a23b8fce\">Salustiano Olivera starb 1950 im Alter von 81 Jahren in der Region Monte Oscuro in der Provinz Granma.<\/p>\n<\/div><\/div>\n\n\n\n<div class=\"wp-block-uagb-container uagb-block-eea028d5 alignfull uagb-is-root-container\"><div class=\"uagb-container-inner-blocks-wrap\"><\/div><\/div>\n\n\n\n<div class=\"wp-block-uagb-container uagb-block-ebf0728e alignfull uagb-is-root-container\"><div class=\"uagb-container-inner-blocks-wrap\"><\/div><\/div>","protected":false},"excerpt":{"rendered":"<p>Salustiano Olivera Fue un humilde carretonero, agricultor, espiritista sanador y soldado del Ej\u00e9rcito Libertador; donde se alza el 24 de febrero de 1895, durante la \u00faltima gesta independentista organizada por nuestro ap\u00f3stol Jos\u00e9 Mart\u00ed. Naci\u00f3 en el Oriente de Cuba en la actual provincia de Granma en el a\u00f1o 1869. Seg\u00fan Luis \u00c1ngel Fonseca Olivera, [&hellip;]<\/p>","protected":false},"author":1,"featured_media":0,"parent":0,"menu_order":0,"comment_status":"closed","ping_status":"closed","template":"","meta":{"_uag_custom_page_level_css":"","site-sidebar-layout":"default","site-content-layout":"","ast-site-content-layout":"default","site-content-style":"default","site-sidebar-style":"default","ast-global-header-display":"","ast-banner-title-visibility":"","ast-main-header-display":"","ast-hfb-above-header-display":"","ast-hfb-below-header-display":"","ast-hfb-mobile-header-display":"","site-post-title":"disabled","ast-breadcrumbs-content":"","ast-featured-img":"","footer-sml-layout":"","theme-transparent-header-meta":"","adv-header-id-meta":"","stick-header-meta":"","header-above-stick-meta":"","header-main-stick-meta":"","header-below-stick-meta":"","astra-migrate-meta-layouts":"set","ast-page-background-enabled":"default","ast-page-background-meta":{"desktop":{"background-color":"var(--ast-global-color-4)","background-image":"","background-repeat":"repeat","background-position":"center center","background-size":"auto","background-attachment":"scroll","background-type":"","background-media":"","overlay-type":"","overlay-color":"","overlay-opacity":"","overlay-gradient":""},"tablet":{"background-color":"","background-image":"","background-repeat":"repeat","background-position":"center center","background-size":"auto","background-attachment":"scroll","background-type":"","background-media":"","overlay-type":"","overlay-color":"","overlay-opacity":"","overlay-gradient":""},"mobile":{"background-color":"","background-image":"","background-repeat":"repeat","background-position":"center center","background-size":"auto","background-attachment":"scroll","background-type":"","background-media":"","overlay-type":"","overlay-color":"","overlay-opacity":"","overlay-gradient":""}},"ast-content-background-meta":{"desktop":{"background-color":"var(--ast-global-color-5)","background-image":"","background-repeat":"repeat","background-position":"center center","background-size":"auto","background-attachment":"scroll","background-type":"","background-media":"","overlay-type":"","overlay-color":"","overlay-opacity":"","overlay-gradient":""},"tablet":{"background-color":"var(--ast-global-color-5)","background-image":"","background-repeat":"repeat","background-position":"center center","background-size":"auto","background-attachment":"scroll","background-type":"","background-media":"","overlay-type":"","overlay-color":"","overlay-opacity":"","overlay-gradient":""},"mobile":{"background-color":"var(--ast-global-color-5)","background-image":"","background-repeat":"repeat","background-position":"center center","background-size":"auto","background-attachment":"scroll","background-type":"","background-media":"","overlay-type":"","overlay-color":"","overlay-opacity":"","overlay-gradient":""}},"footnotes":""},"class_list":["post-3124","page","type-page","status-publish","hentry"],"yoast_head":"<!-- This site is optimized with the Yoast SEO Premium plugin v24.2 (Yoast SEO v24.6) - https:\/\/yoast.com\/wordpress\/plugins\/seo\/ -->\n<title>Salustiano Olivera - Uni\u00f3n Esp\u00edrita<\/title>\n<meta name=\"robots\" content=\"index, follow, max-snippet:-1, max-image-preview:large, max-video-preview:-1\" \/>\n<link rel=\"canonical\" href=\"https:\/\/nuevo-renacer.com\/de\/salustiano-olivera-3\/\" \/>\n<meta property=\"og:locale\" content=\"de_DE\" \/>\n<meta property=\"og:type\" content=\"article\" \/>\n<meta property=\"og:title\" content=\"Salustiano Olivera\" \/>\n<meta property=\"og:description\" content=\"Salustiano Olivera Fue un humilde carretonero, agricultor, espiritista sanador y soldado del Ej\u00e9rcito Libertador; donde se alza el 24 de febrero de 1895, durante la \u00faltima gesta independentista organizada por nuestro ap\u00f3stol Jos\u00e9 Mart\u00ed. Naci\u00f3 en el Oriente de Cuba en la actual provincia de Granma en el a\u00f1o 1869. Seg\u00fan Luis \u00c1ngel Fonseca Olivera, [&hellip;]\" \/>\n<meta property=\"og:url\" content=\"https:\/\/nuevo-renacer.com\/de\/salustiano-olivera-3\/\" \/>\n<meta property=\"og:site_name\" content=\"Uni\u00f3n Esp\u00edrita\" \/>\n<meta property=\"article:publisher\" content=\"https:\/\/www.facebook.com\/groups\/3431398063740829\" \/>\n<meta property=\"article:modified_time\" content=\"2025-11-03T20:54:30+00:00\" \/>\n<meta property=\"og:image\" content=\"https:\/\/nuevo-renacer.com\/wp-content\/uploads\/2024\/06\/438095049_1013065210401077_1435620381054408563_n-1.jpg\" \/>\n<meta name=\"twitter:card\" content=\"summary_large_image\" \/>\n<meta name=\"twitter:label1\" content=\"Gesch\u00e4tzte Lesezeit\" \/>\n\t<meta name=\"twitter:data1\" content=\"4\u00a0Minuten\" \/>\n<script type=\"application\/ld+json\" class=\"yoast-schema-graph\">{\"@context\":\"https:\/\/schema.org\",\"@graph\":[{\"@type\":\"WebPage\",\"@id\":\"https:\/\/nuevo-renacer.com\/salustiano-olivera-3\/\",\"url\":\"https:\/\/nuevo-renacer.com\/salustiano-olivera-3\/\",\"name\":\"Salustiano Olivera - Uni\u00f3n Esp\u00edrita\",\"isPartOf\":{\"@id\":\"https:\/\/nuevo-renacer.com\/#website\"},\"primaryImageOfPage\":{\"@id\":\"https:\/\/nuevo-renacer.com\/salustiano-olivera-3\/#primaryimage\"},\"image\":{\"@id\":\"https:\/\/nuevo-renacer.com\/salustiano-olivera-3\/#primaryimage\"},\"thumbnailUrl\":\"https:\/\/nuevo-renacer.com\/wp-content\/uploads\/2024\/06\/438095049_1013065210401077_1435620381054408563_n-1.jpg\",\"datePublished\":\"2024-07-06T12:34:57+00:00\",\"dateModified\":\"2025-11-03T20:54:30+00:00\",\"breadcrumb\":{\"@id\":\"https:\/\/nuevo-renacer.com\/salustiano-olivera-3\/#breadcrumb\"},\"inLanguage\":\"de\",\"potentialAction\":[{\"@type\":\"ReadAction\",\"target\":[\"https:\/\/nuevo-renacer.com\/salustiano-olivera-3\/\"]}]},{\"@type\":\"ImageObject\",\"inLanguage\":\"de\",\"@id\":\"https:\/\/nuevo-renacer.com\/salustiano-olivera-3\/#primaryimage\",\"url\":\"https:\/\/nuevo-renacer.com\/wp-content\/uploads\/2024\/06\/438095049_1013065210401077_1435620381054408563_n-1.jpg\",\"contentUrl\":\"https:\/\/nuevo-renacer.com\/wp-content\/uploads\/2024\/06\/438095049_1013065210401077_1435620381054408563_n-1.jpg\"},{\"@type\":\"BreadcrumbList\",\"@id\":\"https:\/\/nuevo-renacer.com\/salustiano-olivera-3\/#breadcrumb\",\"itemListElement\":[{\"@type\":\"ListItem\",\"position\":1,\"name\":\"Startseite\",\"item\":\"https:\/\/nuevo-renacer.com\/\"},{\"@type\":\"ListItem\",\"position\":2,\"name\":\"Salustiano Olivera\"}]},{\"@type\":\"WebSite\",\"@id\":\"https:\/\/nuevo-renacer.com\/#website\",\"url\":\"https:\/\/nuevo-renacer.com\/\",\"name\":\"Uni\u00f3n Esp\u00edrita\",\"description\":\"Nuevo Renacer\",\"publisher\":{\"@id\":\"https:\/\/nuevo-renacer.com\/#organization\"},\"potentialAction\":[{\"@type\":\"SearchAction\",\"target\":{\"@type\":\"EntryPoint\",\"urlTemplate\":\"https:\/\/nuevo-renacer.com\/?s={search_term_string}\"},\"query-input\":{\"@type\":\"PropertyValueSpecification\",\"valueRequired\":true,\"valueName\":\"search_term_string\"}}],\"inLanguage\":\"de\"},{\"@type\":\"Organization\",\"@id\":\"https:\/\/nuevo-renacer.com\/#organization\",\"name\":\"UFEC\",\"url\":\"https:\/\/nuevo-renacer.com\/\",\"logo\":{\"@type\":\"ImageObject\",\"inLanguage\":\"de\",\"@id\":\"https:\/\/nuevo-renacer.com\/#\/schema\/logo\/image\/\",\"url\":\"https:\/\/nuevo-renacer.com\/wp-content\/uploads\/2024\/05\/cropped-LOGO-TERMINADO1-3-3.png\",\"contentUrl\":\"https:\/\/nuevo-renacer.com\/wp-content\/uploads\/2024\/05\/cropped-LOGO-TERMINADO1-3-3.png\",\"width\":512,\"height\":512,\"caption\":\"UFEC\"},\"image\":{\"@id\":\"https:\/\/nuevo-renacer.com\/#\/schema\/logo\/image\/\"},\"sameAs\":[\"https:\/\/www.facebook.com\/groups\/3431398063740829\"]}]}<\/script>\n<!-- \/ Yoast SEO Premium plugin. -->","yoast_head_json":{"title":"Salustiano Olivera - Uni\u00f3n Esp\u00edrita","robots":{"index":"index","follow":"follow","max-snippet":"max-snippet:-1","max-image-preview":"max-image-preview:large","max-video-preview":"max-video-preview:-1"},"canonical":"https:\/\/nuevo-renacer.com\/de\/salustiano-olivera-3\/","og_locale":"de_DE","og_type":"article","og_title":"Salustiano Olivera","og_description":"Salustiano Olivera Fue un humilde carretonero, agricultor, espiritista sanador y soldado del Ej\u00e9rcito Libertador; donde se alza el 24 de febrero de 1895, durante la \u00faltima gesta independentista organizada por nuestro ap\u00f3stol Jos\u00e9 Mart\u00ed. Naci\u00f3 en el Oriente de Cuba en la actual provincia de Granma en el a\u00f1o 1869. Seg\u00fan Luis \u00c1ngel Fonseca Olivera, [&hellip;]","og_url":"https:\/\/nuevo-renacer.com\/de\/salustiano-olivera-3\/","og_site_name":"Uni\u00f3n Esp\u00edrita","article_publisher":"https:\/\/www.facebook.com\/groups\/3431398063740829","article_modified_time":"2025-11-03T20:54:30+00:00","og_image":[{"url":"https:\/\/nuevo-renacer.com\/wp-content\/uploads\/2024\/06\/438095049_1013065210401077_1435620381054408563_n-1.jpg","type":"","width":"","height":""}],"twitter_card":"summary_large_image","twitter_misc":{"Gesch\u00e4tzte Lesezeit":"4\u00a0Minuten"},"schema":{"@context":"https:\/\/schema.org","@graph":[{"@type":"WebPage","@id":"https:\/\/nuevo-renacer.com\/salustiano-olivera-3\/","url":"https:\/\/nuevo-renacer.com\/salustiano-olivera-3\/","name":"Salustiano Olivera - Uni\u00f3n Esp\u00edrita","isPartOf":{"@id":"https:\/\/nuevo-renacer.com\/#website"},"primaryImageOfPage":{"@id":"https:\/\/nuevo-renacer.com\/salustiano-olivera-3\/#primaryimage"},"image":{"@id":"https:\/\/nuevo-renacer.com\/salustiano-olivera-3\/#primaryimage"},"thumbnailUrl":"https:\/\/nuevo-renacer.com\/wp-content\/uploads\/2024\/06\/438095049_1013065210401077_1435620381054408563_n-1.jpg","datePublished":"2024-07-06T12:34:57+00:00","dateModified":"2025-11-03T20:54:30+00:00","breadcrumb":{"@id":"https:\/\/nuevo-renacer.com\/salustiano-olivera-3\/#breadcrumb"},"inLanguage":"de","potentialAction":[{"@type":"ReadAction","target":["https:\/\/nuevo-renacer.com\/salustiano-olivera-3\/"]}]},{"@type":"ImageObject","inLanguage":"de","@id":"https:\/\/nuevo-renacer.com\/salustiano-olivera-3\/#primaryimage","url":"https:\/\/nuevo-renacer.com\/wp-content\/uploads\/2024\/06\/438095049_1013065210401077_1435620381054408563_n-1.jpg","contentUrl":"https:\/\/nuevo-renacer.com\/wp-content\/uploads\/2024\/06\/438095049_1013065210401077_1435620381054408563_n-1.jpg"},{"@type":"BreadcrumbList","@id":"https:\/\/nuevo-renacer.com\/salustiano-olivera-3\/#breadcrumb","itemListElement":[{"@type":"ListItem","position":1,"name":"Startseite","item":"https:\/\/nuevo-renacer.com\/"},{"@type":"ListItem","position":2,"name":"Salustiano Olivera"}]},{"@type":"WebSite","@id":"https:\/\/nuevo-renacer.com\/#website","url":"https:\/\/nuevo-renacer.com\/","name":"Uni\u00f3n Esp\u00edrita","description":"Nuevo Renacer","publisher":{"@id":"https:\/\/nuevo-renacer.com\/#organization"},"potentialAction":[{"@type":"SearchAction","target":{"@type":"EntryPoint","urlTemplate":"https:\/\/nuevo-renacer.com\/?s={search_term_string}"},"query-input":{"@type":"PropertyValueSpecification","valueRequired":true,"valueName":"search_term_string"}}],"inLanguage":"de"},{"@type":"Organization","@id":"https:\/\/nuevo-renacer.com\/#organization","name":"UFEC","url":"https:\/\/nuevo-renacer.com\/","logo":{"@type":"ImageObject","inLanguage":"de","@id":"https:\/\/nuevo-renacer.com\/#\/schema\/logo\/image\/","url":"https:\/\/nuevo-renacer.com\/wp-content\/uploads\/2024\/05\/cropped-LOGO-TERMINADO1-3-3.png","contentUrl":"https:\/\/nuevo-renacer.com\/wp-content\/uploads\/2024\/05\/cropped-LOGO-TERMINADO1-3-3.png","width":512,"height":512,"caption":"UFEC"},"image":{"@id":"https:\/\/nuevo-renacer.com\/#\/schema\/logo\/image\/"},"sameAs":["https:\/\/www.facebook.com\/groups\/3431398063740829"]}]}},"uagb_featured_image_src":{"full":false,"thumbnail":false,"medium":false,"medium_large":false,"large":false,"1536x1536":false,"2048x2048":false,"trp-custom-language-flag":false},"uagb_author_info":{"display_name":"adbv0","author_link":"https:\/\/nuevo-renacer.com\/de\/author\/adbv0\/"},"uagb_comment_info":0,"uagb_excerpt":"Salustiano Olivera Fue un humilde carretonero, agricultor, espiritista sanador y soldado del Ej\u00e9rcito Libertador; donde se alza el 24 de febrero de 1895, durante la \u00faltima gesta independentista organizada por nuestro ap\u00f3stol Jos\u00e9 Mart\u00ed. Naci\u00f3 en el Oriente de Cuba en la actual provincia de Granma en el a\u00f1o 1869. Seg\u00fan Luis \u00c1ngel Fonseca Olivera,&hellip;","jetpack_sharing_enabled":true,"_links":{"self":[{"href":"https:\/\/nuevo-renacer.com\/de\/wp-json\/wp\/v2\/pages\/3124","targetHints":{"allow":["GET"]}}],"collection":[{"href":"https:\/\/nuevo-renacer.com\/de\/wp-json\/wp\/v2\/pages"}],"about":[{"href":"https:\/\/nuevo-renacer.com\/de\/wp-json\/wp\/v2\/types\/page"}],"author":[{"embeddable":true,"href":"https:\/\/nuevo-renacer.com\/de\/wp-json\/wp\/v2\/users\/1"}],"replies":[{"embeddable":true,"href":"https:\/\/nuevo-renacer.com\/de\/wp-json\/wp\/v2\/comments?post=3124"}],"version-history":[{"count":11,"href":"https:\/\/nuevo-renacer.com\/de\/wp-json\/wp\/v2\/pages\/3124\/revisions"}],"predecessor-version":[{"id":8620,"href":"https:\/\/nuevo-renacer.com\/de\/wp-json\/wp\/v2\/pages\/3124\/revisions\/8620"}],"wp:attachment":[{"href":"https:\/\/nuevo-renacer.com\/de\/wp-json\/wp\/v2\/media?parent=3124"}],"curies":[{"name":"wp","href":"https:\/\/api.w.org\/{rel}","templated":true}]}}