{"id":3111,"date":"2024-07-06T12:17:31","date_gmt":"2024-07-06T12:17:31","guid":{"rendered":"https:\/\/ufec-mundial.com\/?page_id=3111"},"modified":"2025-11-24T11:24:48","modified_gmt":"2025-11-24T11:24:48","slug":"leon-denis","status":"publish","type":"page","link":"https:\/\/nuevo-renacer.com\/de\/leon-denis\/","title":{"rendered":"L\u00e9on Denis"},"content":{"rendered":"<div class=\"wp-block-uagb-container uagb-block-9bcee35b alignfull uagb-is-root-container\"><div class=\"uagb-container-inner-blocks-wrap\">\n<p class=\"has-black-color has-text-color has-link-color has-medium-font-size wp-elements-dc941b056051222bde2f23ceb5a30eac\"><strong>L\u00e9on Denis \u2013 der Nachfolger von Allan Kardec<\/strong>\u00a0<\/p>\n<\/div><\/div>\n\n\n\n<div class=\"wp-block-uagb-container uagb-block-5ede90d5 alignfull uagb-is-root-container\"><div class=\"uagb-container-inner-blocks-wrap\">\n<div class=\"wp-block-uagb-image alignleft uagb-block-14e438f2 wp-block-uagb-image--layout-default wp-block-uagb-image--effect-static wp-block-uagb-image--align-left\"><figure class=\"wp-block-uagb-image__figure\"><img loading=\"lazy\" decoding=\"async\" srcset=\"https:\/\/nuevo-renacer.com\/wp-content\/uploads\/2024\/07\/images-1.jpg ,https:\/\/nuevo-renacer.com\/wp-content\/uploads\/2024\/07\/images-1.jpg 780w, https:\/\/nuevo-renacer.com\/wp-content\/uploads\/2024\/07\/images-1.jpg 360w\" sizes=\"auto, (max-width: 480px) 150px\" src=\"https:\/\/nuevo-renacer.com\/wp-content\/uploads\/2024\/07\/images-1.jpg\" alt=\"\" class=\"uag-image-3112\" width=\"204\" height=\"246\" title=\"\" role=\"img\"\/><\/figure><\/div>\n<\/div><\/div>\n\n\n\n<div class=\"wp-block-uagb-container uagb-block-55ee173a alignfull uagb-is-root-container\"><div class=\"uagb-container-inner-blocks-wrap\">\n<p class=\"has-black-color has-text-color has-link-color has-small-font-size wp-elements-3583efbd2b780b298ce04aa9a9a4f26b\">L\u00e9on Denis war der unbestrittene Nachfolger des Werks von Allan Kardec und ein unerm\u00fcdlicher Verbreiter der spiritistischen Lehre. Er wurde am 1. Januar 1846 in der N\u00e4he der Stadt Toul in Frankreich geboren. Seine Eltern waren bescheidene, aber sehr vergeistigte Menschen, insbesondere seine Mutter, Ana Lucia Denis, eine Frau mit unglaublichen Qualit\u00e4ten, die ihm die Liebe zu Gott und den Respekt vor den anderen vermittelte.&nbsp;<\/p>\n\n\n\n<p class=\"has-black-color has-text-color has-link-color has-small-font-size wp-elements-4440c64aba3058dbadf13acbdd5cab9a\">Schon in jungen Jahren musste er hart arbeiten, um den bescheidenen Haushalt zu unterst\u00fctzen. Er sp\u00fcrte auch von klein auf die Gesellschaft unsichtbarer Freunde, die ihm in Schwierigkeiten halfen und ihn nie im Stich lie\u00dfen. Er war autodidaktisch veranlagt und bildete sich intellektuell weiter wie nur wenige andere Menschen. Er nutzte jede freie Minute, um zu lesen und sich zu informieren, er studierte und suchte mit einem wahren Hunger nach Weisheit nach Wissen. Er teilte seine Zeit zwischen harter Arbeit und Lesen auf. Er war ein stiller, sch\u00fcchterner und sehr zur\u00fcckhaltender junger Mann. Schon in jungen Jahren hatte er Probleme mit seinem Augenlicht, die ihm sp\u00e4ter schmerzhafte Momente bescherten. Er liebte Musik und Kunst und war ein sehr sensibles Wesen, das stets mit der Kraft der Gro\u00dfen Welt verbunden war.&nbsp;<\/p>\n\n\n\n<p class=\"has-black-color has-text-color has-link-color has-small-font-size wp-elements-36c84154d2748a594aa9353c0f5b2bbb\">Eines Tages, im Alter von 18 Jahren, fand er in einer Buchhandlung das Buch \"Das Buch der Geister\" von Kardec, und von da an bestimmte er sein Leben, indem er die spirituellen Verpflichtungen \u00fcbernahm, die er vor seiner Reinkarnation erworben hatte, um den Spiritismus zu verbreiten, die Gute Nachricht, die uns vom Meister Jesus gesandt wurde. Er st\u00fcrzte sich in die Arbeit und ruhte sich nie aus. 1880 begegnete er Allan Kardec, als dieser seine Heimatstadt besuchte, um Vortr\u00e4ge zu halten und Lesekreise zu er\u00f6ffnen, die das systematische Studium der Lehre f\u00f6rdern sollten. Diese Begegnung war entscheidend f\u00fcr sein Leben und seine Arbeit.&nbsp;<\/p>\n\n\n\n<p class=\"has-black-color has-text-color has-link-color has-small-font-size wp-elements-fe4611d9d5ba6e5d00e5abcbbee85976\">1882 begann er, wunderbare Texte zu verfassen, in denen er die Ziele des Spiritismus auf einfache Weise erl\u00e4uterte, und gleichzeitig wurde er zum Verfechter der Lehre, indem er in allen St\u00e4dten Frankreichs Vorlesungen und Vortr\u00e4ge hielt. Zu dieser Zeit sah er sich grausamen Verfolgungen seitens der katholischen Kirche und der materialistischen und positivistischen Gruppen, den Modephilosophien der damaligen Zeit, ausgesetzt. Erstere bezeichneten ihn als Sohn des Teufels und drohten ihm mit der ewigen H\u00f6lle, w\u00e4hrend letztere seine neuen Ideen \u00fcber das Fortleben der Seele und das Leben in der Geistigen Welt verspotteten. L\u00e9on Denis reagierte stets selbstbewusst und gelassen, ohne die erhaltenen Beleidigungen zu erwidern, wie Jesus es uns lehrte.&nbsp;<\/p>\n\n\n\n<p class=\"has-black-color has-text-color has-link-color has-small-font-size wp-elements-b0271d40c5b53bc6e22743f390fada3d\">L\u00e9on Denis hat viele wunderbare B\u00fccher geschrieben, die alle einen spiritistischen Charakter haben und von denen wir einige nennen wollen:&nbsp;<\/p>\n\n\n\n<div class=\"wp-block-group is-layout-constrained wp-block-group-is-layout-constrained\">\n<p class=\"has-black-color has-text-color has-link-color has-small-font-size wp-elements-70076c693cdeea27a83251656f93cd45\">\u2022 \u201cDer Grund des Lebens\" (1884)&nbsp;<\/p>\n\n\n\n<p class=\"has-black-color has-text-color has-link-color has-small-font-size wp-elements-d49b93f603734cb3f0a6d46a03270a6f\">\u2022 \"Nach dem Tod (1890)\u201d&nbsp;<\/p>\n\n\n\n<p class=\"has-black-color has-text-color has-link-color has-small-font-size wp-elements-227fe05bf5655ee402156c331e6b997d\">\u2022 \"Das Problem des Wesens, des Schicksals und des Schmerzes\" (1905)&nbsp;<\/p>\n\n\n\n<p class=\"has-black-color has-text-color has-link-color has-small-font-size wp-elements-07ff3dee0576116f419af23b4032847a\">\u2022 \"Christentum und Spiritismus\" (1898)&nbsp;<\/p>\n\n\n\n<p class=\"has-black-color has-text-color has-link-color has-small-font-size wp-elements-603dbe6684a3fb13f4cc3d9883e1c5e9\">\u2022 \"Unsichtbare Welt\" (1903)&nbsp;<\/p>\n\n\n\n<p class=\"has-black-color has-text-color has-link-color has-small-font-size wp-elements-e038dfc681c0608f0dfe8d696d73c344\">\u2022 \"Das gro\u00dfe R\u00e4tsel: Gott und das Universum\" (1911)&nbsp;<\/p>\n\n\n\n<p class=\"has-black-color has-text-color has-link-color has-small-font-size wp-elements-4f794554bd5205b12b8820c83f3fa00d\">\u2022 \"Das keltische Genie und die unsichtbare Welt\" (1927)&nbsp;<\/p>\n<\/div>\n\n\n\n<p class=\"has-black-color has-text-color has-link-color has-small-font-size wp-elements-5098919070ffa3f4484270f2ae61fccc\">Er war auch Schriftsteller, Journalist, Dozent und Leiter von Studiengruppen, Pr\u00e4sident der \"Franz\u00f6sischen Spiritistischen Union\", Korrespondent der ber\u00fchmtesten Zeitschrift seiner Zeit, der \"Revue Spirite\" (Spiritistische Zeitschrift), in der er unz\u00e4hlige Artikel \u00fcber den Spiritismus schrieb; er nahm aktiv an allen Spiritistenkongressen in Europa teil, die zu jener Zeit zu organisieren begannen. Ab 1910 verschlechterte sich sein Sehverm\u00f6gen erheblich, fast bis zur Erblindung. Er lie\u00df sich nicht entmutigen und ertrug die Schwierigkeiten wie die gro\u00dfen Geister mit Stoizismus und vollem Glauben an die Geistige Welt, die auf uns unbekannten Wegen wirkt, mit dem einzigen Ziel, uns wachsen zu lassen und unsere Seelen zu Leuchtfeuern des christlichen Lichts zu formen.&nbsp;<\/p>\n\n\n\n<p class=\"has-black-color has-text-color has-link-color has-small-font-size wp-elements-7a361fd2aef6bcaeb08f9e2020db88ca\">Mit Hilfe von Freunden schrieb er weiter und erlernte die Braille-Schrift (eine Methode f\u00fcr Blinde). Auf diese Weise konnte er weiterhin seine Werke korrigieren, schreiben und die Worte der Hoffnung der Guten Nachricht in jeden Winkel der Erde bringen. Er war sehr besorgt \u00fcber die Natur und ihre g\u00f6ttliche Energie. Er sagte, dass der Mensch zu seinen Wurzeln zur\u00fcckkehren sollte, wenn er mit ihr kommunizierte, Lebenskr\u00e4fte austauschte und verstand, dass wir alle Teil eines gigantischen energetischen Netzwerks sind, das vom Vater ausgeht, und dass wir alle einen Teil dieses g\u00f6ttlichen Geistes in uns tragen, gepaart mit dem weisen Wissen der universellen Liebe. Im Jahr 1927, im Alter von 81 Jahren, beendete er sein Manuskript \"Der keltische Genius und die unsichtbare Welt\". Er war praktisch blind. Dieses sch\u00f6ne Thema wurde von der \"Revue Spirite\" in Paris ver\u00f6ffentlicht. Ende M\u00e4rz desselben Jahres, 1927, verstarb er. Ein gro\u00dfer Mann war von uns gegangen, auf dem Weg in die Gro\u00dfe Heimat.&nbsp;<\/p>\n\n\n\n<p class=\"has-black-color has-text-color has-link-color has-small-font-size wp-elements-ef0596f7c17679b924dada72143510b0\">Dieser gro\u00dfe Mann, Verteidiger und Verfechter des Spiritismus, vertrat wie wenige andere die Grundlagen der Lehre, brachte das Denken zum Verst\u00e4ndnis der Gr\u00fcnde f\u00fcr die Reinkarnation, erkl\u00e4rte die Gerechtigkeit Gottes, die Pluralit\u00e4t der Existenzen und der bewohnten Welten, weckte das Bewusstsein f\u00fcr die Verbindung zwischen der Menschheit, den Sternen und der Natur und trug das Banner der Liebe und der Vergebung als seinen Ma\u00dfstab. Wie kaum ein anderer erkl\u00e4rte er den Sinn des Lebens und die Verantwortung gegen\u00fcber der geistigen Welt.&nbsp;<\/p>\n\n\n\n<div class=\"wp-block-group is-layout-constrained wp-block-group-is-layout-constrained\">\n<p class=\"has-black-color has-text-color has-link-color has-small-font-size wp-elements-8dfb9c6774a530003a7b885ac63818f8\">In seinen Worten:&nbsp;<\/p>\n\n\n\n<p class=\"has-black-color has-text-color has-link-color has-small-font-size wp-elements-107245911239a3761d48555fa675fbb0\"><em>\"Der spiritistische Glaube f\u00fchrt zweifelsohne zur Liebe, aber er setzt in erster Linie die Kenntnis der Seele, des Schicksals und Gottes voraus. Er ist nicht nur ein Glaube, er ist eine Lehre, ein Kriterium, das sich dem Widerspruch widersetzt\".&nbsp;<\/em>&nbsp;<\/p>\n<\/div>\n\n\n\n<p class=\"has-black-color has-text-color has-link-color has-small-font-size wp-elements-b4b52165f5e93b64886cb7b8e7f0a0af\"><em>... \"Suche Gott nicht in Tempeln aus Stein oder Marmor, o Mensch, der ihn erkennen will! Suche Ihn im ewigen Tempel der Natur; im Anblick der Welten, die durch die Unendlichkeit wandern; in der Pracht des Lebens, die auf ihrer Oberfl\u00e4che aufbl\u00fcht; in der Betrachtung der verschiedenen Horizonte: Ebenen, T\u00e4ler, Berge und Meere, die dir dein irdischer Aufenthaltsort bietet. (...) Wenn du es verstehst, dich zu besinnen, wirst du in den Stimmen der Natur die subtilen Lehren h\u00f6ren, die sie in die Ohren derer murmelt, die ihre R\u00fcckzugsorte besuchen und ihre Geheimnisse studieren (...) Gott ist in jedem von uns, im lebendigen Tempel des Bewusstseins. Dort ist der heilige Ort, das Heiligtum, wo der g\u00f6ttliche Funke verborgen ist\".<\/em>&nbsp;<\/p>\n<\/div><\/div>\n\n\n\n<div class=\"wp-block-uagb-container uagb-block-65060c69 alignfull uagb-is-root-container\"><div class=\"uagb-container-inner-blocks-wrap\"><\/div><\/div>\n\n\n\n<div class=\"wp-block-uagb-container uagb-block-a78b40e6 alignfull uagb-is-root-container\"><div class=\"uagb-container-inner-blocks-wrap\"><\/div><\/div>","protected":false},"excerpt":{"rendered":"<p>L\u00e9on Denis \u2013 el successor de Kardec\u00a0 L\u00e9on Denis fue el incuestionable sucesor de la obra de Allan kardec e incansable divulgador de la Doctrina Esp\u00edrita. Naci\u00f3 cerca de la ciudad de Toul, en Francia, el 1\u00ba de enero de 1846. Sus padres eran personas humildes pero muy espiritualizadas, sobre todo su madre, Do\u00f1a Ana [&hellip;]<\/p>","protected":false},"author":1,"featured_media":0,"parent":0,"menu_order":0,"comment_status":"closed","ping_status":"closed","template":"","meta":{"_uag_custom_page_level_css":"","site-sidebar-layout":"default","site-content-layout":"","ast-site-content-layout":"default","site-content-style":"default","site-sidebar-style":"default","ast-global-header-display":"","ast-banner-title-visibility":"","ast-main-header-display":"","ast-hfb-above-header-display":"","ast-hfb-below-header-display":"","ast-hfb-mobile-header-display":"","site-post-title":"disabled","ast-breadcrumbs-content":"","ast-featured-img":"","footer-sml-layout":"","theme-transparent-header-meta":"","adv-header-id-meta":"","stick-header-meta":"","header-above-stick-meta":"","header-main-stick-meta":"","header-below-stick-meta":"","astra-migrate-meta-layouts":"set","ast-page-background-enabled":"default","ast-page-background-meta":{"desktop":{"background-color":"var(--ast-global-color-4)","background-image":"","background-repeat":"repeat","background-position":"center center","background-size":"auto","background-attachment":"scroll","background-type":"","background-media":"","overlay-type":"","overlay-color":"","overlay-opacity":"","overlay-gradient":""},"tablet":{"background-color":"","background-image":"","background-repeat":"repeat","background-position":"center center","background-size":"auto","background-attachment":"scroll","background-type":"","background-media":"","overlay-type":"","overlay-color":"","overlay-opacity":"","overlay-gradient":""},"mobile":{"background-color":"","background-image":"","background-repeat":"repeat","background-position":"center center","background-size":"auto","background-attachment":"scroll","background-type":"","background-media":"","overlay-type":"","overlay-color":"","overlay-opacity":"","overlay-gradient":""}},"ast-content-background-meta":{"desktop":{"background-color":"var(--ast-global-color-5)","background-image":"","background-repeat":"repeat","background-position":"center center","background-size":"auto","background-attachment":"scroll","background-type":"","background-media":"","overlay-type":"","overlay-color":"","overlay-opacity":"","overlay-gradient":""},"tablet":{"background-color":"var(--ast-global-color-5)","background-image":"","background-repeat":"repeat","background-position":"center center","background-size":"auto","background-attachment":"scroll","background-type":"","background-media":"","overlay-type":"","overlay-color":"","overlay-opacity":"","overlay-gradient":""},"mobile":{"background-color":"var(--ast-global-color-5)","background-image":"","background-repeat":"repeat","background-position":"center center","background-size":"auto","background-attachment":"scroll","background-type":"","background-media":"","overlay-type":"","overlay-color":"","overlay-opacity":"","overlay-gradient":""}},"footnotes":""},"class_list":["post-3111","page","type-page","status-publish","hentry"],"yoast_head":"<!-- This site is optimized with the Yoast SEO Premium plugin v24.2 (Yoast SEO v24.6) - https:\/\/yoast.com\/wordpress\/plugins\/seo\/ -->\n<title>L\u00e9on Denis - Uni\u00f3n Esp\u00edrita<\/title>\n<meta name=\"robots\" content=\"index, follow, max-snippet:-1, max-image-preview:large, max-video-preview:-1\" \/>\n<link rel=\"canonical\" href=\"https:\/\/nuevo-renacer.com\/de\/leon-denis\/\" \/>\n<meta property=\"og:locale\" content=\"de_DE\" \/>\n<meta property=\"og:type\" content=\"article\" \/>\n<meta property=\"og:title\" content=\"L\u00e9on Denis\" \/>\n<meta property=\"og:description\" content=\"L\u00e9on Denis \u2013 el successor de Kardec\u00a0 L\u00e9on Denis fue el incuestionable sucesor de la obra de Allan kardec e incansable divulgador de la Doctrina Esp\u00edrita. Naci\u00f3 cerca de la ciudad de Toul, en Francia, el 1\u00ba de enero de 1846. Sus padres eran personas humildes pero muy espiritualizadas, sobre todo su madre, Do\u00f1a Ana [&hellip;]\" \/>\n<meta property=\"og:url\" content=\"https:\/\/nuevo-renacer.com\/de\/leon-denis\/\" \/>\n<meta property=\"og:site_name\" content=\"Uni\u00f3n Esp\u00edrita\" \/>\n<meta property=\"article:publisher\" content=\"https:\/\/www.facebook.com\/groups\/3431398063740829\" \/>\n<meta property=\"article:modified_time\" content=\"2025-11-24T11:24:48+00:00\" \/>\n<meta property=\"og:image\" content=\"https:\/\/nuevo-renacer.com\/wp-content\/uploads\/2024\/07\/images-1.jpg\" \/>\n<meta name=\"twitter:card\" content=\"summary_large_image\" \/>\n<meta name=\"twitter:label1\" content=\"Gesch\u00e4tzte Lesezeit\" \/>\n\t<meta name=\"twitter:data1\" content=\"6\u00a0Minuten\" \/>\n<script type=\"application\/ld+json\" class=\"yoast-schema-graph\">{\"@context\":\"https:\/\/schema.org\",\"@graph\":[{\"@type\":\"WebPage\",\"@id\":\"https:\/\/nuevo-renacer.com\/leon-denis\/\",\"url\":\"https:\/\/nuevo-renacer.com\/leon-denis\/\",\"name\":\"L\u00e9on Denis - Uni\u00f3n Esp\u00edrita\",\"isPartOf\":{\"@id\":\"https:\/\/nuevo-renacer.com\/#website\"},\"primaryImageOfPage\":{\"@id\":\"https:\/\/nuevo-renacer.com\/leon-denis\/#primaryimage\"},\"image\":{\"@id\":\"https:\/\/nuevo-renacer.com\/leon-denis\/#primaryimage\"},\"thumbnailUrl\":\"https:\/\/nuevo-renacer.com\/wp-content\/uploads\/2024\/07\/images-1.jpg\",\"datePublished\":\"2024-07-06T12:17:31+00:00\",\"dateModified\":\"2025-11-24T11:24:48+00:00\",\"breadcrumb\":{\"@id\":\"https:\/\/nuevo-renacer.com\/leon-denis\/#breadcrumb\"},\"inLanguage\":\"de\",\"potentialAction\":[{\"@type\":\"ReadAction\",\"target\":[\"https:\/\/nuevo-renacer.com\/leon-denis\/\"]}]},{\"@type\":\"ImageObject\",\"inLanguage\":\"de\",\"@id\":\"https:\/\/nuevo-renacer.com\/leon-denis\/#primaryimage\",\"url\":\"https:\/\/nuevo-renacer.com\/wp-content\/uploads\/2024\/07\/images-1.jpg\",\"contentUrl\":\"https:\/\/nuevo-renacer.com\/wp-content\/uploads\/2024\/07\/images-1.jpg\"},{\"@type\":\"BreadcrumbList\",\"@id\":\"https:\/\/nuevo-renacer.com\/leon-denis\/#breadcrumb\",\"itemListElement\":[{\"@type\":\"ListItem\",\"position\":1,\"name\":\"Startseite\",\"item\":\"https:\/\/nuevo-renacer.com\/\"},{\"@type\":\"ListItem\",\"position\":2,\"name\":\"L\u00e9on Denis\"}]},{\"@type\":\"WebSite\",\"@id\":\"https:\/\/nuevo-renacer.com\/#website\",\"url\":\"https:\/\/nuevo-renacer.com\/\",\"name\":\"Uni\u00f3n Esp\u00edrita\",\"description\":\"Nuevo Renacer\",\"publisher\":{\"@id\":\"https:\/\/nuevo-renacer.com\/#organization\"},\"potentialAction\":[{\"@type\":\"SearchAction\",\"target\":{\"@type\":\"EntryPoint\",\"urlTemplate\":\"https:\/\/nuevo-renacer.com\/?s={search_term_string}\"},\"query-input\":{\"@type\":\"PropertyValueSpecification\",\"valueRequired\":true,\"valueName\":\"search_term_string\"}}],\"inLanguage\":\"de\"},{\"@type\":\"Organization\",\"@id\":\"https:\/\/nuevo-renacer.com\/#organization\",\"name\":\"UFEC\",\"url\":\"https:\/\/nuevo-renacer.com\/\",\"logo\":{\"@type\":\"ImageObject\",\"inLanguage\":\"de\",\"@id\":\"https:\/\/nuevo-renacer.com\/#\/schema\/logo\/image\/\",\"url\":\"https:\/\/nuevo-renacer.com\/wp-content\/uploads\/2024\/05\/cropped-LOGO-TERMINADO1-3-3.png\",\"contentUrl\":\"https:\/\/nuevo-renacer.com\/wp-content\/uploads\/2024\/05\/cropped-LOGO-TERMINADO1-3-3.png\",\"width\":512,\"height\":512,\"caption\":\"UFEC\"},\"image\":{\"@id\":\"https:\/\/nuevo-renacer.com\/#\/schema\/logo\/image\/\"},\"sameAs\":[\"https:\/\/www.facebook.com\/groups\/3431398063740829\"]}]}<\/script>\n<!-- \/ Yoast SEO Premium plugin. -->","yoast_head_json":{"title":"L\u00e9on Denis - Uni\u00f3n Esp\u00edrita","robots":{"index":"index","follow":"follow","max-snippet":"max-snippet:-1","max-image-preview":"max-image-preview:large","max-video-preview":"max-video-preview:-1"},"canonical":"https:\/\/nuevo-renacer.com\/de\/leon-denis\/","og_locale":"de_DE","og_type":"article","og_title":"L\u00e9on Denis","og_description":"L\u00e9on Denis \u2013 el successor de Kardec\u00a0 L\u00e9on Denis fue el incuestionable sucesor de la obra de Allan kardec e incansable divulgador de la Doctrina Esp\u00edrita. Naci\u00f3 cerca de la ciudad de Toul, en Francia, el 1\u00ba de enero de 1846. Sus padres eran personas humildes pero muy espiritualizadas, sobre todo su madre, Do\u00f1a Ana [&hellip;]","og_url":"https:\/\/nuevo-renacer.com\/de\/leon-denis\/","og_site_name":"Uni\u00f3n Esp\u00edrita","article_publisher":"https:\/\/www.facebook.com\/groups\/3431398063740829","article_modified_time":"2025-11-24T11:24:48+00:00","og_image":[{"url":"https:\/\/nuevo-renacer.com\/wp-content\/uploads\/2024\/07\/images-1.jpg","type":"","width":"","height":""}],"twitter_card":"summary_large_image","twitter_misc":{"Gesch\u00e4tzte Lesezeit":"6\u00a0Minuten"},"schema":{"@context":"https:\/\/schema.org","@graph":[{"@type":"WebPage","@id":"https:\/\/nuevo-renacer.com\/leon-denis\/","url":"https:\/\/nuevo-renacer.com\/leon-denis\/","name":"L\u00e9on Denis - Uni\u00f3n Esp\u00edrita","isPartOf":{"@id":"https:\/\/nuevo-renacer.com\/#website"},"primaryImageOfPage":{"@id":"https:\/\/nuevo-renacer.com\/leon-denis\/#primaryimage"},"image":{"@id":"https:\/\/nuevo-renacer.com\/leon-denis\/#primaryimage"},"thumbnailUrl":"https:\/\/nuevo-renacer.com\/wp-content\/uploads\/2024\/07\/images-1.jpg","datePublished":"2024-07-06T12:17:31+00:00","dateModified":"2025-11-24T11:24:48+00:00","breadcrumb":{"@id":"https:\/\/nuevo-renacer.com\/leon-denis\/#breadcrumb"},"inLanguage":"de","potentialAction":[{"@type":"ReadAction","target":["https:\/\/nuevo-renacer.com\/leon-denis\/"]}]},{"@type":"ImageObject","inLanguage":"de","@id":"https:\/\/nuevo-renacer.com\/leon-denis\/#primaryimage","url":"https:\/\/nuevo-renacer.com\/wp-content\/uploads\/2024\/07\/images-1.jpg","contentUrl":"https:\/\/nuevo-renacer.com\/wp-content\/uploads\/2024\/07\/images-1.jpg"},{"@type":"BreadcrumbList","@id":"https:\/\/nuevo-renacer.com\/leon-denis\/#breadcrumb","itemListElement":[{"@type":"ListItem","position":1,"name":"Startseite","item":"https:\/\/nuevo-renacer.com\/"},{"@type":"ListItem","position":2,"name":"L\u00e9on Denis"}]},{"@type":"WebSite","@id":"https:\/\/nuevo-renacer.com\/#website","url":"https:\/\/nuevo-renacer.com\/","name":"Uni\u00f3n Esp\u00edrita","description":"Nuevo Renacer","publisher":{"@id":"https:\/\/nuevo-renacer.com\/#organization"},"potentialAction":[{"@type":"SearchAction","target":{"@type":"EntryPoint","urlTemplate":"https:\/\/nuevo-renacer.com\/?s={search_term_string}"},"query-input":{"@type":"PropertyValueSpecification","valueRequired":true,"valueName":"search_term_string"}}],"inLanguage":"de"},{"@type":"Organization","@id":"https:\/\/nuevo-renacer.com\/#organization","name":"UFEC","url":"https:\/\/nuevo-renacer.com\/","logo":{"@type":"ImageObject","inLanguage":"de","@id":"https:\/\/nuevo-renacer.com\/#\/schema\/logo\/image\/","url":"https:\/\/nuevo-renacer.com\/wp-content\/uploads\/2024\/05\/cropped-LOGO-TERMINADO1-3-3.png","contentUrl":"https:\/\/nuevo-renacer.com\/wp-content\/uploads\/2024\/05\/cropped-LOGO-TERMINADO1-3-3.png","width":512,"height":512,"caption":"UFEC"},"image":{"@id":"https:\/\/nuevo-renacer.com\/#\/schema\/logo\/image\/"},"sameAs":["https:\/\/www.facebook.com\/groups\/3431398063740829"]}]}},"uagb_featured_image_src":{"full":false,"thumbnail":false,"medium":false,"medium_large":false,"large":false,"1536x1536":false,"2048x2048":false,"trp-custom-language-flag":false},"uagb_author_info":{"display_name":"adbv0","author_link":"https:\/\/nuevo-renacer.com\/de\/author\/adbv0\/"},"uagb_comment_info":0,"uagb_excerpt":"L\u00e9on Denis \u2013 el successor de Kardec\u00a0 L\u00e9on Denis fue el incuestionable sucesor de la obra de Allan kardec e incansable divulgador de la Doctrina Esp\u00edrita. Naci\u00f3 cerca de la ciudad de Toul, en Francia, el 1\u00ba de enero de 1846. Sus padres eran personas humildes pero muy espiritualizadas, sobre todo su madre, Do\u00f1a Ana&hellip;","jetpack_sharing_enabled":true,"_links":{"self":[{"href":"https:\/\/nuevo-renacer.com\/de\/wp-json\/wp\/v2\/pages\/3111","targetHints":{"allow":["GET"]}}],"collection":[{"href":"https:\/\/nuevo-renacer.com\/de\/wp-json\/wp\/v2\/pages"}],"about":[{"href":"https:\/\/nuevo-renacer.com\/de\/wp-json\/wp\/v2\/types\/page"}],"author":[{"embeddable":true,"href":"https:\/\/nuevo-renacer.com\/de\/wp-json\/wp\/v2\/users\/1"}],"replies":[{"embeddable":true,"href":"https:\/\/nuevo-renacer.com\/de\/wp-json\/wp\/v2\/comments?post=3111"}],"version-history":[{"count":6,"href":"https:\/\/nuevo-renacer.com\/de\/wp-json\/wp\/v2\/pages\/3111\/revisions"}],"predecessor-version":[{"id":8719,"href":"https:\/\/nuevo-renacer.com\/de\/wp-json\/wp\/v2\/pages\/3111\/revisions\/8719"}],"wp:attachment":[{"href":"https:\/\/nuevo-renacer.com\/de\/wp-json\/wp\/v2\/media?parent=3111"}],"curies":[{"name":"wp","href":"https:\/\/api.w.org\/{rel}","templated":true}]}}