{"id":3094,"date":"2024-07-06T11:57:59","date_gmt":"2024-07-06T11:57:59","guid":{"rendered":"https:\/\/ufec-mundial.com\/?page_id=3094"},"modified":"2025-06-13T10:20:15","modified_gmt":"2025-06-13T10:20:15","slug":"jose-maria-fernandez","status":"publish","type":"page","link":"https:\/\/nuevo-renacer.com\/de\/jose-maria-fernandez\/","title":{"rendered":"Jos\u00e9 Mar\u00eda Fern\u00e1ndez"},"content":{"rendered":"<div class=\"wp-block-uagb-container uagb-block-13921e7d alignfull uagb-is-root-container\"><div class=\"uagb-container-inner-blocks-wrap\">\n<p class=\"has-black-color has-text-color has-link-color has-medium-font-size wp-elements-fe4ac719de6adab4765514cf89cec702\"><strong>Jos\u00e9 Mar\u00eda Fern\u00e1ndez<\/strong>&nbsp;( 1819 \u2013 1888 )&nbsp;<\/p>\n<\/div><\/div>\n\n\n\n<div class=\"wp-block-uagb-container uagb-block-4637c4f8 alignfull uagb-is-root-container\"><div class=\"uagb-container-inner-blocks-wrap\">\n<div class=\"wp-block-uagb-image alignleft uagb-block-e13738cf wp-block-uagb-image--layout-default wp-block-uagb-image--effect-static wp-block-uagb-image--align-left\"><figure class=\"wp-block-uagb-image__figure\"><img loading=\"lazy\" decoding=\"async\" srcset=\"https:\/\/nuevo-renacer.com\/wp-content\/uploads\/2024\/07\/Jose-Maria-Fernandez-2.jpg ,https:\/\/ufec-mundial.com\/wp-content\/uploads\/2024\/07\/Jose-Maria-Fernandez-2.jpg 780w, https:\/\/nuevo-renacer.com\/wp-content\/uploads\/2024\/07\/Jose-Maria-Fernandez-2.jpg 360w\" sizes=\"auto, (max-width: 480px) 150px\" src=\"https:\/\/nuevo-renacer.com\/wp-content\/uploads\/2024\/07\/Jose-Maria-Fernandez-2.jpg\" alt=\"\" class=\"uag-image-3101\" width=\"745\" height=\"492\" title=\"Jose-Maria-Fernandez-2\" role=\"img\"\/><\/figure><\/div>\n<\/div><\/div>\n\n\n\n<div class=\"wp-block-uagb-container uagb-block-982b9fb8 alignfull uagb-is-root-container\"><div class=\"uagb-container-inner-blocks-wrap\">\n<p class=\"has-black-color has-text-color has-link-color has-small-font-size wp-elements-539d014232e924e3efa255b8946aca05\">Wenn wir in wenigen Worten beschreiben sollten, wer Jos\u00e9 Mar\u00eda Fern\u00e1ndez Colavida ist, m\u00fcssten wir vor allem best\u00e4tigen, dass er das reale und konkrete Beispiel des guten Menschen und des wahren Spiritisten ist, wie es im Evangelium nach dem Spiritismus gelehrt wird.&nbsp;&nbsp;<\/p>\n\n\n\n<p class=\"has-black-color has-text-color has-link-color has-small-font-size wp-elements-d70f3891199012330ac556fb9ee48aba\">Mit Recht als \u201espanischer Kardec\u201c bekannt, arbeitete und arbeitet er unerm\u00fcdlich f\u00fcr den Fortschritt der Menschheit, indem er die spiritistische Lehre nicht nur durch sein perfektes Lehrwissen verbreitete, sondern auch durch das treue Beispiel, das er immer f\u00fcr die Praxis der spiritistischen Lehren gegeben hat, insbesondere f\u00fcr das Gesetz der Liebe, der Gerechtigkeit und der N\u00e4chstenliebe.  Als erster \u00dcbersetzer und Herausgeber der B\u00fccher von Allan Kardec ins Spanische suchte er nie nach materiellen Vorteilen f\u00fcr die von ihm ver\u00f6ffentlichten Werke. Er spendete viele von ihnen zugunsten der Verbreitung der Lehre oder verkaufte sie zu symbolischen Preisen, die nicht einmal die Druckkosten deckten.&nbsp;<\/p>\n\n\n\n<p class=\"has-black-color has-text-color has-link-color has-small-font-size wp-elements-5c3ea65b9252207c0381e2beab2bec2d\">Dank ihres aufopferungsvollen Einsatzes f\u00fcr die Verbreitung der Lehre konnte Amalia Domingo Soler, neben anderen zahllosen Nutznie\u00dfern, in den Besitz der Werke von Allan Kardec gelangen, wie sie selbst in ihren Memoiren berichtet: &nbsp;<\/p>\n\n\n\n<p class=\"has-black-color has-text-color has-link-color has-small-font-size wp-elements-412ebb0ead9809685e3c6e13f51c3c75\"><em>\u200b\u200b\u00ab[\u2026] Fern\u00e1ndez Colavida schickte mir die komplette Sammlung seiner Zeitschrift, die Werke von Allan Kardec und einen sehr liebevollen Brief. Als ich mich im Besitz der B\u00fccher von Kardec sah, nach denen ich mich so sehr gesehnt hatte, war meine Freude riesengro\u00df\u00bb.<\/em>&nbsp;<\/p>\n\n\n\n<p class=\"has-black-color has-text-color has-link-color has-small-font-size wp-elements-f5625ade499c47ad15cb0db6b2181d8f\">Als Gr\u00fcnder, Direktor und Herausgeber der Zeitschrift \"Revista Espiritista - Peri\u00f3dico de Estudios Psicol\u00f3gicos\", sp\u00e4ter \"Revista de Estudios Psicol\u00f3gicos\", in Barcelona war er der gr\u00f6\u00dfte Verbreiter des Spiritismus in den spanischsprachigen L\u00e4ndern. Er leistete eine bewundernswerte Arbeit zur lehrm\u00e4\u00dfigen Orientierung der Spiritisten in verschiedenen Teilen der Welt, wie Argentinien, Kolumbien, Kuba, Ecuador, Philippinen, Mexiko, Peru, Uruguay und auch Spanien.&nbsp;&nbsp;<\/p>\n\n\n\n<p class=\"has-black-color has-text-color has-link-color has-small-font-size wp-elements-bb3b16971c46f9aa9921368690c690ae\">Die folgenden Informationen, die in der Zeitung El Diluvio aus Barcelona anl\u00e4sslich der Hinrichtung von Fern\u00e1ndez Colavida ver\u00f6ffentlicht wurden, sind in dem Werk \"La luz que nos gu\u00eda\" (Das Licht, das uns f\u00fchrt) wiedergegeben:&nbsp;&nbsp;<\/p>\n\n\n\n<p class=\"has-black-color has-text-color has-link-color has-small-font-size wp-elements-7967d07d34db93746671f55df7608b48\"><em>\u00abNichts ist sicherer, als dass Fern\u00e1ndez ein wahrer Apostel des Spiritismus gewesen ist; er hat sein philosophisches Ideal \u00fcber alles auf der Erde geliebt, und er hat es gut bewiesen, als am 9. Oktober 1861 auf der Esplanade von Barcelona, an dem Ort, an dem die zur letzten Folter verurteilten Verbrecher hingerichtet wurden, auf Befehl des Bischofs von Barcelona dreihundert B\u00e4nde und Brosch\u00fcren \u00fcber den Spiritismus, Eigentum von Herrn Fern\u00e1ndez, verbrannt wurden. Letzterer setzte seine Propagandaarbeit unbeirrt fort [...]\u00bb.<\/em>&nbsp;<\/p>\n\n\n\n<p class=\"has-black-color has-text-color has-link-color has-small-font-size wp-elements-ecac9ca3e37420b72af8914f3ac9a61e\">Er war der Gr\u00fcnder der ersten spiritistischen Buchhandlung in der Hauptstadt Kataloniens, sowie der Vereinigung der Freunde der Armen, der Gesellschaft zur Verbreitung des Spiritismus in Barcelona und Leiter der spiritistischen Gruppe La Paz, Institutionen, in denen er sich f\u00fcr das Wohl anderer einsetzte. Als Ehrenpr\u00e4sident des Ersten Internationalen Spiritistenkongresses, der im September 1888, wenige Monate vor seiner Hinrichtung, in Barcelona stattfand, nahm er diese Ehrung mit gr\u00f6\u00dfter Bescheidenheit entgegen, denn er suchte nie eine andere Anerkennung als die seines eigenen Gewissens.&nbsp;&nbsp;<\/p>\n\n\n\n<p class=\"has-black-color has-text-color has-link-color has-small-font-size wp-elements-eafcf63730e970d751b60547d28ade7f\">Als gro\u00dfer K\u00e4mpfer f\u00fcr den Frieden Christi arbeitete er unerm\u00fcdlich f\u00fcr die Vereinigung der Spiritisten um das Studium und die Praxis der Moral Jesu sowie der von Allan Kardec kodifizierten Lehren. Ihre flei\u00dfigen H\u00e4nde, leuchtende Werkzeuge im st\u00e4ndigen Dienst der spiritistischen Sache, schrieben in ihrer letzten Inkarnation lehrhafte Texte, Briefe zur Anleitung von Spiritisten aus allen Lebensbereichen und verschiedener Nationalit\u00e4ten. Sie haben auch den Bed\u00fcrftigen aller Art Hilfe gebracht, sowohl materielle Hilfe f\u00fcr die finanziell Armen als auch gesunde Fl\u00fcssigkeiten f\u00fcr die Kranken an K\u00f6rper oder Seele. Im spirituellen Leben sind dieselben H\u00e4nde nicht nur treu in der Arbeit der Briefe und der Hilfe, sondern sie reichen uns auch liebevoll die Hand, um uns bei der richtigen Erf\u00fcllung unserer Pflichten als Spiritisten zu unterst\u00fctzen.&nbsp;<\/p>\n\n\n\n<p class=\"has-black-color has-text-color has-link-color has-small-font-size wp-elements-ee9b2f90936117d2b61b3e4ddd9d04b8\">An seinem Grab, wo sein sterblicher K\u00f6rper ruht, wollten die Spiritisten Spaniens und Amerikas als Zeichen der Dankbarkeit ein Denkmal errichten. Mit allem Respekt, den eine solche Initiative verdient, wollen wir es nicht vers\u00e4umen, dem unsterblichen Beispiel dieses edlen, wohlt\u00e4tigen Geistes eine weitere Hommage zu erweisen, indem wir selbst das Denkmal f\u00fcr die Praxis der beiden grundlegenden Lehren f\u00fcr jeden Spiritisten errichten: &nbsp;<\/p>\n\n\n\n<p class=\"has-black-color has-text-color has-link-color has-small-font-size wp-elements-04ce4d5d5531f428d2957b3fcee8a0fd\"><em>\u00abBr\u00fcder, lasst uns einander lieben und uns belehren\u00bb.<\/em>&nbsp;<\/p>\n<\/div><\/div>\n\n\n\n<div class=\"wp-block-uagb-container uagb-block-1e8f8065 alignfull uagb-is-root-container\"><div class=\"uagb-container-inner-blocks-wrap\"><\/div><\/div>\n\n\n\n<div class=\"wp-block-uagb-container uagb-block-47cfc197 alignfull uagb-is-root-container\"><div class=\"uagb-container-inner-blocks-wrap\"><\/div><\/div>","protected":false},"excerpt":{"rendered":"<p>Jos\u00e9 Mar\u00eda Fern\u00e1ndez&nbsp;( 1819 \u2013 1888 )&nbsp; Si dese\u00e1ramos describir, en pocas palabras, qui\u00e9n es Jos\u00e9 Mar\u00eda Fern\u00e1ndez Colavida, deber\u00edamos afirmar, ante todo, que se trata del ejemplo real y concreto del hombre de bien y del verdadero esp\u00edrita, ense\u00f1ado en El Evangelio seg\u00fan el Espiritismo.&nbsp;&nbsp; Conocido, con toda justicia, como el \u200b\u00abKardec espa\u00f1ol\u200b\u200b\u00bb\u200b, trabaj\u00f3 [&hellip;]<\/p>","protected":false},"author":1,"featured_media":0,"parent":0,"menu_order":0,"comment_status":"closed","ping_status":"closed","template":"","meta":{"_uag_custom_page_level_css":"","site-sidebar-layout":"default","site-content-layout":"","ast-site-content-layout":"default","site-content-style":"default","site-sidebar-style":"default","ast-global-header-display":"","ast-banner-title-visibility":"","ast-main-header-display":"","ast-hfb-above-header-display":"","ast-hfb-below-header-display":"","ast-hfb-mobile-header-display":"","site-post-title":"disabled","ast-breadcrumbs-content":"","ast-featured-img":"","footer-sml-layout":"","theme-transparent-header-meta":"","adv-header-id-meta":"","stick-header-meta":"","header-above-stick-meta":"","header-main-stick-meta":"","header-below-stick-meta":"","astra-migrate-meta-layouts":"set","ast-page-background-enabled":"default","ast-page-background-meta":{"desktop":{"background-color":"var(--ast-global-color-4)","background-image":"","background-repeat":"repeat","background-position":"center center","background-size":"auto","background-attachment":"scroll","background-type":"","background-media":"","overlay-type":"","overlay-color":"","overlay-opacity":"","overlay-gradient":""},"tablet":{"background-color":"","background-image":"","background-repeat":"repeat","background-position":"center center","background-size":"auto","background-attachment":"scroll","background-type":"","background-media":"","overlay-type":"","overlay-color":"","overlay-opacity":"","overlay-gradient":""},"mobile":{"background-color":"","background-image":"","background-repeat":"repeat","background-position":"center center","background-size":"auto","background-attachment":"scroll","background-type":"","background-media":"","overlay-type":"","overlay-color":"","overlay-opacity":"","overlay-gradient":""}},"ast-content-background-meta":{"desktop":{"background-color":"var(--ast-global-color-5)","background-image":"","background-repeat":"repeat","background-position":"center center","background-size":"auto","background-attachment":"scroll","background-type":"","background-media":"","overlay-type":"","overlay-color":"","overlay-opacity":"","overlay-gradient":""},"tablet":{"background-color":"var(--ast-global-color-5)","background-image":"","background-repeat":"repeat","background-position":"center center","background-size":"auto","background-attachment":"scroll","background-type":"","background-media":"","overlay-type":"","overlay-color":"","overlay-opacity":"","overlay-gradient":""},"mobile":{"background-color":"var(--ast-global-color-5)","background-image":"","background-repeat":"repeat","background-position":"center center","background-size":"auto","background-attachment":"scroll","background-type":"","background-media":"","overlay-type":"","overlay-color":"","overlay-opacity":"","overlay-gradient":""}},"footnotes":""},"class_list":["post-3094","page","type-page","status-publish","hentry"],"yoast_head":"<!-- This site is optimized with the Yoast SEO Premium plugin v24.2 (Yoast SEO v24.6) - https:\/\/yoast.com\/wordpress\/plugins\/seo\/ -->\n<title>Jos\u00e9 Mar\u00eda Fern\u00e1ndez - Uni\u00f3n Esp\u00edrita<\/title>\n<meta name=\"robots\" content=\"index, follow, max-snippet:-1, max-image-preview:large, max-video-preview:-1\" \/>\n<link rel=\"canonical\" href=\"https:\/\/nuevo-renacer.com\/de\/jose-maria-fernandez\/\" \/>\n<meta property=\"og:locale\" content=\"de_DE\" \/>\n<meta property=\"og:type\" content=\"article\" \/>\n<meta property=\"og:title\" content=\"Jos\u00e9 Mar\u00eda Fern\u00e1ndez\" \/>\n<meta property=\"og:description\" content=\"Jos\u00e9 Mar\u00eda Fern\u00e1ndez&nbsp;( 1819 \u2013 1888 )&nbsp; Si dese\u00e1ramos describir, en pocas palabras, qui\u00e9n es Jos\u00e9 Mar\u00eda Fern\u00e1ndez Colavida, deber\u00edamos afirmar, ante todo, que se trata del ejemplo real y concreto del hombre de bien y del verdadero esp\u00edrita, ense\u00f1ado en El Evangelio seg\u00fan el Espiritismo.&nbsp;&nbsp; Conocido, con toda justicia, como el \u200b\u00abKardec espa\u00f1ol\u200b\u200b\u00bb\u200b, trabaj\u00f3 [&hellip;]\" \/>\n<meta property=\"og:url\" content=\"https:\/\/nuevo-renacer.com\/de\/jose-maria-fernandez\/\" \/>\n<meta property=\"og:site_name\" content=\"Uni\u00f3n Esp\u00edrita\" \/>\n<meta property=\"article:publisher\" content=\"https:\/\/www.facebook.com\/groups\/3431398063740829\" \/>\n<meta property=\"article:modified_time\" content=\"2025-06-13T10:20:15+00:00\" \/>\n<meta property=\"og:image\" content=\"https:\/\/nuevo-renacer.com\/wp-content\/uploads\/2024\/07\/Jose-Maria-Fernandez-2.jpg\" \/>\n<meta name=\"twitter:card\" content=\"summary_large_image\" \/>\n<meta name=\"twitter:label1\" content=\"Gesch\u00e4tzte Lesezeit\" \/>\n\t<meta name=\"twitter:data1\" content=\"5\u00a0Minuten\" \/>\n<script type=\"application\/ld+json\" class=\"yoast-schema-graph\">{\"@context\":\"https:\/\/schema.org\",\"@graph\":[{\"@type\":\"WebPage\",\"@id\":\"https:\/\/nuevo-renacer.com\/jose-maria-fernandez\/\",\"url\":\"https:\/\/nuevo-renacer.com\/jose-maria-fernandez\/\",\"name\":\"Jos\u00e9 Mar\u00eda Fern\u00e1ndez - Uni\u00f3n Esp\u00edrita\",\"isPartOf\":{\"@id\":\"https:\/\/nuevo-renacer.com\/#website\"},\"primaryImageOfPage\":{\"@id\":\"https:\/\/nuevo-renacer.com\/jose-maria-fernandez\/#primaryimage\"},\"image\":{\"@id\":\"https:\/\/nuevo-renacer.com\/jose-maria-fernandez\/#primaryimage\"},\"thumbnailUrl\":\"https:\/\/nuevo-renacer.com\/wp-content\/uploads\/2024\/07\/Jose-Maria-Fernandez-2.jpg\",\"datePublished\":\"2024-07-06T11:57:59+00:00\",\"dateModified\":\"2025-06-13T10:20:15+00:00\",\"breadcrumb\":{\"@id\":\"https:\/\/nuevo-renacer.com\/jose-maria-fernandez\/#breadcrumb\"},\"inLanguage\":\"de\",\"potentialAction\":[{\"@type\":\"ReadAction\",\"target\":[\"https:\/\/nuevo-renacer.com\/jose-maria-fernandez\/\"]}]},{\"@type\":\"ImageObject\",\"inLanguage\":\"de\",\"@id\":\"https:\/\/nuevo-renacer.com\/jose-maria-fernandez\/#primaryimage\",\"url\":\"https:\/\/nuevo-renacer.com\/wp-content\/uploads\/2024\/07\/Jose-Maria-Fernandez-2.jpg\",\"contentUrl\":\"https:\/\/nuevo-renacer.com\/wp-content\/uploads\/2024\/07\/Jose-Maria-Fernandez-2.jpg\"},{\"@type\":\"BreadcrumbList\",\"@id\":\"https:\/\/nuevo-renacer.com\/jose-maria-fernandez\/#breadcrumb\",\"itemListElement\":[{\"@type\":\"ListItem\",\"position\":1,\"name\":\"Startseite\",\"item\":\"https:\/\/nuevo-renacer.com\/\"},{\"@type\":\"ListItem\",\"position\":2,\"name\":\"Jos\u00e9 Mar\u00eda Fern\u00e1ndez\"}]},{\"@type\":\"WebSite\",\"@id\":\"https:\/\/nuevo-renacer.com\/#website\",\"url\":\"https:\/\/nuevo-renacer.com\/\",\"name\":\"Uni\u00f3n Esp\u00edrita\",\"description\":\"Nuevo Renacer\",\"publisher\":{\"@id\":\"https:\/\/nuevo-renacer.com\/#organization\"},\"potentialAction\":[{\"@type\":\"SearchAction\",\"target\":{\"@type\":\"EntryPoint\",\"urlTemplate\":\"https:\/\/nuevo-renacer.com\/?s={search_term_string}\"},\"query-input\":{\"@type\":\"PropertyValueSpecification\",\"valueRequired\":true,\"valueName\":\"search_term_string\"}}],\"inLanguage\":\"de\"},{\"@type\":\"Organization\",\"@id\":\"https:\/\/nuevo-renacer.com\/#organization\",\"name\":\"UFEC\",\"url\":\"https:\/\/nuevo-renacer.com\/\",\"logo\":{\"@type\":\"ImageObject\",\"inLanguage\":\"de\",\"@id\":\"https:\/\/nuevo-renacer.com\/#\/schema\/logo\/image\/\",\"url\":\"https:\/\/nuevo-renacer.com\/wp-content\/uploads\/2024\/05\/cropped-LOGO-TERMINADO1-3-3.png\",\"contentUrl\":\"https:\/\/nuevo-renacer.com\/wp-content\/uploads\/2024\/05\/cropped-LOGO-TERMINADO1-3-3.png\",\"width\":512,\"height\":512,\"caption\":\"UFEC\"},\"image\":{\"@id\":\"https:\/\/nuevo-renacer.com\/#\/schema\/logo\/image\/\"},\"sameAs\":[\"https:\/\/www.facebook.com\/groups\/3431398063740829\"]}]}<\/script>\n<!-- \/ Yoast SEO Premium plugin. -->","yoast_head_json":{"title":"Jos\u00e9 Mar\u00eda Fern\u00e1ndez - Uni\u00f3n Esp\u00edrita","robots":{"index":"index","follow":"follow","max-snippet":"max-snippet:-1","max-image-preview":"max-image-preview:large","max-video-preview":"max-video-preview:-1"},"canonical":"https:\/\/nuevo-renacer.com\/de\/jose-maria-fernandez\/","og_locale":"de_DE","og_type":"article","og_title":"Jos\u00e9 Mar\u00eda Fern\u00e1ndez","og_description":"Jos\u00e9 Mar\u00eda Fern\u00e1ndez&nbsp;( 1819 \u2013 1888 )&nbsp; Si dese\u00e1ramos describir, en pocas palabras, qui\u00e9n es Jos\u00e9 Mar\u00eda Fern\u00e1ndez Colavida, deber\u00edamos afirmar, ante todo, que se trata del ejemplo real y concreto del hombre de bien y del verdadero esp\u00edrita, ense\u00f1ado en El Evangelio seg\u00fan el Espiritismo.&nbsp;&nbsp; Conocido, con toda justicia, como el \u200b\u00abKardec espa\u00f1ol\u200b\u200b\u00bb\u200b, trabaj\u00f3 [&hellip;]","og_url":"https:\/\/nuevo-renacer.com\/de\/jose-maria-fernandez\/","og_site_name":"Uni\u00f3n Esp\u00edrita","article_publisher":"https:\/\/www.facebook.com\/groups\/3431398063740829","article_modified_time":"2025-06-13T10:20:15+00:00","og_image":[{"url":"https:\/\/nuevo-renacer.com\/wp-content\/uploads\/2024\/07\/Jose-Maria-Fernandez-2.jpg","type":"","width":"","height":""}],"twitter_card":"summary_large_image","twitter_misc":{"Gesch\u00e4tzte Lesezeit":"5\u00a0Minuten"},"schema":{"@context":"https:\/\/schema.org","@graph":[{"@type":"WebPage","@id":"https:\/\/nuevo-renacer.com\/jose-maria-fernandez\/","url":"https:\/\/nuevo-renacer.com\/jose-maria-fernandez\/","name":"Jos\u00e9 Mar\u00eda Fern\u00e1ndez - Uni\u00f3n Esp\u00edrita","isPartOf":{"@id":"https:\/\/nuevo-renacer.com\/#website"},"primaryImageOfPage":{"@id":"https:\/\/nuevo-renacer.com\/jose-maria-fernandez\/#primaryimage"},"image":{"@id":"https:\/\/nuevo-renacer.com\/jose-maria-fernandez\/#primaryimage"},"thumbnailUrl":"https:\/\/nuevo-renacer.com\/wp-content\/uploads\/2024\/07\/Jose-Maria-Fernandez-2.jpg","datePublished":"2024-07-06T11:57:59+00:00","dateModified":"2025-06-13T10:20:15+00:00","breadcrumb":{"@id":"https:\/\/nuevo-renacer.com\/jose-maria-fernandez\/#breadcrumb"},"inLanguage":"de","potentialAction":[{"@type":"ReadAction","target":["https:\/\/nuevo-renacer.com\/jose-maria-fernandez\/"]}]},{"@type":"ImageObject","inLanguage":"de","@id":"https:\/\/nuevo-renacer.com\/jose-maria-fernandez\/#primaryimage","url":"https:\/\/nuevo-renacer.com\/wp-content\/uploads\/2024\/07\/Jose-Maria-Fernandez-2.jpg","contentUrl":"https:\/\/nuevo-renacer.com\/wp-content\/uploads\/2024\/07\/Jose-Maria-Fernandez-2.jpg"},{"@type":"BreadcrumbList","@id":"https:\/\/nuevo-renacer.com\/jose-maria-fernandez\/#breadcrumb","itemListElement":[{"@type":"ListItem","position":1,"name":"Startseite","item":"https:\/\/nuevo-renacer.com\/"},{"@type":"ListItem","position":2,"name":"Jos\u00e9 Mar\u00eda Fern\u00e1ndez"}]},{"@type":"WebSite","@id":"https:\/\/nuevo-renacer.com\/#website","url":"https:\/\/nuevo-renacer.com\/","name":"Uni\u00f3n Esp\u00edrita","description":"Nuevo Renacer","publisher":{"@id":"https:\/\/nuevo-renacer.com\/#organization"},"potentialAction":[{"@type":"SearchAction","target":{"@type":"EntryPoint","urlTemplate":"https:\/\/nuevo-renacer.com\/?s={search_term_string}"},"query-input":{"@type":"PropertyValueSpecification","valueRequired":true,"valueName":"search_term_string"}}],"inLanguage":"de"},{"@type":"Organization","@id":"https:\/\/nuevo-renacer.com\/#organization","name":"UFEC","url":"https:\/\/nuevo-renacer.com\/","logo":{"@type":"ImageObject","inLanguage":"de","@id":"https:\/\/nuevo-renacer.com\/#\/schema\/logo\/image\/","url":"https:\/\/nuevo-renacer.com\/wp-content\/uploads\/2024\/05\/cropped-LOGO-TERMINADO1-3-3.png","contentUrl":"https:\/\/nuevo-renacer.com\/wp-content\/uploads\/2024\/05\/cropped-LOGO-TERMINADO1-3-3.png","width":512,"height":512,"caption":"UFEC"},"image":{"@id":"https:\/\/nuevo-renacer.com\/#\/schema\/logo\/image\/"},"sameAs":["https:\/\/www.facebook.com\/groups\/3431398063740829"]}]}},"uagb_featured_image_src":{"full":false,"thumbnail":false,"medium":false,"medium_large":false,"large":false,"1536x1536":false,"2048x2048":false,"trp-custom-language-flag":false},"uagb_author_info":{"display_name":"adbv0","author_link":"https:\/\/nuevo-renacer.com\/de\/author\/adbv0\/"},"uagb_comment_info":0,"uagb_excerpt":"Jos\u00e9 Mar\u00eda Fern\u00e1ndez&nbsp;( 1819 \u2013 1888 )&nbsp; Si dese\u00e1ramos describir, en pocas palabras, qui\u00e9n es Jos\u00e9 Mar\u00eda Fern\u00e1ndez Colavida, deber\u00edamos afirmar, ante todo, que se trata del ejemplo real y concreto del hombre de bien y del verdadero esp\u00edrita, ense\u00f1ado en El Evangelio seg\u00fan el Espiritismo.&nbsp;&nbsp; Conocido, con toda justicia, como el \u200b\u00abKardec espa\u00f1ol\u200b\u200b\u00bb\u200b, trabaj\u00f3&hellip;","jetpack_sharing_enabled":true,"_links":{"self":[{"href":"https:\/\/nuevo-renacer.com\/de\/wp-json\/wp\/v2\/pages\/3094","targetHints":{"allow":["GET"]}}],"collection":[{"href":"https:\/\/nuevo-renacer.com\/de\/wp-json\/wp\/v2\/pages"}],"about":[{"href":"https:\/\/nuevo-renacer.com\/de\/wp-json\/wp\/v2\/types\/page"}],"author":[{"embeddable":true,"href":"https:\/\/nuevo-renacer.com\/de\/wp-json\/wp\/v2\/users\/1"}],"replies":[{"embeddable":true,"href":"https:\/\/nuevo-renacer.com\/de\/wp-json\/wp\/v2\/comments?post=3094"}],"version-history":[{"count":6,"href":"https:\/\/nuevo-renacer.com\/de\/wp-json\/wp\/v2\/pages\/3094\/revisions"}],"predecessor-version":[{"id":8337,"href":"https:\/\/nuevo-renacer.com\/de\/wp-json\/wp\/v2\/pages\/3094\/revisions\/8337"}],"wp:attachment":[{"href":"https:\/\/nuevo-renacer.com\/de\/wp-json\/wp\/v2\/media?parent=3094"}],"curies":[{"name":"wp","href":"https:\/\/api.w.org\/{rel}","templated":true}]}}