{"id":3070,"date":"2024-07-06T11:32:18","date_gmt":"2024-07-06T11:32:18","guid":{"rendered":"https:\/\/ufec-mundial.com\/?page_id=3070"},"modified":"2025-06-13T10:10:20","modified_gmt":"2025-06-13T10:10:20","slug":"francisco-peixoto-lins","status":"publish","type":"page","link":"https:\/\/nuevo-renacer.com\/de\/francisco-peixoto-lins\/","title":{"rendered":"Francisco Peixoto Lins"},"content":{"rendered":"<div class=\"wp-block-uagb-container uagb-block-93c301d2 alignfull uagb-is-root-container\"><div class=\"uagb-container-inner-blocks-wrap\">\n<p class=\"has-black-color has-text-color has-link-color has-medium-font-size wp-elements-55c713e62e0a139389aa2ea37f972aa5\"><strong>Francisco Peixoto Lins<\/strong>&nbsp;<\/p>\n<\/div><\/div>\n\n\n\n<div class=\"wp-block-uagb-container uagb-block-69efe0f9 alignfull uagb-is-root-container\"><div class=\"uagb-container-inner-blocks-wrap\">\n<div class=\"wp-block-uagb-image alignleft uagb-block-9840d3e4 wp-block-uagb-image--layout-default wp-block-uagb-image--effect-static wp-block-uagb-image--align-left\"><figure class=\"wp-block-uagb-image__figure\"><img loading=\"lazy\" decoding=\"async\" srcset=\"https:\/\/nuevo-renacer.com\/wp-content\/uploads\/2024\/07\/peixotinho_1-1.jpg ,https:\/\/ufec-mundial.com\/wp-content\/uploads\/2024\/07\/peixotinho_1-1.jpg 780w, https:\/\/nuevo-renacer.com\/wp-content\/uploads\/2024\/07\/peixotinho_1-1.jpg 360w\" sizes=\"auto, (max-width: 480px) 150px\" src=\"https:\/\/nuevo-renacer.com\/wp-content\/uploads\/2024\/07\/peixotinho_1-1.jpg\" alt=\"\" class=\"uag-image-3073\" width=\"300\" height=\"360\" title=\"peixotinho_1-1\" role=\"img\"\/><\/figure><\/div>\n<\/div><\/div>\n\n\n\n<div class=\"wp-block-uagb-container uagb-block-5c923011 alignfull uagb-is-root-container\"><div class=\"uagb-container-inner-blocks-wrap\">\n<p class=\"has-black-color has-text-color has-link-color has-small-font-size wp-elements-74ffe7d6e56c869171d71325d554602a\">Peixotinho, wie er liebevoll genannt wurde, war eines der ber\u00fchmtesten Medien Brasiliens, insbesondere als Medium f\u00fcr physikalische Effekte. Sein vollst\u00e4ndiger Name ist Francisco Peixoto Lins. Er wurde am 1. Februar 1905 in der Stadt Pacatuba im Bundesstaat Cear\u00e1 geboren (in der gleichen Stadt wie der geliebte Bezerra de Menezes) und starb am 16. Juni 1966 in Campos, im Bundesstaat Rio de Janeiro, Brasilien.&nbsp;<\/p>\n\n\n\n<p class=\"has-black-color has-text-color has-link-color has-small-font-size wp-elements-4b553512f6c1981a624b07e77dda7938\">Sein Leben war, wie das aller gro\u00dfen M\u00e4nner, von Schwierigkeiten umgeben. Erinnern wir uns daran, dass die Unannehmlichkeiten des Lebens einfach Pr\u00fcfungen sind, die uns die Geistige Welt schickt, um unseren Geist zu polieren, uns zu st\u00e4rken und unseren Glauben zu pr\u00fcfen. Seine Kindheit verbrachte er in der Stadt Fortaleza, umgeben von der Zuneigung seiner Tante und seines Onkels, denn seine Mutter verlor er als er noch ein Kind war. Im Alter von 14 Jahren zog er auf der Suche nach Arbeit als Gummizapfer an den Amazonas. Es war die Bl\u00fctezeit dieses Materials f\u00fcr die Herstellung von neuen Produkten wie Reifen und anderen Kunststoffen. In dieser Zeit verbreitete sich der Reichtum in ganz Brasilien.&nbsp;<\/p>\n\n\n\n<p class=\"has-black-color has-text-color has-link-color has-small-font-size wp-elements-9acbf2290720e9a9535b7feab210128c\">Dort, im Dschungel, litt er bei harter Arbeit unter k\u00f6rperlichen und seelischen Problemen, die seinen Charakter pr\u00e4gten.  Nach einigen Jahren kehrte er nach Cear\u00e1, seiner Heimatprovinz, zur\u00fcck, und dort kam seine Medialit\u00e4t zum Vorschein, die anscheinend geschlummert hatte. Zun\u00e4chst war er sehr ver\u00e4ngstigt, da er nicht wusste, was mit ihm geschah. Er f\u00fchlte sich von leidenden Geistern umgeben, die ihn verfolgten. Er bef\u00fcrchtete, dass er verr\u00fcckt werden w\u00fcrde. Zu diesen leidenden Stimmen und den Visionen von gequ\u00e4lten Gestalten kam eine pl\u00f6tzliche L\u00e4hmung der unteren Gliedma\u00dfen hinzu.&nbsp;<\/p>\n\n\n\n<p class=\"has-black-color has-text-color has-link-color has-small-font-size wp-elements-325c4c014ca03be98f556305da6c8ed1\">Seine Familie, die sehr katholisch war, wollte nicht zum Spiritismus greifen, um Peixotinhos immer schwerwiegendere gesundheitliche Probleme zu l\u00f6sen. Sein Zustand verschlechterte sich von Tag zu Tag, was ihn und seine Familie verzweifeln lie\u00df. Eines Tages jedoch kam eine Gruppe von Spiritisten, die von seinen Schwierigkeiten wussten, zu seinem Haus. Sie geh\u00f6rten der \"Federa\u00e7\u00e3o Esp\u00edrita Cearense\" an. Mit P\u00e4ssen, Gebeten und verfl\u00fcssigtem Wasser befreiten sie ihn von den leidenden Geistern, die ihn qu\u00e4lten. Es war ein klarer Fall von Besessenheit.&nbsp;<\/p>\n\n\n\n<p class=\"has-black-color has-text-color has-link-color has-small-font-size wp-elements-d2e7267186bb728a6e69348426131c9e\">Zu dieser Zeit lernt Peixotinho den Spiritismus kennen und beginnt, die Lehre der Frohen Botschaft zu studieren. Er lernt auch die Medialit\u00e4t kennen, die er in dieser Reinkarnation mitbringt, und beginnt zu studieren, um sie mit der ihr entsprechenden W\u00fcrde aus\u00fcben zu k\u00f6nnen. Im Jahr 1926 zieht er nach Rio de Janeiro, der damaligen Hauptstadt des Landes, und tritt in die Armee ein. Aufgrund seiner neuen milit\u00e4rischen Laufbahn wurde er mehrmals versetzt und lebte in verschiedenen Teilen Brasiliens.&nbsp;<\/p>\n\n\n\n<p class=\"has-black-color has-text-color has-link-color has-small-font-size wp-elements-af14c7861b81125fcb60f0b5820c2d08\">Er heiratete 1933 Benedita (Baby) Vieira und bekam 9 Kinder, mit denen er eine wunderbare christliche Familie gr\u00fcndete. In jeder Stadt, durch die er reiste, er\u00f6ffnete er unter der Leitung des geliebten Meisters Jesus Studiengruppen zur Kardec-Lehre.&nbsp;<\/p>\n\n\n\n<div class=\"wp-block-group is-layout-constrained wp-block-group-is-layout-constrained\">\n<p class=\"has-black-color has-text-color has-link-color has-small-font-size wp-elements-2c30194e143e6fb43e6e5a7add014fdf\">In Macae gr\u00fcndete er die \"Grupo Esp\u00edrita Pedro\".&nbsp;<\/p>\n\n\n\n<p class=\"has-black-color has-text-color has-link-color has-small-font-size wp-elements-1beae96f65dfac805b293ce180c51b50\">Im Bundesstaat Rio de Janeiro (Sao Jo\u00e3o) gr\u00fcndete er die \"Grupo Esp\u00edrita Andr\u00e9 Luiz\", die sich jeden Sonntag in seinem Haus traf.&nbsp;<\/p>\n\n\n\n<p class=\"has-black-color has-text-color has-link-color has-small-font-size wp-elements-3149a7d8fb0a19a2e07804d592f3437d\">In der Stadt Santos gr\u00fcndete er das Zentrum \"Centro Esp\u00edrita Ismenia de Jes\u00fas\".&nbsp;<\/p>\n\n\n\n<p class=\"has-black-color has-text-color has-link-color has-small-font-size wp-elements-b15a6b398bd799c28659b864476bb634\">In Campos gr\u00fcndete er die \"Grupo Esp\u00edrita Aracy\" (der Name seines geistigen F\u00fchrers) und arbeitete auch in der Gruppe \"Grupo Esp\u00edrita Joanna de Arco\".&nbsp;<\/p>\n<\/div>\n\n\n\n<p class=\"has-black-color has-text-color has-link-color has-small-font-size wp-elements-b130b4fb916e500603b478034ecc51f0\">Im Jahr 1948 hatte er die ertr\u00e4umte und ersehnte Begegnung mit dem geliebten Chico Xavier. Gemeinsam nahmen sie an vielen Treffen zu physikalischen Effekten, insbesondere zur Materialisierung, teil. Peixotinho war ein Mann von kleinem, fast kindlichem \u00c4u\u00dferen, aber mit einem eisernen Willen, einem klaren Verstand und einem gro\u00dfen Verantwortungsbewusstsein, vor allem in Bezug auf die Aus\u00fcbung der Medialit\u00e4t. Er vers\u00e4umte es nie, sich um jemanden zu k\u00fcmmern, der seine Dienste in Anspruch nahm, und er erhielt nie Geld daf\u00fcr, wie jeder gute Spiritist.&nbsp;<\/p>\n\n\n\n<p class=\"has-black-color has-text-color has-link-color has-small-font-size wp-elements-69d99bea0ca7c9e55b640952c22157f9\">In allen Zentren, die er gr\u00fcndete oder an denen er mitwirkte, hielt er stets die Grundlagen der Lehre von Kardec und Jesus \u00fcber alles andere. Sein Leben war ein Beispiel f\u00fcr Selbstverleugnung, Hingabe, Verantwortung und Liebe zu seinen Mitmenschen. Ber\u00fchmt sind die von Wissenschaftlern und Ungl\u00e4ubigen untersuchten F\u00e4lle, in denen Peixotinho, an H\u00e4nden und F\u00fc\u00dfen gefesselt, Ektoplasma in einer solchen Menge ausatmete, dass er die Geister von Inkarnierten materialisierte, die mit den Anwesenden in den Sitzungen kommunizierten, sich bewegten und manchmal auch sprachen. Er materialisierte auch Blumen, Pflanzen und andere Elemente.&nbsp;<\/p>\n\n\n\n<p class=\"has-black-color has-text-color has-link-color has-small-font-size wp-elements-f579890bf0291395f7fa18a3b7d9dc89\">Wir danken diesem Geist f\u00fcr sein Beispiel der Liebe und Hingabe an das Evangelium des sanften Rabbi von Jerusalem.&nbsp;<\/p>\n<\/div><\/div>\n\n\n\n<div class=\"wp-block-uagb-container uagb-block-f40e4d39 alignfull uagb-is-root-container\"><div class=\"uagb-container-inner-blocks-wrap\"><\/div><\/div>\n\n\n\n<div class=\"wp-block-uagb-container uagb-block-8b792c05 alignfull uagb-is-root-container\"><div class=\"uagb-container-inner-blocks-wrap\"><\/div><\/div>","protected":false},"excerpt":{"rendered":"<p>Francisco Peixoto Lins&nbsp; Peixotinho, como cari\u00f1osamente se lo llamaba, fue uno de los m\u00e9diums m\u00e1s famosos de Brasil, especialmente como m\u00e9dium de efectos f\u00edsicos. Su nombre completo es Francisco Peixoto Lins.&nbsp;Naci\u00f3 en la ciudad de Pacatuba, estado de Cear\u00e1 (el mismo del querido Bezerra de Menezes), el 1\u00ba de febrero de 1905 y desencarn\u00f3 el [&hellip;]<\/p>","protected":false},"author":1,"featured_media":0,"parent":0,"menu_order":0,"comment_status":"closed","ping_status":"closed","template":"","meta":{"_uag_custom_page_level_css":"","site-sidebar-layout":"default","site-content-layout":"","ast-site-content-layout":"default","site-content-style":"default","site-sidebar-style":"default","ast-global-header-display":"","ast-banner-title-visibility":"","ast-main-header-display":"","ast-hfb-above-header-display":"","ast-hfb-below-header-display":"","ast-hfb-mobile-header-display":"","site-post-title":"disabled","ast-breadcrumbs-content":"","ast-featured-img":"","footer-sml-layout":"","theme-transparent-header-meta":"","adv-header-id-meta":"","stick-header-meta":"","header-above-stick-meta":"","header-main-stick-meta":"","header-below-stick-meta":"","astra-migrate-meta-layouts":"set","ast-page-background-enabled":"default","ast-page-background-meta":{"desktop":{"background-color":"var(--ast-global-color-4)","background-image":"","background-repeat":"repeat","background-position":"center center","background-size":"auto","background-attachment":"scroll","background-type":"","background-media":"","overlay-type":"","overlay-color":"","overlay-opacity":"","overlay-gradient":""},"tablet":{"background-color":"","background-image":"","background-repeat":"repeat","background-position":"center center","background-size":"auto","background-attachment":"scroll","background-type":"","background-media":"","overlay-type":"","overlay-color":"","overlay-opacity":"","overlay-gradient":""},"mobile":{"background-color":"","background-image":"","background-repeat":"repeat","background-position":"center center","background-size":"auto","background-attachment":"scroll","background-type":"","background-media":"","overlay-type":"","overlay-color":"","overlay-opacity":"","overlay-gradient":""}},"ast-content-background-meta":{"desktop":{"background-color":"var(--ast-global-color-5)","background-image":"","background-repeat":"repeat","background-position":"center center","background-size":"auto","background-attachment":"scroll","background-type":"","background-media":"","overlay-type":"","overlay-color":"","overlay-opacity":"","overlay-gradient":""},"tablet":{"background-color":"var(--ast-global-color-5)","background-image":"","background-repeat":"repeat","background-position":"center center","background-size":"auto","background-attachment":"scroll","background-type":"","background-media":"","overlay-type":"","overlay-color":"","overlay-opacity":"","overlay-gradient":""},"mobile":{"background-color":"var(--ast-global-color-5)","background-image":"","background-repeat":"repeat","background-position":"center center","background-size":"auto","background-attachment":"scroll","background-type":"","background-media":"","overlay-type":"","overlay-color":"","overlay-opacity":"","overlay-gradient":""}},"footnotes":""},"class_list":["post-3070","page","type-page","status-publish","hentry"],"yoast_head":"<!-- This site is optimized with the Yoast SEO Premium plugin v24.2 (Yoast SEO v24.6) - https:\/\/yoast.com\/wordpress\/plugins\/seo\/ -->\n<title>Francisco Peixoto Lins - Uni\u00f3n Esp\u00edrita<\/title>\n<meta name=\"robots\" content=\"index, follow, max-snippet:-1, max-image-preview:large, max-video-preview:-1\" \/>\n<link rel=\"canonical\" href=\"https:\/\/nuevo-renacer.com\/de\/francisco-peixoto-lins\/\" \/>\n<meta property=\"og:locale\" content=\"de_DE\" \/>\n<meta property=\"og:type\" content=\"article\" \/>\n<meta property=\"og:title\" content=\"Francisco Peixoto Lins\" \/>\n<meta property=\"og:description\" content=\"Francisco Peixoto Lins&nbsp; Peixotinho, como cari\u00f1osamente se lo llamaba, fue uno de los m\u00e9diums m\u00e1s famosos de Brasil, especialmente como m\u00e9dium de efectos f\u00edsicos. Su nombre completo es Francisco Peixoto Lins.&nbsp;Naci\u00f3 en la ciudad de Pacatuba, estado de Cear\u00e1 (el mismo del querido Bezerra de Menezes), el 1\u00ba de febrero de 1905 y desencarn\u00f3 el [&hellip;]\" \/>\n<meta property=\"og:url\" content=\"https:\/\/nuevo-renacer.com\/de\/francisco-peixoto-lins\/\" \/>\n<meta property=\"og:site_name\" content=\"Uni\u00f3n Esp\u00edrita\" \/>\n<meta property=\"article:publisher\" content=\"https:\/\/www.facebook.com\/groups\/3431398063740829\" \/>\n<meta property=\"article:modified_time\" content=\"2025-06-13T10:10:20+00:00\" \/>\n<meta property=\"og:image\" content=\"https:\/\/nuevo-renacer.com\/wp-content\/uploads\/2024\/07\/peixotinho_1-1.jpg\" \/>\n<meta name=\"twitter:card\" content=\"summary_large_image\" \/>\n<meta name=\"twitter:label1\" content=\"Gesch\u00e4tzte Lesezeit\" \/>\n\t<meta name=\"twitter:data1\" content=\"5\u00a0Minuten\" \/>\n<script type=\"application\/ld+json\" class=\"yoast-schema-graph\">{\"@context\":\"https:\/\/schema.org\",\"@graph\":[{\"@type\":\"WebPage\",\"@id\":\"https:\/\/nuevo-renacer.com\/francisco-peixoto-lins\/\",\"url\":\"https:\/\/nuevo-renacer.com\/francisco-peixoto-lins\/\",\"name\":\"Francisco Peixoto Lins - Uni\u00f3n Esp\u00edrita\",\"isPartOf\":{\"@id\":\"https:\/\/nuevo-renacer.com\/#website\"},\"primaryImageOfPage\":{\"@id\":\"https:\/\/nuevo-renacer.com\/francisco-peixoto-lins\/#primaryimage\"},\"image\":{\"@id\":\"https:\/\/nuevo-renacer.com\/francisco-peixoto-lins\/#primaryimage\"},\"thumbnailUrl\":\"https:\/\/nuevo-renacer.com\/wp-content\/uploads\/2024\/07\/peixotinho_1-1.jpg\",\"datePublished\":\"2024-07-06T11:32:18+00:00\",\"dateModified\":\"2025-06-13T10:10:20+00:00\",\"breadcrumb\":{\"@id\":\"https:\/\/nuevo-renacer.com\/francisco-peixoto-lins\/#breadcrumb\"},\"inLanguage\":\"de\",\"potentialAction\":[{\"@type\":\"ReadAction\",\"target\":[\"https:\/\/nuevo-renacer.com\/francisco-peixoto-lins\/\"]}]},{\"@type\":\"ImageObject\",\"inLanguage\":\"de\",\"@id\":\"https:\/\/nuevo-renacer.com\/francisco-peixoto-lins\/#primaryimage\",\"url\":\"https:\/\/nuevo-renacer.com\/wp-content\/uploads\/2024\/07\/peixotinho_1-1.jpg\",\"contentUrl\":\"https:\/\/nuevo-renacer.com\/wp-content\/uploads\/2024\/07\/peixotinho_1-1.jpg\"},{\"@type\":\"BreadcrumbList\",\"@id\":\"https:\/\/nuevo-renacer.com\/francisco-peixoto-lins\/#breadcrumb\",\"itemListElement\":[{\"@type\":\"ListItem\",\"position\":1,\"name\":\"Startseite\",\"item\":\"https:\/\/nuevo-renacer.com\/\"},{\"@type\":\"ListItem\",\"position\":2,\"name\":\"Francisco Peixoto Lins\"}]},{\"@type\":\"WebSite\",\"@id\":\"https:\/\/nuevo-renacer.com\/#website\",\"url\":\"https:\/\/nuevo-renacer.com\/\",\"name\":\"Uni\u00f3n Esp\u00edrita\",\"description\":\"Nuevo Renacer\",\"publisher\":{\"@id\":\"https:\/\/nuevo-renacer.com\/#organization\"},\"potentialAction\":[{\"@type\":\"SearchAction\",\"target\":{\"@type\":\"EntryPoint\",\"urlTemplate\":\"https:\/\/nuevo-renacer.com\/?s={search_term_string}\"},\"query-input\":{\"@type\":\"PropertyValueSpecification\",\"valueRequired\":true,\"valueName\":\"search_term_string\"}}],\"inLanguage\":\"de\"},{\"@type\":\"Organization\",\"@id\":\"https:\/\/nuevo-renacer.com\/#organization\",\"name\":\"UFEC\",\"url\":\"https:\/\/nuevo-renacer.com\/\",\"logo\":{\"@type\":\"ImageObject\",\"inLanguage\":\"de\",\"@id\":\"https:\/\/nuevo-renacer.com\/#\/schema\/logo\/image\/\",\"url\":\"https:\/\/nuevo-renacer.com\/wp-content\/uploads\/2024\/05\/cropped-LOGO-TERMINADO1-3-3.png\",\"contentUrl\":\"https:\/\/nuevo-renacer.com\/wp-content\/uploads\/2024\/05\/cropped-LOGO-TERMINADO1-3-3.png\",\"width\":512,\"height\":512,\"caption\":\"UFEC\"},\"image\":{\"@id\":\"https:\/\/nuevo-renacer.com\/#\/schema\/logo\/image\/\"},\"sameAs\":[\"https:\/\/www.facebook.com\/groups\/3431398063740829\"]}]}<\/script>\n<!-- \/ Yoast SEO Premium plugin. -->","yoast_head_json":{"title":"Francisco Peixoto Lins - Uni\u00f3n Esp\u00edrita","robots":{"index":"index","follow":"follow","max-snippet":"max-snippet:-1","max-image-preview":"max-image-preview:large","max-video-preview":"max-video-preview:-1"},"canonical":"https:\/\/nuevo-renacer.com\/de\/francisco-peixoto-lins\/","og_locale":"de_DE","og_type":"article","og_title":"Francisco Peixoto Lins","og_description":"Francisco Peixoto Lins&nbsp; Peixotinho, como cari\u00f1osamente se lo llamaba, fue uno de los m\u00e9diums m\u00e1s famosos de Brasil, especialmente como m\u00e9dium de efectos f\u00edsicos. Su nombre completo es Francisco Peixoto Lins.&nbsp;Naci\u00f3 en la ciudad de Pacatuba, estado de Cear\u00e1 (el mismo del querido Bezerra de Menezes), el 1\u00ba de febrero de 1905 y desencarn\u00f3 el [&hellip;]","og_url":"https:\/\/nuevo-renacer.com\/de\/francisco-peixoto-lins\/","og_site_name":"Uni\u00f3n Esp\u00edrita","article_publisher":"https:\/\/www.facebook.com\/groups\/3431398063740829","article_modified_time":"2025-06-13T10:10:20+00:00","og_image":[{"url":"https:\/\/nuevo-renacer.com\/wp-content\/uploads\/2024\/07\/peixotinho_1-1.jpg","type":"","width":"","height":""}],"twitter_card":"summary_large_image","twitter_misc":{"Gesch\u00e4tzte Lesezeit":"5\u00a0Minuten"},"schema":{"@context":"https:\/\/schema.org","@graph":[{"@type":"WebPage","@id":"https:\/\/nuevo-renacer.com\/francisco-peixoto-lins\/","url":"https:\/\/nuevo-renacer.com\/francisco-peixoto-lins\/","name":"Francisco Peixoto Lins - Uni\u00f3n Esp\u00edrita","isPartOf":{"@id":"https:\/\/nuevo-renacer.com\/#website"},"primaryImageOfPage":{"@id":"https:\/\/nuevo-renacer.com\/francisco-peixoto-lins\/#primaryimage"},"image":{"@id":"https:\/\/nuevo-renacer.com\/francisco-peixoto-lins\/#primaryimage"},"thumbnailUrl":"https:\/\/nuevo-renacer.com\/wp-content\/uploads\/2024\/07\/peixotinho_1-1.jpg","datePublished":"2024-07-06T11:32:18+00:00","dateModified":"2025-06-13T10:10:20+00:00","breadcrumb":{"@id":"https:\/\/nuevo-renacer.com\/francisco-peixoto-lins\/#breadcrumb"},"inLanguage":"de","potentialAction":[{"@type":"ReadAction","target":["https:\/\/nuevo-renacer.com\/francisco-peixoto-lins\/"]}]},{"@type":"ImageObject","inLanguage":"de","@id":"https:\/\/nuevo-renacer.com\/francisco-peixoto-lins\/#primaryimage","url":"https:\/\/nuevo-renacer.com\/wp-content\/uploads\/2024\/07\/peixotinho_1-1.jpg","contentUrl":"https:\/\/nuevo-renacer.com\/wp-content\/uploads\/2024\/07\/peixotinho_1-1.jpg"},{"@type":"BreadcrumbList","@id":"https:\/\/nuevo-renacer.com\/francisco-peixoto-lins\/#breadcrumb","itemListElement":[{"@type":"ListItem","position":1,"name":"Startseite","item":"https:\/\/nuevo-renacer.com\/"},{"@type":"ListItem","position":2,"name":"Francisco Peixoto Lins"}]},{"@type":"WebSite","@id":"https:\/\/nuevo-renacer.com\/#website","url":"https:\/\/nuevo-renacer.com\/","name":"Uni\u00f3n Esp\u00edrita","description":"Nuevo Renacer","publisher":{"@id":"https:\/\/nuevo-renacer.com\/#organization"},"potentialAction":[{"@type":"SearchAction","target":{"@type":"EntryPoint","urlTemplate":"https:\/\/nuevo-renacer.com\/?s={search_term_string}"},"query-input":{"@type":"PropertyValueSpecification","valueRequired":true,"valueName":"search_term_string"}}],"inLanguage":"de"},{"@type":"Organization","@id":"https:\/\/nuevo-renacer.com\/#organization","name":"UFEC","url":"https:\/\/nuevo-renacer.com\/","logo":{"@type":"ImageObject","inLanguage":"de","@id":"https:\/\/nuevo-renacer.com\/#\/schema\/logo\/image\/","url":"https:\/\/nuevo-renacer.com\/wp-content\/uploads\/2024\/05\/cropped-LOGO-TERMINADO1-3-3.png","contentUrl":"https:\/\/nuevo-renacer.com\/wp-content\/uploads\/2024\/05\/cropped-LOGO-TERMINADO1-3-3.png","width":512,"height":512,"caption":"UFEC"},"image":{"@id":"https:\/\/nuevo-renacer.com\/#\/schema\/logo\/image\/"},"sameAs":["https:\/\/www.facebook.com\/groups\/3431398063740829"]}]}},"uagb_featured_image_src":{"full":false,"thumbnail":false,"medium":false,"medium_large":false,"large":false,"1536x1536":false,"2048x2048":false,"trp-custom-language-flag":false},"uagb_author_info":{"display_name":"adbv0","author_link":"https:\/\/nuevo-renacer.com\/de\/author\/adbv0\/"},"uagb_comment_info":0,"uagb_excerpt":"Francisco Peixoto Lins&nbsp; Peixotinho, como cari\u00f1osamente se lo llamaba, fue uno de los m\u00e9diums m\u00e1s famosos de Brasil, especialmente como m\u00e9dium de efectos f\u00edsicos. Su nombre completo es Francisco Peixoto Lins.&nbsp;Naci\u00f3 en la ciudad de Pacatuba, estado de Cear\u00e1 (el mismo del querido Bezerra de Menezes), el 1\u00ba de febrero de 1905 y desencarn\u00f3 el&hellip;","jetpack_sharing_enabled":true,"_links":{"self":[{"href":"https:\/\/nuevo-renacer.com\/de\/wp-json\/wp\/v2\/pages\/3070","targetHints":{"allow":["GET"]}}],"collection":[{"href":"https:\/\/nuevo-renacer.com\/de\/wp-json\/wp\/v2\/pages"}],"about":[{"href":"https:\/\/nuevo-renacer.com\/de\/wp-json\/wp\/v2\/types\/page"}],"author":[{"embeddable":true,"href":"https:\/\/nuevo-renacer.com\/de\/wp-json\/wp\/v2\/users\/1"}],"replies":[{"embeddable":true,"href":"https:\/\/nuevo-renacer.com\/de\/wp-json\/wp\/v2\/comments?post=3070"}],"version-history":[{"count":3,"href":"https:\/\/nuevo-renacer.com\/de\/wp-json\/wp\/v2\/pages\/3070\/revisions"}],"predecessor-version":[{"id":8331,"href":"https:\/\/nuevo-renacer.com\/de\/wp-json\/wp\/v2\/pages\/3070\/revisions\/8331"}],"wp:attachment":[{"href":"https:\/\/nuevo-renacer.com\/de\/wp-json\/wp\/v2\/media?parent=3070"}],"curies":[{"name":"wp","href":"https:\/\/api.w.org\/{rel}","templated":true}]}}