{"id":3066,"date":"2024-07-06T11:22:27","date_gmt":"2024-07-06T11:22:27","guid":{"rendered":"https:\/\/ufec-mundial.com\/?page_id=3066"},"modified":"2025-06-13T10:18:09","modified_gmt":"2025-06-13T10:18:09","slug":"johann-heinrich-pestalozzi","status":"publish","type":"page","link":"https:\/\/nuevo-renacer.com\/de\/johann-heinrich-pestalozzi\/","title":{"rendered":"Johann Heinrich Pestalozzi"},"content":{"rendered":"<div class=\"wp-block-uagb-container uagb-block-49250629 alignfull uagb-is-root-container\"><div class=\"uagb-container-inner-blocks-wrap\">\n<p class=\"has-black-color has-text-color has-link-color has-medium-font-size wp-elements-9f2efc4a8104b157219567ba6511538b\"><strong>Johann Heinrich Pestalozzi <\/strong>( 1746 \u2013 1827&nbsp;)<\/p>\n<\/div><\/div>\n\n\n\n<div class=\"wp-block-uagb-container uagb-block-0bf46feb alignfull uagb-is-root-container\"><div class=\"uagb-container-inner-blocks-wrap\">\n<div class=\"wp-block-uagb-image alignleft uagb-block-3e2ab53a wp-block-uagb-image--layout-default wp-block-uagb-image--effect-static wp-block-uagb-image--align-left\"><figure class=\"wp-block-uagb-image__figure\"><img loading=\"lazy\" decoding=\"async\" srcset=\"https:\/\/nuevo-renacer.com\/wp-content\/uploads\/2024\/07\/Johann_Heinrich_Pestalozzi_Real_Academia_de_Bellas_Artes_de_San_Fernando_Madrid-1-785x1024.jpg ,https:\/\/ufec-mundial.com\/wp-content\/uploads\/2024\/07\/Johann_Heinrich_Pestalozzi_Real_Academia_de_Bellas_Artes_de_San_Fernando_Madrid-1-scaled.jpg 780w, https:\/\/nuevo-renacer.com\/wp-content\/uploads\/2024\/07\/Johann_Heinrich_Pestalozzi_Real_Academia_de_Bellas_Artes_de_San_Fernando_Madrid-1-785x1024.jpg 360w\" sizes=\"auto, (max-width: 480px) 150px\" src=\"https:\/\/nuevo-renacer.com\/wp-content\/uploads\/2024\/07\/Johann_Heinrich_Pestalozzi_Real_Academia_de_Bellas_Artes_de_San_Fernando_Madrid-1-785x1024.jpg\" alt=\"\" class=\"uag-image-3067\" width=\"341\" height=\"445\" title=\"Johann_Heinrich_Pestalozzi_Real_Academia_de_Bellas_Artes_de_San_Fernando_Madrid-1\" role=\"img\"\/><\/figure><\/div>\n<\/div><\/div>\n\n\n\n<div class=\"wp-block-uagb-container uagb-block-a30711e1 alignfull uagb-is-root-container\"><div class=\"uagb-container-inner-blocks-wrap\">\n<p class=\"has-black-color has-text-color has-link-color has-small-font-size wp-elements-e1bf05d1de512c5bec6a75c639cb3fec\">Johann Heinrich Pestalozzi, in den spanischsprachigen L\u00e4ndern als Enrique Pestalozzi bekannt, war ein Schweizer P\u00e4dagoge und Reformer der traditionellen P\u00e4dagogik, der seine Arbeit auf die Volksbildung ausrichtete. Er war der Lehrer von Hippolyte Leon Denizard Rivail (Allan Kardec).&nbsp;<\/p>\n\n\n\n<p class=\"has-black-color has-text-color has-link-color has-small-font-size wp-elements-b1f746c156caac666214b443a77b6198\">Sein Vater, ein Chirurg, starb, als er 6 Jahre alt war; daher war die Erziehung des Kindes \u00fcberwiegend m\u00fctterlich und entwickelte in ihm einen sentimentalen und sch\u00fcchternen Charakter.&nbsp;<\/p>\n\n\n\n<p class=\"has-black-color has-text-color has-link-color has-small-font-size wp-elements-360e77508674da3ab16e18a596807a9b\">Mit 18 Jahren besucht er die geisteswissenschaftliche Hochschule in Z\u00fcrich und beginnt dann ein Theologiestudium, doch die Lekt\u00fcre von Rousseau bringt ihn dazu, sein kirchliches Ziel aufzugeben. Er beginnt ein Studium der Jurisprudenz und verbrachte dann ein Jahr bei einem Ingenieur, um landwirtschaftliche Techniken zu erlernen.&nbsp;<\/p>\n\n\n\n<p class=\"has-black-color has-text-color has-link-color has-small-font-size wp-elements-dac8a6a4ec51803c11cb3b492f9c6c6e\">1775 er\u00f6ffnete er in Neuhof eine Schule f\u00fcr arme Kinder nach dem Vorbild von Rousseaus \"Emile\", deren Sch\u00fcler nicht nur von ihm unterrichtet, sondern auch zu bezahlten Arbeiten herangezogen wurden. Das Projekt scheiterte, ebenso wie ein \u00e4hnliches in Stans.&nbsp;<\/p>\n\n\n\n<p class=\"has-black-color has-text-color has-link-color has-small-font-size wp-elements-12479a70e67f299929b1957df2ad06b3\">1797 ver\u00f6ffentlichte er \u201cMeine Untersuchung \u00fcber den Gang der Natur in der Entwicklung der Menschheit\", sein wichtigstes Werk. Er nahm seine Lehrt\u00e4tigkeit in einem von der Regierung ausgeliehenen Schloss in Bern wieder auf, eine Erfahrung, die er in seinem Werk \"Wie Gertrud ihre Kinder lehrt\" (1801) verarbeitet.&nbsp;<\/p>\n\n\n\n<p class=\"has-black-color has-text-color has-link-color has-small-font-size wp-elements-70c90f5fada324af07ca8a17570e70d3\">Nach der Schweizer Revolution von 1798 betraut die Schweizer Regierung Pestalozzi (der mit ihm politisch zusammenarbeitet) mit der Erziehung von Kriegswaisen und armen Kindern in der Region. Mit dieser Erfahrung, die sieben Monate dauerte, wurde Pestalozzi in die Welt der Bildung eingef\u00fchrt.&nbsp;<\/p>\n\n\n\n<p class=\"has-black-color has-text-color has-link-color has-small-font-size wp-elements-50e644c7f64fa9ed8384b65eddb8c6f7\">In Yverd\u00f3n (1804-1825) erreicht Pestalozzis Lehranstalt ihren vollen Umfang und internationalen Ruf, er vervollkommnet und verbreitet seine Methode.&nbsp;<\/p>\n\n\n\n<p class=\"has-black-color has-text-color has-link-color has-small-font-size wp-elements-5c856daf45f2d04b6de06b0ff83b7a9b\">Im Jahr 1811 erw\u00e4hnen er und seine Mitarbeiter das Pestalozzianische System unter dem Namen \"sehr elementare Erziehung\", die darin besteht, den Prozess der menschlichen Entwicklung (sensibel, intellektuell und moralisch) dem evolution\u00e4ren Verlauf der Natur des Kindes folgen zu lassen, ohne ihm k\u00fcnstlich vorzugreifen. Die Erziehung wird als \"Hilfe\" und die erzieherische und p\u00e4dagogische T\u00e4tigkeit als \"Kunst\" betrachtet. Der grundlegende Kern der Erziehung ist die Familie.&nbsp;<\/p>\n\n\n\n<p class=\"has-black-color has-text-color has-link-color has-small-font-size wp-elements-581170ff173dcf228d9f1ef69dae2cac\">F\u00fcr Pestalozzi bestand das Ziel der Erziehung darin, die menschlichen F\u00e4higkeiten in ihrer dreifachen T\u00e4tigkeit zu entwickeln: Geist: intellektuelles Leben, Herz: moralisches Leben, Hand: praktisches Leben. Er legte auch grossen Wert auf die religi\u00f6se Erziehung, solange sie nicht dogmatisch oder konfessionell gepr\u00e4gt war.&nbsp;<\/p>\n\n\n\n<p class=\"has-black-color has-text-color has-link-color has-small-font-size wp-elements-8186d6ec88d3a9e141be6d2f0205146b\">Es gibt drei Ebenen, die in seinem Denken hervorzuheben sind: &nbsp;<\/p>\n\n\n\n<div class=\"wp-block-group is-layout-constrained wp-block-group-is-layout-constrained\">\n<p class=\"has-black-color has-text-color has-link-color has-small-font-size wp-elements-6c1850a2cb340e30102aaa9d99e8fad7\">1) Naturalistische P\u00e4dagogik, das Kind soll in Freiheit erzogen werden, so dass es im Kontakt mit der Natur auf seine eigene Weise handeln kann<\/p>\n\n\n\n<p class=\"has-black-color has-text-color has-link-color has-small-font-size wp-elements-63afc54188381f3c2eab538d1e7ee432\">2) Eine Methode: globale Intuition<\/p>\n\n\n\n<p class=\"has-black-color has-text-color has-link-color has-small-font-size wp-elements-aa5743e4fa975b26d438cc3b455b1140\">3) Das Ziel ist die Bildung<\/p>\n<\/div>\n\n\n\n<p class=\"has-black-color has-text-color has-link-color has-small-font-size wp-elements-f82f62a7b14072b607fb97eb867c6fbb\">In seiner naturalistischen P\u00e4dagogik lie\u00df er sich von seinem humanit\u00e4ren Geist, seiner Hingabe an die Menschen und die Armen leiten. Er war der Sch\u00f6pfer der Volksschule, die allen offensteht und sich in einem sozialen Geist erneuert, der weder \u00f6ffentlich noch institutionell ist.&nbsp;&nbsp;<\/p>\n\n\n\n<p class=\"has-black-color has-text-color has-link-color has-small-font-size wp-elements-363911ecde30585fc6828af1ec7b3d14\">F\u00fcr Pestalozzi bestand die soziale Funktion der Bildung darin, arme Kinder in das gesellschaftliche Leben zu integrieren, indem er ihnen einen Beruf beibrachte. Er glaubte, dass seine eigenen Sch\u00fcler - auf lange Sicht - die Erzieher von morgen sein w\u00fcrden. Er hatte eine sehr klare Wertevorstellung, f\u00fcr ihn musste Bildung egalit\u00e4r sein, d.h. er wollte die Menschen am Rande der Gesellschaft erziehen. Er hatte volles Vertrauen in die Tugenden der Volksbildung.&nbsp;<\/p>\n\n\n\n<p class=\"has-black-color has-text-color has-link-color has-small-font-size wp-elements-4940fac4616f9682a916c7f15d7d8855\">Als Anh\u00e4nger Rousseaus setzte er dessen Naturalismus in die Praxis um, indem er seinen Kindern erst mit 11 Jahren das Lesen beibrachte.&nbsp;<\/p>\n\n\n\n<p class=\"has-black-color has-text-color has-link-color has-small-font-size wp-elements-0419bff286c41979bdc5ca533386142c\">\u00dcber die intuitive Methode schrieb er: &nbsp;<\/p>\n\n\n\n<p class=\"has-black-color has-text-color has-link-color has-small-font-size wp-elements-61dc037a8ff290015e8f491b1896f35a\">&nbsp;<br>\"Ich glaube, dass wir nicht von Fortschritten in der Volksbildung tr\u00e4umen k\u00f6nnen, solange wir nicht Formen des Unterrichts gefunden haben, die den Lehrer zumindest bis zum Ende der Grundschulzeit zum einfachen mechanischen Instrument einer Methode machen, die ihre Ergebnisse der Natur ihrer Verfahren und nicht der F\u00e4higkeit desjenigen verdankt, der sie aus\u00fcbt\".&nbsp;<\/p>\n\n\n\n<p class=\"has-black-color has-text-color has-link-color has-small-font-size wp-elements-77269249113f2b97b38a2f004a15b30a\">Pestalozzi hat bis heute einen grossen Einfluss auf alle Aspekte der P\u00e4dagogik und wird als \"Erzieher der Menschheit\" bezeichnet.&nbsp;&nbsp;<\/p>\n\n\n\n<p class=\"has-black-color has-text-color has-link-color has-small-font-size wp-elements-61b52d8514415ab56777f4a822f23462\">Als Schriftsteller hat er die folgenden Werke ver\u00f6ffentlicht:&nbsp;<\/p>\n\n\n\n<div class=\"wp-block-group is-layout-constrained wp-block-group-is-layout-constrained\">\n<p class=\"has-black-color has-text-color has-link-color has-small-font-size wp-elements-6ed73f13c3ea592cdac471e3aa90d1ab\">\"Die Abende eines Einsiedlers\" (1780)&nbsp;<\/p>\n\n\n\n<p class=\"has-black-color has-text-color has-link-color has-small-font-size wp-elements-59e51dc2ea4a29552e0dce78455d2ec8\">\"Leonardo y Gertrudis\" (1781), ein p\u00e4dagogischer Roman&nbsp;<\/p>\n\n\n\n<p class=\"has-black-color has-text-color has-link-color has-small-font-size wp-elements-e42877f98e301b05f6cfc79ffa97659f\">\u201cCrist\u00f3bal und Elsa\u201d (1782)&nbsp;<\/p>\n\n\n\n<p class=\"has-black-color has-text-color has-link-color has-small-font-size wp-elements-9a812aca01eb08b4cbd72da6ed3d01ba\">\"Meine Forschungen \u00fcber den Lauf der Natur in der Entwicklung des Menschengeschlechts\" (1797)&nbsp;<\/p>\n\n\n\n<p class=\"has-black-color has-text-color has-link-color has-small-font-size wp-elements-a8231f42b488f4e61434659f8a8dddd1\">\"Wie Gertrude ihre Kinder lehrt\" (1801)&nbsp;<\/p>\n\n\n\n<p class=\"has-black-color has-text-color has-link-color has-small-font-size wp-elements-a8b17ae1963972beba9d87b9f1ef9f17\">Im Jahr 1803 ver\u00f6ffentlichte die Regierung seine drei elementaren B\u00fccher:&nbsp;<\/p>\n\n\n\n<p class=\"has-black-color has-text-color has-link-color has-small-font-size wp-elements-7d41b5b187326e10c570355b0d01e2a0\">\"Das Buch der M\u00fctter\"&nbsp;<\/p>\n\n\n\n<p class=\"has-black-color has-text-color has-link-color has-small-font-size wp-elements-d8983f4c6c54b2c6e8a985271bd1721c\">\"A B C der Intuition\"&nbsp;<\/p>\n\n\n\n<p class=\"has-black-color has-text-color has-link-color has-small-font-size wp-elements-36dca1ff98d2cdf3f8bddafff6102612\">\"Die intuitive Lehre der numerischen Beziehungen\"&nbsp;<\/p>\n<\/div>\n\n\n\n<p class=\"has-black-color has-text-color has-link-color has-small-font-size wp-elements-6d6773e4b0991f135a2e07f309612aee\">Die letzten Jahre seines Lebens verbrachte er in Neuhof. Dort schrieb er \"Der Schwanengesang\", ein Werk, das in der R\u00fcckschau die wichtigsten Punkte seiner Lehre und seiner Schicksale zusammenfasst und in dem er auf die manchmal bitteren Erfahrungen seines Lebens als Erzieher verweist.&nbsp;&nbsp;<\/p>\n\n\n\n<p class=\"has-black-color has-text-color has-link-color has-small-font-size wp-elements-bef8a2a47533e05f71def5181ab1d1b6\">Begr\u00fcnder der neuen Volksschule in Yverdon, der 80 Jahre seines Lebens in den Dienst des Volkes gestellt hat. Er starb am 17. Februar 1827 in Brugg.<\/p>\n<\/div><\/div>\n\n\n\n<div class=\"wp-block-uagb-container uagb-block-9c775feb alignfull uagb-is-root-container\"><div class=\"uagb-container-inner-blocks-wrap\"><\/div><\/div>\n\n\n\n<div class=\"wp-block-uagb-container uagb-block-5e464727 alignfull uagb-is-root-container\"><div class=\"uagb-container-inner-blocks-wrap\"><\/div><\/div>","protected":false},"excerpt":{"rendered":"<p>Johann Heinrich Pestalozzi ( 1746 \u2013 1827&nbsp;) Johann Heinrich Pestalozzi conocido en los pa\u00edses de lengua espa\u00f1ola como Enrique Pestalozzi, fue un pedagogo suizo y reformador de la pedagog\u00eda tradicional, pues dirigi\u00f3 su labor hacia la educaci\u00f3n popular. Fue el profesor de Hippolyte Le\u00f3n Denizard Rivail (Allan kardec)&nbsp; Su padre, cirujano, falleci\u00f3 cuando \u00e9l ten\u00eda [&hellip;]<\/p>","protected":false},"author":1,"featured_media":0,"parent":0,"menu_order":0,"comment_status":"closed","ping_status":"closed","template":"","meta":{"_uag_custom_page_level_css":"","site-sidebar-layout":"default","site-content-layout":"","ast-site-content-layout":"default","site-content-style":"default","site-sidebar-style":"default","ast-global-header-display":"","ast-banner-title-visibility":"","ast-main-header-display":"","ast-hfb-above-header-display":"","ast-hfb-below-header-display":"","ast-hfb-mobile-header-display":"","site-post-title":"disabled","ast-breadcrumbs-content":"","ast-featured-img":"","footer-sml-layout":"","theme-transparent-header-meta":"","adv-header-id-meta":"","stick-header-meta":"","header-above-stick-meta":"","header-main-stick-meta":"","header-below-stick-meta":"","astra-migrate-meta-layouts":"set","ast-page-background-enabled":"default","ast-page-background-meta":{"desktop":{"background-color":"var(--ast-global-color-4)","background-image":"","background-repeat":"repeat","background-position":"center center","background-size":"auto","background-attachment":"scroll","background-type":"","background-media":"","overlay-type":"","overlay-color":"","overlay-opacity":"","overlay-gradient":""},"tablet":{"background-color":"","background-image":"","background-repeat":"repeat","background-position":"center center","background-size":"auto","background-attachment":"scroll","background-type":"","background-media":"","overlay-type":"","overlay-color":"","overlay-opacity":"","overlay-gradient":""},"mobile":{"background-color":"","background-image":"","background-repeat":"repeat","background-position":"center center","background-size":"auto","background-attachment":"scroll","background-type":"","background-media":"","overlay-type":"","overlay-color":"","overlay-opacity":"","overlay-gradient":""}},"ast-content-background-meta":{"desktop":{"background-color":"var(--ast-global-color-5)","background-image":"","background-repeat":"repeat","background-position":"center center","background-size":"auto","background-attachment":"scroll","background-type":"","background-media":"","overlay-type":"","overlay-color":"","overlay-opacity":"","overlay-gradient":""},"tablet":{"background-color":"var(--ast-global-color-5)","background-image":"","background-repeat":"repeat","background-position":"center center","background-size":"auto","background-attachment":"scroll","background-type":"","background-media":"","overlay-type":"","overlay-color":"","overlay-opacity":"","overlay-gradient":""},"mobile":{"background-color":"var(--ast-global-color-5)","background-image":"","background-repeat":"repeat","background-position":"center center","background-size":"auto","background-attachment":"scroll","background-type":"","background-media":"","overlay-type":"","overlay-color":"","overlay-opacity":"","overlay-gradient":""}},"footnotes":""},"class_list":["post-3066","page","type-page","status-publish","hentry"],"yoast_head":"<!-- This site is optimized with the Yoast SEO Premium plugin v24.2 (Yoast SEO v24.6) - https:\/\/yoast.com\/wordpress\/plugins\/seo\/ -->\n<title>Johann Heinrich Pestalozzi - Uni\u00f3n Esp\u00edrita<\/title>\n<meta name=\"robots\" content=\"index, follow, max-snippet:-1, max-image-preview:large, max-video-preview:-1\" \/>\n<link rel=\"canonical\" href=\"https:\/\/nuevo-renacer.com\/de\/johann-heinrich-pestalozzi\/\" \/>\n<meta property=\"og:locale\" content=\"de_DE\" \/>\n<meta property=\"og:type\" content=\"article\" \/>\n<meta property=\"og:title\" content=\"Johann Heinrich Pestalozzi\" \/>\n<meta property=\"og:description\" content=\"Johann Heinrich Pestalozzi ( 1746 \u2013 1827&nbsp;) Johann Heinrich Pestalozzi conocido en los pa\u00edses de lengua espa\u00f1ola como Enrique Pestalozzi, fue un pedagogo suizo y reformador de la pedagog\u00eda tradicional, pues dirigi\u00f3 su labor hacia la educaci\u00f3n popular. Fue el profesor de Hippolyte Le\u00f3n Denizard Rivail (Allan kardec)&nbsp; Su padre, cirujano, falleci\u00f3 cuando \u00e9l ten\u00eda [&hellip;]\" \/>\n<meta property=\"og:url\" content=\"https:\/\/nuevo-renacer.com\/de\/johann-heinrich-pestalozzi\/\" \/>\n<meta property=\"og:site_name\" content=\"Uni\u00f3n Esp\u00edrita\" \/>\n<meta property=\"article:publisher\" content=\"https:\/\/www.facebook.com\/groups\/3431398063740829\" \/>\n<meta property=\"article:modified_time\" content=\"2025-06-13T10:18:09+00:00\" \/>\n<meta property=\"og:image\" content=\"https:\/\/nuevo-renacer.com\/wp-content\/uploads\/2024\/07\/Johann_Heinrich_Pestalozzi_Real_Academia_de_Bellas_Artes_de_San_Fernando_Madrid-1-785x1024.jpg\" \/>\n<meta name=\"twitter:card\" content=\"summary_large_image\" \/>\n<meta name=\"twitter:label1\" content=\"Gesch\u00e4tzte Lesezeit\" \/>\n\t<meta name=\"twitter:data1\" content=\"5\u00a0Minuten\" \/>\n<script type=\"application\/ld+json\" class=\"yoast-schema-graph\">{\"@context\":\"https:\/\/schema.org\",\"@graph\":[{\"@type\":\"WebPage\",\"@id\":\"https:\/\/nuevo-renacer.com\/johann-heinrich-pestalozzi\/\",\"url\":\"https:\/\/nuevo-renacer.com\/johann-heinrich-pestalozzi\/\",\"name\":\"Johann Heinrich Pestalozzi - Uni\u00f3n Esp\u00edrita\",\"isPartOf\":{\"@id\":\"https:\/\/nuevo-renacer.com\/#website\"},\"primaryImageOfPage\":{\"@id\":\"https:\/\/nuevo-renacer.com\/johann-heinrich-pestalozzi\/#primaryimage\"},\"image\":{\"@id\":\"https:\/\/nuevo-renacer.com\/johann-heinrich-pestalozzi\/#primaryimage\"},\"thumbnailUrl\":\"https:\/\/nuevo-renacer.com\/wp-content\/uploads\/2024\/07\/Johann_Heinrich_Pestalozzi_Real_Academia_de_Bellas_Artes_de_San_Fernando_Madrid-1-785x1024.jpg\",\"datePublished\":\"2024-07-06T11:22:27+00:00\",\"dateModified\":\"2025-06-13T10:18:09+00:00\",\"breadcrumb\":{\"@id\":\"https:\/\/nuevo-renacer.com\/johann-heinrich-pestalozzi\/#breadcrumb\"},\"inLanguage\":\"de\",\"potentialAction\":[{\"@type\":\"ReadAction\",\"target\":[\"https:\/\/nuevo-renacer.com\/johann-heinrich-pestalozzi\/\"]}]},{\"@type\":\"ImageObject\",\"inLanguage\":\"de\",\"@id\":\"https:\/\/nuevo-renacer.com\/johann-heinrich-pestalozzi\/#primaryimage\",\"url\":\"https:\/\/nuevo-renacer.com\/wp-content\/uploads\/2024\/07\/Johann_Heinrich_Pestalozzi_Real_Academia_de_Bellas_Artes_de_San_Fernando_Madrid-1-785x1024.jpg\",\"contentUrl\":\"https:\/\/nuevo-renacer.com\/wp-content\/uploads\/2024\/07\/Johann_Heinrich_Pestalozzi_Real_Academia_de_Bellas_Artes_de_San_Fernando_Madrid-1-785x1024.jpg\"},{\"@type\":\"BreadcrumbList\",\"@id\":\"https:\/\/nuevo-renacer.com\/johann-heinrich-pestalozzi\/#breadcrumb\",\"itemListElement\":[{\"@type\":\"ListItem\",\"position\":1,\"name\":\"Startseite\",\"item\":\"https:\/\/nuevo-renacer.com\/\"},{\"@type\":\"ListItem\",\"position\":2,\"name\":\"Johann Heinrich Pestalozzi\"}]},{\"@type\":\"WebSite\",\"@id\":\"https:\/\/nuevo-renacer.com\/#website\",\"url\":\"https:\/\/nuevo-renacer.com\/\",\"name\":\"Uni\u00f3n Esp\u00edrita\",\"description\":\"Nuevo Renacer\",\"publisher\":{\"@id\":\"https:\/\/nuevo-renacer.com\/#organization\"},\"potentialAction\":[{\"@type\":\"SearchAction\",\"target\":{\"@type\":\"EntryPoint\",\"urlTemplate\":\"https:\/\/nuevo-renacer.com\/?s={search_term_string}\"},\"query-input\":{\"@type\":\"PropertyValueSpecification\",\"valueRequired\":true,\"valueName\":\"search_term_string\"}}],\"inLanguage\":\"de\"},{\"@type\":\"Organization\",\"@id\":\"https:\/\/nuevo-renacer.com\/#organization\",\"name\":\"UFEC\",\"url\":\"https:\/\/nuevo-renacer.com\/\",\"logo\":{\"@type\":\"ImageObject\",\"inLanguage\":\"de\",\"@id\":\"https:\/\/nuevo-renacer.com\/#\/schema\/logo\/image\/\",\"url\":\"https:\/\/nuevo-renacer.com\/wp-content\/uploads\/2024\/05\/cropped-LOGO-TERMINADO1-3-3.png\",\"contentUrl\":\"https:\/\/nuevo-renacer.com\/wp-content\/uploads\/2024\/05\/cropped-LOGO-TERMINADO1-3-3.png\",\"width\":512,\"height\":512,\"caption\":\"UFEC\"},\"image\":{\"@id\":\"https:\/\/nuevo-renacer.com\/#\/schema\/logo\/image\/\"},\"sameAs\":[\"https:\/\/www.facebook.com\/groups\/3431398063740829\"]}]}<\/script>\n<!-- \/ Yoast SEO Premium plugin. -->","yoast_head_json":{"title":"Johann Heinrich Pestalozzi - Uni\u00f3n Esp\u00edrita","robots":{"index":"index","follow":"follow","max-snippet":"max-snippet:-1","max-image-preview":"max-image-preview:large","max-video-preview":"max-video-preview:-1"},"canonical":"https:\/\/nuevo-renacer.com\/de\/johann-heinrich-pestalozzi\/","og_locale":"de_DE","og_type":"article","og_title":"Johann Heinrich Pestalozzi","og_description":"Johann Heinrich Pestalozzi ( 1746 \u2013 1827&nbsp;) Johann Heinrich Pestalozzi conocido en los pa\u00edses de lengua espa\u00f1ola como Enrique Pestalozzi, fue un pedagogo suizo y reformador de la pedagog\u00eda tradicional, pues dirigi\u00f3 su labor hacia la educaci\u00f3n popular. Fue el profesor de Hippolyte Le\u00f3n Denizard Rivail (Allan kardec)&nbsp; Su padre, cirujano, falleci\u00f3 cuando \u00e9l ten\u00eda [&hellip;]","og_url":"https:\/\/nuevo-renacer.com\/de\/johann-heinrich-pestalozzi\/","og_site_name":"Uni\u00f3n Esp\u00edrita","article_publisher":"https:\/\/www.facebook.com\/groups\/3431398063740829","article_modified_time":"2025-06-13T10:18:09+00:00","og_image":[{"url":"https:\/\/nuevo-renacer.com\/wp-content\/uploads\/2024\/07\/Johann_Heinrich_Pestalozzi_Real_Academia_de_Bellas_Artes_de_San_Fernando_Madrid-1-785x1024.jpg","type":"","width":"","height":""}],"twitter_card":"summary_large_image","twitter_misc":{"Gesch\u00e4tzte Lesezeit":"5\u00a0Minuten"},"schema":{"@context":"https:\/\/schema.org","@graph":[{"@type":"WebPage","@id":"https:\/\/nuevo-renacer.com\/johann-heinrich-pestalozzi\/","url":"https:\/\/nuevo-renacer.com\/johann-heinrich-pestalozzi\/","name":"Johann Heinrich Pestalozzi - Uni\u00f3n Esp\u00edrita","isPartOf":{"@id":"https:\/\/nuevo-renacer.com\/#website"},"primaryImageOfPage":{"@id":"https:\/\/nuevo-renacer.com\/johann-heinrich-pestalozzi\/#primaryimage"},"image":{"@id":"https:\/\/nuevo-renacer.com\/johann-heinrich-pestalozzi\/#primaryimage"},"thumbnailUrl":"https:\/\/nuevo-renacer.com\/wp-content\/uploads\/2024\/07\/Johann_Heinrich_Pestalozzi_Real_Academia_de_Bellas_Artes_de_San_Fernando_Madrid-1-785x1024.jpg","datePublished":"2024-07-06T11:22:27+00:00","dateModified":"2025-06-13T10:18:09+00:00","breadcrumb":{"@id":"https:\/\/nuevo-renacer.com\/johann-heinrich-pestalozzi\/#breadcrumb"},"inLanguage":"de","potentialAction":[{"@type":"ReadAction","target":["https:\/\/nuevo-renacer.com\/johann-heinrich-pestalozzi\/"]}]},{"@type":"ImageObject","inLanguage":"de","@id":"https:\/\/nuevo-renacer.com\/johann-heinrich-pestalozzi\/#primaryimage","url":"https:\/\/nuevo-renacer.com\/wp-content\/uploads\/2024\/07\/Johann_Heinrich_Pestalozzi_Real_Academia_de_Bellas_Artes_de_San_Fernando_Madrid-1-785x1024.jpg","contentUrl":"https:\/\/nuevo-renacer.com\/wp-content\/uploads\/2024\/07\/Johann_Heinrich_Pestalozzi_Real_Academia_de_Bellas_Artes_de_San_Fernando_Madrid-1-785x1024.jpg"},{"@type":"BreadcrumbList","@id":"https:\/\/nuevo-renacer.com\/johann-heinrich-pestalozzi\/#breadcrumb","itemListElement":[{"@type":"ListItem","position":1,"name":"Startseite","item":"https:\/\/nuevo-renacer.com\/"},{"@type":"ListItem","position":2,"name":"Johann Heinrich Pestalozzi"}]},{"@type":"WebSite","@id":"https:\/\/nuevo-renacer.com\/#website","url":"https:\/\/nuevo-renacer.com\/","name":"Uni\u00f3n Esp\u00edrita","description":"Nuevo Renacer","publisher":{"@id":"https:\/\/nuevo-renacer.com\/#organization"},"potentialAction":[{"@type":"SearchAction","target":{"@type":"EntryPoint","urlTemplate":"https:\/\/nuevo-renacer.com\/?s={search_term_string}"},"query-input":{"@type":"PropertyValueSpecification","valueRequired":true,"valueName":"search_term_string"}}],"inLanguage":"de"},{"@type":"Organization","@id":"https:\/\/nuevo-renacer.com\/#organization","name":"UFEC","url":"https:\/\/nuevo-renacer.com\/","logo":{"@type":"ImageObject","inLanguage":"de","@id":"https:\/\/nuevo-renacer.com\/#\/schema\/logo\/image\/","url":"https:\/\/nuevo-renacer.com\/wp-content\/uploads\/2024\/05\/cropped-LOGO-TERMINADO1-3-3.png","contentUrl":"https:\/\/nuevo-renacer.com\/wp-content\/uploads\/2024\/05\/cropped-LOGO-TERMINADO1-3-3.png","width":512,"height":512,"caption":"UFEC"},"image":{"@id":"https:\/\/nuevo-renacer.com\/#\/schema\/logo\/image\/"},"sameAs":["https:\/\/www.facebook.com\/groups\/3431398063740829"]}]}},"uagb_featured_image_src":{"full":false,"thumbnail":false,"medium":false,"medium_large":false,"large":false,"1536x1536":false,"2048x2048":false,"trp-custom-language-flag":false},"uagb_author_info":{"display_name":"adbv0","author_link":"https:\/\/nuevo-renacer.com\/de\/author\/adbv0\/"},"uagb_comment_info":0,"uagb_excerpt":"Johann Heinrich Pestalozzi ( 1746 \u2013 1827&nbsp;) Johann Heinrich Pestalozzi conocido en los pa\u00edses de lengua espa\u00f1ola como Enrique Pestalozzi, fue un pedagogo suizo y reformador de la pedagog\u00eda tradicional, pues dirigi\u00f3 su labor hacia la educaci\u00f3n popular. Fue el profesor de Hippolyte Le\u00f3n Denizard Rivail (Allan kardec)&nbsp; Su padre, cirujano, falleci\u00f3 cuando \u00e9l ten\u00eda&hellip;","jetpack_sharing_enabled":true,"_links":{"self":[{"href":"https:\/\/nuevo-renacer.com\/de\/wp-json\/wp\/v2\/pages\/3066","targetHints":{"allow":["GET"]}}],"collection":[{"href":"https:\/\/nuevo-renacer.com\/de\/wp-json\/wp\/v2\/pages"}],"about":[{"href":"https:\/\/nuevo-renacer.com\/de\/wp-json\/wp\/v2\/types\/page"}],"author":[{"embeddable":true,"href":"https:\/\/nuevo-renacer.com\/de\/wp-json\/wp\/v2\/users\/1"}],"replies":[{"embeddable":true,"href":"https:\/\/nuevo-renacer.com\/de\/wp-json\/wp\/v2\/comments?post=3066"}],"version-history":[{"count":6,"href":"https:\/\/nuevo-renacer.com\/de\/wp-json\/wp\/v2\/pages\/3066\/revisions"}],"predecessor-version":[{"id":8336,"href":"https:\/\/nuevo-renacer.com\/de\/wp-json\/wp\/v2\/pages\/3066\/revisions\/8336"}],"wp:attachment":[{"href":"https:\/\/nuevo-renacer.com\/de\/wp-json\/wp\/v2\/media?parent=3066"}],"curies":[{"name":"wp","href":"https:\/\/api.w.org\/{rel}","templated":true}]}}