{"id":3034,"date":"2024-07-06T10:39:05","date_gmt":"2024-07-06T10:39:05","guid":{"rendered":"https:\/\/ufec-mundial.com\/?page_id=3034"},"modified":"2025-06-13T09:55:10","modified_gmt":"2025-06-13T09:55:10","slug":"camille-flammarion","status":"publish","type":"page","link":"https:\/\/nuevo-renacer.com\/de\/camille-flammarion\/","title":{"rendered":"Camille Flammarion"},"content":{"rendered":"<div class=\"wp-block-uagb-container uagb-block-ed145b7a alignfull uagb-is-root-container\"><div class=\"uagb-container-inner-blocks-wrap\">\n<p class=\"has-black-color has-text-color has-link-color has-medium-font-size wp-elements-81b9299fa164e2b4699a623a8d4aa5cf\"><strong>Camille Flammarion<\/strong><\/p>\n<\/div><\/div>\n\n\n\n<div class=\"wp-block-uagb-container uagb-block-b55db49f alignfull uagb-is-root-container\"><div class=\"uagb-container-inner-blocks-wrap\">\n<div class=\"wp-block-uagb-image alignleft uagb-block-8c1a57b1 wp-block-uagb-image--layout-default wp-block-uagb-image--effect-static wp-block-uagb-image--align-left\"><figure class=\"wp-block-uagb-image__figure\"><img loading=\"lazy\" decoding=\"async\" srcset=\"https:\/\/nuevo-renacer.com\/wp-content\/uploads\/2024\/07\/Camille_Flammarion_by_Eugene_Pirou.jpg ,https:\/\/nuevo-renacer.com\/wp-content\/uploads\/2024\/07\/Camille_Flammarion_by_Eugene_Pirou.jpg 780w, https:\/\/nuevo-renacer.com\/wp-content\/uploads\/2024\/07\/Camille_Flammarion_by_Eugene_Pirou.jpg 360w\" sizes=\"auto, (max-width: 480px) 150px\" src=\"https:\/\/nuevo-renacer.com\/wp-content\/uploads\/2024\/07\/Camille_Flammarion_by_Eugene_Pirou.jpg\" alt=\"\" class=\"uag-image-3035\" width=\"199\" height=\"267\" title=\"\" role=\"img\"\/><\/figure><\/div>\n<\/div><\/div>\n\n\n\n<div class=\"wp-block-uagb-container uagb-block-6aee1f21 alignfull uagb-is-root-container\"><div class=\"uagb-container-inner-blocks-wrap\">\n<p class=\"has-black-color has-text-color has-link-color has-small-font-size wp-elements-37c1c533435b782faf38048f08c8c177\">Cammille Flammarion, ber\u00fchmter franz\u00f6sischer Astronom. Er wurde am 21. Februar 1842 in Montigny, Frankreich, geboren und verstarb im Juni 1925.&nbsp;<\/p>\n\n\n\n<p class=\"has-black-color has-text-color has-link-color has-small-font-size wp-elements-6cc1dcdc8331f1c438bd52752a108f13\">Ab 1862 besch\u00e4ftigte er sich mit dem Spiritismus. Er lernte Allan Kardec kennen und wurde ein enger Freund von ihm.&nbsp;<\/p>\n\n\n\n<p class=\"has-black-color has-text-color has-link-color has-small-font-size wp-elements-7f40cdc7deca17a667c895b1f221593d\">Wir wissen, dass er zu einer Gruppe von Geistwesen geh\u00f6rte, zu der auch Allan Kardec, L\u00e9on Denis, Gabrielle Delanne und andere geh\u00f6rten. Sie kamen mit der Mission, das Bewusstsein zu erwecken und die spiritistische Lehre auszuarbeiten, um Licht und Wissen zu den Menschen zu bringen, die spirituell wachsen wollten. Sie waren die Mitglieder des Teams der Dritten Offenbarung und brachten die erneuerten Worte des Meisters Jesus.&nbsp;<\/p>\n\n\n\n<p class=\"has-black-color has-text-color has-link-color has-small-font-size wp-elements-8e51f642c279ea5d4eb19c46b785d7fb\">Camille Flammarion machte die Astronomie in Europa popul\u00e4r und zeichnete sich als Pionier dieser Wissenschaft aus. Er erhielt den Bewegungspreis der franz\u00f6sischen Akademie und seine Werke wurden in fast alle Sprachen \u00fcbersetzt.&nbsp;<\/p>\n\n\n\n<p class=\"has-black-color has-text-color has-link-color has-small-font-size wp-elements-2912e31aac795dbe505b3472e415d225\">Er war ein fr\u00fchreifes Kind, das im Alter von vier Jahren lesen und im Alter von f\u00fcnf Jahren schreiben konnte. Sein Interesse an Wissen kannte keine Grenzen. Er brillierte in Astronomie, Philosophie und dem Studium des Neuen Testaments. Noch in sehr jungen Jahren musste er hart arbeiten, um im Haushalt seines Vaters zu unterst\u00fctzen. Er begann eine Lehre als Metallgraveur und erhielt als Gegenleistung Haus und Essen. Er a\u00df schlecht und schlief wenig. Seine Freizeit nutzte er, um zu studieren und alles zu lesen, was er finden konnte. Er las bei Kerzenlicht und manchmal auch allein im Mondschein.&nbsp;<\/p>\n\n\n\n<p class=\"has-black-color has-text-color has-link-color has-small-font-size wp-elements-d0e8c7295768055ba75da6271782493c\">Im Alter von 16 Jahren ver\u00f6ffentlichte er sein erstes Werk, \u201cEl mundo antes de la aparici\u00f3n del Hombre\u201d (Die Welt vor dem Erscheinen des Menschen), das bei den Wissenschaftlern gro\u00dfe Bewunderung hervorrief.&nbsp;<\/p>\n\n\n\n<p class=\"has-black-color has-text-color has-link-color has-small-font-size wp-elements-602ed050185794e3e54aa4944d046430\">Kurz darauf trat er in das Pariser Observatorium ein, wo er sein gro\u00dfes Interesse an der Astronomie entwickelte, aber unter dem Neid der \u00e4lteren Wissenschaftler litt, die einen jungen Mann, der mehr wusste als sie, nicht dulden wollten.&nbsp;<\/p>\n\n\n\n<p class=\"has-black-color has-text-color has-link-color has-small-font-size wp-elements-6771fd0904a11a08e34cae7d0c6a85ad\">Er ver\u00f6ffentlichte weitere Werke \u00fcber Astronomie und Philosophie. Er war ein pers\u00f6nlicher Freund von Kardec. In der Spiritistischen Zeitschrift erw\u00e4hnte Kardec h\u00e4ufig Flammarion sowie seine Erfahrungen bei der Entwicklung seiner F\u00e4higkeit als psychographisches Medium.&nbsp;<\/p>\n\n\n\n<p class=\"has-black-color has-text-color has-link-color has-small-font-size wp-elements-6fa478d01f1fc9e271b4b293b2781563\">Er war einer der ersten, der Hypnose praktizierte und Kurse dazu gab. Er war ein leidenschaftlicher Spiritist, vor allem in seinen sp\u00e4teren Jahren; er vertrat die Ansicht, dass die spiritistischen Ph\u00e4nomene von noch nicht entdeckten wissenschaftlichen Prinzipien gesteuert werden. Nach dem Tod seines Freundes Kardec, vor dessen Grab er eine bewegende Rede hielt, lehnte er den Vorsitz der Soci\u00e9t\u00e9 Spirite de Paris ab.&nbsp;<\/p>\n\n\n\n<p class=\"has-black-color has-text-color has-link-color has-small-font-size wp-elements-f5e3c4d0ef7696f711b47d0a42888475\">Zu seinen bekanntesten Werken geh\u00f6ren:&nbsp;<\/p>\n\n\n\n<p class=\"has-black-color has-text-color has-link-color has-small-font-size wp-elements-c40b045dd1c132a050c4d9e3d11757d2\">\"Imagin\u00e4re Welten und reale Welten\"&nbsp;<br>\"Himmlische Wunder\"&nbsp;<br>\"Gott in der Natur\"&nbsp;<br>\"Wissenschaftliche Betrachtungen\"&nbsp;<br>\"Atmosph\u00e4re\"&nbsp;<br>\"Die Spukh\u00e4user\"&nbsp;<br>\u201cUran\"&nbsp;<br>\"Der Tod und seine Geheimnisse\"&nbsp;<br>\"Das Ende der Welt\"&nbsp;<br>\"Pluralit\u00e4t der bewohnten Welten\"&nbsp;<\/p>\n\n\n\n<p class=\"has-black-color has-text-color has-link-color has-small-font-size wp-elements-48b5f95fc43b34b9fca1e592c6f2f9d1\">Flammarion war nach den Worten von Gabrielle Delanne ein sehr weiser Philosoph, der die Kunst der Wissenschaft und die Wissenschaft der Kunst besa\u00df.&nbsp;<\/p>\n\n\n\n<p class=\"has-black-color has-text-color has-link-color has-small-font-size wp-elements-968726e3f978824add7ccf7901cb8d80\">Als unerm\u00fcdlicher Schriftsteller und Verbreiter der Lehre trug er das Banner der Guten Nachricht und begleitete Kardec bei seiner Arbeit der Verbreitung und des Studiums.&nbsp;<\/p>\n\n\n\n<p class=\"has-black-color has-text-color has-link-color has-small-font-size wp-elements-0a99a5073dbee7e9c74df81eec989038\">Diesem gro\u00dfen Mann verdanken wir wichtige Werke zu Themen wie Reinkarnation, der Pluralit\u00e4t der bewohnten Welten, der Evolution der Seele, der Kommunikation mit Geistern und anderen. Vor allem aber verdanken wir ihm einen neuen Ansatz f\u00fcr die Wissenschaft, der auf die Spiritualit\u00e4t, auf die Existenz der gesamten Sch\u00f6pfung hinweist.&nbsp;<\/p>\n\n\n\n<p class=\"has-black-color has-text-color has-link-color has-small-font-size wp-elements-f6e42e4f6a70c7c1ee9a6dd3f311cd0d\">Sein Name wird immer neben den Namen der gro\u00dfen M\u00e4nner stehen, die alles f\u00fcr das geistige Wachstum der Menschheit gegeben haben.&nbsp;&nbsp;<\/p>\n<\/div><\/div>\n\n\n\n<div class=\"wp-block-uagb-container uagb-block-d80be9f6 alignfull uagb-is-root-container\"><div class=\"uagb-container-inner-blocks-wrap\"><\/div><\/div>\n\n\n\n<div class=\"wp-block-uagb-container uagb-block-3c3de97c alignfull uagb-is-root-container\"><div class=\"uagb-container-inner-blocks-wrap\"><\/div><\/div>","protected":false},"excerpt":{"rendered":"<p>Camille Flammarion Cammille Flammarion, famoso astr\u00f3nomo franc\u00e9s. Naci\u00f3 en Montigny, Francia, el 21 de febrero de 1842 y desencarn\u00f3 en junio de 1925.&nbsp; Desde 1862 se convirti\u00f3 en un estudioso del Espiritismo. Conoci\u00f3 a Allan Kardec y entabl\u00f3 una estrecha amistad con \u00e9l.&nbsp; Sabemos que \u00e9l formaba parte de un grupo de esp\u00edritus en los [&hellip;]<\/p>","protected":false},"author":1,"featured_media":0,"parent":0,"menu_order":0,"comment_status":"closed","ping_status":"closed","template":"","meta":{"_uag_custom_page_level_css":"","site-sidebar-layout":"default","site-content-layout":"","ast-site-content-layout":"default","site-content-style":"default","site-sidebar-style":"default","ast-global-header-display":"","ast-banner-title-visibility":"","ast-main-header-display":"","ast-hfb-above-header-display":"","ast-hfb-below-header-display":"","ast-hfb-mobile-header-display":"","site-post-title":"disabled","ast-breadcrumbs-content":"","ast-featured-img":"","footer-sml-layout":"","theme-transparent-header-meta":"","adv-header-id-meta":"","stick-header-meta":"","header-above-stick-meta":"","header-main-stick-meta":"","header-below-stick-meta":"","astra-migrate-meta-layouts":"set","ast-page-background-enabled":"default","ast-page-background-meta":{"desktop":{"background-color":"var(--ast-global-color-4)","background-image":"","background-repeat":"repeat","background-position":"center center","background-size":"auto","background-attachment":"scroll","background-type":"","background-media":"","overlay-type":"","overlay-color":"","overlay-opacity":"","overlay-gradient":""},"tablet":{"background-color":"","background-image":"","background-repeat":"repeat","background-position":"center center","background-size":"auto","background-attachment":"scroll","background-type":"","background-media":"","overlay-type":"","overlay-color":"","overlay-opacity":"","overlay-gradient":""},"mobile":{"background-color":"","background-image":"","background-repeat":"repeat","background-position":"center center","background-size":"auto","background-attachment":"scroll","background-type":"","background-media":"","overlay-type":"","overlay-color":"","overlay-opacity":"","overlay-gradient":""}},"ast-content-background-meta":{"desktop":{"background-color":"var(--ast-global-color-5)","background-image":"","background-repeat":"repeat","background-position":"center center","background-size":"auto","background-attachment":"scroll","background-type":"","background-media":"","overlay-type":"","overlay-color":"","overlay-opacity":"","overlay-gradient":""},"tablet":{"background-color":"var(--ast-global-color-5)","background-image":"","background-repeat":"repeat","background-position":"center center","background-size":"auto","background-attachment":"scroll","background-type":"","background-media":"","overlay-type":"","overlay-color":"","overlay-opacity":"","overlay-gradient":""},"mobile":{"background-color":"var(--ast-global-color-5)","background-image":"","background-repeat":"repeat","background-position":"center center","background-size":"auto","background-attachment":"scroll","background-type":"","background-media":"","overlay-type":"","overlay-color":"","overlay-opacity":"","overlay-gradient":""}},"footnotes":""},"class_list":["post-3034","page","type-page","status-publish","hentry"],"yoast_head":"<!-- This site is optimized with the Yoast SEO Premium plugin v24.2 (Yoast SEO v24.6) - https:\/\/yoast.com\/wordpress\/plugins\/seo\/ -->\n<title>Camille Flammarion - Uni\u00f3n Esp\u00edrita<\/title>\n<meta name=\"robots\" content=\"index, follow, max-snippet:-1, max-image-preview:large, max-video-preview:-1\" \/>\n<link rel=\"canonical\" href=\"https:\/\/nuevo-renacer.com\/de\/camille-flammarion\/\" \/>\n<meta property=\"og:locale\" content=\"de_DE\" \/>\n<meta property=\"og:type\" content=\"article\" \/>\n<meta property=\"og:title\" content=\"Camille Flammarion\" \/>\n<meta property=\"og:description\" content=\"Camille Flammarion Cammille Flammarion, famoso astr\u00f3nomo franc\u00e9s. Naci\u00f3 en Montigny, Francia, el 21 de febrero de 1842 y desencarn\u00f3 en junio de 1925.&nbsp; Desde 1862 se convirti\u00f3 en un estudioso del Espiritismo. Conoci\u00f3 a Allan Kardec y entabl\u00f3 una estrecha amistad con \u00e9l.&nbsp; Sabemos que \u00e9l formaba parte de un grupo de esp\u00edritus en los [&hellip;]\" \/>\n<meta property=\"og:url\" content=\"https:\/\/nuevo-renacer.com\/de\/camille-flammarion\/\" \/>\n<meta property=\"og:site_name\" content=\"Uni\u00f3n Esp\u00edrita\" \/>\n<meta property=\"article:publisher\" content=\"https:\/\/www.facebook.com\/groups\/3431398063740829\" \/>\n<meta property=\"article:modified_time\" content=\"2025-06-13T09:55:10+00:00\" \/>\n<meta property=\"og:image\" content=\"https:\/\/nuevo-renacer.com\/wp-content\/uploads\/2024\/07\/Camille_Flammarion_by_Eugene_Pirou.jpg\" \/>\n<meta name=\"twitter:card\" content=\"summary_large_image\" \/>\n<meta name=\"twitter:label1\" content=\"Gesch\u00e4tzte Lesezeit\" \/>\n\t<meta name=\"twitter:data1\" content=\"4\u00a0Minuten\" \/>\n<script type=\"application\/ld+json\" class=\"yoast-schema-graph\">{\"@context\":\"https:\/\/schema.org\",\"@graph\":[{\"@type\":\"WebPage\",\"@id\":\"https:\/\/nuevo-renacer.com\/camille-flammarion\/\",\"url\":\"https:\/\/nuevo-renacer.com\/camille-flammarion\/\",\"name\":\"Camille Flammarion - Uni\u00f3n Esp\u00edrita\",\"isPartOf\":{\"@id\":\"https:\/\/nuevo-renacer.com\/#website\"},\"primaryImageOfPage\":{\"@id\":\"https:\/\/nuevo-renacer.com\/camille-flammarion\/#primaryimage\"},\"image\":{\"@id\":\"https:\/\/nuevo-renacer.com\/camille-flammarion\/#primaryimage\"},\"thumbnailUrl\":\"https:\/\/nuevo-renacer.com\/wp-content\/uploads\/2024\/07\/Camille_Flammarion_by_Eugene_Pirou.jpg\",\"datePublished\":\"2024-07-06T10:39:05+00:00\",\"dateModified\":\"2025-06-13T09:55:10+00:00\",\"breadcrumb\":{\"@id\":\"https:\/\/nuevo-renacer.com\/camille-flammarion\/#breadcrumb\"},\"inLanguage\":\"de\",\"potentialAction\":[{\"@type\":\"ReadAction\",\"target\":[\"https:\/\/nuevo-renacer.com\/camille-flammarion\/\"]}]},{\"@type\":\"ImageObject\",\"inLanguage\":\"de\",\"@id\":\"https:\/\/nuevo-renacer.com\/camille-flammarion\/#primaryimage\",\"url\":\"https:\/\/nuevo-renacer.com\/wp-content\/uploads\/2024\/07\/Camille_Flammarion_by_Eugene_Pirou.jpg\",\"contentUrl\":\"https:\/\/nuevo-renacer.com\/wp-content\/uploads\/2024\/07\/Camille_Flammarion_by_Eugene_Pirou.jpg\"},{\"@type\":\"BreadcrumbList\",\"@id\":\"https:\/\/nuevo-renacer.com\/camille-flammarion\/#breadcrumb\",\"itemListElement\":[{\"@type\":\"ListItem\",\"position\":1,\"name\":\"Startseite\",\"item\":\"https:\/\/nuevo-renacer.com\/\"},{\"@type\":\"ListItem\",\"position\":2,\"name\":\"Camille Flammarion\"}]},{\"@type\":\"WebSite\",\"@id\":\"https:\/\/nuevo-renacer.com\/#website\",\"url\":\"https:\/\/nuevo-renacer.com\/\",\"name\":\"Uni\u00f3n Esp\u00edrita\",\"description\":\"Nuevo Renacer\",\"publisher\":{\"@id\":\"https:\/\/nuevo-renacer.com\/#organization\"},\"potentialAction\":[{\"@type\":\"SearchAction\",\"target\":{\"@type\":\"EntryPoint\",\"urlTemplate\":\"https:\/\/nuevo-renacer.com\/?s={search_term_string}\"},\"query-input\":{\"@type\":\"PropertyValueSpecification\",\"valueRequired\":true,\"valueName\":\"search_term_string\"}}],\"inLanguage\":\"de\"},{\"@type\":\"Organization\",\"@id\":\"https:\/\/nuevo-renacer.com\/#organization\",\"name\":\"UFEC\",\"url\":\"https:\/\/nuevo-renacer.com\/\",\"logo\":{\"@type\":\"ImageObject\",\"inLanguage\":\"de\",\"@id\":\"https:\/\/nuevo-renacer.com\/#\/schema\/logo\/image\/\",\"url\":\"https:\/\/nuevo-renacer.com\/wp-content\/uploads\/2024\/05\/cropped-LOGO-TERMINADO1-3-3.png\",\"contentUrl\":\"https:\/\/nuevo-renacer.com\/wp-content\/uploads\/2024\/05\/cropped-LOGO-TERMINADO1-3-3.png\",\"width\":512,\"height\":512,\"caption\":\"UFEC\"},\"image\":{\"@id\":\"https:\/\/nuevo-renacer.com\/#\/schema\/logo\/image\/\"},\"sameAs\":[\"https:\/\/www.facebook.com\/groups\/3431398063740829\"]}]}<\/script>\n<!-- \/ Yoast SEO Premium plugin. -->","yoast_head_json":{"title":"Camille Flammarion - Uni\u00f3n Esp\u00edrita","robots":{"index":"index","follow":"follow","max-snippet":"max-snippet:-1","max-image-preview":"max-image-preview:large","max-video-preview":"max-video-preview:-1"},"canonical":"https:\/\/nuevo-renacer.com\/de\/camille-flammarion\/","og_locale":"de_DE","og_type":"article","og_title":"Camille Flammarion","og_description":"Camille Flammarion Cammille Flammarion, famoso astr\u00f3nomo franc\u00e9s. Naci\u00f3 en Montigny, Francia, el 21 de febrero de 1842 y desencarn\u00f3 en junio de 1925.&nbsp; Desde 1862 se convirti\u00f3 en un estudioso del Espiritismo. Conoci\u00f3 a Allan Kardec y entabl\u00f3 una estrecha amistad con \u00e9l.&nbsp; Sabemos que \u00e9l formaba parte de un grupo de esp\u00edritus en los [&hellip;]","og_url":"https:\/\/nuevo-renacer.com\/de\/camille-flammarion\/","og_site_name":"Uni\u00f3n Esp\u00edrita","article_publisher":"https:\/\/www.facebook.com\/groups\/3431398063740829","article_modified_time":"2025-06-13T09:55:10+00:00","og_image":[{"url":"https:\/\/nuevo-renacer.com\/wp-content\/uploads\/2024\/07\/Camille_Flammarion_by_Eugene_Pirou.jpg","type":"","width":"","height":""}],"twitter_card":"summary_large_image","twitter_misc":{"Gesch\u00e4tzte Lesezeit":"4\u00a0Minuten"},"schema":{"@context":"https:\/\/schema.org","@graph":[{"@type":"WebPage","@id":"https:\/\/nuevo-renacer.com\/camille-flammarion\/","url":"https:\/\/nuevo-renacer.com\/camille-flammarion\/","name":"Camille Flammarion - Uni\u00f3n Esp\u00edrita","isPartOf":{"@id":"https:\/\/nuevo-renacer.com\/#website"},"primaryImageOfPage":{"@id":"https:\/\/nuevo-renacer.com\/camille-flammarion\/#primaryimage"},"image":{"@id":"https:\/\/nuevo-renacer.com\/camille-flammarion\/#primaryimage"},"thumbnailUrl":"https:\/\/nuevo-renacer.com\/wp-content\/uploads\/2024\/07\/Camille_Flammarion_by_Eugene_Pirou.jpg","datePublished":"2024-07-06T10:39:05+00:00","dateModified":"2025-06-13T09:55:10+00:00","breadcrumb":{"@id":"https:\/\/nuevo-renacer.com\/camille-flammarion\/#breadcrumb"},"inLanguage":"de","potentialAction":[{"@type":"ReadAction","target":["https:\/\/nuevo-renacer.com\/camille-flammarion\/"]}]},{"@type":"ImageObject","inLanguage":"de","@id":"https:\/\/nuevo-renacer.com\/camille-flammarion\/#primaryimage","url":"https:\/\/nuevo-renacer.com\/wp-content\/uploads\/2024\/07\/Camille_Flammarion_by_Eugene_Pirou.jpg","contentUrl":"https:\/\/nuevo-renacer.com\/wp-content\/uploads\/2024\/07\/Camille_Flammarion_by_Eugene_Pirou.jpg"},{"@type":"BreadcrumbList","@id":"https:\/\/nuevo-renacer.com\/camille-flammarion\/#breadcrumb","itemListElement":[{"@type":"ListItem","position":1,"name":"Startseite","item":"https:\/\/nuevo-renacer.com\/"},{"@type":"ListItem","position":2,"name":"Camille Flammarion"}]},{"@type":"WebSite","@id":"https:\/\/nuevo-renacer.com\/#website","url":"https:\/\/nuevo-renacer.com\/","name":"Uni\u00f3n Esp\u00edrita","description":"Nuevo Renacer","publisher":{"@id":"https:\/\/nuevo-renacer.com\/#organization"},"potentialAction":[{"@type":"SearchAction","target":{"@type":"EntryPoint","urlTemplate":"https:\/\/nuevo-renacer.com\/?s={search_term_string}"},"query-input":{"@type":"PropertyValueSpecification","valueRequired":true,"valueName":"search_term_string"}}],"inLanguage":"de"},{"@type":"Organization","@id":"https:\/\/nuevo-renacer.com\/#organization","name":"UFEC","url":"https:\/\/nuevo-renacer.com\/","logo":{"@type":"ImageObject","inLanguage":"de","@id":"https:\/\/nuevo-renacer.com\/#\/schema\/logo\/image\/","url":"https:\/\/nuevo-renacer.com\/wp-content\/uploads\/2024\/05\/cropped-LOGO-TERMINADO1-3-3.png","contentUrl":"https:\/\/nuevo-renacer.com\/wp-content\/uploads\/2024\/05\/cropped-LOGO-TERMINADO1-3-3.png","width":512,"height":512,"caption":"UFEC"},"image":{"@id":"https:\/\/nuevo-renacer.com\/#\/schema\/logo\/image\/"},"sameAs":["https:\/\/www.facebook.com\/groups\/3431398063740829"]}]}},"uagb_featured_image_src":{"full":false,"thumbnail":false,"medium":false,"medium_large":false,"large":false,"1536x1536":false,"2048x2048":false,"trp-custom-language-flag":false},"uagb_author_info":{"display_name":"adbv0","author_link":"https:\/\/nuevo-renacer.com\/de\/author\/adbv0\/"},"uagb_comment_info":0,"uagb_excerpt":"Camille Flammarion Cammille Flammarion, famoso astr\u00f3nomo franc\u00e9s. Naci\u00f3 en Montigny, Francia, el 21 de febrero de 1842 y desencarn\u00f3 en junio de 1925.&nbsp; Desde 1862 se convirti\u00f3 en un estudioso del Espiritismo. Conoci\u00f3 a Allan Kardec y entabl\u00f3 una estrecha amistad con \u00e9l.&nbsp; Sabemos que \u00e9l formaba parte de un grupo de esp\u00edritus en los&hellip;","jetpack_sharing_enabled":true,"_links":{"self":[{"href":"https:\/\/nuevo-renacer.com\/de\/wp-json\/wp\/v2\/pages\/3034","targetHints":{"allow":["GET"]}}],"collection":[{"href":"https:\/\/nuevo-renacer.com\/de\/wp-json\/wp\/v2\/pages"}],"about":[{"href":"https:\/\/nuevo-renacer.com\/de\/wp-json\/wp\/v2\/types\/page"}],"author":[{"embeddable":true,"href":"https:\/\/nuevo-renacer.com\/de\/wp-json\/wp\/v2\/users\/1"}],"replies":[{"embeddable":true,"href":"https:\/\/nuevo-renacer.com\/de\/wp-json\/wp\/v2\/comments?post=3034"}],"version-history":[{"count":4,"href":"https:\/\/nuevo-renacer.com\/de\/wp-json\/wp\/v2\/pages\/3034\/revisions"}],"predecessor-version":[{"id":8318,"href":"https:\/\/nuevo-renacer.com\/de\/wp-json\/wp\/v2\/pages\/3034\/revisions\/8318"}],"wp:attachment":[{"href":"https:\/\/nuevo-renacer.com\/de\/wp-json\/wp\/v2\/media?parent=3034"}],"curies":[{"name":"wp","href":"https:\/\/api.w.org\/{rel}","templated":true}]}}